{"id":63,"date":"2024-02-04T16:36:53","date_gmt":"2024-02-04T16:36:53","guid":{"rendered":"https:\/\/escoladigital.madeira.gov.pt\/eb1peismartinho\/?page_id=63"},"modified":"2026-01-31T19:16:57","modified_gmt":"2026-01-31T19:16:57","slug":"aec","status":"publish","type":"page","link":"https:\/\/escoladigital.madeira.gov.pt\/eb1peismartinho\/aec\/","title":{"rendered":"AEC"},"content":{"rendered":"\n<div style=\"height:54px\" aria-hidden=\"true\" class=\"wp-block-spacer\"><\/div>\n\n\n\n<h2 class=\"wp-block-heading has-text-align-center has-ast-global-color-5-color has-ast-global-color-2-background-color has-text-color has-background has-link-color wp-elements-dea42517ae1e0cb22717b9890649dd42\">Atividades de Enriquecimento Curricular<\/h2>\n\n\n\n<div style=\"height:54px\" aria-hidden=\"true\" class=\"wp-block-spacer\"><\/div>\n\n\n\n<p class=\"has-text-align-center has-ast-global-color-5-background-color has-background\">As Atividades de Enriquecimento Curricular (AEC) complementam a forma\u00e7\u00e3o dos alunos, promovendo aprendizagens l\u00fadicas, art\u00edsticas, tecnol\u00f3gicas e culturais.<br>Contribuem para o desenvolvimento integral da crian\u00e7a e para a aquisi\u00e7\u00e3o de compet\u00eancias essenciais.<\/p>\n\n\n\n<div id=\"wp-block-themeisle-blocks-accordion-f5046ab2\" data-has-schema=\"false\" class=\"wp-block-themeisle-blocks-accordion exclusive icon-first has-icon ticss-aecedc18 has-light-title-bg is-style-default\">\n<details class=\"wp-block-themeisle-blocks-accordion-item\"><summary class=\"wp-block-themeisle-blocks-accordion-item__title\"><div>Express\u00e3o e Educa\u00e7\u00e3o F\u00edsico Motora<\/div><\/summary><div class=\"wp-block-themeisle-blocks-accordion-item__content\">\n<p class=\"has-text-align-center\">Atividade orientada para o desenvolvimento da coordena\u00e7\u00e3o motora, h\u00e1bitos de vida saud\u00e1vel e esp\u00edrito de equipa atrav\u00e9s do movimento e do jogo.<\/p>\n\n\n\n<p class=\"has-text-align-center\">Esta atividade tem um hor\u00e1rio espec\u00edfico e segue as orienta\u00e7\u00f5es do Gabinete Coordenador do Desporto Escolar, para saber mais sobre este gabinete aceda aqui \u00e0 sua p\u00e1gina.<\/p>\n\n\n\n<div class=\"wp-block-buttons is-layout-flex wp-block-buttons-is-layout-flex\">\n<div class=\"wp-block-button is-style-outline is-style-outline--1\"><a class=\"wp-block-button__link has-ast-global-color-3-color has-text-color has-link-color has-border-color has-ast-global-color-3-border-color wp-element-button\" href=\"https:\/\/www.madeira.gov.pt\/dre\/Estrutura\/Desporto-Escolar\/O-Desporto-Escolar\" target=\"_blank\" rel=\"noreferrer noopener\">Gabinete Coordenador do Desporto Escolar<\/a><\/div>\n<\/div>\n\n\n\n<div style=\"height:72px\" aria-hidden=\"true\" class=\"wp-block-spacer\"><\/div>\n<\/div><\/details>\n\n\n\n<details class=\"wp-block-themeisle-blocks-accordion-item\"><summary class=\"wp-block-themeisle-blocks-accordion-item__title\"><div>Express\u00e3o e Educa\u00e7\u00e3o Musical e Art\u00edstica<\/div><\/summary><div class=\"wp-block-themeisle-blocks-accordion-item__content\">\n<p class=\"has-text-align-center\">Promo\u00e7\u00e3o da criatividade e da sensibilidade art\u00edstica atrav\u00e9s da m\u00fasica, ritmo, canto e express\u00e3o pl\u00e1stica.<\/p>\n\n\n\n<p class=\"has-text-align-center\">Esta atividade tem um hor\u00e1rio espec\u00edfico e segue as orienta\u00e7\u00f5es do Gabinete Coordenador de Educa\u00e7\u00e3o Art\u00edstica, para saber mais sobre este gabinete aceda aqui \u00e0 sua p\u00e1gina.<\/p>\n\n\n\n<div class=\"wp-block-buttons is-layout-flex wp-block-buttons-is-layout-flex\">\n<div class=\"wp-block-button is-style-outline is-style-outline--2\"><a class=\"wp-block-button__link has-ast-global-color-3-color has-text-color has-link-color has-border-color has-ast-global-color-3-border-color wp-element-button\" href=\"https:\/\/www.madeira.gov.pt\/dre\/Estrutura\/DRE\/Areas\/Educa%C3%A7%C3%A3o-Art%C3%ADstica\" target=\"_blank\" rel=\"noreferrer noopener\">Gabinete Coordenador de Educa\u00e7\u00e3o Art\u00edstica<\/a><\/div>\n<\/div>\n<\/div><\/details>\n\n\n\n<details class=\"wp-block-themeisle-blocks-accordion-item\"><summary class=\"wp-block-themeisle-blocks-accordion-item__title\"><div>Express\u00e3o Pl\u00e1stica<\/div><\/summary><div class=\"wp-block-themeisle-blocks-accordion-item__content\">\n<p>Explora\u00e7\u00e3o de t\u00e9cnicas e materiais diversos, estimulando a imagina\u00e7\u00e3o, a autonomia e a express\u00e3o criativa dos alunos.<\/p>\n\n\n\n<p class=\"has-text-align-center\">Esta atividade tem um hor\u00e1rio espec\u00edfico e segue as orienta\u00e7\u00f5es do Gabinete Coordenador de Educa\u00e7\u00e3o Art\u00edstica, para saber mais sobre este gabinete aceda aqui \u00e0 sua p\u00e1gina.<\/p>\n\n\n\n<div class=\"wp-block-buttons is-layout-flex wp-block-buttons-is-layout-flex\">\n<div class=\"wp-block-button is-style-outline is-style-outline--3\"><a class=\"wp-block-button__link has-ast-global-color-3-color has-text-color has-link-color has-border-color has-ast-global-color-3-border-color wp-element-button\" href=\"https:\/\/www.madeira.gov.pt\/dre\/Estrutura\/Educa%C3%A7%C3%A3o-Art%C3%ADstica\" target=\"_blank\" rel=\"noreferrer noopener\">Gabinete Coordenador de Educa\u00e7\u00e3o Art\u00edstica<\/a><\/div>\n<\/div>\n<\/div><\/details>\n\n\n\n<details class=\"wp-block-themeisle-blocks-accordion-item\"><summary class=\"wp-block-themeisle-blocks-accordion-item__title\"><div>TIC | Tecnologias de Informa\u00e7\u00e3o e Comunica\u00e7\u00e3o<\/div><\/summary><div class=\"wp-block-themeisle-blocks-accordion-item__content\">\n<p>A Atividade de Enriquecimento Curricular de TIC visa proporcionar aos alunos situa\u00e7\u00f5es de aprendizagem que promovam a aquisi\u00e7\u00e3o e o desenvolvimento de compet\u00eancias digitais, bem como atitudes respons\u00e1veis na utiliza\u00e7\u00e3o das tecnologias.<br>Esta atividade articula-se de forma transversal com as restantes \u00e1reas do conhecimento, contribuindo para o desenvolvimento integral do aluno.<\/p>\n\n\n\n<p>A sua implementa\u00e7\u00e3o segue as orienta\u00e7\u00f5es definidas pela Secretaria Regional de Educa\u00e7\u00e3o, pelos documentos orientadores regionais \u2014 nomeadamente o Documento Orientador TIC RAM (DoTIC), e enquadra-se nas Aprendizagens Essenciais e no Perfil dos Alunos \u00e0 Sa\u00edda da Escolaridade Obrigat\u00f3ria, definidos pelo Minist\u00e9rio da Educa\u00e7\u00e3o.<\/p>\n\n\n\n<div class=\"wp-block-buttons is-layout-flex wp-block-buttons-is-layout-flex\">\n<div class=\"wp-block-button is-style-outline is-style-outline--4\"><a class=\"wp-block-button__link has-ast-global-color-3-color has-text-color has-link-color has-border-color has-ast-global-color-3-border-color wp-element-button\" href=\"https:\/\/teducativas.madeira.gov.pt\/gmte\/projetos\/tic-edu\/professores-de-tic\/1%C2%BA-ciclo-do-ensino-b%C3%A1sico\/atividade-de-enriquecimento-curricular-de-tic\" target=\"_blank\" rel=\"noreferrer noopener\">GMTE | Gabinete de Moderniza\u00e7\u00e3o das Tecnologias Educativas <\/a><\/div>\n<\/div>\n<\/div><\/details>\n\n\n\n<details class=\"wp-block-themeisle-blocks-accordion-item\"><summary class=\"wp-block-themeisle-blocks-accordion-item__title\"><div>Estudo<\/div><\/summary><div class=\"wp-block-themeisle-blocks-accordion-item__content\">\n<p>Apoio \u00e0 consolida\u00e7\u00e3o das aprendizagens, organiza\u00e7\u00e3o do trabalho e desenvolvimento de m\u00e9todos de estudo.<\/p>\n<\/div><\/details>\n\n\n\n<details class=\"wp-block-themeisle-blocks-accordion-item\"><summary class=\"wp-block-themeisle-blocks-accordion-item__title\"><div>Ingl\u00eas<\/div><\/summary><div class=\"wp-block-themeisle-blocks-accordion-item__content\">\n<p>Atividade l\u00fadica de inicia\u00e7\u00e3o \u00e0 l\u00edngua inglesa que desenvolve o vocabul\u00e1rio, a express\u00e3o oral e o interesse pela aprendizagem de uma l\u00edngua estrangeira.&nbsp;&nbsp;&nbsp;&nbsp;&nbsp;&nbsp;<\/p>\n<\/div><\/details>\n\n\n\n<details class=\"wp-block-themeisle-blocks-accordion-item\"><summary class=\"wp-block-themeisle-blocks-accordion-item__title\"><div>Biblioteca<\/div><\/summary><div class=\"wp-block-themeisle-blocks-accordion-item__content\">\n<p>Promo\u00e7\u00e3o do gosto pela leitura, pesquisa orientada e contacto com diferentes tipos de informa\u00e7\u00e3o.<\/p>\n<\/div><\/details>\n\n\n\n<details class=\"wp-block-themeisle-blocks-accordion-item\"><summary class=\"wp-block-themeisle-blocks-accordion-item__title\"><div>O.T.L.<\/div><\/summary><div class=\"wp-block-themeisle-blocks-accordion-item__content\">\n<p>Espa\u00e7o de atividades l\u00fadicas e educativas que estimulam a socializa\u00e7\u00e3o, autonomia e criatividade.<\/p>\n<\/div><\/details>\n<\/div>\n","protected":false},"excerpt":{"rendered":"<p>Atividades de Enriquecimento Curricular As Atividades de Enriquecimento Curricular (AEC) complementam a forma\u00e7\u00e3o dos alunos, promovendo aprendizagens l\u00fadicas, art\u00edsticas, tecnol\u00f3gicas [&hellip;]<\/p>\n","protected":false},"author":9,"featured_media":0,"parent":0,"menu_order":0,"comment_status":"closed","ping_status":"closed","template":"","meta":{"site-sidebar-layout":"default","site-content-layout":"","ast-site-content-layout":"default","site-content-style":"default","site-sidebar-style":"default","ast-global-header-display":"","ast-banner-title-visibility":"","ast-main-header-display":"","ast-hfb-above-header-display":"","ast-hfb-below-header-display":"","ast-hfb-mobile-header-display":"","site-post-title":"disabled","ast-breadcrumbs-content":"","ast-featured-img":"","footer-sml-layout":"","ast-disable-related-posts":"","theme-transparent-header-meta":"","adv-header-id-meta":"","stick-header-meta":"","header-above-stick-meta":"","header-main-stick-meta":"","header-below-stick-meta":"","astra-migrate-meta-layouts":"default","ast-page-background-enabled":"default","ast-page-background-meta":{"desktop":{"background-color":"var(--ast-global-color-4)","background-image":"","background-repeat":"repeat","background-position":"center center","background-size":"auto","background-attachment":"scroll","background-type":"","background-media":"","overlay-type":"","overlay-color":"","overlay-opacity":"","overlay-gradient":""},"tablet":{"background-color":"","background-image":"","background-repeat":"repeat","background-position":"center center","background-size":"auto","background-attachment":"scroll","background-type":"","background-media":"","overlay-type":"","overlay-color":"","overlay-opacity":"","overlay-gradient":""},"mobile":{"background-color":"","background-image":"","background-repeat":"repeat","background-position":"center center","background-size":"auto","background-attachment":"scroll","background-type":"","background-media":"","overlay-type":"","overlay-color":"","overlay-opacity":"","overlay-gradient":""}},"ast-content-background-meta":{"desktop":{"background-color":"var(--ast-global-color-5)","background-image":"","background-repeat":"repeat","background-position":"center center","background-size":"auto","background-attachment":"scroll","background-type":"","background-media":"","overlay-type":"","overlay-color":"","overlay-opacity":"","overlay-gradient":""},"tablet":{"background-color":"var(--ast-global-color-5)","background-image":"","background-repeat":"repeat","background-position":"center center","background-size":"auto","background-attachment":"scroll","background-type":"","background-media":"","overlay-type":"","overlay-color":"","overlay-opacity":"","overlay-gradient":""},"mobile":{"background-color":"var(--ast-global-color-5)","background-image":"","background-repeat":"repeat","background-position":"center center","background-size":"auto","background-attachment":"scroll","background-type":"","background-media":"","overlay-type":"","overlay-color":"","overlay-opacity":"","overlay-gradient":""}},"_themeisle_gutenberg_block_has_review":false,"footnotes":""},"class_list":["post-63","page","type-page","status-publish","hentry"],"_links":{"self":[{"href":"https:\/\/escoladigital.madeira.gov.pt\/eb1peismartinho\/wp-json\/wp\/v2\/pages\/63","targetHints":{"allow":["GET"]}}],"collection":[{"href":"https:\/\/escoladigital.madeira.gov.pt\/eb1peismartinho\/wp-json\/wp\/v2\/pages"}],"about":[{"href":"https:\/\/escoladigital.madeira.gov.pt\/eb1peismartinho\/wp-json\/wp\/v2\/types\/page"}],"author":[{"embeddable":true,"href":"https:\/\/escoladigital.madeira.gov.pt\/eb1peismartinho\/wp-json\/wp\/v2\/users\/9"}],"replies":[{"embeddable":true,"href":"https:\/\/escoladigital.madeira.gov.pt\/eb1peismartinho\/wp-json\/wp\/v2\/comments?post=63"}],"version-history":[{"count":32,"href":"https:\/\/escoladigital.madeira.gov.pt\/eb1peismartinho\/wp-json\/wp\/v2\/pages\/63\/revisions"}],"predecessor-version":[{"id":2860,"href":"https:\/\/escoladigital.madeira.gov.pt\/eb1peismartinho\/wp-json\/wp\/v2\/pages\/63\/revisions\/2860"}],"wp:attachment":[{"href":"https:\/\/escoladigital.madeira.gov.pt\/eb1peismartinho\/wp-json\/wp\/v2\/media?parent=63"}],"curies":[{"name":"wp","href":"https:\/\/api.w.org\/{rel}","templated":true}]}}