{"id":465,"date":"2025-12-16T23:42:35","date_gmt":"2025-12-16T23:42:35","guid":{"rendered":"https:\/\/escoladigital.madeira.gov.pt\/eb1pejserra\/?page_id=465"},"modified":"2025-12-17T14:58:16","modified_gmt":"2025-12-17T14:58:16","slug":"entrada","status":"publish","type":"page","link":"https:\/\/escoladigital.madeira.gov.pt\/eb1pejserra\/","title":{"rendered":"Entrada"},"content":{"rendered":"\n<div style=\"height:96px\" aria-hidden=\"true\" class=\"wp-block-spacer\"><\/div>\n\n\n\n<div id=\"wp-block-themeisle-blocks-slider-56b7a938\" class=\"wp-block-themeisle-blocks-slider glide\" data-per-view=\"1\" data-gap=\"0\" data-peek=\"0\" data-autoplay=\"true\" data-height=\"350px\" data-hide-arrows=\"false\"><div class=\"glide__track\" data-glide-el=\"track\"><div class=\"glide__slides\"><div class=\"wp-block-themeisle-blocks-slider-item-wrapper glide__slide\"><figure><img decoding=\"async\" class=\"wp-block-themeisle-blocks-slider-item\" src=\"https:\/\/escoladigital.madeira.gov.pt\/eb1pejserra\/wp-content\/uploads\/sites\/24\/2024\/11\/WhatsApp-Image-2024-11-26-at-17.09.08-5.jpeg\" alt=\"\" title=\"\" data-id=\"39\" \/><\/figure><\/div><div class=\"wp-block-themeisle-blocks-slider-item-wrapper glide__slide\"><figure><img decoding=\"async\" class=\"wp-block-themeisle-blocks-slider-item\" src=\"https:\/\/escoladigital.madeira.gov.pt\/eb1pejserra\/wp-content\/uploads\/sites\/24\/2025\/12\/555522732_25649447647977121_7393624891517308140_n.jpg\" alt=\"\" title=\"\" data-id=\"496\" \/><\/figure><\/div><div class=\"wp-block-themeisle-blocks-slider-item-wrapper glide__slide\"><figure><img decoding=\"async\" class=\"wp-block-themeisle-blocks-slider-item\" src=\"https:\/\/escoladigital.madeira.gov.pt\/eb1pejserra\/wp-content\/uploads\/sites\/24\/2024\/11\/WhatsApp-Image-2024-11-26-at-17.09.08-3.jpeg\" alt=\"\" title=\"\" data-id=\"41\" \/><\/figure><\/div><div class=\"wp-block-themeisle-blocks-slider-item-wrapper glide__slide\"><figure><img decoding=\"async\" class=\"wp-block-themeisle-blocks-slider-item\" src=\"https:\/\/escoladigital.madeira.gov.pt\/eb1pejserra\/wp-content\/uploads\/sites\/24\/2024\/11\/WhatsApp-Image-2024-11-26-at-17.09.08-6.jpeg\" alt=\"\" title=\"\" data-id=\"40\" \/><\/figure><\/div><div class=\"wp-block-themeisle-blocks-slider-item-wrapper glide__slide\"><figure><img decoding=\"async\" class=\"wp-block-themeisle-blocks-slider-item\" src=\"https:\/\/escoladigital.madeira.gov.pt\/eb1pejserra\/wp-content\/uploads\/sites\/24\/2025\/12\/555812635_25649447674643785_1123734768480336977_n.jpg\" alt=\"\" title=\"\" data-id=\"494\" \/><\/figure><\/div><div class=\"wp-block-themeisle-blocks-slider-item-wrapper glide__slide\"><figure><img decoding=\"async\" class=\"wp-block-themeisle-blocks-slider-item\" src=\"https:\/\/escoladigital.madeira.gov.pt\/eb1pejserra\/wp-content\/uploads\/sites\/24\/2024\/11\/WhatsApp-Image-2024-11-26-at-17.09.09-1.jpeg\" alt=\"\" title=\"\" data-id=\"44\" \/><\/figure><\/div><div class=\"wp-block-themeisle-blocks-slider-item-wrapper glide__slide\"><figure><img decoding=\"async\" class=\"wp-block-themeisle-blocks-slider-item\" src=\"https:\/\/escoladigital.madeira.gov.pt\/eb1pejserra\/wp-content\/uploads\/sites\/24\/2024\/12\/WhatsApp-Image-2024-11-26-at-17.09.09-4.jpeg\" alt=\"\" title=\"\" data-id=\"301\" \/><\/figure><\/div><div class=\"wp-block-themeisle-blocks-slider-item-wrapper glide__slide\"><figure><img decoding=\"async\" class=\"wp-block-themeisle-blocks-slider-item\" src=\"https:\/\/escoladigital.madeira.gov.pt\/eb1pejserra\/wp-content\/uploads\/sites\/24\/2025\/02\/horta-3.jpg\" alt=\"\" title=\"\" data-id=\"317\" \/><\/figure><\/div><div class=\"wp-block-themeisle-blocks-slider-item-wrapper glide__slide\"><figure><img decoding=\"async\" class=\"wp-block-themeisle-blocks-slider-item\" src=\"https:\/\/escoladigital.madeira.gov.pt\/eb1pejserra\/wp-content\/uploads\/sites\/24\/2024\/11\/WhatsApp-Image-2024-11-26-at-17.09.09.jpeg\" alt=\"\" title=\"\" data-id=\"45\" \/><\/figure><\/div><\/div><div class=\"glide__bullets\" data-glide-el=\"controls[nav]\"><button class=\"glide__bullet\" data-glide-dir=\"=0\"><\/button><button class=\"glide__bullet\" data-glide-dir=\"=1\"><\/button><button class=\"glide__bullet\" data-glide-dir=\"=2\"><\/button><button class=\"glide__bullet\" data-glide-dir=\"=3\"><\/button><button class=\"glide__bullet\" data-glide-dir=\"=4\"><\/button><button class=\"glide__bullet\" data-glide-dir=\"=5\"><\/button><button class=\"glide__bullet\" data-glide-dir=\"=6\"><\/button><button class=\"glide__bullet\" data-glide-dir=\"=7\"><\/button><button class=\"glide__bullet\" data-glide-dir=\"=8\"><\/button><\/div><\/div><\/div>\n\n\n\n<div style=\"height:100px\" aria-hidden=\"true\" class=\"wp-block-spacer\"><\/div>\n\n\n<div class=\"is-style-boxed wp-block-themeisle-blocks-posts-grid\" id=\"wp-block-themeisle-blocks-posts-grid-e931e569\"><div class=\"is-grid o-posts-grid-columns-3\"><div class=\"o-posts-grid-post-blog o-posts-grid-post-plain\"><div class=\"o-posts-grid-post\"><div class=\"o-posts-grid-post-image\"><a href=\"https:\/\/escoladigital.madeira.gov.pt\/eb1pejserra\/2025\/12\/16\/festa-de-natal\/\"><img fetchpriority=\"high\" decoding=\"async\" width=\"561\" height=\"557\" src=\"https:\/\/escoladigital.madeira.gov.pt\/eb1pejserra\/wp-content\/uploads\/sites\/24\/2025\/12\/Captura-de-ecra-2025-12-16-231935.jpg\" class=\"attachment-full size-full\" alt=\"Festa de Natal\" srcset=\"https:\/\/escoladigital.madeira.gov.pt\/eb1pejserra\/wp-content\/uploads\/sites\/24\/2025\/12\/Captura-de-ecra-2025-12-16-231935.jpg 561w, https:\/\/escoladigital.madeira.gov.pt\/eb1pejserra\/wp-content\/uploads\/sites\/24\/2025\/12\/Captura-de-ecra-2025-12-16-231935-300x298.jpg 300w, https:\/\/escoladigital.madeira.gov.pt\/eb1pejserra\/wp-content\/uploads\/sites\/24\/2025\/12\/Captura-de-ecra-2025-12-16-231935-150x150.jpg 150w\" sizes=\"(max-width: 561px) 100vw, 561px\" \/><\/a><\/div><div class=\"o-posts-grid-post-body\"><span class=\"o-posts-grid-post-category\"><a href=\"https:\/\/escoladigital.madeira.gov.pt\/eb1pejserra\/category\/noticias\/\">Not\u00edcias<\/a><\/span><h4 class=\"o-posts-grid-post-title\"><a href=\"https:\/\/escoladigital.madeira.gov.pt\/eb1pejserra\/2025\/12\/16\/festa-de-natal\/\">Festa de Natal<\/a><\/h4><p class=\"o-posts-grid-post-meta\">  <time datetime=\"2025-12-16T23:25:42+00:00\">Dezembro 16, 2025<\/time> by <a href=\"https:\/\/escoladigital.madeira.gov.pt\/eb1pejserra\/author\/eb1pejserra\/\">eb1pejserra<\/a><\/p><div class=\"o-posts-grid-post-description\"><p><\/p><\/div><\/div><\/div><\/div><div class=\"o-posts-grid-post-blog o-posts-grid-post-plain\"><div class=\"o-posts-grid-post\"><div class=\"o-posts-grid-post-image\"><a href=\"https:\/\/escoladigital.madeira.gov.pt\/eb1pejserra\/2025\/12\/09\/hora-ia\/\"><img decoding=\"async\" width=\"498\" height=\"417\" src=\"https:\/\/escoladigital.madeira.gov.pt\/eb1pejserra\/wp-content\/uploads\/sites\/24\/2025\/12\/Captura-de-ecra-2025-12-09-200432.jpg\" class=\"attachment-full size-full\" alt=\"Hora IA\" srcset=\"https:\/\/escoladigital.madeira.gov.pt\/eb1pejserra\/wp-content\/uploads\/sites\/24\/2025\/12\/Captura-de-ecra-2025-12-09-200432.jpg 498w, https:\/\/escoladigital.madeira.gov.pt\/eb1pejserra\/wp-content\/uploads\/sites\/24\/2025\/12\/Captura-de-ecra-2025-12-09-200432-300x251.jpg 300w\" sizes=\"(max-width: 498px) 100vw, 498px\" \/><\/a><\/div><div class=\"o-posts-grid-post-body\"><span class=\"o-posts-grid-post-category\"><a href=\"https:\/\/escoladigital.madeira.gov.pt\/eb1pejserra\/category\/noticias\/\">Not\u00edcias<\/a><\/span><h4 class=\"o-posts-grid-post-title\"><a href=\"https:\/\/escoladigital.madeira.gov.pt\/eb1pejserra\/2025\/12\/09\/hora-ia\/\">Hora IA<\/a><\/h4><p class=\"o-posts-grid-post-meta\">  <time datetime=\"2025-12-09T20:05:20+00:00\">Dezembro 9, 2025<\/time> by <a href=\"https:\/\/escoladigital.madeira.gov.pt\/eb1pejserra\/author\/eb1pejserra\/\">eb1pejserra<\/a><\/p><div class=\"o-posts-grid-post-description\"><p><\/p><\/div><\/div><\/div><\/div><div class=\"o-posts-grid-post-blog o-posts-grid-post-plain\"><div class=\"o-posts-grid-post\"><div class=\"o-posts-grid-post-image\"><a href=\"https:\/\/escoladigital.madeira.gov.pt\/eb1pejserra\/2025\/11\/26\/acao-de-sensibilizacao\/\"><img decoding=\"async\" width=\"381\" height=\"301\" src=\"https:\/\/escoladigital.madeira.gov.pt\/eb1pejserra\/wp-content\/uploads\/sites\/24\/2025\/11\/Captura-de-ecra-2025-11-26-155326.jpg\" class=\"attachment-full size-full\" alt=\"A\u00e7\u00e3o de sensibiliza\u00e7\u00e3o\" srcset=\"https:\/\/escoladigital.madeira.gov.pt\/eb1pejserra\/wp-content\/uploads\/sites\/24\/2025\/11\/Captura-de-ecra-2025-11-26-155326.jpg 381w, https:\/\/escoladigital.madeira.gov.pt\/eb1pejserra\/wp-content\/uploads\/sites\/24\/2025\/11\/Captura-de-ecra-2025-11-26-155326-300x237.jpg 300w\" sizes=\"(max-width: 381px) 100vw, 381px\" \/><\/a><\/div><div class=\"o-posts-grid-post-body\"><span class=\"o-posts-grid-post-category\"><a href=\"https:\/\/escoladigital.madeira.gov.pt\/eb1pejserra\/category\/noticias\/\">Not\u00edcias<\/a><\/span><h4 class=\"o-posts-grid-post-title\"><a href=\"https:\/\/escoladigital.madeira.gov.pt\/eb1pejserra\/2025\/11\/26\/acao-de-sensibilizacao\/\">A\u00e7\u00e3o de sensibiliza\u00e7\u00e3o<\/a><\/h4><p class=\"o-posts-grid-post-meta\">  <time datetime=\"2025-11-26T15:59:16+00:00\">Novembro 26, 2025<\/time> by <a href=\"https:\/\/escoladigital.madeira.gov.pt\/eb1pejserra\/author\/eb1pejserra\/\">eb1pejserra<\/a><\/p><div class=\"o-posts-grid-post-description\"><p><\/p><\/div><\/div><\/div><\/div><div class=\"o-posts-grid-post-blog o-posts-grid-post-plain\"><div class=\"o-posts-grid-post\"><div class=\"o-posts-grid-post-image\"><a href=\"https:\/\/escoladigital.madeira.gov.pt\/eb1pejserra\/2025\/11\/26\/dia-do-pijama\/\"><img loading=\"lazy\" decoding=\"async\" width=\"606\" height=\"637\" src=\"https:\/\/escoladigital.madeira.gov.pt\/eb1pejserra\/wp-content\/uploads\/sites\/24\/2025\/11\/Captura-de-ecra-2025-11-26-012606-1.jpg\" class=\"attachment-full size-full\" alt=\"Dia do Pijama\" srcset=\"https:\/\/escoladigital.madeira.gov.pt\/eb1pejserra\/wp-content\/uploads\/sites\/24\/2025\/11\/Captura-de-ecra-2025-11-26-012606-1.jpg 606w, https:\/\/escoladigital.madeira.gov.pt\/eb1pejserra\/wp-content\/uploads\/sites\/24\/2025\/11\/Captura-de-ecra-2025-11-26-012606-1-285x300.jpg 285w\" sizes=\"(max-width: 606px) 100vw, 606px\" \/><\/a><\/div><div class=\"o-posts-grid-post-body\"><span class=\"o-posts-grid-post-category\"><a href=\"https:\/\/escoladigital.madeira.gov.pt\/eb1pejserra\/category\/noticias\/\">Not\u00edcias<\/a><\/span><h4 class=\"o-posts-grid-post-title\"><a href=\"https:\/\/escoladigital.madeira.gov.pt\/eb1pejserra\/2025\/11\/26\/dia-do-pijama\/\">Dia do Pijama<\/a><\/h4><p class=\"o-posts-grid-post-meta\">  <time datetime=\"2025-11-26T14:26:31+00:00\">Novembro 26, 2025<\/time> by <a href=\"https:\/\/escoladigital.madeira.gov.pt\/eb1pejserra\/author\/eb1pejserra\/\">eb1pejserra<\/a><\/p><div class=\"o-posts-grid-post-description\"><p><\/p><\/div><\/div><\/div><\/div><div class=\"o-posts-grid-post-blog o-posts-grid-post-plain\"><div class=\"o-posts-grid-post\"><div class=\"o-posts-grid-post-image\"><a href=\"https:\/\/escoladigital.madeira.gov.pt\/eb1pejserra\/2024\/12\/18\/advento-musical\/\"><img loading=\"lazy\" decoding=\"async\" width=\"677\" height=\"651\" src=\"https:\/\/escoladigital.madeira.gov.pt\/eb1pejserra\/wp-content\/uploads\/sites\/24\/2024\/12\/dia-17.jpg\" class=\"attachment-full size-full\" alt=\"Advento Musical\" srcset=\"https:\/\/escoladigital.madeira.gov.pt\/eb1pejserra\/wp-content\/uploads\/sites\/24\/2024\/12\/dia-17.jpg 677w, https:\/\/escoladigital.madeira.gov.pt\/eb1pejserra\/wp-content\/uploads\/sites\/24\/2024\/12\/dia-17-300x288.jpg 300w\" sizes=\"(max-width: 677px) 100vw, 677px\" \/><\/a><\/div><div class=\"o-posts-grid-post-body\"><span class=\"o-posts-grid-post-category\"><a href=\"https:\/\/escoladigital.madeira.gov.pt\/eb1pejserra\/category\/noticias\/\">Not\u00edcias<\/a><\/span><h4 class=\"o-posts-grid-post-title\"><a href=\"https:\/\/escoladigital.madeira.gov.pt\/eb1pejserra\/2024\/12\/18\/advento-musical\/\">Advento Musical<\/a><\/h4><p class=\"o-posts-grid-post-meta\">  <time datetime=\"2024-12-18T15:59:58+00:00\">Dezembro 18, 2024<\/time> by <a href=\"https:\/\/escoladigital.madeira.gov.pt\/eb1pejserra\/author\/eb1pejserra\/\">eb1pejserra<\/a><\/p><div class=\"o-posts-grid-post-description\"><p><\/p><\/div><\/div><\/div><\/div><div class=\"o-posts-grid-post-blog o-posts-grid-post-plain\"><div class=\"o-posts-grid-post\"><div class=\"o-posts-grid-post-image\"><a href=\"https:\/\/escoladigital.madeira.gov.pt\/eb1pejserra\/2024\/12\/04\/188\/\"><img loading=\"lazy\" decoding=\"async\" width=\"1240\" height=\"1748\" src=\"https:\/\/escoladigital.madeira.gov.pt\/eb1pejserra\/wp-content\/uploads\/sites\/24\/2024\/12\/Feliz-natal-com-mensagem-vermelho-e-dourado-cartao-2.png\" class=\"attachment-full size-full\" alt=\"Festa de Natal\" srcset=\"https:\/\/escoladigital.madeira.gov.pt\/eb1pejserra\/wp-content\/uploads\/sites\/24\/2024\/12\/Feliz-natal-com-mensagem-vermelho-e-dourado-cartao-2.png 1240w, https:\/\/escoladigital.madeira.gov.pt\/eb1pejserra\/wp-content\/uploads\/sites\/24\/2024\/12\/Feliz-natal-com-mensagem-vermelho-e-dourado-cartao-2-213x300.png 213w, https:\/\/escoladigital.madeira.gov.pt\/eb1pejserra\/wp-content\/uploads\/sites\/24\/2024\/12\/Feliz-natal-com-mensagem-vermelho-e-dourado-cartao-2-726x1024.png 726w, https:\/\/escoladigital.madeira.gov.pt\/eb1pejserra\/wp-content\/uploads\/sites\/24\/2024\/12\/Feliz-natal-com-mensagem-vermelho-e-dourado-cartao-2-768x1083.png 768w, https:\/\/escoladigital.madeira.gov.pt\/eb1pejserra\/wp-content\/uploads\/sites\/24\/2024\/12\/Feliz-natal-com-mensagem-vermelho-e-dourado-cartao-2-1090x1536.png 1090w\" sizes=\"(max-width: 1240px) 100vw, 1240px\" \/><\/a><\/div><div class=\"o-posts-grid-post-body\"><span class=\"o-posts-grid-post-category\"><a href=\"https:\/\/escoladigital.madeira.gov.pt\/eb1pejserra\/category\/noticias\/\">Not\u00edcias<\/a><\/span><h4 class=\"o-posts-grid-post-title\"><a href=\"https:\/\/escoladigital.madeira.gov.pt\/eb1pejserra\/2024\/12\/04\/188\/\">Festa de Natal<\/a><\/h4><p class=\"o-posts-grid-post-meta\">  <time datetime=\"2024-12-04T14:50:27+00:00\">Dezembro 4, 2024<\/time> by <a href=\"https:\/\/escoladigital.madeira.gov.pt\/eb1pejserra\/author\/eb1pejserra\/\">eb1pejserra<\/a><\/p><div class=\"o-posts-grid-post-description\"><p><\/p><\/div><\/div><\/div><\/div><\/div> <\/div>","protected":false},"excerpt":{"rendered":"","protected":false},"author":33,"featured_media":0,"parent":0,"menu_order":0,"comment_status":"closed","ping_status":"closed","template":"","meta":{"site-sidebar-layout":"default","site-content-layout":"","ast-site-content-layout":"default","site-content-style":"default","site-sidebar-style":"default","ast-global-header-display":"","ast-banner-title-visibility":"","ast-main-header-display":"","ast-hfb-above-header-display":"","ast-hfb-below-header-display":"","ast-hfb-mobile-header-display":"","site-post-title":"","ast-breadcrumbs-content":"","ast-featured-img":"","footer-sml-layout":"","ast-disable-related-posts":"","theme-transparent-header-meta":"","adv-header-id-meta":"","stick-header-meta":"","header-above-stick-meta":"","header-main-stick-meta":"","header-below-stick-meta":"","astra-migrate-meta-layouts":"default","ast-page-background-enabled":"default","ast-page-background-meta":{"desktop":{"background-color":"var(--ast-global-color-4)","background-image":"","background-repeat":"repeat","background-position":"center center","background-size":"auto","background-attachment":"scroll","background-type":"","background-media":"","overlay-type":"","overlay-color":"","overlay-opacity":"","overlay-gradient":""},"tablet":{"background-color":"","background-image":"","background-repeat":"repeat","background-position":"center center","background-size":"auto","background-attachment":"scroll","background-type":"","background-media":"","overlay-type":"","overlay-color":"","overlay-opacity":"","overlay-gradient":""},"mobile":{"background-color":"","background-image":"","background-repeat":"repeat","background-position":"center center","background-size":"auto","background-attachment":"scroll","background-type":"","background-media":"","overlay-type":"","overlay-color":"","overlay-opacity":"","overlay-gradient":""}},"ast-content-background-meta":{"desktop":{"background-color":"var(--ast-global-color-5)","background-image":"","background-repeat":"repeat","background-position":"center center","background-size":"auto","background-attachment":"scroll","background-type":"","background-media":"","overlay-type":"","overlay-color":"","overlay-opacity":"","overlay-gradient":""},"tablet":{"background-color":"var(--ast-global-color-5)","background-image":"","background-repeat":"repeat","background-position":"center center","background-size":"auto","background-attachment":"scroll","background-type":"","background-media":"","overlay-type":"","overlay-color":"","overlay-opacity":"","overlay-gradient":""},"mobile":{"background-color":"var(--ast-global-color-5)","background-image":"","background-repeat":"repeat","background-position":"center center","background-size":"auto","background-attachment":"scroll","background-type":"","background-media":"","overlay-type":"","overlay-color":"","overlay-opacity":"","overlay-gradient":""}},"_themeisle_gutenberg_block_has_review":false,"footnotes":""},"class_list":["post-465","page","type-page","status-publish","hentry"],"_links":{"self":[{"href":"https:\/\/escoladigital.madeira.gov.pt\/eb1pejserra\/wp-json\/wp\/v2\/pages\/465","targetHints":{"allow":["GET"]}}],"collection":[{"href":"https:\/\/escoladigital.madeira.gov.pt\/eb1pejserra\/wp-json\/wp\/v2\/pages"}],"about":[{"href":"https:\/\/escoladigital.madeira.gov.pt\/eb1pejserra\/wp-json\/wp\/v2\/types\/page"}],"author":[{"embeddable":true,"href":"https:\/\/escoladigital.madeira.gov.pt\/eb1pejserra\/wp-json\/wp\/v2\/users\/33"}],"replies":[{"embeddable":true,"href":"https:\/\/escoladigital.madeira.gov.pt\/eb1pejserra\/wp-json\/wp\/v2\/comments?post=465"}],"version-history":[{"count":5,"href":"https:\/\/escoladigital.madeira.gov.pt\/eb1pejserra\/wp-json\/wp\/v2\/pages\/465\/revisions"}],"predecessor-version":[{"id":502,"href":"https:\/\/escoladigital.madeira.gov.pt\/eb1pejserra\/wp-json\/wp\/v2\/pages\/465\/revisions\/502"}],"wp:attachment":[{"href":"https:\/\/escoladigital.madeira.gov.pt\/eb1pejserra\/wp-json\/wp\/v2\/media?parent=465"}],"curies":[{"name":"wp","href":"https:\/\/api.w.org\/{rel}","templated":true}]}}