{"id":191,"date":"2025-04-30T14:43:06","date_gmt":"2025-04-30T14:43:06","guid":{"rendered":"https:\/\/escoladigital.madeira.gov.pt\/eb1peladeira\/?page_id=191"},"modified":"2025-07-29T08:22:09","modified_gmt":"2025-07-29T08:22:09","slug":"os-projetos","status":"publish","type":"page","link":"https:\/\/escoladigital.madeira.gov.pt\/eb1peladeira\/os-projetos\/","title":{"rendered":"Os Projetos"},"content":{"rendered":"\t\t<div data-elementor-type=\"wp-page\" data-elementor-id=\"191\" class=\"elementor elementor-191\">\n\t\t\t\t<div class=\"elementor-element elementor-element-d10a0f9 e-flex e-con-boxed e-con e-parent\" data-id=\"d10a0f9\" data-element_type=\"container\" data-e-type=\"container\">\n\t\t\t\t\t<div class=\"e-con-inner\">\n\t\t\t\t<div class=\"elementor-element elementor-element-9ff9d30 elementor-widget elementor-widget-heading\" data-id=\"9ff9d30\" data-element_type=\"widget\" data-e-type=\"widget\" data-widget_type=\"heading.default\">\n\t\t\t\t<div class=\"elementor-widget-container\">\n\t\t\t\t\t<h2 class=\"elementor-heading-title elementor-size-default\">Os Projetos que Abra\u00e7amos<\/h2>\t\t\t\t<\/div>\n\t\t\t\t<\/div>\n\t\t\t\t<div class=\"elementor-element elementor-element-2d00167 elementor-widget-divider--separator-type-pattern elementor-widget-divider--view-line elementor-widget elementor-widget-divider\" data-id=\"2d00167\" data-element_type=\"widget\" data-e-type=\"widget\" data-widget_type=\"divider.default\">\n\t\t\t\t<div class=\"elementor-widget-container\">\n\t\t\t\t\t\t\t<div class=\"elementor-divider\" style=\"--divider-pattern-url: url(&quot;data:image\/svg+xml,%3Csvg xmlns=&#039;http:\/\/www.w3.org\/2000\/svg&#039; preserveAspectRatio=&#039;none&#039; overflow=&#039;visible&#039; height=&#039;100%&#039; viewBox=&#039;0 0 24 24&#039; fill=&#039;none&#039; stroke=&#039;black&#039; stroke-width=&#039;1&#039; stroke-linecap=&#039;square&#039; stroke-miterlimit=&#039;10&#039;%3E%3Cpath d=&#039;M0,21c3.3,0,8.3-0.9,15.7-7.1c6.6-5.4,4.4-9.3,2.4-10.3c-3.4-1.8-7.7,1.3-7.3,8.8C11.2,20,17.1,21,24,21&#039;\/%3E%3C\/svg%3E&quot;);\">\n\t\t\t<span class=\"elementor-divider-separator\">\n\t\t\t\t\t\t<\/span>\n\t\t<\/div>\n\t\t\t\t\t\t<\/div>\n\t\t\t\t<\/div>\n\t\t\t\t\t<\/div>\n\t\t\t\t<\/div>\n\t\t<div class=\"elementor-element elementor-element-ce2d6d1 e-flex e-con-boxed e-con e-parent\" data-id=\"ce2d6d1\" data-element_type=\"container\" data-e-type=\"container\">\n\t\t\t\t\t<div class=\"e-con-inner\">\n\t\t\t\t<div class=\"elementor-element elementor-element-9789ec2 elementor-widget elementor-widget-spacer\" data-id=\"9789ec2\" data-element_type=\"widget\" data-e-type=\"widget\" data-widget_type=\"spacer.default\">\n\t\t\t\t<div class=\"elementor-widget-container\">\n\t\t\t\t\t\t\t<div class=\"elementor-spacer\">\n\t\t\t<div class=\"elementor-spacer-inner\"><\/div>\n\t\t<\/div>\n\t\t\t\t\t\t<\/div>\n\t\t\t\t<\/div>\n\t\t\t\t\t<\/div>\n\t\t\t\t<\/div>\n\t\t<div class=\"elementor-element elementor-element-2590eb1 e-flex e-con-boxed e-con e-parent\" data-id=\"2590eb1\" data-element_type=\"container\" data-e-type=\"container\">\n\t\t\t\t\t<div class=\"e-con-inner\">\n\t\t\t\t<div class=\"elementor-element elementor-element-ee8052d elementor-position-right elementor-vertical-align-middle elementor-widget elementor-widget-image-box\" data-id=\"ee8052d\" data-element_type=\"widget\" data-e-type=\"widget\" data-widget_type=\"image-box.default\">\n\t\t\t\t<div class=\"elementor-widget-container\">\n\t\t\t\t\t<div class=\"elementor-image-box-wrapper\"><figure class=\"elementor-image-box-img\"><img fetchpriority=\"high\" decoding=\"async\" width=\"368\" height=\"560\" src=\"https:\/\/escoladigital.madeira.gov.pt\/eb1peladeira\/wp-content\/uploads\/sites\/67\/2025\/06\/ET.jpg\" class=\"attachment-full size-full wp-image-1554\" alt=\"\" srcset=\"https:\/\/escoladigital.madeira.gov.pt\/eb1peladeira\/wp-content\/uploads\/sites\/67\/2025\/06\/ET.jpg 368w, https:\/\/escoladigital.madeira.gov.pt\/eb1peladeira\/wp-content\/uploads\/sites\/67\/2025\/06\/ET-197x300.jpg 197w\" sizes=\"(max-width: 368px) 100vw, 368px\" \/><\/figure><div class=\"elementor-image-box-content\"><h3 class=\"elementor-image-box-title\">Escola Tecnol\u00f3gica de Refer\u00eancia<\/h3><p class=\"elementor-image-box-description\"><b>O Projeto \"Escola Tecnol\u00f3gica\" \u00e9 da autoria da Secretaria Regional de Educa\u00e7\u00e3o, Ci\u00eancia e Tecnologia e visa reconhecer a implementa\u00e7\u00e3o e o uso das tecnologias nas escolas da RAM, atrav\u00e9s das atividades organizadas e planificadas pela coordena\u00e7\u00e3o TIC, com a colabora\u00e7\u00e3o de outros membros da comunidade educativa. O Plano TIC tem como base 4 eixos de a\u00e7\u00e3o: Tecnologia, Seguran\u00e7a, Forma\u00e7\u00e3o\/Apoio e Cria\u00e7\u00e3o\/Inova\u00e7\u00e3o. O selo \"Escola Tecnol\u00f3gica de Refer\u00eancia\" \u00e9 atribu\u00eddo \u00e0s escolas que nos \u00faltimos 3 anos foram certificadas com o selo de Escola Tecnol\u00f3gica Inovadora. O selo \u00e9 promovido e atribu\u00eddo na Feira Tecnol\u00f3gica pela Dire\u00e7\u00e3o Regional de Educa\u00e7\u00e3o com o apoio do Gabinete de Moderniza\u00e7\u00e3o de Tecnologias Educativas.<\/b><\/p><\/div><\/div>\t\t\t\t<\/div>\n\t\t\t\t<\/div>\n\t\t\t\t<div class=\"elementor-element elementor-element-4cfd7b9 elementor-widget-divider--separator-type-pattern elementor-widget-divider--no-spacing elementor-widget-divider--view-line elementor-widget elementor-widget-divider\" data-id=\"4cfd7b9\" data-element_type=\"widget\" data-e-type=\"widget\" data-widget_type=\"divider.default\">\n\t\t\t\t<div class=\"elementor-widget-container\">\n\t\t\t\t\t\t\t<div class=\"elementor-divider\" style=\"--divider-pattern-url: url(&quot;data:image\/svg+xml,%3Csvg xmlns=&#039;http:\/\/www.w3.org\/2000\/svg&#039; preserveAspectRatio=&#039;xMidYMid meet&#039; overflow=&#039;visible&#039; height=&#039;100%&#039; viewBox=&#039;0 0 126 26&#039; fill=&#039;black&#039; stroke=&#039;none&#039;%3E%3Cpath d=&#039;M3,10.2c2.6,0,2.6,2,2.6,3.2S4.4,16.5,3,16.5s-3-1.4-3-3.2S0.4,10.2,3,10.2z M18.8,10.2c1.7,0,3.2,1.4,3.2,3.2s-1.4,3.2-3.2,3.2c-1.7,0-3.2-1.4-3.2-3.2S17,10.2,18.8,10.2z M34.6,10.2c1.5,0,2.6,1.4,2.6,3.2s-0.5,3.2-1.9,3.2c-1.5,0-3.4-1.4-3.4-3.2S33.1,10.2,34.6,10.2z M50.5,10.2c1.7,0,3.2,1.4,3.2,3.2s-1.4,3.2-3.2,3.2c-1.7,0-3.3-0.9-3.3-2.6S48.7,10.2,50.5,10.2z M66.2,10.2c1.5,0,3.4,1.4,3.4,3.2s-1.9,3.2-3.4,3.2c-1.5,0-2.6-0.4-2.6-2.1S64.8,10.2,66.2,10.2z M82.2,10.2c1.7,0.8,2.6,1.4,2.6,3.2s-0.1,3.2-1.6,3.2c-1.5,0-3.7-1.4-3.7-3.2S80.5,9.4,82.2,10.2zM98.6,10.2c1.5,0,2.6,0.4,2.6,2.1s-1.2,4.2-2.6,4.2c-1.5,0-3.7-0.4-3.7-2.1S97.1,10.2,98.6,10.2z M113.4,10.2c1.2,0,2.2,0.9,2.2,3.2s-0.1,3.2-1.3,3.2s-3.1-1.4-3.1-3.2S112.2,10.2,113.4,10.2z&#039;\/%3E%3C\/svg%3E&quot;);\">\n\t\t\t<span class=\"elementor-divider-separator\">\n\t\t\t\t\t\t<\/span>\n\t\t<\/div>\n\t\t\t\t\t\t<\/div>\n\t\t\t\t<\/div>\n\t\t\t\t\t<\/div>\n\t\t\t\t<\/div>\n\t\t<div class=\"elementor-element elementor-element-4d37381 e-flex e-con-boxed e-con e-parent\" data-id=\"4d37381\" data-element_type=\"container\" data-e-type=\"container\">\n\t\t\t\t\t<div class=\"e-con-inner\">\n\t\t\t\t<div class=\"elementor-element elementor-element-a77ba4c elementor-position-right elementor-vertical-align-middle elementor-widget elementor-widget-image-box\" data-id=\"a77ba4c\" data-element_type=\"widget\" data-e-type=\"widget\" data-widget_type=\"image-box.default\">\n\t\t\t\t<div class=\"elementor-widget-container\">\n\t\t\t\t\t<div class=\"elementor-image-box-wrapper\"><figure class=\"elementor-image-box-img\"><img decoding=\"async\" width=\"628\" height=\"629\" src=\"https:\/\/escoladigital.madeira.gov.pt\/eb1peladeira\/wp-content\/uploads\/sites\/67\/2025\/05\/espr.png\" class=\"attachment-full size-full wp-image-477\" alt=\"\" srcset=\"https:\/\/escoladigital.madeira.gov.pt\/eb1peladeira\/wp-content\/uploads\/sites\/67\/2025\/05\/espr.png 628w, https:\/\/escoladigital.madeira.gov.pt\/eb1peladeira\/wp-content\/uploads\/sites\/67\/2025\/05\/espr-300x300.png 300w, https:\/\/escoladigital.madeira.gov.pt\/eb1peladeira\/wp-content\/uploads\/sites\/67\/2025\/05\/espr-150x150.png 150w\" sizes=\"(max-width: 628px) 100vw, 628px\" \/><\/figure><div class=\"elementor-image-box-content\"><h3 class=\"elementor-image-box-title\">Educa\u00e7\u00e3o para a Seguran\u00e7a e Preven\u00e7\u00e3o de Riscos<\/h3><p class=\"elementor-image-box-description\"><b>Um dos objetivos que a Lei de Bases do Sistema Educativo fixa para o ensino b\u00e1sico \u00e9 \"proporcionar a aquisi\u00e7\u00e3o de atitudes aut\u00f3nomas, visando a forma\u00e7\u00e3o de cidad\u00e3os civicamente respons\u00e1veis e democraticamente intervenientes na vida comunit\u00e1ria\". \u00c9 neste contexto que se enquadra a educa\u00e7\u00e3o para a cidadania, a promover na forma\u00e7\u00e3o das crian\u00e7as e jovens. O Projeto ESPR permite dotar os alunos de conhecimentos sobre os diferentes riscos a que s\u00e3o expostos e incentivar a ado\u00e7\u00e3o consciente de atitudes e comportamentos de preven\u00e7\u00e3o e de autoprote\u00e7\u00e3o que minimizem a exposi\u00e7\u00e3o e vulnerabilidades a diversos tipos de acidentes e que consciencializem e treinem alguns procedimentos de preven\u00e7\u00e3o e emerg\u00eancia.<\/b><\/p><\/div><\/div>\t\t\t\t<\/div>\n\t\t\t\t<\/div>\n\t\t\t\t<div class=\"elementor-element elementor-element-a495065 elementor-widget-divider--separator-type-pattern elementor-widget-divider--no-spacing elementor-widget-divider--view-line elementor-widget elementor-widget-divider\" data-id=\"a495065\" data-element_type=\"widget\" data-e-type=\"widget\" data-widget_type=\"divider.default\">\n\t\t\t\t<div class=\"elementor-widget-container\">\n\t\t\t\t\t\t\t<div class=\"elementor-divider\" style=\"--divider-pattern-url: url(&quot;data:image\/svg+xml,%3Csvg xmlns=&#039;http:\/\/www.w3.org\/2000\/svg&#039; preserveAspectRatio=&#039;xMidYMid meet&#039; overflow=&#039;visible&#039; height=&#039;100%&#039; viewBox=&#039;0 0 126 26&#039; fill=&#039;black&#039; stroke=&#039;none&#039;%3E%3Cpath d=&#039;M3,10.2c2.6,0,2.6,2,2.6,3.2S4.4,16.5,3,16.5s-3-1.4-3-3.2S0.4,10.2,3,10.2z M18.8,10.2c1.7,0,3.2,1.4,3.2,3.2s-1.4,3.2-3.2,3.2c-1.7,0-3.2-1.4-3.2-3.2S17,10.2,18.8,10.2z M34.6,10.2c1.5,0,2.6,1.4,2.6,3.2s-0.5,3.2-1.9,3.2c-1.5,0-3.4-1.4-3.4-3.2S33.1,10.2,34.6,10.2z M50.5,10.2c1.7,0,3.2,1.4,3.2,3.2s-1.4,3.2-3.2,3.2c-1.7,0-3.3-0.9-3.3-2.6S48.7,10.2,50.5,10.2z M66.2,10.2c1.5,0,3.4,1.4,3.4,3.2s-1.9,3.2-3.4,3.2c-1.5,0-2.6-0.4-2.6-2.1S64.8,10.2,66.2,10.2z M82.2,10.2c1.7,0.8,2.6,1.4,2.6,3.2s-0.1,3.2-1.6,3.2c-1.5,0-3.7-1.4-3.7-3.2S80.5,9.4,82.2,10.2zM98.6,10.2c1.5,0,2.6,0.4,2.6,2.1s-1.2,4.2-2.6,4.2c-1.5,0-3.7-0.4-3.7-2.1S97.1,10.2,98.6,10.2z M113.4,10.2c1.2,0,2.2,0.9,2.2,3.2s-0.1,3.2-1.3,3.2s-3.1-1.4-3.1-3.2S112.2,10.2,113.4,10.2z&#039;\/%3E%3C\/svg%3E&quot;);\">\n\t\t\t<span class=\"elementor-divider-separator\">\n\t\t\t\t\t\t<\/span>\n\t\t<\/div>\n\t\t\t\t\t\t<\/div>\n\t\t\t\t<\/div>\n\t\t\t\t<div class=\"elementor-element elementor-element-8e3aa74 elementor-position-right elementor-vertical-align-middle elementor-widget elementor-widget-image-box\" data-id=\"8e3aa74\" data-element_type=\"widget\" data-e-type=\"widget\" data-widget_type=\"image-box.default\">\n\t\t\t\t<div class=\"elementor-widget-container\">\n\t\t\t\t\t<div class=\"elementor-image-box-wrapper\"><figure class=\"elementor-image-box-img\"><img decoding=\"async\" width=\"809\" height=\"796\" src=\"https:\/\/escoladigital.madeira.gov.pt\/eb1peladeira\/wp-content\/uploads\/sites\/67\/2025\/05\/eco-escolas.png\" class=\"attachment-full size-full wp-image-478\" alt=\"\" srcset=\"https:\/\/escoladigital.madeira.gov.pt\/eb1peladeira\/wp-content\/uploads\/sites\/67\/2025\/05\/eco-escolas.png 809w, https:\/\/escoladigital.madeira.gov.pt\/eb1peladeira\/wp-content\/uploads\/sites\/67\/2025\/05\/eco-escolas-300x295.png 300w, https:\/\/escoladigital.madeira.gov.pt\/eb1peladeira\/wp-content\/uploads\/sites\/67\/2025\/05\/eco-escolas-768x756.png 768w\" sizes=\"(max-width: 809px) 100vw, 809px\" \/><\/figure><div class=\"elementor-image-box-content\"><h3 class=\"elementor-image-box-title\">Eco-Escolas<\/h3><p class=\"elementor-image-box-description\"><b>Eco-Escolas \u00e9 um programa internacional da \"Foundation for Environmental Education\", desenvolvido em Portugal desde 1996 pela ABAE (atualmente designada ABAAE - Associa\u00e7\u00e3o Bandeira Azul de Ambiente e Educa\u00e7\u00e3o). Pretende encorajar a\u00e7\u00f5es e reconhecer o trabalho de qualidade desenvolvido pela escola, no \u00e2mbito da Educa\u00e7\u00e3o Ambiental para a Sustentabilidade. O programa \u00e9 coordenado a n\u00edvel internacional, nacional, regional e de escola. Esta coordena\u00e7\u00e3o multin\u00edvel permite a conflu\u00eancia para objetivos, metodologias e crit\u00e9rios comuns que respeitem a especificidade de cada escola relativamente aos seus alunos e caracter\u00edsticas do meio envolvente.<\/b><\/p><\/div><\/div>\t\t\t\t<\/div>\n\t\t\t\t<\/div>\n\t\t\t\t\t<\/div>\n\t\t\t\t<\/div>\n\t\t<div class=\"elementor-element elementor-element-ff99eaa e-flex e-con-boxed e-con e-parent\" data-id=\"ff99eaa\" data-element_type=\"container\" data-e-type=\"container\">\n\t\t\t\t\t<div class=\"e-con-inner\">\n\t\t\t\t<div class=\"elementor-element elementor-element-1cfa2b5 elementor-widget-divider--separator-type-pattern elementor-widget-divider--no-spacing elementor-widget-divider--view-line elementor-widget elementor-widget-divider\" data-id=\"1cfa2b5\" data-element_type=\"widget\" data-e-type=\"widget\" data-widget_type=\"divider.default\">\n\t\t\t\t<div class=\"elementor-widget-container\">\n\t\t\t\t\t\t\t<div class=\"elementor-divider\" style=\"--divider-pattern-url: url(&quot;data:image\/svg+xml,%3Csvg xmlns=&#039;http:\/\/www.w3.org\/2000\/svg&#039; preserveAspectRatio=&#039;xMidYMid meet&#039; overflow=&#039;visible&#039; height=&#039;100%&#039; viewBox=&#039;0 0 126 26&#039; fill=&#039;black&#039; stroke=&#039;none&#039;%3E%3Cpath d=&#039;M3,10.2c2.6,0,2.6,2,2.6,3.2S4.4,16.5,3,16.5s-3-1.4-3-3.2S0.4,10.2,3,10.2z M18.8,10.2c1.7,0,3.2,1.4,3.2,3.2s-1.4,3.2-3.2,3.2c-1.7,0-3.2-1.4-3.2-3.2S17,10.2,18.8,10.2z M34.6,10.2c1.5,0,2.6,1.4,2.6,3.2s-0.5,3.2-1.9,3.2c-1.5,0-3.4-1.4-3.4-3.2S33.1,10.2,34.6,10.2z M50.5,10.2c1.7,0,3.2,1.4,3.2,3.2s-1.4,3.2-3.2,3.2c-1.7,0-3.3-0.9-3.3-2.6S48.7,10.2,50.5,10.2z M66.2,10.2c1.5,0,3.4,1.4,3.4,3.2s-1.9,3.2-3.4,3.2c-1.5,0-2.6-0.4-2.6-2.1S64.8,10.2,66.2,10.2z M82.2,10.2c1.7,0.8,2.6,1.4,2.6,3.2s-0.1,3.2-1.6,3.2c-1.5,0-3.7-1.4-3.7-3.2S80.5,9.4,82.2,10.2zM98.6,10.2c1.5,0,2.6,0.4,2.6,2.1s-1.2,4.2-2.6,4.2c-1.5,0-3.7-0.4-3.7-2.1S97.1,10.2,98.6,10.2z M113.4,10.2c1.2,0,2.2,0.9,2.2,3.2s-0.1,3.2-1.3,3.2s-3.1-1.4-3.1-3.2S112.2,10.2,113.4,10.2z&#039;\/%3E%3C\/svg%3E&quot;);\">\n\t\t\t<span class=\"elementor-divider-separator\">\n\t\t\t\t\t\t<\/span>\n\t\t<\/div>\n\t\t\t\t\t\t<\/div>\n\t\t\t\t<\/div>\n\t\t\t\t\t<\/div>\n\t\t\t\t<\/div>\n\t\t<div class=\"elementor-element elementor-element-04e088b e-flex e-con-boxed e-con e-parent\" data-id=\"04e088b\" data-element_type=\"container\" data-e-type=\"container\">\n\t\t\t\t\t<div class=\"e-con-inner\">\n\t\t\t\t<div class=\"elementor-element elementor-element-677a788 elementor-position-right elementor-vertical-align-middle elementor-widget elementor-widget-image-box\" data-id=\"677a788\" data-element_type=\"widget\" data-e-type=\"widget\" data-widget_type=\"image-box.default\">\n\t\t\t\t<div class=\"elementor-widget-container\">\n\t\t\t\t\t<div class=\"elementor-image-box-wrapper\"><figure class=\"elementor-image-box-img\"><img loading=\"lazy\" decoding=\"async\" width=\"227\" height=\"222\" src=\"https:\/\/escoladigital.madeira.gov.pt\/eb1peladeira\/wp-content\/uploads\/sites\/67\/2025\/05\/escola-azul.jpg\" class=\"attachment-full size-full wp-image-479\" alt=\"\" \/><\/figure><div class=\"elementor-image-box-content\"><h3 class=\"elementor-image-box-title\">Escola Azul<\/h3><p class=\"elementor-image-box-description\"><b>Escola Azul \u00e9 um programa educativo do Minist\u00e9rio da Economia que tem como miss\u00e3o promover a Literacia do Oceano na comunidade escolar e criar gera\u00e7\u00f5es mais respons\u00e1veis e participativas, que contribuam para a sustentabilidade do Oceano. Este programa distingue e orienta as escolas que trabalham em temas ligados ao mar, criando uma comunidade que aproxima escolas, setor do mar, ind\u00fastria, munic\u00edpios, ONG's, universidades e outras entidades com papel ativo em Literacia do Oceano. O programa Escola Azul integra ainda a\u00e7\u00f5es de educa\u00e7\u00e3o marinha multidisciplinares numa rede de parceiros diversificada dirigida \u00e0s Escolas Azuis.<\/b><\/p><\/div><\/div>\t\t\t\t<\/div>\n\t\t\t\t<\/div>\n\t\t\t\t\t<\/div>\n\t\t\t\t<\/div>\n\t\t\t\t<\/div>\n\t\t","protected":false},"excerpt":{"rendered":"<p>Os Projetos que Abra\u00e7amos Escola Tecnol\u00f3gica de Refer\u00eancia O Projeto &#8220;Escola Tecnol\u00f3gica&#8221; \u00e9 da autoria da Secretaria Regional de Educa\u00e7\u00e3o, Ci\u00eancia e Tecnologia e visa reconhecer a implementa\u00e7\u00e3o e o uso das tecnologias nas escolas da RAM, atrav\u00e9s das atividades organizadas e planificadas pela coordena\u00e7\u00e3o TIC, com a colabora\u00e7\u00e3o de outros membros da comunidade educativa. [&hellip;]<\/p>\n","protected":false},"author":91,"featured_media":0,"parent":0,"menu_order":0,"comment_status":"closed","ping_status":"closed","template":"","meta":{"_themeisle_gutenberg_block_has_review":false,"footnotes":""},"class_list":["post-191","page","type-page","status-publish","hentry"],"_links":{"self":[{"href":"https:\/\/escoladigital.madeira.gov.pt\/eb1peladeira\/wp-json\/wp\/v2\/pages\/191","targetHints":{"allow":["GET"]}}],"collection":[{"href":"https:\/\/escoladigital.madeira.gov.pt\/eb1peladeira\/wp-json\/wp\/v2\/pages"}],"about":[{"href":"https:\/\/escoladigital.madeira.gov.pt\/eb1peladeira\/wp-json\/wp\/v2\/types\/page"}],"author":[{"embeddable":true,"href":"https:\/\/escoladigital.madeira.gov.pt\/eb1peladeira\/wp-json\/wp\/v2\/users\/91"}],"replies":[{"embeddable":true,"href":"https:\/\/escoladigital.madeira.gov.pt\/eb1peladeira\/wp-json\/wp\/v2\/comments?post=191"}],"version-history":[{"count":70,"href":"https:\/\/escoladigital.madeira.gov.pt\/eb1peladeira\/wp-json\/wp\/v2\/pages\/191\/revisions"}],"predecessor-version":[{"id":1672,"href":"https:\/\/escoladigital.madeira.gov.pt\/eb1peladeira\/wp-json\/wp\/v2\/pages\/191\/revisions\/1672"}],"wp:attachment":[{"href":"https:\/\/escoladigital.madeira.gov.pt\/eb1peladeira\/wp-json\/wp\/v2\/media?parent=191"}],"curies":[{"name":"wp","href":"https:\/\/api.w.org\/{rel}","templated":true}]}}