{"id":486,"date":"2025-05-03T15:02:55","date_gmt":"2025-05-03T15:02:55","guid":{"rendered":"https:\/\/escoladigital.madeira.gov.pt\/eb1peladeira\/?page_id=486"},"modified":"2025-08-01T08:17:41","modified_gmt":"2025-08-01T08:17:41","slug":"os-contactos","status":"publish","type":"page","link":"https:\/\/escoladigital.madeira.gov.pt\/eb1peladeira\/os-contactos\/","title":{"rendered":"Os Contactos"},"content":{"rendered":"\t\t<div data-elementor-type=\"wp-page\" data-elementor-id=\"486\" class=\"elementor elementor-486\">\n\t\t\t\t<div class=\"elementor-element elementor-element-db3d2d5 e-flex e-con-boxed e-con e-parent\" data-id=\"db3d2d5\" data-element_type=\"container\" data-e-type=\"container\">\n\t\t\t\t\t<div class=\"e-con-inner\">\n\t\t\t\t<div class=\"elementor-element elementor-element-d27cb1c elementor-widget elementor-widget-heading\" data-id=\"d27cb1c\" data-element_type=\"widget\" data-e-type=\"widget\" data-widget_type=\"heading.default\">\n\t\t\t\t<div class=\"elementor-widget-container\">\n\t\t\t\t\t<h2 class=\"elementor-heading-title elementor-size-default\">Contacte-nos e venha conhecer-nos<\/h2>\t\t\t\t<\/div>\n\t\t\t\t<\/div>\n\t\t\t\t<div class=\"elementor-element elementor-element-dc6b282 elementor-widget-divider--separator-type-pattern elementor-widget-divider--view-line elementor-widget elementor-widget-divider\" data-id=\"dc6b282\" data-element_type=\"widget\" data-e-type=\"widget\" data-widget_type=\"divider.default\">\n\t\t\t\t<div class=\"elementor-widget-container\">\n\t\t\t\t\t\t\t<div class=\"elementor-divider\" style=\"--divider-pattern-url: url(&quot;data:image\/svg+xml,%3Csvg xmlns=&#039;http:\/\/www.w3.org\/2000\/svg&#039; preserveAspectRatio=&#039;none&#039; overflow=&#039;visible&#039; height=&#039;100%&#039; viewBox=&#039;0 0 24 24&#039; fill=&#039;none&#039; stroke=&#039;black&#039; stroke-width=&#039;1&#039; stroke-linecap=&#039;square&#039; stroke-miterlimit=&#039;10&#039;%3E%3Cpath d=&#039;M0,21c3.3,0,8.3-0.9,15.7-7.1c6.6-5.4,4.4-9.3,2.4-10.3c-3.4-1.8-7.7,1.3-7.3,8.8C11.2,20,17.1,21,24,21&#039;\/%3E%3C\/svg%3E&quot;);\">\n\t\t\t<span class=\"elementor-divider-separator\">\n\t\t\t\t\t\t<\/span>\n\t\t<\/div>\n\t\t\t\t\t\t<\/div>\n\t\t\t\t<\/div>\n\t\t\t\t<div class=\"elementor-element elementor-element-2aae887 elementor-widget elementor-widget-spacer\" data-id=\"2aae887\" data-element_type=\"widget\" data-e-type=\"widget\" data-widget_type=\"spacer.default\">\n\t\t\t\t<div class=\"elementor-widget-container\">\n\t\t\t\t\t\t\t<div class=\"elementor-spacer\">\n\t\t\t<div class=\"elementor-spacer-inner\"><\/div>\n\t\t<\/div>\n\t\t\t\t\t\t<\/div>\n\t\t\t\t<\/div>\n\t\t\t\t\t<\/div>\n\t\t\t\t<\/div>\n\t\t<div class=\"elementor-element elementor-element-928f48b e-grid e-con-full e-con e-parent\" data-id=\"928f48b\" data-element_type=\"container\" data-e-type=\"container\">\n\t\t\t\t<div class=\"elementor-element elementor-element-0b5a443 elementor-position-left elementor-vertical-align-middle elementor-widget elementor-widget-image-box\" data-id=\"0b5a443\" data-element_type=\"widget\" data-e-type=\"widget\" data-widget_type=\"image-box.default\">\n\t\t\t\t<div class=\"elementor-widget-container\">\n\t\t\t\t\t<div class=\"elementor-image-box-wrapper\"><figure class=\"elementor-image-box-img\"><img fetchpriority=\"high\" decoding=\"async\" width=\"226\" height=\"243\" src=\"https:\/\/escoladigital.madeira.gov.pt\/eb1peladeira\/wp-content\/uploads\/sites\/67\/2025\/05\/Captura-de-ecra-2025-05-03-155806.png\" class=\"attachment-full size-full wp-image-492\" alt=\"\" \/><\/figure><div class=\"elementor-image-box-content\"><p class=\"elementor-image-box-description\"><b>291 743 167  <\/b><br>291 146 003<\/p><\/div><\/div>\t\t\t\t<\/div>\n\t\t\t\t<\/div>\n\t\t\t\t<div class=\"elementor-element elementor-element-3714bd5 elementor-position-left elementor-vertical-align-middle elementor-widget elementor-widget-image-box\" data-id=\"3714bd5\" data-element_type=\"widget\" data-e-type=\"widget\" data-widget_type=\"image-box.default\">\n\t\t\t\t<div class=\"elementor-widget-container\">\n\t\t\t\t\t<div class=\"elementor-image-box-wrapper\"><figure class=\"elementor-image-box-img\"><img decoding=\"async\" width=\"223\" height=\"227\" src=\"https:\/\/escoladigital.madeira.gov.pt\/eb1peladeira\/wp-content\/uploads\/sites\/67\/2025\/05\/Captura-de-ecra-2025-05-03-185953.png\" class=\"attachment-full size-full wp-image-537\" alt=\"\" \/><\/figure><div class=\"elementor-image-box-content\"><p class=\"elementor-image-box-description\"><b>eb1peladeira@edu.madeira.gov.pt<\/b><\/p><\/div><\/div>\t\t\t\t<\/div>\n\t\t\t\t<\/div>\n\t\t\t\t<div class=\"elementor-element elementor-element-b963a81 elementor-position-left elementor-vertical-align-middle elementor-widget elementor-widget-image-box\" data-id=\"b963a81\" data-element_type=\"widget\" data-e-type=\"widget\" data-widget_type=\"image-box.default\">\n\t\t\t\t<div class=\"elementor-widget-container\">\n\t\t\t\t\t<div class=\"elementor-image-box-wrapper\"><figure class=\"elementor-image-box-img\"><img decoding=\"async\" width=\"199\" height=\"262\" src=\"https:\/\/escoladigital.madeira.gov.pt\/eb1peladeira\/wp-content\/uploads\/sites\/67\/2025\/05\/Captura-de-ecra-2025-05-03-160320.png\" class=\"attachment-full size-full wp-image-495\" alt=\"\" \/><\/figure><div class=\"elementor-image-box-content\"><p class=\"elementor-image-box-description\"><b>Caminho da Terra Ch\u00e3<\/b><br>9020-124 Santo Ant\u00f3nio<br>Funchal<\/p><\/div><\/div>\t\t\t\t<\/div>\n\t\t\t\t<\/div>\n\t\t\t\t<\/div>\n\t\t<div class=\"elementor-element elementor-element-fc23e3a e-con-full e-flex e-con e-parent\" data-id=\"fc23e3a\" data-element_type=\"container\" data-e-type=\"container\">\n\t\t\t\t<div class=\"elementor-element elementor-element-f11eb23 elementor-widget elementor-widget-spacer\" data-id=\"f11eb23\" data-element_type=\"widget\" data-e-type=\"widget\" data-widget_type=\"spacer.default\">\n\t\t\t\t<div class=\"elementor-widget-container\">\n\t\t\t\t\t\t\t<div class=\"elementor-spacer\">\n\t\t\t<div class=\"elementor-spacer-inner\"><\/div>\n\t\t<\/div>\n\t\t\t\t\t\t<\/div>\n\t\t\t\t<\/div>\n\t\t\t\t<div class=\"elementor-element elementor-element-30e5b68 elementor-widget elementor-widget-text-editor\" data-id=\"30e5b68\" data-element_type=\"widget\" data-e-type=\"widget\" data-widget_type=\"text-editor.default\">\n\t\t\t\t<div class=\"elementor-widget-container\">\n\t\t\t\t\t\t\t\t\t<p>Uma ajuda preciosa para que n\u00e3o se perca&#8230;<\/p>\t\t\t\t\t\t\t\t<\/div>\n\t\t\t\t<\/div>\n\t\t\t\t<div data-tooltip-id=\"9d528c8\" data-tooltip_settings=\"{&quot;type&quot;:&quot;text&quot;,&quot;content&quot;:&quot;&quot;,&quot;minWidth&quot;:{&quot;desktop&quot;:0,&quot;mobile&quot;:0,&quot;tablet&quot;:0},&quot;maxWidth&quot;:{&quot;desktop&quot;:null,&quot;mobile&quot;:null,&quot;tablet&quot;:null},&quot;zindex&quot;:&quot;&quot;,&quot;target&quot;:&quot;&quot;,&quot;anime&quot;:&quot;fade&quot;,&quot;trigger&quot;:&quot;hover&quot;,&quot;side&quot;:&quot;top,bottom&quot;,&quot;arrow&quot;:false,&quot;distance&quot;:&quot;7&quot;,&quot;duration&quot;:350,&quot;delay&quot;:10,&quot;hideOn&quot;:[],&quot;elemID&quot;:&quot;9d528c8&quot;,&quot;follow_mouse&quot;:false}\" class=\"elementor-element elementor-element-9d528c8 elementor-widget__width-initial premium-global-tooltips-yes elementor-widget elementor-widget-google_maps\" data-id=\"9d528c8\" data-element_type=\"widget\" data-e-type=\"widget\" data-widget_type=\"google_maps.default\">\n\t\t\t\t\t\t<div class=\"premium-gtooltips-temp premium-global-tooltips-wrapper-temp-9d528c8\" style=\"display: none;\">\n\t\t\t\t\t<div id=\"tooltip_content-9d528c8\" class=\"premium-global-tooltip-content premium-tooltip-content-wrapper-9d528c8\">\n\t\t\t\t\t\t\t\t\t\t\t\t\t\t\t<span class=\"premium-tootltip-text\">\n\t\t\t\t\t\t\t\t\tAmplie o mapa para ver a nossa Escola!\t\t\t\t\t\t\t\t\t<\/span>\n\t\t\t\t\t\t\t\t\t\t\t\t\t\t<\/div>\n\t\t\t\t<\/div>\n\t\t\t\t\t<div class=\"elementor-widget-container\">\n\t\t\t\t\t\t\t<div class=\"elementor-custom-embed\">\n\t\t\t<iframe loading=\"lazy\"\n\t\t\t\t\tsrc=\"https:\/\/maps.google.com\/maps?q=Caminho%20da%20Terra%20Ch%C3%A3%2C%20Santo%20Ant%C3%B3nio%2C%20Madeira&#038;t=m&#038;z=10&#038;output=embed&#038;iwloc=near\"\n\t\t\t\t\ttitle=\"Caminho da Terra Ch\u00e3, Santo Ant\u00f3nio, Madeira\"\n\t\t\t\t\taria-label=\"Caminho da Terra Ch\u00e3, Santo Ant\u00f3nio, Madeira\"\n\t\t\t><\/iframe>\n\t\t<\/div>\n\t\t\t\t\t\t<\/div>\n\t\t\t\t<\/div>\n\t\t\t\t<\/div>\n\t\t\t\t<\/div>\n\t\t","protected":false},"excerpt":{"rendered":"<p>Contacte-nos e venha conhecer-nos 291 743 167 291 146 003 eb1peladeira@edu.madeira.gov.pt Caminho da Terra Ch\u00e39020-124 Santo Ant\u00f3nioFunchal Uma ajuda preciosa para que n\u00e3o se perca&#8230; Amplie o mapa para ver a nossa Escola!<\/p>\n","protected":false},"author":91,"featured_media":0,"parent":0,"menu_order":0,"comment_status":"closed","ping_status":"closed","template":"","meta":{"_themeisle_gutenberg_block_has_review":false,"footnotes":""},"class_list":["post-486","page","type-page","status-publish","hentry"],"_links":{"self":[{"href":"https:\/\/escoladigital.madeira.gov.pt\/eb1peladeira\/wp-json\/wp\/v2\/pages\/486","targetHints":{"allow":["GET"]}}],"collection":[{"href":"https:\/\/escoladigital.madeira.gov.pt\/eb1peladeira\/wp-json\/wp\/v2\/pages"}],"about":[{"href":"https:\/\/escoladigital.madeira.gov.pt\/eb1peladeira\/wp-json\/wp\/v2\/types\/page"}],"author":[{"embeddable":true,"href":"https:\/\/escoladigital.madeira.gov.pt\/eb1peladeira\/wp-json\/wp\/v2\/users\/91"}],"replies":[{"embeddable":true,"href":"https:\/\/escoladigital.madeira.gov.pt\/eb1peladeira\/wp-json\/wp\/v2\/comments?post=486"}],"version-history":[{"count":107,"href":"https:\/\/escoladigital.madeira.gov.pt\/eb1peladeira\/wp-json\/wp\/v2\/pages\/486\/revisions"}],"predecessor-version":[{"id":2081,"href":"https:\/\/escoladigital.madeira.gov.pt\/eb1peladeira\/wp-json\/wp\/v2\/pages\/486\/revisions\/2081"}],"wp:attachment":[{"href":"https:\/\/escoladigital.madeira.gov.pt\/eb1peladeira\/wp-json\/wp\/v2\/media?parent=486"}],"curies":[{"name":"wp","href":"https:\/\/api.w.org\/{rel}","templated":true}]}}