{"id":53,"date":"2025-04-29T16:32:45","date_gmt":"2025-04-29T16:32:45","guid":{"rendered":"https:\/\/escoladigital.madeira.gov.pt\/eb1peladeira\/?page_id=53"},"modified":"2025-12-22T16:53:20","modified_gmt":"2025-12-22T16:53:20","slug":"documentos-orientadores","status":"publish","type":"page","link":"https:\/\/escoladigital.madeira.gov.pt\/eb1peladeira\/documentos-orientadores\/","title":{"rendered":"Os Documentos"},"content":{"rendered":"\t\t<div data-elementor-type=\"wp-page\" data-elementor-id=\"53\" class=\"elementor elementor-53\">\n\t\t\t\t<div class=\"elementor-element elementor-element-d10a0f9 e-flex e-con-boxed e-con e-parent\" data-id=\"d10a0f9\" data-element_type=\"container\" data-e-type=\"container\">\n\t\t\t\t\t<div class=\"e-con-inner\">\n\t\t\t\t<div class=\"elementor-element elementor-element-9ff9d30 elementor-widget elementor-widget-heading\" data-id=\"9ff9d30\" data-element_type=\"widget\" data-e-type=\"widget\" data-widget_type=\"heading.default\">\n\t\t\t\t<div class=\"elementor-widget-container\">\n\t\t\t\t\t<h2 class=\"elementor-heading-title elementor-size-default\">Os nossos Documentos Orientadores<\/h2>\t\t\t\t<\/div>\n\t\t\t\t<\/div>\n\t\t\t\t<div class=\"elementor-element elementor-element-361e298 elementor-widget-divider--separator-type-pattern elementor-widget-divider--view-line elementor-widget elementor-widget-divider\" data-id=\"361e298\" data-element_type=\"widget\" data-e-type=\"widget\" data-widget_type=\"divider.default\">\n\t\t\t\t<div class=\"elementor-widget-container\">\n\t\t\t\t\t\t\t<div class=\"elementor-divider\" style=\"--divider-pattern-url: url(&quot;data:image\/svg+xml,%3Csvg xmlns=&#039;http:\/\/www.w3.org\/2000\/svg&#039; preserveAspectRatio=&#039;none&#039; overflow=&#039;visible&#039; height=&#039;100%&#039; viewBox=&#039;0 0 24 24&#039; fill=&#039;none&#039; stroke=&#039;black&#039; stroke-width=&#039;1&#039; stroke-linecap=&#039;square&#039; stroke-miterlimit=&#039;10&#039;%3E%3Cpath d=&#039;M0,21c3.3,0,8.3-0.9,15.7-7.1c6.6-5.4,4.4-9.3,2.4-10.3c-3.4-1.8-7.7,1.3-7.3,8.8C11.2,20,17.1,21,24,21&#039;\/%3E%3C\/svg%3E&quot;);\">\n\t\t\t<span class=\"elementor-divider-separator\">\n\t\t\t\t\t\t<\/span>\n\t\t<\/div>\n\t\t\t\t\t\t<\/div>\n\t\t\t\t<\/div>\n\t\t\t\t\t<\/div>\n\t\t\t\t<\/div>\n\t\t<div class=\"elementor-element elementor-element-bd91fc0 e-flex e-con-boxed e-con e-parent\" data-id=\"bd91fc0\" data-element_type=\"container\" data-e-type=\"container\">\n\t\t\t\t\t<div class=\"e-con-inner\">\n\t\t\t\t<div class=\"elementor-element elementor-element-041ad2e elementor-widget elementor-widget-text-editor\" data-id=\"041ad2e\" data-element_type=\"widget\" data-e-type=\"widget\" data-widget_type=\"text-editor.default\">\n\t\t\t\t<div class=\"elementor-widget-container\">\n\t\t\t\t\t\t\t\t\t<pre>                 clique nos \u00edcones para visualizar e\/ou descarregar<\/pre>\t\t\t\t\t\t\t\t<\/div>\n\t\t\t\t<\/div>\n\t\t\t\t\t<\/div>\n\t\t\t\t<\/div>\n\t\t<div class=\"elementor-element elementor-element-ce2d6d1 e-flex e-con-boxed e-con e-parent\" data-id=\"ce2d6d1\" data-element_type=\"container\" data-e-type=\"container\">\n\t\t\t\t\t<div class=\"e-con-inner\">\n\t\t\t\t<div class=\"elementor-element elementor-element-a77ba4c elementor-position-left elementor-vertical-align-middle elementor-widget elementor-widget-image-box\" data-id=\"a77ba4c\" data-element_type=\"widget\" data-e-type=\"widget\" data-widget_type=\"image-box.default\">\n\t\t\t\t<div class=\"elementor-widget-container\">\n\t\t\t\t\t<div class=\"elementor-image-box-wrapper\"><figure class=\"elementor-image-box-img\"><a href=\"https:\/\/escoladigital.madeira.gov.pt\/eb1peladeira\/wp-content\/uploads\/sites\/67\/2025\/04\/RA_2022-23.pdf\" target=\"_blank\" tabindex=\"-1\"><img decoding=\"async\" width=\"110\" height=\"103\" src=\"https:\/\/escoladigital.madeira.gov.pt\/eb1peladeira\/wp-content\/uploads\/sites\/67\/2025\/05\/Captura-de-ecra-2025-05-03-122036.png\" class=\"elementor-animation-push attachment-full size-full wp-image-430\" alt=\"\" \/><\/a><\/figure><div class=\"elementor-image-box-content\"><h3 class=\"elementor-image-box-title\"><a href=\"https:\/\/escoladigital.madeira.gov.pt\/eb1peladeira\/wp-content\/uploads\/sites\/67\/2025\/04\/RA_2022-23.pdf\" target=\"_blank\">Relat\u00f3rio de Autoavalia\u00e7\u00e3o da Escola<\/a><\/h3><p class=\"elementor-image-box-description\"><b>\u00c9 o documento que tem como prop\u00f3sitos fazer o diagn\u00f3stico organizacional da escola e identificar quais as melhorias necess\u00e1rias \u00e0 mudan\u00e7a da qualidade da educa\u00e7\u00e3o oferecida. O relat\u00f3rio \u00e9 elaborado no \u00faltimo ano de vig\u00eancia do projeto educativo com base no Referencial Comum de Avalia\u00e7\u00e3o de Escolas (Lei n.\u00ba 31\/2002, de 9 de dezembro).<\/b><\/p><\/div><\/div>\t\t\t\t<\/div>\n\t\t\t\t<\/div>\n\t\t\t\t\t<\/div>\n\t\t\t\t<\/div>\n\t\t<div class=\"elementor-element elementor-element-2590eb1 e-flex e-con-boxed e-con e-parent\" data-id=\"2590eb1\" data-element_type=\"container\" data-e-type=\"container\">\n\t\t\t\t\t<div class=\"e-con-inner\">\n\t\t\t\t<div class=\"elementor-element elementor-element-4cfd7b9 elementor-widget-divider--separator-type-pattern elementor-widget-divider--no-spacing elementor-widget-divider--view-line elementor-widget elementor-widget-divider\" data-id=\"4cfd7b9\" data-element_type=\"widget\" data-e-type=\"widget\" data-widget_type=\"divider.default\">\n\t\t\t\t<div class=\"elementor-widget-container\">\n\t\t\t\t\t\t\t<div class=\"elementor-divider\" style=\"--divider-pattern-url: url(&quot;data:image\/svg+xml,%3Csvg xmlns=&#039;http:\/\/www.w3.org\/2000\/svg&#039; preserveAspectRatio=&#039;xMidYMid meet&#039; overflow=&#039;visible&#039; height=&#039;100%&#039; viewBox=&#039;0 0 126 26&#039; fill=&#039;black&#039; stroke=&#039;none&#039;%3E%3Cpath d=&#039;M3,10.2c2.6,0,2.6,2,2.6,3.2S4.4,16.5,3,16.5s-3-1.4-3-3.2S0.4,10.2,3,10.2z M18.8,10.2c1.7,0,3.2,1.4,3.2,3.2s-1.4,3.2-3.2,3.2c-1.7,0-3.2-1.4-3.2-3.2S17,10.2,18.8,10.2z M34.6,10.2c1.5,0,2.6,1.4,2.6,3.2s-0.5,3.2-1.9,3.2c-1.5,0-3.4-1.4-3.4-3.2S33.1,10.2,34.6,10.2z M50.5,10.2c1.7,0,3.2,1.4,3.2,3.2s-1.4,3.2-3.2,3.2c-1.7,0-3.3-0.9-3.3-2.6S48.7,10.2,50.5,10.2z M66.2,10.2c1.5,0,3.4,1.4,3.4,3.2s-1.9,3.2-3.4,3.2c-1.5,0-2.6-0.4-2.6-2.1S64.8,10.2,66.2,10.2z M82.2,10.2c1.7,0.8,2.6,1.4,2.6,3.2s-0.1,3.2-1.6,3.2c-1.5,0-3.7-1.4-3.7-3.2S80.5,9.4,82.2,10.2zM98.6,10.2c1.5,0,2.6,0.4,2.6,2.1s-1.2,4.2-2.6,4.2c-1.5,0-3.7-0.4-3.7-2.1S97.1,10.2,98.6,10.2z M113.4,10.2c1.2,0,2.2,0.9,2.2,3.2s-0.1,3.2-1.3,3.2s-3.1-1.4-3.1-3.2S112.2,10.2,113.4,10.2z&#039;\/%3E%3C\/svg%3E&quot;);\">\n\t\t\t<span class=\"elementor-divider-separator\">\n\t\t\t\t\t\t<\/span>\n\t\t<\/div>\n\t\t\t\t\t\t<\/div>\n\t\t\t\t<\/div>\n\t\t\t\t\t<\/div>\n\t\t\t\t<\/div>\n\t\t<div class=\"elementor-element elementor-element-4d37381 e-flex e-con-boxed e-con e-parent\" data-id=\"4d37381\" data-element_type=\"container\" data-e-type=\"container\">\n\t\t\t\t\t<div class=\"e-con-inner\">\n\t\t\t\t<div class=\"elementor-element elementor-element-ee8052d elementor-position-left elementor-vertical-align-middle elementor-widget elementor-widget-image-box\" data-id=\"ee8052d\" data-element_type=\"widget\" data-e-type=\"widget\" data-widget_type=\"image-box.default\">\n\t\t\t\t<div class=\"elementor-widget-container\">\n\t\t\t\t\t<div class=\"elementor-image-box-wrapper\"><figure class=\"elementor-image-box-img\"><a href=\"https:\/\/escoladigital.madeira.gov.pt\/eb1peladeira\/wp-content\/uploads\/sites\/67\/2025\/04\/PEE.pdf\" target=\"_blank\" tabindex=\"-1\"><img decoding=\"async\" width=\"110\" height=\"102\" src=\"https:\/\/escoladigital.madeira.gov.pt\/eb1peladeira\/wp-content\/uploads\/sites\/67\/2025\/05\/Captura-de-ecra-2025-05-03-122010.png\" class=\"elementor-animation-push attachment-full size-full wp-image-429\" alt=\"\" \/><\/a><\/figure><div class=\"elementor-image-box-content\"><h3 class=\"elementor-image-box-title\"><a href=\"https:\/\/escoladigital.madeira.gov.pt\/eb1peladeira\/wp-content\/uploads\/sites\/67\/2025\/04\/PEE.pdf\" target=\"_blank\">Projeto Educativo de Escola<\/a><\/h3><p class=\"elementor-image-box-description\"><b>\u00c9 o documento que consagra a orienta\u00e7\u00e3o educativa da escola, elaborado e aprovado pelos seus \u00f3rg\u00e3os de administra\u00e7\u00e3o e gest\u00e3o para um horizonte de quatro anos, no qual se explicitam os princ\u00edpios, os valores, as metas e as estrat\u00e9gias segundo as quais a escola se prop\u00f5e cumprir a sua fun\u00e7\u00e3o educativa (Decreto Legislativo Regional n.\u00ba 21\/2006\/M, de 21 de junho).<\/b><\/p><\/div><\/div>\t\t\t\t<\/div>\n\t\t\t\t<\/div>\n\t\t\t\t\t<\/div>\n\t\t\t\t<\/div>\n\t\t<div class=\"elementor-element elementor-element-ff99eaa e-flex e-con-boxed e-con e-parent\" data-id=\"ff99eaa\" data-element_type=\"container\" data-e-type=\"container\">\n\t\t\t\t\t<div class=\"e-con-inner\">\n\t\t\t\t<div class=\"elementor-element elementor-element-1cfa2b5 elementor-widget-divider--separator-type-pattern elementor-widget-divider--no-spacing elementor-widget-divider--view-line elementor-widget elementor-widget-divider\" data-id=\"1cfa2b5\" data-element_type=\"widget\" data-e-type=\"widget\" data-widget_type=\"divider.default\">\n\t\t\t\t<div class=\"elementor-widget-container\">\n\t\t\t\t\t\t\t<div class=\"elementor-divider\" style=\"--divider-pattern-url: url(&quot;data:image\/svg+xml,%3Csvg xmlns=&#039;http:\/\/www.w3.org\/2000\/svg&#039; preserveAspectRatio=&#039;xMidYMid meet&#039; overflow=&#039;visible&#039; height=&#039;100%&#039; viewBox=&#039;0 0 126 26&#039; fill=&#039;black&#039; stroke=&#039;none&#039;%3E%3Cpath d=&#039;M3,10.2c2.6,0,2.6,2,2.6,3.2S4.4,16.5,3,16.5s-3-1.4-3-3.2S0.4,10.2,3,10.2z M18.8,10.2c1.7,0,3.2,1.4,3.2,3.2s-1.4,3.2-3.2,3.2c-1.7,0-3.2-1.4-3.2-3.2S17,10.2,18.8,10.2z M34.6,10.2c1.5,0,2.6,1.4,2.6,3.2s-0.5,3.2-1.9,3.2c-1.5,0-3.4-1.4-3.4-3.2S33.1,10.2,34.6,10.2z M50.5,10.2c1.7,0,3.2,1.4,3.2,3.2s-1.4,3.2-3.2,3.2c-1.7,0-3.3-0.9-3.3-2.6S48.7,10.2,50.5,10.2z M66.2,10.2c1.5,0,3.4,1.4,3.4,3.2s-1.9,3.2-3.4,3.2c-1.5,0-2.6-0.4-2.6-2.1S64.8,10.2,66.2,10.2z M82.2,10.2c1.7,0.8,2.6,1.4,2.6,3.2s-0.1,3.2-1.6,3.2c-1.5,0-3.7-1.4-3.7-3.2S80.5,9.4,82.2,10.2zM98.6,10.2c1.5,0,2.6,0.4,2.6,2.1s-1.2,4.2-2.6,4.2c-1.5,0-3.7-0.4-3.7-2.1S97.1,10.2,98.6,10.2z M113.4,10.2c1.2,0,2.2,0.9,2.2,3.2s-0.1,3.2-1.3,3.2s-3.1-1.4-3.1-3.2S112.2,10.2,113.4,10.2z&#039;\/%3E%3C\/svg%3E&quot;);\">\n\t\t\t<span class=\"elementor-divider-separator\">\n\t\t\t\t\t\t<\/span>\n\t\t<\/div>\n\t\t\t\t\t\t<\/div>\n\t\t\t\t<\/div>\n\t\t\t\t\t<\/div>\n\t\t\t\t<\/div>\n\t\t<div class=\"elementor-element elementor-element-f39f361 e-flex e-con-boxed e-con e-parent\" data-id=\"f39f361\" data-element_type=\"container\" data-e-type=\"container\">\n\t\t\t\t\t<div class=\"e-con-inner\">\n\t\t\t\t<div class=\"elementor-element elementor-element-c21547e elementor-position-left elementor-vertical-align-middle elementor-widget elementor-widget-image-box\" data-id=\"c21547e\" data-element_type=\"widget\" data-e-type=\"widget\" data-widget_type=\"image-box.default\">\n\t\t\t\t<div class=\"elementor-widget-container\">\n\t\t\t\t\t<div class=\"elementor-image-box-wrapper\"><figure class=\"elementor-image-box-img\"><a href=\"https:\/\/escoladigital.madeira.gov.pt\/eb1peladeira\/wp-content\/uploads\/sites\/67\/2025\/12\/PAA-25.26.pdf\" target=\"_blank\" tabindex=\"-1\"><img decoding=\"async\" width=\"103\" height=\"104\" src=\"https:\/\/escoladigital.madeira.gov.pt\/eb1peladeira\/wp-content\/uploads\/sites\/67\/2025\/05\/Captura-de-ecra-2025-05-03-122119.png\" class=\"elementor-animation-push attachment-full size-full wp-image-431\" alt=\"\" \/><\/a><\/figure><div class=\"elementor-image-box-content\"><h3 class=\"elementor-image-box-title\"><a href=\"https:\/\/escoladigital.madeira.gov.pt\/eb1peladeira\/wp-content\/uploads\/sites\/67\/2025\/12\/PAA-25.26.pdf\" target=\"_blank\">Plano Anual de Atividades<\/a><\/h3><p class=\"elementor-image-box-description\"><b>\u00c9 o documento de planeamento que define, em fun\u00e7\u00e3o do projeto educativo, os objetivos, as formas de organiza\u00e7\u00e3o e de programa\u00e7\u00e3o das atividades e que procedem \u00e0 identifica\u00e7\u00e3o dos recursos necess\u00e1rios \u00e0 sua execu\u00e7\u00e3o (Decreto Legislativo Regional n.\u00ba 21\/2006\/M, de 21 de junho).<\/b><\/p><\/div><\/div>\t\t\t\t<\/div>\n\t\t\t\t<\/div>\n\t\t\t\t\t<\/div>\n\t\t\t\t<\/div>\n\t\t<div class=\"elementor-element elementor-element-c609a69 e-flex e-con-boxed e-con e-parent\" data-id=\"c609a69\" data-element_type=\"container\" data-e-type=\"container\">\n\t\t\t\t\t<div class=\"e-con-inner\">\n\t\t\t\t<div class=\"elementor-element elementor-element-9b1b76c elementor-widget-divider--separator-type-pattern elementor-widget-divider--no-spacing elementor-widget-divider--view-line elementor-widget elementor-widget-divider\" data-id=\"9b1b76c\" data-element_type=\"widget\" data-e-type=\"widget\" data-widget_type=\"divider.default\">\n\t\t\t\t<div class=\"elementor-widget-container\">\n\t\t\t\t\t\t\t<div class=\"elementor-divider\" style=\"--divider-pattern-url: url(&quot;data:image\/svg+xml,%3Csvg xmlns=&#039;http:\/\/www.w3.org\/2000\/svg&#039; preserveAspectRatio=&#039;xMidYMid meet&#039; overflow=&#039;visible&#039; height=&#039;100%&#039; viewBox=&#039;0 0 126 26&#039; fill=&#039;black&#039; stroke=&#039;none&#039;%3E%3Cpath d=&#039;M3,10.2c2.6,0,2.6,2,2.6,3.2S4.4,16.5,3,16.5s-3-1.4-3-3.2S0.4,10.2,3,10.2z M18.8,10.2c1.7,0,3.2,1.4,3.2,3.2s-1.4,3.2-3.2,3.2c-1.7,0-3.2-1.4-3.2-3.2S17,10.2,18.8,10.2z M34.6,10.2c1.5,0,2.6,1.4,2.6,3.2s-0.5,3.2-1.9,3.2c-1.5,0-3.4-1.4-3.4-3.2S33.1,10.2,34.6,10.2z M50.5,10.2c1.7,0,3.2,1.4,3.2,3.2s-1.4,3.2-3.2,3.2c-1.7,0-3.3-0.9-3.3-2.6S48.7,10.2,50.5,10.2z M66.2,10.2c1.5,0,3.4,1.4,3.4,3.2s-1.9,3.2-3.4,3.2c-1.5,0-2.6-0.4-2.6-2.1S64.8,10.2,66.2,10.2z M82.2,10.2c1.7,0.8,2.6,1.4,2.6,3.2s-0.1,3.2-1.6,3.2c-1.5,0-3.7-1.4-3.7-3.2S80.5,9.4,82.2,10.2zM98.6,10.2c1.5,0,2.6,0.4,2.6,2.1s-1.2,4.2-2.6,4.2c-1.5,0-3.7-0.4-3.7-2.1S97.1,10.2,98.6,10.2z M113.4,10.2c1.2,0,2.2,0.9,2.2,3.2s-0.1,3.2-1.3,3.2s-3.1-1.4-3.1-3.2S112.2,10.2,113.4,10.2z&#039;\/%3E%3C\/svg%3E&quot;);\">\n\t\t\t<span class=\"elementor-divider-separator\">\n\t\t\t\t\t\t<\/span>\n\t\t<\/div>\n\t\t\t\t\t\t<\/div>\n\t\t\t\t<\/div>\n\t\t\t\t\t<\/div>\n\t\t\t\t<\/div>\n\t\t<div class=\"elementor-element elementor-element-6507178 e-flex e-con-boxed e-con e-parent\" data-id=\"6507178\" data-element_type=\"container\" data-e-type=\"container\">\n\t\t\t\t\t<div class=\"e-con-inner\">\n\t\t\t\t<div class=\"elementor-element elementor-element-43b830f elementor-position-left elementor-vertical-align-middle elementor-widget elementor-widget-image-box\" data-id=\"43b830f\" data-element_type=\"widget\" data-e-type=\"widget\" data-widget_type=\"image-box.default\">\n\t\t\t\t<div class=\"elementor-widget-container\">\n\t\t\t\t\t<div class=\"elementor-image-box-wrapper\"><figure class=\"elementor-image-box-img\"><a href=\"https:\/\/escoladigital.madeira.gov.pt\/eb1peladeira\/wp-content\/uploads\/sites\/67\/2025\/04\/RI_2023_2027.pdf\" target=\"_blank\" tabindex=\"-1\"><img loading=\"lazy\" decoding=\"async\" width=\"110\" height=\"110\" src=\"https:\/\/escoladigital.madeira.gov.pt\/eb1peladeira\/wp-content\/uploads\/sites\/67\/2025\/05\/Captura-de-ecra-2025-05-03-122146.png\" class=\"elementor-animation-push attachment-full size-full wp-image-432\" alt=\"\" \/><\/a><\/figure><div class=\"elementor-image-box-content\"><h3 class=\"elementor-image-box-title\"><a href=\"https:\/\/escoladigital.madeira.gov.pt\/eb1peladeira\/wp-content\/uploads\/sites\/67\/2025\/04\/RI_2023_2027.pdf\" target=\"_blank\">Regulamento Interno<\/a><\/h3><p class=\"elementor-image-box-description\"><b>\u00c9 o documento que define o regime de funcionamento da escola, de cada um dos seus \u00f3rg\u00e3os de administra\u00e7\u00e3o e gest\u00e3o, das estruturas de orienta\u00e7\u00e3o e dos servi\u00e7os administrativos, t\u00e9cnicos e t\u00e9cnico-pedag\u00f3gicos, bem como os direitos e os deveres dos membros da comunidade escolar (Decreto Legislativo Regional n.\u00ba 21\/2006\/M, de 21 de junho).<\/b><\/p><\/div><\/div>\t\t\t\t<\/div>\n\t\t\t\t<\/div>\n\t\t\t\t\t<\/div>\n\t\t\t\t<\/div>\n\t\t<div class=\"elementor-element elementor-element-1d7f4ec e-flex e-con-boxed e-con e-parent\" data-id=\"1d7f4ec\" data-element_type=\"container\" data-e-type=\"container\">\n\t\t\t\t\t<div class=\"e-con-inner\">\n\t\t\t\t<div class=\"elementor-element elementor-element-1a3aa24 elementor-widget-divider--separator-type-pattern elementor-widget-divider--no-spacing elementor-widget-divider--view-line elementor-widget elementor-widget-divider\" data-id=\"1a3aa24\" data-element_type=\"widget\" data-e-type=\"widget\" data-widget_type=\"divider.default\">\n\t\t\t\t<div class=\"elementor-widget-container\">\n\t\t\t\t\t\t\t<div class=\"elementor-divider\" style=\"--divider-pattern-url: url(&quot;data:image\/svg+xml,%3Csvg xmlns=&#039;http:\/\/www.w3.org\/2000\/svg&#039; preserveAspectRatio=&#039;xMidYMid meet&#039; overflow=&#039;visible&#039; height=&#039;100%&#039; viewBox=&#039;0 0 126 26&#039; fill=&#039;black&#039; stroke=&#039;none&#039;%3E%3Cpath d=&#039;M3,10.2c2.6,0,2.6,2,2.6,3.2S4.4,16.5,3,16.5s-3-1.4-3-3.2S0.4,10.2,3,10.2z M18.8,10.2c1.7,0,3.2,1.4,3.2,3.2s-1.4,3.2-3.2,3.2c-1.7,0-3.2-1.4-3.2-3.2S17,10.2,18.8,10.2z M34.6,10.2c1.5,0,2.6,1.4,2.6,3.2s-0.5,3.2-1.9,3.2c-1.5,0-3.4-1.4-3.4-3.2S33.1,10.2,34.6,10.2z M50.5,10.2c1.7,0,3.2,1.4,3.2,3.2s-1.4,3.2-3.2,3.2c-1.7,0-3.3-0.9-3.3-2.6S48.7,10.2,50.5,10.2z M66.2,10.2c1.5,0,3.4,1.4,3.4,3.2s-1.9,3.2-3.4,3.2c-1.5,0-2.6-0.4-2.6-2.1S64.8,10.2,66.2,10.2z M82.2,10.2c1.7,0.8,2.6,1.4,2.6,3.2s-0.1,3.2-1.6,3.2c-1.5,0-3.7-1.4-3.7-3.2S80.5,9.4,82.2,10.2zM98.6,10.2c1.5,0,2.6,0.4,2.6,2.1s-1.2,4.2-2.6,4.2c-1.5,0-3.7-0.4-3.7-2.1S97.1,10.2,98.6,10.2z M113.4,10.2c1.2,0,2.2,0.9,2.2,3.2s-0.1,3.2-1.3,3.2s-3.1-1.4-3.1-3.2S112.2,10.2,113.4,10.2z&#039;\/%3E%3C\/svg%3E&quot;);\">\n\t\t\t<span class=\"elementor-divider-separator\">\n\t\t\t\t\t\t<\/span>\n\t\t<\/div>\n\t\t\t\t\t\t<\/div>\n\t\t\t\t<\/div>\n\t\t\t\t\t<\/div>\n\t\t\t\t<\/div>\n\t\t<div class=\"elementor-element elementor-element-1104945 e-flex e-con-boxed e-con e-parent\" data-id=\"1104945\" data-element_type=\"container\" data-e-type=\"container\">\n\t\t\t\t\t<div class=\"e-con-inner\">\n\t\t\t\t<div class=\"elementor-element elementor-element-f65ddd0 elementor-position-left elementor-vertical-align-middle elementor-widget elementor-widget-image-box\" data-id=\"f65ddd0\" data-element_type=\"widget\" data-e-type=\"widget\" data-widget_type=\"image-box.default\">\n\t\t\t\t<div class=\"elementor-widget-container\">\n\t\t\t\t\t<div class=\"elementor-image-box-wrapper\"><figure class=\"elementor-image-box-img\"><a href=\"https:\/\/escoladigital.madeira.gov.pt\/eb1peladeira\/wp-content\/uploads\/sites\/67\/2025\/04\/RGPC_EB1PE-Ladeira-pdf.pdf\" target=\"_blank\" tabindex=\"-1\"><img loading=\"lazy\" decoding=\"async\" width=\"106\" height=\"104\" src=\"https:\/\/escoladigital.madeira.gov.pt\/eb1peladeira\/wp-content\/uploads\/sites\/67\/2025\/05\/Captura-de-ecra-2025-05-03-122240.png\" class=\"elementor-animation-push attachment-full size-full wp-image-433\" alt=\"\" \/><\/a><\/figure><div class=\"elementor-image-box-content\"><h3 class=\"elementor-image-box-title\"><a href=\"https:\/\/escoladigital.madeira.gov.pt\/eb1peladeira\/wp-content\/uploads\/sites\/67\/2025\/04\/RGPC_EB1PE-Ladeira-pdf.pdf\" target=\"_blank\">Regime Geral de Preven\u00e7\u00e3o da Corrup\u00e7\u00e3o<\/a><\/h3><p class=\"elementor-image-box-description\"><b>\u00c9 um documento composto por um conjunto de normas e medidas que visa prevenir, detetar e sancionar atos de corrup\u00e7\u00e3o, tanto em entidades p\u00fablicas como privadas. Estabelece obriga\u00e7\u00f5es para as entidades, como a elabora\u00e7\u00e3o de planos de preven\u00e7\u00e3o, c\u00f3digos de conduta, programas de forma\u00e7\u00e3o e mecanismos de den\u00fancia. O RGPC busca promover uma cultura de \u00e9tica e integridade, al\u00e9m de garantir o cumprimento das leis e regulamentos aplic\u00e1veis (Decreto-Lei n.\u00ba 109-E\/2021, de 9 de dezembro).<\/b><\/p><\/div><\/div>\t\t\t\t<\/div>\n\t\t\t\t<\/div>\n\t\t\t\t\t<\/div>\n\t\t\t\t<\/div>\n\t\t<div class=\"elementor-element elementor-element-c0495e2 e-flex e-con-boxed e-con e-parent\" data-id=\"c0495e2\" data-element_type=\"container\" data-e-type=\"container\">\n\t\t\t\t\t<div class=\"e-con-inner\">\n\t\t\t\t<div class=\"elementor-element elementor-element-4a229be elementor-position-left elementor-vertical-align-middle elementor-widget elementor-widget-image-box\" data-id=\"4a229be\" data-element_type=\"widget\" data-e-type=\"widget\" data-widget_type=\"image-box.default\">\n\t\t\t\t<div class=\"elementor-widget-container\">\n\t\t\t\t\t<div class=\"elementor-image-box-wrapper\"><figure class=\"elementor-image-box-img\"><a href=\"https:\/\/escoladigital.madeira.gov.pt\/eb1peladeira\/wp-content\/uploads\/sites\/67\/2025\/11\/Plano-TIC-EB1.PE-da-Ladeira-25.26.pdf\" target=\"_blank\" tabindex=\"-1\"><img decoding=\"async\" src=\"https:\/\/escoladigital.madeira.gov.pt\/eb1peladeira\/wp-content\/uploads\/sites\/67\/elementor\/thumbs\/Plano-TIC-re948a1i2qqocbwrg7whmsdevke0ekabitvfm9wa0e.png\" title=\"Plano TIC\" alt=\"Plano TIC\" class=\"elementor-animation-push\" loading=\"lazy\" \/><\/a><\/figure><div class=\"elementor-image-box-content\"><h3 class=\"elementor-image-box-title\"><a href=\"https:\/\/escoladigital.madeira.gov.pt\/eb1peladeira\/wp-content\/uploads\/sites\/67\/2025\/11\/Plano-TIC-EB1.PE-da-Ladeira-25.26.pdf\" target=\"_blank\">Plano TIC<\/a><\/h3><p class=\"elementor-image-box-description\"><b>\u00c9 um plano de a\u00e7\u00e3o para as Tecnologias da Informa\u00e7\u00e3o e Comunica\u00e7\u00e3o que visa integrar o uso das TIC nas atividades educativas e de fest\u00e3o, rentabilizando os recursos tecnol\u00f3gicos dispon\u00edveis e promovendo compet\u00eancias digitais nos alunos e na comunidade escolar. Este plano \u00e9 elaborado tendo em conta os objetivos estrat\u00e9gicos do PEE (Despacho n\u00ba 25\/2007, de 13 de setembro).<\/b><\/p><\/div><\/div>\t\t\t\t<\/div>\n\t\t\t\t<\/div>\n\t\t\t\t\t<\/div>\n\t\t\t\t<\/div>\n\t\t<div class=\"elementor-element elementor-element-61bd812 e-flex e-con-boxed e-con e-parent\" data-id=\"61bd812\" data-element_type=\"container\" data-e-type=\"container\">\n\t\t\t\t\t<div class=\"e-con-inner\">\n\t\t\t\t<div class=\"elementor-element elementor-element-a0e39df elementor-position-left elementor-vertical-align-middle elementor-widget elementor-widget-image-box\" data-id=\"a0e39df\" data-element_type=\"widget\" data-e-type=\"widget\" data-widget_type=\"image-box.default\">\n\t\t\t\t<div class=\"elementor-widget-container\">\n\t\t\t\t\t<div class=\"elementor-image-box-wrapper\"><figure class=\"elementor-image-box-img\"><a href=\"https:\/\/escoladigital.madeira.gov.pt\/eb1peladeira\/wp-content\/uploads\/sites\/67\/2025\/12\/Plano-de-Ciber-Seguranca-da-EB1-PE-da-Ladeira.pdf\" target=\"_blank\" tabindex=\"-1\"><img decoding=\"async\" src=\"https:\/\/escoladigital.madeira.gov.pt\/eb1peladeira\/wp-content\/uploads\/sites\/67\/elementor\/thumbs\/ciber-seguranca-rfr5befgbx46ahf2llkjo73lvzc1b685t3rbirwywe.png\" title=\"ciber-seguran\u00e7a\" alt=\"ciber-seguran\u00e7a\" class=\"elementor-animation-push\" loading=\"lazy\" \/><\/a><\/figure><div class=\"elementor-image-box-content\"><h3 class=\"elementor-image-box-title\"><a href=\"https:\/\/escoladigital.madeira.gov.pt\/eb1peladeira\/wp-content\/uploads\/sites\/67\/2025\/12\/Plano-de-Ciber-Seguranca-da-EB1-PE-da-Ladeira.pdf\" target=\"_blank\">Plano de Ciber-Seguran\u00e7a<\/a><\/h3><p class=\"elementor-image-box-description\"><b>\u00c9 um documento que visa orientar as organiza\u00e7\u00f5es na cria\u00e7\u00e3o de um plano de ciber-seguran\u00e7a indicando o que nele deve ser abordado e preparar as organiza\u00e7\u00f5es, no sentido de elevarem o n\u00edvel da sua seguran\u00e7a, tendo em conta as suas diversas vertentes.<\/b><\/p><\/div><\/div>\t\t\t\t<\/div>\n\t\t\t\t<\/div>\n\t\t\t\t<div class=\"elementor-element elementor-element-6d94dc0 elementor-position-left elementor-vertical-align-middle elementor-widget elementor-widget-image-box\" data-id=\"6d94dc0\" data-element_type=\"widget\" data-e-type=\"widget\" data-widget_type=\"image-box.default\">\n\t\t\t\t<div class=\"elementor-widget-container\">\n\t\t\t\t\t<div class=\"elementor-image-box-wrapper\"><figure class=\"elementor-image-box-img\"><a href=\"https:\/\/escoladigital.madeira.gov.pt\/eb1peladeira\/wp-content\/uploads\/sites\/67\/2025\/12\/PUA-Politica-de-utilizacao-aceitavel-da-EB1-PE-da-Ladeira.pdf\" target=\"_blank\" tabindex=\"-1\"><img decoding=\"async\" src=\"https:\/\/escoladigital.madeira.gov.pt\/eb1peladeira\/wp-content\/uploads\/sites\/67\/elementor\/thumbs\/Captura-de-ecra-2025-12-06-104213-rfr5x96d891683o9zjna56kf3hm99tzht9sq7dig8e.png\" title=\"PUA\" alt=\"PUA\" class=\"elementor-animation-push\" loading=\"lazy\" \/><\/a><\/figure><div class=\"elementor-image-box-content\"><h3 class=\"elementor-image-box-title\"><a href=\"https:\/\/escoladigital.madeira.gov.pt\/eb1peladeira\/wp-content\/uploads\/sites\/67\/2025\/12\/PUA-Politica-de-utilizacao-aceitavel-da-EB1-PE-da-Ladeira.pdf\" target=\"_blank\">PUA (Pol\u00edtica de utiliza\u00e7\u00e3o aceit\u00e1vel)<\/a><\/h3><p class=\"elementor-image-box-description\"><b>\u00c9 um documento que tem como fun\u00e7\u00e3o a regula\u00e7\u00e3o interna. Nele est\u00e1 vertido as linhas de orienta\u00e7\u00e3o para a boa utiliza\u00e7\u00e3o dos recursos tecnol\u00f3gicos, para que esta seja feita de forma segura por todos os utilizadores com acessos aos mesmos.<\/b><\/p><\/div><\/div>\t\t\t\t<\/div>\n\t\t\t\t<\/div>\n\t\t\t\t\t<\/div>\n\t\t\t\t<\/div>\n\t\t\t\t<\/div>\n\t\t","protected":false},"excerpt":{"rendered":"<p>Os nossos Documentos Orientadores clique nos \u00edcones para visualizar e\/ou descarregar Relat\u00f3rio de Autoavalia\u00e7\u00e3o da Escola \u00c9 o documento que tem como prop\u00f3sitos fazer o diagn\u00f3stico organizacional da escola e identificar quais as melhorias necess\u00e1rias \u00e0 mudan\u00e7a da qualidade da educa\u00e7\u00e3o oferecida. O relat\u00f3rio \u00e9 elaborado no \u00faltimo ano de vig\u00eancia do projeto educativo com [&hellip;]<\/p>\n","protected":false},"author":91,"featured_media":0,"parent":0,"menu_order":0,"comment_status":"closed","ping_status":"closed","template":"","meta":{"_themeisle_gutenberg_block_has_review":false,"footnotes":""},"class_list":["post-53","page","type-page","status-publish","hentry"],"_links":{"self":[{"href":"https:\/\/escoladigital.madeira.gov.pt\/eb1peladeira\/wp-json\/wp\/v2\/pages\/53","targetHints":{"allow":["GET"]}}],"collection":[{"href":"https:\/\/escoladigital.madeira.gov.pt\/eb1peladeira\/wp-json\/wp\/v2\/pages"}],"about":[{"href":"https:\/\/escoladigital.madeira.gov.pt\/eb1peladeira\/wp-json\/wp\/v2\/types\/page"}],"author":[{"embeddable":true,"href":"https:\/\/escoladigital.madeira.gov.pt\/eb1peladeira\/wp-json\/wp\/v2\/users\/91"}],"replies":[{"embeddable":true,"href":"https:\/\/escoladigital.madeira.gov.pt\/eb1peladeira\/wp-json\/wp\/v2\/comments?post=53"}],"version-history":[{"count":176,"href":"https:\/\/escoladigital.madeira.gov.pt\/eb1peladeira\/wp-json\/wp\/v2\/pages\/53\/revisions"}],"predecessor-version":[{"id":2273,"href":"https:\/\/escoladigital.madeira.gov.pt\/eb1peladeira\/wp-json\/wp\/v2\/pages\/53\/revisions\/2273"}],"wp:attachment":[{"href":"https:\/\/escoladigital.madeira.gov.pt\/eb1peladeira\/wp-json\/wp\/v2\/media?parent=53"}],"curies":[{"name":"wp","href":"https:\/\/api.w.org\/{rel}","templated":true}]}}