{"id":122,"date":"2024-12-04T13:32:36","date_gmt":"2024-12-04T13:32:36","guid":{"rendered":"https:\/\/escoladigital.madeira.gov.pt\/eb1pelguine\/?page_id=122"},"modified":"2024-12-04T13:32:37","modified_gmt":"2024-12-04T13:32:37","slug":"resenha-historica","status":"publish","type":"page","link":"https:\/\/escoladigital.madeira.gov.pt\/eb1pelguine\/resenha-historica\/","title":{"rendered":"Resenha hist\u00f3rica"},"content":{"rendered":"\n<p>A Escola do Lombo do Guin\u00e9, P3 \u2013 \u00e1rea aberta, abriu as suas portas \u00e0 Comunidade Escolar no dia 11 de Novembro de 1981 com 97 alunos, 3 Professores e 1 Auxiliar, sendo os Professores: Maria Bernardina de Jesus, Maria Clara Ferreira Jardim e Maria Cec\u00edlia Pereira de Gouveia e a Funcion\u00e1ria auxiliar: Maria Ferreira Le\u00e7a.<\/p>\n\n\n\n<p>O acesso \u00e0 Escola era ainda de terra batida e, durante o Inverno, os alunos iam de \u201cbotas de \u00e1gua\u201d. Fazia parte deste n\u00facleo um edif\u00edcio situado no cimo do S\u00edtio das Faias, uma casa particular, frequentado por 50 alunos: 23 alunos da 1\u00aa fase e 27 alunos da 2\u00aa fase, com idades compreendidas entre os 6 e os 13 anos.<\/p>\n\n\n\n<p>No ano letivo 1982 \/ 1983, estes alunos vieram para o novo edif\u00edcio. Esta Escola funcionou em regime de acumula\u00e7\u00e3o durante alguns anos. Neste mesmo ano letivo, d\u00e1-se o in\u00edcio do Pr\u00e9-<br>-escolar, apenas com uma sala de atividades sendo a Educadora de Inf\u00e2ncia: Rita Maria Carvalho dos Santos Mascouto.<\/p>\n\n\n\n<p>Desta forma esteve organizado o funcionamento da Escola do Lombo do Guin\u00e9, durante alguns anos, e assim permaneceu at\u00e9 ao fim do 2\u00ba per\u00edodo do ano letivo de 1997\/98, momento em que passou a funcionar como Escola a Tempo Inteiro (E.T.I.).<\/p>\n\n\n\n<p>Nota: Esta resenha foi elaborada pela professora aposentada: Maria Cec\u00edlia Pereira de Gouveia, que desempenhou fun\u00e7\u00f5es docentes \u00e0 data da inaugura\u00e7\u00e3o da mesma.<\/p>\n\n\n\n<p>No ano letivo 2013-2014, mais precisamente no dia 25-11-2013, criamos a val\u00eancia de creche para crian\u00e7as com idades compreendidas entre os 4 meses e os 3 anos.<\/p>\n\n\n\n<p>No ano letivo 2017-2018, mais precisamente no dia 11-9-2017, criamos a val\u00eancia de transi\u00e7\u00e3o, com o intuito de dividirmos a sala de creche em ber\u00e7\u00e1rio e transi\u00e7\u00e3o, ou seja, o ber\u00e7\u00e1rio acolhe crian\u00e7as desde os 4 meses at\u00e9 aos 18 meses e a transi\u00e7\u00e3o acolhe crian\u00e7as desde os 18 meses at\u00e9 aos 3 anos de idade.<\/p>\n\n\n\n<p>Desde o dia 2-10-2017, abrimos a Universidade S\u00e9nior da Calheta, destinada \u00e0 popula\u00e7\u00e3o adulta, e que pretende favorecer a sua integra\u00e7\u00e3o, social, cultural e acad\u00e9mica, no meio onde se localiza, utilizando os recursos humanos e materiais desta institui\u00e7\u00e3o. Em linhas gerais pretendemos minorar a solid\u00e3o e o isolamento social.<\/p>\n\n\n\n<p>Arlindo Carvalho, Diretor<\/p>\n\n\n\n<figure class=\"wp-block-embed is-type-video is-provider-youtube wp-block-embed-youtube wp-embed-aspect-4-3 wp-has-aspect-ratio\"><div class=\"wp-block-embed__wrapper\">\n<iframe title=\"1994 Calheta Arco Lombo da Guine\" width=\"500\" height=\"375\" src=\"https:\/\/www.youtube.com\/embed\/hrNHT9Sirqc?feature=oembed\" frameborder=\"0\" allow=\"accelerometer; autoplay; clipboard-write; encrypted-media; gyroscope; picture-in-picture; web-share\" referrerpolicy=\"strict-origin-when-cross-origin\" allowfullscreen><\/iframe>\n<\/div><\/figure>\n","protected":false},"excerpt":{"rendered":"<p>A Escola do Lombo do Guin\u00e9, P3 \u2013 \u00e1rea aberta, abriu as suas portas \u00e0 Comunidade Escolar no dia 11 [&hellip;]<\/p>\n","protected":false},"author":27,"featured_media":0,"parent":0,"menu_order":0,"comment_status":"closed","ping_status":"closed","template":"","meta":{"site-sidebar-layout":"default","site-content-layout":"","ast-site-content-layout":"default","site-content-style":"default","site-sidebar-style":"default","ast-global-header-display":"","ast-banner-title-visibility":"","ast-main-header-display":"","ast-hfb-above-header-display":"","ast-hfb-below-header-display":"","ast-hfb-mobile-header-display":"","site-post-title":"","ast-breadcrumbs-content":"","ast-featured-img":"","footer-sml-layout":"","ast-disable-related-posts":"","theme-transparent-header-meta":"","adv-header-id-meta":"","stick-header-meta":"","header-above-stick-meta":"","header-main-stick-meta":"","header-below-stick-meta":"","astra-migrate-meta-layouts":"default","ast-page-background-enabled":"default","ast-page-background-meta":{"desktop":{"background-color":"var(--ast-global-color-4)","background-image":"","background-repeat":"repeat","background-position":"center center","background-size":"auto","background-attachment":"scroll","background-type":"","background-media":"","overlay-type":"","overlay-color":"","overlay-opacity":"","overlay-gradient":""},"tablet":{"background-color":"","background-image":"","background-repeat":"repeat","background-position":"center center","background-size":"auto","background-attachment":"scroll","background-type":"","background-media":"","overlay-type":"","overlay-color":"","overlay-opacity":"","overlay-gradient":""},"mobile":{"background-color":"","background-image":"","background-repeat":"repeat","background-position":"center center","background-size":"auto","background-attachment":"scroll","background-type":"","background-media":"","overlay-type":"","overlay-color":"","overlay-opacity":"","overlay-gradient":""}},"ast-content-background-meta":{"desktop":{"background-color":"var(--ast-global-color-5)","background-image":"","background-repeat":"repeat","background-position":"center center","background-size":"auto","background-attachment":"scroll","background-type":"","background-media":"","overlay-type":"","overlay-color":"","overlay-opacity":"","overlay-gradient":""},"tablet":{"background-color":"var(--ast-global-color-5)","background-image":"","background-repeat":"repeat","background-position":"center center","background-size":"auto","background-attachment":"scroll","background-type":"","background-media":"","overlay-type":"","overlay-color":"","overlay-opacity":"","overlay-gradient":""},"mobile":{"background-color":"var(--ast-global-color-5)","background-image":"","background-repeat":"repeat","background-position":"center center","background-size":"auto","background-attachment":"scroll","background-type":"","background-media":"","overlay-type":"","overlay-color":"","overlay-opacity":"","overlay-gradient":""}},"_themeisle_gutenberg_block_has_review":false,"footnotes":""},"class_list":["post-122","page","type-page","status-publish","hentry"],"_links":{"self":[{"href":"https:\/\/escoladigital.madeira.gov.pt\/eb1pelguine\/wp-json\/wp\/v2\/pages\/122","targetHints":{"allow":["GET"]}}],"collection":[{"href":"https:\/\/escoladigital.madeira.gov.pt\/eb1pelguine\/wp-json\/wp\/v2\/pages"}],"about":[{"href":"https:\/\/escoladigital.madeira.gov.pt\/eb1pelguine\/wp-json\/wp\/v2\/types\/page"}],"author":[{"embeddable":true,"href":"https:\/\/escoladigital.madeira.gov.pt\/eb1pelguine\/wp-json\/wp\/v2\/users\/27"}],"replies":[{"embeddable":true,"href":"https:\/\/escoladigital.madeira.gov.pt\/eb1pelguine\/wp-json\/wp\/v2\/comments?post=122"}],"version-history":[{"count":1,"href":"https:\/\/escoladigital.madeira.gov.pt\/eb1pelguine\/wp-json\/wp\/v2\/pages\/122\/revisions"}],"predecessor-version":[{"id":123,"href":"https:\/\/escoladigital.madeira.gov.pt\/eb1pelguine\/wp-json\/wp\/v2\/pages\/122\/revisions\/123"}],"wp:attachment":[{"href":"https:\/\/escoladigital.madeira.gov.pt\/eb1pelguine\/wp-json\/wp\/v2\/media?parent=122"}],"curies":[{"name":"wp","href":"https:\/\/api.w.org\/{rel}","templated":true}]}}