{"id":134,"date":"2024-12-04T14:14:46","date_gmt":"2024-12-04T14:14:46","guid":{"rendered":"https:\/\/escoladigital.madeira.gov.pt\/eb1pelguine\/?page_id=134"},"modified":"2024-12-04T14:14:46","modified_gmt":"2024-12-04T14:14:46","slug":"apoios-e-parceiros","status":"publish","type":"page","link":"https:\/\/escoladigital.madeira.gov.pt\/eb1pelguine\/apoios-e-parceiros\/","title":{"rendered":"Apoios e Parceiros"},"content":{"rendered":"\n<p>Secretaria Regional de Educa\u00e7\u00e3o<br>Delega\u00e7\u00e3o Escolar da Calheta<br>CREE Calheta<br>C\u00e2mara Municipal da Calheta<br>CPCJ Calheta<br>Junta de Freguesia do Arco da Calheta<br>PSP Calheta<br>Prote\u00e7\u00e3o Civil<br>Santa Casa da Miseric\u00f3rdia da Calheta<br>Centros C\u00edvicos da Calheta<br>EBS\/PE Calheta<br>Bombeiros Volunt\u00e1rios da Calheta<br>Associa\u00e7\u00e3o de Basquetebol da Madeira<br>Associa\u00e7\u00e3o Desportiva e Cultural da Ponta do Pargo<br>Clube Desportivo dos Prazeres<br>Clube Naval da Calheta<br>Associa\u00e7\u00e3o de Ciclismo da Madeira<\/p>\n\n\n\n<p>Recanto, snack bar<br>MSC Seguros<br>SAVOY SACChARUM<br>Radio Calheta<br>COOLM\u00c1TICA<br>Caf\u00e9 da Rosa<br>VIGOFARIA<br>Madibrilho<br>SAVOY Calheta Beach<br>Engenhos da Calheta<br>AMANHECER<br>ELETROESTE<br>Cabeleireira da Gra\u00e7a<br>Isa\u00fal &#8211; Oficina de Mec\u00e2nica<br>Foto CANHAS<br>DNA Ferragens S\u00e3o Br\u00e1s<br>Oficina mec\u00e2nica &#8211; Roberto Paulo<br>Pingo Doce &#8211; Calheta<br>IDELMA<br>Jos\u00e9 Rodrigues &amp; Rodrigues<br>ViaActiva<br>Chico&#8217;s Bar<br>INTELSOL<\/p>\n\n\n\n<p><\/p>\n","protected":false},"excerpt":{"rendered":"<p>Secretaria Regional de Educa\u00e7\u00e3oDelega\u00e7\u00e3o Escolar da CalhetaCREE CalhetaC\u00e2mara Municipal da CalhetaCPCJ CalhetaJunta de Freguesia do Arco da CalhetaPSP CalhetaProte\u00e7\u00e3o CivilSanta [&hellip;]<\/p>\n","protected":false},"author":27,"featured_media":0,"parent":0,"menu_order":0,"comment_status":"closed","ping_status":"closed","template":"","meta":{"site-sidebar-layout":"default","site-content-layout":"","ast-site-content-layout":"default","site-content-style":"default","site-sidebar-style":"default","ast-global-header-display":"","ast-banner-title-visibility":"","ast-main-header-display":"","ast-hfb-above-header-display":"","ast-hfb-below-header-display":"","ast-hfb-mobile-header-display":"","site-post-title":"","ast-breadcrumbs-content":"","ast-featured-img":"","footer-sml-layout":"","ast-disable-related-posts":"","theme-transparent-header-meta":"","adv-header-id-meta":"","stick-header-meta":"","header-above-stick-meta":"","header-main-stick-meta":"","header-below-stick-meta":"","astra-migrate-meta-layouts":"default","ast-page-background-enabled":"default","ast-page-background-meta":{"desktop":{"background-color":"var(--ast-global-color-4)","background-image":"","background-repeat":"repeat","background-position":"center center","background-size":"auto","background-attachment":"scroll","background-type":"","background-media":"","overlay-type":"","overlay-color":"","overlay-opacity":"","overlay-gradient":""},"tablet":{"background-color":"","background-image":"","background-repeat":"repeat","background-position":"center center","background-size":"auto","background-attachment":"scroll","background-type":"","background-media":"","overlay-type":"","overlay-color":"","overlay-opacity":"","overlay-gradient":""},"mobile":{"background-color":"","background-image":"","background-repeat":"repeat","background-position":"center center","background-size":"auto","background-attachment":"scroll","background-type":"","background-media":"","overlay-type":"","overlay-color":"","overlay-opacity":"","overlay-gradient":""}},"ast-content-background-meta":{"desktop":{"background-color":"var(--ast-global-color-5)","background-image":"","background-repeat":"repeat","background-position":"center center","background-size":"auto","background-attachment":"scroll","background-type":"","background-media":"","overlay-type":"","overlay-color":"","overlay-opacity":"","overlay-gradient":""},"tablet":{"background-color":"var(--ast-global-color-5)","background-image":"","background-repeat":"repeat","background-position":"center center","background-size":"auto","background-attachment":"scroll","background-type":"","background-media":"","overlay-type":"","overlay-color":"","overlay-opacity":"","overlay-gradient":""},"mobile":{"background-color":"var(--ast-global-color-5)","background-image":"","background-repeat":"repeat","background-position":"center center","background-size":"auto","background-attachment":"scroll","background-type":"","background-media":"","overlay-type":"","overlay-color":"","overlay-opacity":"","overlay-gradient":""}},"_themeisle_gutenberg_block_has_review":false,"footnotes":""},"class_list":["post-134","page","type-page","status-publish","hentry"],"_links":{"self":[{"href":"https:\/\/escoladigital.madeira.gov.pt\/eb1pelguine\/wp-json\/wp\/v2\/pages\/134","targetHints":{"allow":["GET"]}}],"collection":[{"href":"https:\/\/escoladigital.madeira.gov.pt\/eb1pelguine\/wp-json\/wp\/v2\/pages"}],"about":[{"href":"https:\/\/escoladigital.madeira.gov.pt\/eb1pelguine\/wp-json\/wp\/v2\/types\/page"}],"author":[{"embeddable":true,"href":"https:\/\/escoladigital.madeira.gov.pt\/eb1pelguine\/wp-json\/wp\/v2\/users\/27"}],"replies":[{"embeddable":true,"href":"https:\/\/escoladigital.madeira.gov.pt\/eb1pelguine\/wp-json\/wp\/v2\/comments?post=134"}],"version-history":[{"count":1,"href":"https:\/\/escoladigital.madeira.gov.pt\/eb1pelguine\/wp-json\/wp\/v2\/pages\/134\/revisions"}],"predecessor-version":[{"id":135,"href":"https:\/\/escoladigital.madeira.gov.pt\/eb1pelguine\/wp-json\/wp\/v2\/pages\/134\/revisions\/135"}],"wp:attachment":[{"href":"https:\/\/escoladigital.madeira.gov.pt\/eb1pelguine\/wp-json\/wp\/v2\/media?parent=134"}],"curies":[{"name":"wp","href":"https:\/\/api.w.org\/{rel}","templated":true}]}}