{"id":287,"date":"2024-12-18T15:04:32","date_gmt":"2024-12-18T15:04:32","guid":{"rendered":"https:\/\/escoladigital.madeira.gov.pt\/eb1pelguine\/?page_id=287"},"modified":"2024-12-18T15:23:44","modified_gmt":"2024-12-18T15:23:44","slug":"elementor-pagina-287","status":"publish","type":"page","link":"https:\/\/escoladigital.madeira.gov.pt\/eb1pelguine\/elementor-pagina-287\/","title":{"rendered":"Escola"},"content":{"rendered":"\t\t<div data-elementor-type=\"wp-page\" data-elementor-id=\"287\" class=\"elementor elementor-287\">\n\t\t\t\t<div class=\"elementor-element elementor-element-e12929a e-flex e-con-boxed e-con e-parent\" data-id=\"e12929a\" data-element_type=\"container\" data-e-type=\"container\">\n\t\t\t\t\t<div class=\"e-con-inner\">\n\t\t\t\t<div class=\"elementor-element elementor-element-cd5ce1d elementor-widget elementor-widget-heading\" data-id=\"cd5ce1d\" data-element_type=\"widget\" data-e-type=\"widget\" data-widget_type=\"heading.default\">\n\t\t\t\t<div class=\"elementor-widget-container\">\n\t\t\t\t\t<h2 class=\"elementor-heading-title elementor-size-default\">A Escola<\/h2>\t\t\t\t<\/div>\n\t\t\t\t<\/div>\n\t\t\t\t<div class=\"elementor-element elementor-element-0068465 elementor-widget elementor-widget-text-editor\" data-id=\"0068465\" data-element_type=\"widget\" data-e-type=\"widget\" data-widget_type=\"text-editor.default\">\n\t\t\t\t<div class=\"elementor-widget-container\">\n\t\t\t\t\t\t\t\t\t<h5>Resenha hist\u00f3rica<\/h5>\n<p>A Escola do Lombo do Guin\u00e9, P3 \u2013 \u00e1rea aberta, abriu as suas portas \u00e0 Comunidade Escolar no dia 11 de Novembro de 1981 com 97 alunos, 3 Professores e 1 Auxiliar, sendo os Professores: Maria Bernardina de Jesus, Maria Clara Ferreira Jardim e Maria Cec\u00edlia Pereira de Gouveia e a Funcion\u00e1ria auxiliar: Maria Ferreira Le\u00e7a.<\/p>\n<p>O acesso \u00e0 Escola era ainda de terra batida e, durante o Inverno, os alunos iam de \u201cbotas de \u00e1gua\u201d. Fazia parte deste n\u00facleo um edif\u00edcio situado no cimo do S\u00edtio das Faias, uma casa particular, frequentado por 50 alunos: 23 alunos da 1\u00aa fase e 27 alunos da 2\u00aa fase, com idades compreendidas entre os 6 e os 13 anos.<\/p>\n<p>No ano letivo 1982 \/ 1983, estes alunos vieram para o novo edif\u00edcio. Esta Escola funcionou em regime de acumula\u00e7\u00e3o durante alguns anos. Neste mesmo ano letivo, d\u00e1-se o in\u00edcio do Pr\u00e9-escolar, apenas com uma sala de atividades sendo a Educadora de Inf\u00e2ncia: Rita Maria Carvalho dos Santos Mascouto.<\/p>\n<p>Desta forma esteve organizado o funcionamento da Escola do Lombo do Guin\u00e9, durante alguns anos, e assim permaneceu at\u00e9 ao fim do 2\u00ba per\u00edodo do ano letivo de 1997\/98, momento em que passou a funcionar como Escola a Tempo Inteiro (E.T.I.).<\/p>\n<p style=\"text-align: right\"><strong><span style=\"color: #999999\">(Resenha foi elaborada pela professora aposentada: <\/span><span style=\"color: #999999\">Maria Cec\u00edlia Pereira de Gouveia<\/span><span style=\"color: #999999\">, que desempenhou fun\u00e7\u00f5es docentes, nesta escola, \u00e0 data da sua inaugura\u00e7\u00e3o.)<\/span><\/strong><\/p>\n<p>\u00a0<\/p>\n<p>No ano letivo 2013-2014, mais precisamente no dia 25-11-2013, criamos a val\u00eancia de creche para crian\u00e7as com idades compreendidas entre os 4 meses e os 3 anos.<\/p>\n<p>No ano letivo 2017-2018, mais precisamente no dia 11-9-2017, criamos a val\u00eancia de transi\u00e7\u00e3o, com o intuito de dividirmos a sala de creche em ber\u00e7\u00e1rio e transi\u00e7\u00e3o, ou seja, o ber\u00e7\u00e1rio acolhe crian\u00e7as desde os 4 meses at\u00e9 aos 18 meses e a transi\u00e7\u00e3o acolhe crian\u00e7as desde os 18 meses at\u00e9 aos 3 anos de idade.<\/p>\n<p>Desde o dia 2-10-2017, abrimos a Universidade S\u00e9nior da Calheta, destinada \u00e0 popula\u00e7\u00e3o adulta, e que pretende favorecer a sua integra\u00e7\u00e3o, social, cultural e acad\u00e9mica, no meio onde se localiza, utilizando os recursos humanos e materiais desta institui\u00e7\u00e3o. Em linhas gerais pretendemos minorar a solid\u00e3o e o isolamento social.<\/p>\n<p style=\"text-align: right\"><strong>Arlindo Carvalho, Diretor<\/strong><\/p>\n<p>\u00a0<\/p>\n<h5>Instala\u00e7\u00f5es<\/h5>\n<p>O edif\u00edcio onde funciona a Escola Lombo do Guin\u00e9 \u00e9 uma constru\u00e7\u00e3o que entrou em funcionamento em novembro de 1981.<\/p>\n<p>A entrada principal d\u00e1 acesso a um sal\u00e3o polivalente onde encontramos o gabinete do diretor\/assistente t\u00e9cnica, a sala e as casas de banho dos professores\/funcion\u00e1rios. Tamb\u00e9m existe um refeit\u00f3rio, com uma cozinha devidamente equipada, uma dispensa e lavandaria.<\/p>\n<p>A escola tem 9 salas de aula.<\/p>\n<p>Na ala Norte existem dois n\u00facleos. Um no r\u00e9s-do-ch\u00e3o, com duas salas: sala de transi\u00e7\u00e3o (sala 4) e sala de creche (sala 3). Anexa a esta ala encontra-se a sala de Educa\u00e7\u00e3o Especial (sala 11). Temos ainda neste piso casas de banho para meninos e meninas. No primeiro andar temos duas salas. Nas salas 1 e 2 funcionam atividades curriculares. Existe ainda uma zona comum, que geralmente funciona como Apoio Pedag\u00f3gico Acrescido. Temos tamb\u00e9m casas de banho para ambos os g\u00e9neros.<\/p>\n<p>A ala Sul \u00e9 constitu\u00edda tamb\u00e9m por dois n\u00facleos, com zona comum e igualmente com duas salas cada uma. No r\u00e9s-do-ch\u00e3o funciona: na sala 8, a Pr\u00e9 dos 4\/5 anos e na sala 9, a Pr\u00e9 dos 3\/4 anos. Tem uma zona comum que funciona como acolhimento das crian\u00e7as na parte da manh\u00e3. No primeiro andar funciona: ludoteca; a sala 5, que funciona como sala TIC e de atividades curriculares; a sala 6, que \u00e9 um Est\u00fadio Musical; a sala 7, onde decorrem atividades curriculares, de Express\u00e3o Musical, Express\u00e3o Pl\u00e1stica, Estudo e Ingl\u00eas. Nesta ala sul, no primeiro piso tem casas de banho para meninos e meninas e no r\u00e9s do ch\u00e3o tem casas de banho para ambos os g\u00e9neros e adaptadas \u00e0 sua faixa et\u00e1ria.<\/p>\n<p>O espa\u00e7o exterior \u00e9 composto por: um polidesportivo descoberto, um parque infantil com baloi\u00e7os e escorregas, e tamb\u00e9m, um pequeno jardim, uma horta biol\u00f3gica\/pedag\u00f3gica e v\u00e1rios canteiros de plantas em redor da escola.<\/p>\n<p>Em suma, as instala\u00e7\u00f5es encontram-se em boas condi\u00e7\u00f5es, s\u00f3 havendo alguns focos de humidade em algumas paredes das salas.<\/p>\t\t\t\t\t\t\t\t<\/div>\n\t\t\t\t<\/div>\n\t\t\t\t\t<\/div>\n\t\t\t\t<\/div>\n\t\t\t\t<\/div>\n\t\t","protected":false},"excerpt":{"rendered":"<p>A Escola Resenha hist\u00f3rica A Escola do Lombo do Guin\u00e9, P3 \u2013 \u00e1rea aberta, abriu as suas portas \u00e0 Comunidade [&hellip;]<\/p>\n","protected":false},"author":27,"featured_media":0,"parent":0,"menu_order":0,"comment_status":"closed","ping_status":"closed","template":"","meta":{"site-sidebar-layout":"no-sidebar","site-content-layout":"","ast-site-content-layout":"full-width-container","site-content-style":"default","site-sidebar-style":"default","ast-global-header-display":"","ast-banner-title-visibility":"","ast-main-header-display":"","ast-hfb-above-header-display":"","ast-hfb-below-header-display":"","ast-hfb-mobile-header-display":"","site-post-title":"disabled","ast-breadcrumbs-content":"","ast-featured-img":"disabled","footer-sml-layout":"","ast-disable-related-posts":"","theme-transparent-header-meta":"","adv-header-id-meta":"","stick-header-meta":"","header-above-stick-meta":"","header-main-stick-meta":"","header-below-stick-meta":"","astra-migrate-meta-layouts":"default","ast-page-background-enabled":"default","ast-page-background-meta":{"desktop":{"background-color":"var(--ast-global-color-4)","background-image":"","background-repeat":"repeat","background-position":"center center","background-size":"auto","background-attachment":"scroll","background-type":"","background-media":"","overlay-type":"","overlay-color":"","overlay-opacity":"","overlay-gradient":""},"tablet":{"background-color":"","background-image":"","background-repeat":"repeat","background-position":"center center","background-size":"auto","background-attachment":"scroll","background-type":"","background-media":"","overlay-type":"","overlay-color":"","overlay-opacity":"","overlay-gradient":""},"mobile":{"background-color":"","background-image":"","background-repeat":"repeat","background-position":"center center","background-size":"auto","background-attachment":"scroll","background-type":"","background-media":"","overlay-type":"","overlay-color":"","overlay-opacity":"","overlay-gradient":""}},"ast-content-background-meta":{"desktop":{"background-color":"var(--ast-global-color-5)","background-image":"","background-repeat":"repeat","background-position":"center center","background-size":"auto","background-attachment":"scroll","background-type":"","background-media":"","overlay-type":"","overlay-color":"","overlay-opacity":"","overlay-gradient":""},"tablet":{"background-color":"var(--ast-global-color-5)","background-image":"","background-repeat":"repeat","background-position":"center center","background-size":"auto","background-attachment":"scroll","background-type":"","background-media":"","overlay-type":"","overlay-color":"","overlay-opacity":"","overlay-gradient":""},"mobile":{"background-color":"var(--ast-global-color-5)","background-image":"","background-repeat":"repeat","background-position":"center center","background-size":"auto","background-attachment":"scroll","background-type":"","background-media":"","overlay-type":"","overlay-color":"","overlay-opacity":"","overlay-gradient":""}},"_themeisle_gutenberg_block_has_review":false,"footnotes":""},"class_list":["post-287","page","type-page","status-publish","hentry"],"_links":{"self":[{"href":"https:\/\/escoladigital.madeira.gov.pt\/eb1pelguine\/wp-json\/wp\/v2\/pages\/287","targetHints":{"allow":["GET"]}}],"collection":[{"href":"https:\/\/escoladigital.madeira.gov.pt\/eb1pelguine\/wp-json\/wp\/v2\/pages"}],"about":[{"href":"https:\/\/escoladigital.madeira.gov.pt\/eb1pelguine\/wp-json\/wp\/v2\/types\/page"}],"author":[{"embeddable":true,"href":"https:\/\/escoladigital.madeira.gov.pt\/eb1pelguine\/wp-json\/wp\/v2\/users\/27"}],"replies":[{"embeddable":true,"href":"https:\/\/escoladigital.madeira.gov.pt\/eb1pelguine\/wp-json\/wp\/v2\/comments?post=287"}],"version-history":[{"count":5,"href":"https:\/\/escoladigital.madeira.gov.pt\/eb1pelguine\/wp-json\/wp\/v2\/pages\/287\/revisions"}],"predecessor-version":[{"id":306,"href":"https:\/\/escoladigital.madeira.gov.pt\/eb1pelguine\/wp-json\/wp\/v2\/pages\/287\/revisions\/306"}],"wp:attachment":[{"href":"https:\/\/escoladigital.madeira.gov.pt\/eb1pelguine\/wp-json\/wp\/v2\/media?parent=287"}],"curies":[{"name":"wp","href":"https:\/\/api.w.org\/{rel}","templated":true}]}}