{"id":314,"date":"2024-12-18T15:27:04","date_gmt":"2024-12-18T15:27:04","guid":{"rendered":"https:\/\/escoladigital.madeira.gov.pt\/eb1pelguine\/?page_id=314"},"modified":"2025-11-16T11:37:00","modified_gmt":"2025-11-16T11:37:00","slug":"erasmus","status":"publish","type":"page","link":"https:\/\/escoladigital.madeira.gov.pt\/eb1pelguine\/erasmus\/","title":{"rendered":"Erasmus"},"content":{"rendered":"\t\t<div data-elementor-type=\"wp-page\" data-elementor-id=\"314\" class=\"elementor elementor-314\">\n\t\t\t\t<div class=\"elementor-element elementor-element-b803be2 e-flex e-con-boxed e-con e-parent\" data-id=\"b803be2\" data-element_type=\"container\" data-e-type=\"container\">\n\t\t\t\t\t<div class=\"e-con-inner\">\n\t\t\t\t<div class=\"elementor-element elementor-element-52b2792 elementor-widget elementor-widget-heading\" data-id=\"52b2792\" data-element_type=\"widget\" data-e-type=\"widget\" data-widget_type=\"heading.default\">\n\t\t\t\t<div class=\"elementor-widget-container\">\n\t\t\t\t\t<h2 class=\"elementor-heading-title elementor-size-default\">Erasmus<\/h2>\t\t\t\t<\/div>\n\t\t\t\t<\/div>\n\t\t\t\t<div class=\"elementor-element elementor-element-f895d73 elementor-widget elementor-widget-text-editor\" data-id=\"f895d73\" data-element_type=\"widget\" data-e-type=\"widget\" data-widget_type=\"text-editor.default\">\n\t\t\t\t<div class=\"elementor-widget-container\">\n\t\t\t\t\t\t\t\t\t<p><strong>A nossa escola tem j\u00e1 um longo hist\u00f3rial de participa\u00e7\u00e3o em projectos Erasmus+, com a participa\u00e7\u00e3o de v\u00e1rios docentes e n\u00e3o docentes.\u00a0<br \/><\/strong><strong>Aqui ser\u00e1 poss\u00edvel verificar a informa\u00e7\u00e3o desses projectos.<\/strong><\/p>\t\t\t\t\t\t\t\t<\/div>\n\t\t\t\t<\/div>\n\t\t\t\t<div class=\"elementor-element elementor-element-11cdf5f elementor-widget elementor-widget-image\" data-id=\"11cdf5f\" data-element_type=\"widget\" data-e-type=\"widget\" data-widget_type=\"image.default\">\n\t\t\t\t<div class=\"elementor-widget-container\">\n\t\t\t\t\t\t\t\t\t\t\t\t\t\t\t<img fetchpriority=\"high\" decoding=\"async\" width=\"1024\" height=\"1024\" src=\"https:\/\/escoladigital.madeira.gov.pt\/eb1pelguine\/wp-content\/uploads\/sites\/18\/2024\/12\/Brevemente.webp\" class=\"attachment-large size-large wp-image-302\" alt=\"\" srcset=\"https:\/\/escoladigital.madeira.gov.pt\/eb1pelguine\/wp-content\/uploads\/sites\/18\/2024\/12\/Brevemente.webp 1024w, https:\/\/escoladigital.madeira.gov.pt\/eb1pelguine\/wp-content\/uploads\/sites\/18\/2024\/12\/Brevemente-300x300.webp 300w, https:\/\/escoladigital.madeira.gov.pt\/eb1pelguine\/wp-content\/uploads\/sites\/18\/2024\/12\/Brevemente-150x150.webp 150w, https:\/\/escoladigital.madeira.gov.pt\/eb1pelguine\/wp-content\/uploads\/sites\/18\/2024\/12\/Brevemente-768x768.webp 768w\" sizes=\"(max-width: 1024px) 100vw, 1024px\" \/>\t\t\t\t\t\t\t\t\t\t\t\t\t\t\t<\/div>\n\t\t\t\t<\/div>\n\t\t\t\t\t<\/div>\n\t\t\t\t<\/div>\n\t\t<div class=\"elementor-element elementor-element-656375b e-flex e-con-boxed e-con e-parent\" data-id=\"656375b\" data-element_type=\"container\" data-e-type=\"container\">\n\t\t\t\t\t<div class=\"e-con-inner\">\n\t\t\t\t<div class=\"elementor-element elementor-element-39440f0 elementor-widget elementor-widget-image\" data-id=\"39440f0\" data-element_type=\"widget\" data-e-type=\"widget\" data-widget_type=\"image.default\">\n\t\t\t\t<div class=\"elementor-widget-container\">\n\t\t\t\t\t\t\t\t\t\t\t\t\t\t\t<img decoding=\"async\" width=\"900\" height=\"117\" src=\"https:\/\/escoladigital.madeira.gov.pt\/eb1pelguine\/wp-content\/uploads\/sites\/18\/2025\/11\/logos.png\" class=\"attachment-large size-large wp-image-379\" alt=\"\" srcset=\"https:\/\/escoladigital.madeira.gov.pt\/eb1pelguine\/wp-content\/uploads\/sites\/18\/2025\/11\/logos.png 900w, https:\/\/escoladigital.madeira.gov.pt\/eb1pelguine\/wp-content\/uploads\/sites\/18\/2025\/11\/logos-300x39.png 300w, https:\/\/escoladigital.madeira.gov.pt\/eb1pelguine\/wp-content\/uploads\/sites\/18\/2025\/11\/logos-768x100.png 768w\" sizes=\"(max-width: 900px) 100vw, 900px\" \/>\t\t\t\t\t\t\t\t\t\t\t\t\t\t\t<\/div>\n\t\t\t\t<\/div>\n\t\t\t\t\t<\/div>\n\t\t\t\t<\/div>\n\t\t\t\t<\/div>\n\t\t","protected":false},"excerpt":{"rendered":"<p>Erasmus A nossa escola tem j\u00e1 um longo hist\u00f3rial de participa\u00e7\u00e3o em projectos Erasmus+, com a participa\u00e7\u00e3o de v\u00e1rios docentes [&hellip;]<\/p>\n","protected":false},"author":27,"featured_media":0,"parent":0,"menu_order":0,"comment_status":"closed","ping_status":"closed","template":"","meta":{"site-sidebar-layout":"no-sidebar","site-content-layout":"","ast-site-content-layout":"full-width-container","site-content-style":"default","site-sidebar-style":"default","ast-global-header-display":"","ast-banner-title-visibility":"","ast-main-header-display":"","ast-hfb-above-header-display":"","ast-hfb-below-header-display":"","ast-hfb-mobile-header-display":"","site-post-title":"disabled","ast-breadcrumbs-content":"","ast-featured-img":"disabled","footer-sml-layout":"","ast-disable-related-posts":"","theme-transparent-header-meta":"","adv-header-id-meta":"","stick-header-meta":"","header-above-stick-meta":"","header-main-stick-meta":"","header-below-stick-meta":"","astra-migrate-meta-layouts":"default","ast-page-background-enabled":"default","ast-page-background-meta":{"desktop":{"background-color":"var(--ast-global-color-4)","background-image":"","background-repeat":"repeat","background-position":"center center","background-size":"auto","background-attachment":"scroll","background-type":"","background-media":"","overlay-type":"","overlay-color":"","overlay-opacity":"","overlay-gradient":""},"tablet":{"background-color":"","background-image":"","background-repeat":"repeat","background-position":"center center","background-size":"auto","background-attachment":"scroll","background-type":"","background-media":"","overlay-type":"","overlay-color":"","overlay-opacity":"","overlay-gradient":""},"mobile":{"background-color":"","background-image":"","background-repeat":"repeat","background-position":"center center","background-size":"auto","background-attachment":"scroll","background-type":"","background-media":"","overlay-type":"","overlay-color":"","overlay-opacity":"","overlay-gradient":""}},"ast-content-background-meta":{"desktop":{"background-color":"var(--ast-global-color-5)","background-image":"","background-repeat":"repeat","background-position":"center center","background-size":"auto","background-attachment":"scroll","background-type":"","background-media":"","overlay-type":"","overlay-color":"","overlay-opacity":"","overlay-gradient":""},"tablet":{"background-color":"var(--ast-global-color-5)","background-image":"","background-repeat":"repeat","background-position":"center center","background-size":"auto","background-attachment":"scroll","background-type":"","background-media":"","overlay-type":"","overlay-color":"","overlay-opacity":"","overlay-gradient":""},"mobile":{"background-color":"var(--ast-global-color-5)","background-image":"","background-repeat":"repeat","background-position":"center center","background-size":"auto","background-attachment":"scroll","background-type":"","background-media":"","overlay-type":"","overlay-color":"","overlay-opacity":"","overlay-gradient":""}},"_themeisle_gutenberg_block_has_review":false,"footnotes":""},"class_list":["post-314","page","type-page","status-publish","hentry"],"_links":{"self":[{"href":"https:\/\/escoladigital.madeira.gov.pt\/eb1pelguine\/wp-json\/wp\/v2\/pages\/314","targetHints":{"allow":["GET"]}}],"collection":[{"href":"https:\/\/escoladigital.madeira.gov.pt\/eb1pelguine\/wp-json\/wp\/v2\/pages"}],"about":[{"href":"https:\/\/escoladigital.madeira.gov.pt\/eb1pelguine\/wp-json\/wp\/v2\/types\/page"}],"author":[{"embeddable":true,"href":"https:\/\/escoladigital.madeira.gov.pt\/eb1pelguine\/wp-json\/wp\/v2\/users\/27"}],"replies":[{"embeddable":true,"href":"https:\/\/escoladigital.madeira.gov.pt\/eb1pelguine\/wp-json\/wp\/v2\/comments?post=314"}],"version-history":[{"count":10,"href":"https:\/\/escoladigital.madeira.gov.pt\/eb1pelguine\/wp-json\/wp\/v2\/pages\/314\/revisions"}],"predecessor-version":[{"id":382,"href":"https:\/\/escoladigital.madeira.gov.pt\/eb1pelguine\/wp-json\/wp\/v2\/pages\/314\/revisions\/382"}],"wp:attachment":[{"href":"https:\/\/escoladigital.madeira.gov.pt\/eb1pelguine\/wp-json\/wp\/v2\/media?parent=314"}],"curies":[{"name":"wp","href":"https:\/\/api.w.org\/{rel}","templated":true}]}}