{"id":56,"date":"2024-11-27T14:58:39","date_gmt":"2024-11-27T14:58:39","guid":{"rendered":"https:\/\/escoladigital.madeira.gov.pt\/eb1pelguine\/?page_id=56"},"modified":"2024-11-27T14:58:40","modified_gmt":"2024-11-27T14:58:40","slug":"missao-visao-e-valores","status":"publish","type":"page","link":"https:\/\/escoladigital.madeira.gov.pt\/eb1pelguine\/missao-visao-e-valores\/","title":{"rendered":"Miss\u00e3o, vis\u00e3o e valores"},"content":{"rendered":"\n<h4 id=\"wp-block-themeisle-blocks-advanced-heading-709e70b0\" class=\"wp-block-themeisle-blocks-advanced-heading wp-block-themeisle-blocks-advanced-heading-709e70b0\"><strong><span class=\"highlight\">&#8220;Juntos constru\u00edmos o futuro&#8221;<\/span><\/strong><\/h4>\n\n\n\n<h6 id=\"wp-block-themeisle-blocks-advanced-heading-ee730451\" class=\"wp-block-themeisle-blocks-advanced-heading wp-block-themeisle-blocks-advanced-heading-ee730451\"><strong>Miss\u00e3o<\/strong><\/h6>\n\n\n\n<p>Educar para os valores e para o civismo;<br>Estimular a consci\u00eancia ecol\u00f3gica;<br>Fomentar a intergeracionalidade e a participa\u00e7\u00e3o da comunidade educativa;<br>Educar\/sensibilizar para as artes;<br>Potenciar a comunica\u00e7\u00e3o e apresenta\u00e7\u00e3o em p\u00fablico.<\/p>\n\n\n\n<h6 id=\"wp-block-themeisle-blocks-advanced-heading-df60ce4e\" class=\"wp-block-themeisle-blocks-advanced-heading wp-block-themeisle-blocks-advanced-heading-df60ce4e\"><strong>Vis\u00e3o<\/strong><\/h6>\n\n\n\n<p>Fomentar o desenvolvimento integral, com base nos valores \u00e9ticos e morais;<br>Constituir uma refer\u00eancia no sistema educativo em termos de ado\u00e7\u00e3o de boas pr\u00e1ticas ambientais;<br>Potenciar a participa\u00e7\u00e3o da comunidade escolar como forma de valorizar as boas pr\u00e1ticas pedag\u00f3gicas da escola;<br>Motivar para a aprendizagem com recurso \u00e0s artes;<br>Desenvolver nos alunos a compet\u00eancia para realizar apresenta\u00e7\u00f5es\/comunica\u00e7\u00f5es em p\u00fablico.<\/p>\n\n\n\n<h6 id=\"wp-block-themeisle-blocks-advanced-heading-90f921fc\" class=\"wp-block-themeisle-blocks-advanced-heading wp-block-themeisle-blocks-advanced-heading-90f921fc\"><strong>Valores<\/strong><\/h6>\n\n\n\n<p>Orientar a personalidade dos discentes para os valores (coopera\u00e7\u00e3o e conduta humana);<br>Contribuir para um meio ambiente mais saud\u00e1vel (respeito pela natureza);<br>Promover a solidariedade contribuindo para uma sociedade mais unida e solid\u00e1ria;<br>Utilizar as boas pr\u00e1ticas da escola para aumentar a participa\u00e7\u00e3o da comunidade escolar (partilha);<br>Sensibilizar os alunos para as artes e para os jogos l\u00fadico-pedag\u00f3gicos como forma de potenciar o seu rendimento escolar e promover o desenvolvimento integral dos discentes (fomentar o gosto e auto-realiza\u00e7\u00e3o);<br>Dotar os alunos de ferramentas que permitam a realiza\u00e7\u00e3o de apresenta\u00e7\u00f5es em p\u00fabico de acordo com a inten\u00e7\u00e3o comunicativa (socializa\u00e7\u00e3o e auto-estima).<\/p>\n","protected":false},"excerpt":{"rendered":"<p>Educar para os valores e para o civismo;Estimular a consci\u00eancia ecol\u00f3gica;Fomentar a intergeracionalidade e a participa\u00e7\u00e3o da comunidade educativa;Educar\/sensibilizar para [&hellip;]<\/p>\n","protected":false},"author":27,"featured_media":0,"parent":0,"menu_order":0,"comment_status":"closed","ping_status":"closed","template":"","meta":{"site-sidebar-layout":"default","site-content-layout":"","ast-site-content-layout":"default","site-content-style":"default","site-sidebar-style":"default","ast-global-header-display":"","ast-banner-title-visibility":"","ast-main-header-display":"","ast-hfb-above-header-display":"","ast-hfb-below-header-display":"","ast-hfb-mobile-header-display":"","site-post-title":"","ast-breadcrumbs-content":"","ast-featured-img":"","footer-sml-layout":"","ast-disable-related-posts":"","theme-transparent-header-meta":"","adv-header-id-meta":"","stick-header-meta":"","header-above-stick-meta":"","header-main-stick-meta":"","header-below-stick-meta":"","astra-migrate-meta-layouts":"default","ast-page-background-enabled":"default","ast-page-background-meta":{"desktop":{"background-color":"var(--ast-global-color-4)","background-image":"","background-repeat":"repeat","background-position":"center center","background-size":"auto","background-attachment":"scroll","background-type":"","background-media":"","overlay-type":"","overlay-color":"","overlay-opacity":"","overlay-gradient":""},"tablet":{"background-color":"","background-image":"","background-repeat":"repeat","background-position":"center center","background-size":"auto","background-attachment":"scroll","background-type":"","background-media":"","overlay-type":"","overlay-color":"","overlay-opacity":"","overlay-gradient":""},"mobile":{"background-color":"","background-image":"","background-repeat":"repeat","background-position":"center center","background-size":"auto","background-attachment":"scroll","background-type":"","background-media":"","overlay-type":"","overlay-color":"","overlay-opacity":"","overlay-gradient":""}},"ast-content-background-meta":{"desktop":{"background-color":"var(--ast-global-color-5)","background-image":"","background-repeat":"repeat","background-position":"center center","background-size":"auto","background-attachment":"scroll","background-type":"","background-media":"","overlay-type":"","overlay-color":"","overlay-opacity":"","overlay-gradient":""},"tablet":{"background-color":"var(--ast-global-color-5)","background-image":"","background-repeat":"repeat","background-position":"center center","background-size":"auto","background-attachment":"scroll","background-type":"","background-media":"","overlay-type":"","overlay-color":"","overlay-opacity":"","overlay-gradient":""},"mobile":{"background-color":"var(--ast-global-color-5)","background-image":"","background-repeat":"repeat","background-position":"center center","background-size":"auto","background-attachment":"scroll","background-type":"","background-media":"","overlay-type":"","overlay-color":"","overlay-opacity":"","overlay-gradient":""}},"_themeisle_gutenberg_block_has_review":false,"footnotes":""},"class_list":["post-56","page","type-page","status-publish","hentry"],"_links":{"self":[{"href":"https:\/\/escoladigital.madeira.gov.pt\/eb1pelguine\/wp-json\/wp\/v2\/pages\/56","targetHints":{"allow":["GET"]}}],"collection":[{"href":"https:\/\/escoladigital.madeira.gov.pt\/eb1pelguine\/wp-json\/wp\/v2\/pages"}],"about":[{"href":"https:\/\/escoladigital.madeira.gov.pt\/eb1pelguine\/wp-json\/wp\/v2\/types\/page"}],"author":[{"embeddable":true,"href":"https:\/\/escoladigital.madeira.gov.pt\/eb1pelguine\/wp-json\/wp\/v2\/users\/27"}],"replies":[{"embeddable":true,"href":"https:\/\/escoladigital.madeira.gov.pt\/eb1pelguine\/wp-json\/wp\/v2\/comments?post=56"}],"version-history":[{"count":1,"href":"https:\/\/escoladigital.madeira.gov.pt\/eb1pelguine\/wp-json\/wp\/v2\/pages\/56\/revisions"}],"predecessor-version":[{"id":57,"href":"https:\/\/escoladigital.madeira.gov.pt\/eb1pelguine\/wp-json\/wp\/v2\/pages\/56\/revisions\/57"}],"wp:attachment":[{"href":"https:\/\/escoladigital.madeira.gov.pt\/eb1pelguine\/wp-json\/wp\/v2\/media?parent=56"}],"curies":[{"name":"wp","href":"https:\/\/api.w.org\/{rel}","templated":true}]}}