{"id":61,"date":"2024-11-27T15:22:10","date_gmt":"2024-11-27T15:22:10","guid":{"rendered":"https:\/\/escoladigital.madeira.gov.pt\/eb1pelivramentom\/?page_id=61"},"modified":"2024-12-04T16:11:58","modified_gmt":"2024-12-04T16:11:58","slug":"projeto-erasmus","status":"publish","type":"page","link":"https:\/\/escoladigital.madeira.gov.pt\/eb1pelivramentom\/projeto-erasmus\/","title":{"rendered":"Projeto Erasmus+"},"content":{"rendered":"\n<figure class=\"wp-block-image aligncenter size-full\"><img fetchpriority=\"high\" decoding=\"async\" width=\"420\" height=\"120\" src=\"https:\/\/escoladigital.madeira.gov.pt\/eb1pelivramentom\/wp-content\/uploads\/sites\/52\/2024\/11\/Erasmus.png\" alt=\"\" class=\"wp-image-22\" srcset=\"https:\/\/escoladigital.madeira.gov.pt\/eb1pelivramentom\/wp-content\/uploads\/sites\/52\/2024\/11\/Erasmus.png 420w, https:\/\/escoladigital.madeira.gov.pt\/eb1pelivramentom\/wp-content\/uploads\/sites\/52\/2024\/11\/Erasmus-300x86.png 300w\" sizes=\"(max-width: 420px) 100vw, 420px\" \/><\/figure>\n\n\n\n<p class=\"has-text-align-center\">Consulte aqui o nosso projeto &#8220;<a href=\"https:\/\/ecolivramento.wixsite.com\/my-site\" target=\"_blank\" rel=\"noreferrer noopener\">Aprender na Europa &#8211; Curr\u00edculo para a inclus\u00e3o social&#8221;.<\/a><\/p>\n\n\n\n<p class=\"has-text-align-center\">Consulte aqui o nosso projeto <a href=\"https:\/\/free-5367294.webadorsite.com\/\" target=\"_blank\" rel=\"noreferrer noopener\">&#8220;Din\u00e2micas Digitais Para Ti&#8221;.<\/a><\/p>\n\n\n\n<p><\/p>\n","protected":false},"excerpt":{"rendered":"<p>Consulte aqui o nosso projeto &#8220;Aprender na Europa &#8211; Curr\u00edculo para a inclus\u00e3o social&#8221;. Consulte aqui o nosso projeto &#8220;Din\u00e2micas Digitais Para Ti&#8221;.<\/p>\n","protected":false},"author":68,"featured_media":0,"parent":0,"menu_order":0,"comment_status":"closed","ping_status":"closed","template":"","meta":{"site-sidebar-layout":"default","site-content-layout":"","ast-site-content-layout":"default","site-content-style":"default","site-sidebar-style":"default","ast-global-header-display":"","ast-banner-title-visibility":"","ast-main-header-display":"","ast-hfb-above-header-display":"","ast-hfb-below-header-display":"","ast-hfb-mobile-header-display":"","site-post-title":"","ast-breadcrumbs-content":"","ast-featured-img":"","footer-sml-layout":"","ast-disable-related-posts":"","theme-transparent-header-meta":"","adv-header-id-meta":"","stick-header-meta":"","header-above-stick-meta":"","header-main-stick-meta":"","header-below-stick-meta":"","astra-migrate-meta-layouts":"default","ast-page-background-enabled":"default","ast-page-background-meta":{"desktop":{"background-color":"var(--ast-global-color-4)","background-image":"","background-repeat":"repeat","background-position":"center center","background-size":"auto","background-attachment":"scroll","background-type":"","background-media":"","overlay-type":"","overlay-color":"","overlay-opacity":"","overlay-gradient":""},"tablet":{"background-color":"","background-image":"","background-repeat":"repeat","background-position":"center center","background-size":"auto","background-attachment":"scroll","background-type":"","background-media":"","overlay-type":"","overlay-color":"","overlay-opacity":"","overlay-gradient":""},"mobile":{"background-color":"","background-image":"","background-repeat":"repeat","background-position":"center center","background-size":"auto","background-attachment":"scroll","background-type":"","background-media":"","overlay-type":"","overlay-color":"","overlay-opacity":"","overlay-gradient":""}},"ast-content-background-meta":{"desktop":{"background-color":"var(--ast-global-color-5)","background-image":"","background-repeat":"repeat","background-position":"center center","background-size":"auto","background-attachment":"scroll","background-type":"","background-media":"","overlay-type":"","overlay-color":"","overlay-opacity":"","overlay-gradient":""},"tablet":{"background-color":"var(--ast-global-color-5)","background-image":"","background-repeat":"repeat","background-position":"center center","background-size":"auto","background-attachment":"scroll","background-type":"","background-media":"","overlay-type":"","overlay-color":"","overlay-opacity":"","overlay-gradient":""},"mobile":{"background-color":"var(--ast-global-color-5)","background-image":"","background-repeat":"repeat","background-position":"center center","background-size":"auto","background-attachment":"scroll","background-type":"","background-media":"","overlay-type":"","overlay-color":"","overlay-opacity":"","overlay-gradient":""}},"_themeisle_gutenberg_block_has_review":false,"footnotes":""},"class_list":["post-61","page","type-page","status-publish","hentry"],"_links":{"self":[{"href":"https:\/\/escoladigital.madeira.gov.pt\/eb1pelivramentom\/wp-json\/wp\/v2\/pages\/61","targetHints":{"allow":["GET"]}}],"collection":[{"href":"https:\/\/escoladigital.madeira.gov.pt\/eb1pelivramentom\/wp-json\/wp\/v2\/pages"}],"about":[{"href":"https:\/\/escoladigital.madeira.gov.pt\/eb1pelivramentom\/wp-json\/wp\/v2\/types\/page"}],"author":[{"embeddable":true,"href":"https:\/\/escoladigital.madeira.gov.pt\/eb1pelivramentom\/wp-json\/wp\/v2\/users\/68"}],"replies":[{"embeddable":true,"href":"https:\/\/escoladigital.madeira.gov.pt\/eb1pelivramentom\/wp-json\/wp\/v2\/comments?post=61"}],"version-history":[{"count":3,"href":"https:\/\/escoladigital.madeira.gov.pt\/eb1pelivramentom\/wp-json\/wp\/v2\/pages\/61\/revisions"}],"predecessor-version":[{"id":187,"href":"https:\/\/escoladigital.madeira.gov.pt\/eb1pelivramentom\/wp-json\/wp\/v2\/pages\/61\/revisions\/187"}],"wp:attachment":[{"href":"https:\/\/escoladigital.madeira.gov.pt\/eb1pelivramentom\/wp-json\/wp\/v2\/media?parent=61"}],"curies":[{"name":"wp","href":"https:\/\/api.w.org\/{rel}","templated":true}]}}