{"id":70,"date":"2024-11-27T15:34:11","date_gmt":"2024-11-27T15:34:11","guid":{"rendered":"https:\/\/escoladigital.madeira.gov.pt\/eb1pelivramentom\/?page_id=70"},"modified":"2025-09-18T15:05:59","modified_gmt":"2025-09-18T15:05:59","slug":"horario-de-funcionamento-da-escola","status":"publish","type":"page","link":"https:\/\/escoladigital.madeira.gov.pt\/eb1pelivramentom\/horario-de-funcionamento-da-escola\/","title":{"rendered":"Hor\u00e1rio de Funcionamento da Escola"},"content":{"rendered":"\n<p class=\"has-text-align-left\"><strong>Hor\u00e1rio de Servi\u00e7os Administrativos<\/strong>: Das 08h:30m \u00e0s 13h:00m e das 14h:00m \u00e0s 16h:30m<\/p>\n\n\n\n<p class=\"has-text-align-left\"><strong>Hor\u00e1rio das Atividades do Pr\u00e9-Escolar<\/strong>: Das 08h:30m \u00e0s 18h:30m<\/p>\n\n\n\n<p class=\"has-text-align-left\"><strong>Hor\u00e1rio das Atividades Curriculares do 1\u00ba Ciclo<\/strong>: Das 08h:30m \u00e0s 13h:30m<\/p>\n\n\n\n<p class=\"has-text-align-left\"><strong>Hor\u00e1rio das Atividades de Enriquecimento Curricular do 1\u00ba Ciclo<\/strong>: Das 14h:30m \u00e0s 18h:30m<\/p>\n\n\n\n<p class=\"has-text-align-center\"><strong>Hor\u00e1rio de Atendimento aos Encarregados de Educa\u00e7\u00e3o<\/strong><\/p>\n\n\n\n<figure class=\"wp-block-table aligncenter\"><table class=\"has-fixed-layout\"><tbody><tr><td class=\"has-text-align-center\" data-align=\"center\"><strong>Turmas<\/strong><\/td><td class=\"has-text-align-center\" data-align=\"center\"><strong>Dia\/Hora<\/strong><\/td><\/tr><tr><td class=\"has-text-align-center\" data-align=\"center\">Pr\u00e9 I<\/td><td class=\"has-text-align-center\" data-align=\"center\">Ter\u00e7a-feira- Das 13h:30m \u00e0s 14h:30m<\/td><\/tr><tr><td class=\"has-text-align-center\" data-align=\"center\">Pr\u00e9 II<\/td><td class=\"has-text-align-center\" data-align=\"center\">Segunda-feira- Das 13h:30m \u00e0s 14h:30m<\/td><\/tr><tr><td class=\"has-text-align-center\" data-align=\"center\">1\u00ba Ano<\/td><td class=\"has-text-align-center\" data-align=\"center\">Segunda-feira- Das 14h:30m \u00e0s 15h:30m<\/td><\/tr><tr><td class=\"has-text-align-center\" data-align=\"center\">2\u00ba Ano <\/td><td class=\"has-text-align-center\" data-align=\"center\"><\/td><\/tr><tr><td class=\"has-text-align-center\" data-align=\"center\">3\u00ba Ano A<\/td><td class=\"has-text-align-center\" data-align=\"center\">Segunda-feira- Das 17h:30m \u00e0s 18h:30m<\/td><\/tr><tr><td class=\"has-text-align-center\" data-align=\"center\">3\u00ba Ano B<\/td><td class=\"has-text-align-center\" data-align=\"center\">Segunda-feira- Das 13h:30m \u00e0s 14h:30m<\/td><\/tr><tr><td class=\"has-text-align-center\" data-align=\"center\">4\u00ba Ano<\/td><td class=\"has-text-align-center\" data-align=\"center\">Segunda-feira- Das 13h:30m \u00e0s 14h:30m<\/td><\/tr><\/tbody><\/table><\/figure>\n","protected":false},"excerpt":{"rendered":"<p>Hor\u00e1rio de Servi\u00e7os Administrativos: Das 08h:30m \u00e0s 13h:00m e das 14h:00m \u00e0s 16h:30m Hor\u00e1rio das Atividades do Pr\u00e9-Escolar: Das 08h:30m \u00e0s 18h:30m Hor\u00e1rio das Atividades Curriculares do 1\u00ba Ciclo: Das 08h:30m \u00e0s 13h:30m Hor\u00e1rio das Atividades de Enriquecimento Curricular do 1\u00ba Ciclo: Das 14h:30m \u00e0s 18h:30m Hor\u00e1rio de Atendimento aos Encarregados de Educa\u00e7\u00e3o Turmas Dia\/Hora [&hellip;]<\/p>\n","protected":false},"author":68,"featured_media":0,"parent":0,"menu_order":0,"comment_status":"closed","ping_status":"closed","template":"","meta":{"site-sidebar-layout":"default","site-content-layout":"","ast-site-content-layout":"default","site-content-style":"default","site-sidebar-style":"default","ast-global-header-display":"","ast-banner-title-visibility":"","ast-main-header-display":"","ast-hfb-above-header-display":"","ast-hfb-below-header-display":"","ast-hfb-mobile-header-display":"","site-post-title":"","ast-breadcrumbs-content":"","ast-featured-img":"","footer-sml-layout":"","ast-disable-related-posts":"","theme-transparent-header-meta":"","adv-header-id-meta":"","stick-header-meta":"","header-above-stick-meta":"","header-main-stick-meta":"","header-below-stick-meta":"","astra-migrate-meta-layouts":"default","ast-page-background-enabled":"default","ast-page-background-meta":{"desktop":{"background-color":"var(--ast-global-color-4)","background-image":"","background-repeat":"repeat","background-position":"center center","background-size":"auto","background-attachment":"scroll","background-type":"","background-media":"","overlay-type":"","overlay-color":"","overlay-opacity":"","overlay-gradient":""},"tablet":{"background-color":"","background-image":"","background-repeat":"repeat","background-position":"center center","background-size":"auto","background-attachment":"scroll","background-type":"","background-media":"","overlay-type":"","overlay-color":"","overlay-opacity":"","overlay-gradient":""},"mobile":{"background-color":"","background-image":"","background-repeat":"repeat","background-position":"center center","background-size":"auto","background-attachment":"scroll","background-type":"","background-media":"","overlay-type":"","overlay-color":"","overlay-opacity":"","overlay-gradient":""}},"ast-content-background-meta":{"desktop":{"background-color":"var(--ast-global-color-5)","background-image":"","background-repeat":"repeat","background-position":"center center","background-size":"auto","background-attachment":"scroll","background-type":"","background-media":"","overlay-type":"","overlay-color":"","overlay-opacity":"","overlay-gradient":""},"tablet":{"background-color":"var(--ast-global-color-5)","background-image":"","background-repeat":"repeat","background-position":"center center","background-size":"auto","background-attachment":"scroll","background-type":"","background-media":"","overlay-type":"","overlay-color":"","overlay-opacity":"","overlay-gradient":""},"mobile":{"background-color":"var(--ast-global-color-5)","background-image":"","background-repeat":"repeat","background-position":"center center","background-size":"auto","background-attachment":"scroll","background-type":"","background-media":"","overlay-type":"","overlay-color":"","overlay-opacity":"","overlay-gradient":""}},"_themeisle_gutenberg_block_has_review":false,"footnotes":""},"class_list":["post-70","page","type-page","status-publish","hentry"],"_links":{"self":[{"href":"https:\/\/escoladigital.madeira.gov.pt\/eb1pelivramentom\/wp-json\/wp\/v2\/pages\/70","targetHints":{"allow":["GET"]}}],"collection":[{"href":"https:\/\/escoladigital.madeira.gov.pt\/eb1pelivramentom\/wp-json\/wp\/v2\/pages"}],"about":[{"href":"https:\/\/escoladigital.madeira.gov.pt\/eb1pelivramentom\/wp-json\/wp\/v2\/types\/page"}],"author":[{"embeddable":true,"href":"https:\/\/escoladigital.madeira.gov.pt\/eb1pelivramentom\/wp-json\/wp\/v2\/users\/68"}],"replies":[{"embeddable":true,"href":"https:\/\/escoladigital.madeira.gov.pt\/eb1pelivramentom\/wp-json\/wp\/v2\/comments?post=70"}],"version-history":[{"count":7,"href":"https:\/\/escoladigital.madeira.gov.pt\/eb1pelivramentom\/wp-json\/wp\/v2\/pages\/70\/revisions"}],"predecessor-version":[{"id":336,"href":"https:\/\/escoladigital.madeira.gov.pt\/eb1pelivramentom\/wp-json\/wp\/v2\/pages\/70\/revisions\/336"}],"wp:attachment":[{"href":"https:\/\/escoladigital.madeira.gov.pt\/eb1pelivramentom\/wp-json\/wp\/v2\/media?parent=70"}],"curies":[{"name":"wp","href":"https:\/\/api.w.org\/{rel}","templated":true}]}}