{"id":1029,"date":"2025-02-18T23:12:14","date_gmt":"2025-02-18T23:12:14","guid":{"rendered":"https:\/\/escoladigital.madeira.gov.pt\/eb1pelourencinha\/?page_id=1029"},"modified":"2026-01-26T10:07:49","modified_gmt":"2026-01-26T10:07:49","slug":"seguranca","status":"publish","type":"page","link":"https:\/\/escoladigital.madeira.gov.pt\/eb1pelourencinha\/seguranca\/","title":{"rendered":"Seguran\u00e7a"},"content":{"rendered":"\n<figure class=\"wp-block-embed alignfull is-type-video is-provider-youtube wp-block-embed-youtube wp-embed-aspect-16-9 wp-has-aspect-ratio\"><div class=\"wp-block-embed__wrapper\">\n<iframe title=\"Procedimentos de evacua\u00e7\u00e3o inc\u00eandios  - EB1\/PE da Lourencinha\" width=\"500\" height=\"281\" src=\"https:\/\/www.youtube.com\/embed\/DSPljbg-gu0?feature=oembed\" frameborder=\"0\" allow=\"accelerometer; autoplay; clipboard-write; encrypted-media; gyroscope; picture-in-picture; web-share\" referrerpolicy=\"strict-origin-when-cross-origin\" allowfullscreen><\/iframe>\n<\/div><\/figure>\n\n\n\n<hr class=\"wp-block-separator has-alpha-channel-opacity\" \/>\n\n\n\n<figure class=\"wp-block-embed alignfull is-type-video is-provider-youtube wp-block-embed-youtube wp-embed-aspect-16-9 wp-has-aspect-ratio\"><div class=\"wp-block-embed__wrapper\">\n<iframe title=\"A Terra Treme\" width=\"500\" height=\"281\" src=\"https:\/\/www.youtube.com\/embed\/wuU12eqzfiw?feature=oembed\" frameborder=\"0\" allow=\"accelerometer; autoplay; clipboard-write; encrypted-media; gyroscope; picture-in-picture; web-share\" referrerpolicy=\"strict-origin-when-cross-origin\" allowfullscreen><\/iframe>\n<\/div><\/figure>\n\n\n\n<hr class=\"wp-block-separator has-alpha-channel-opacity\" \/>\n\n\n\n<h5 class=\"wp-block-heading\">Exerc\u00edcio nacional \u201cA Terra Treme&#8221;<\/h5>\n\n\n\n<p>No dia 5 de novembro de 2025, a nossa escola realizou o exerc\u00edcio nacional \u201cA Terra Treme\u201d, \u201cum exerc\u00edcio p\u00fablico de sensibiliza\u00e7\u00e3o organizado anualmente pela Autoridade Nacional de Emerg\u00eancia e Prote\u00e7\u00e3o Civil em Portugal. O objetivo \u00e9 alertar e educar a popula\u00e7\u00e3o sobre como agir antes, durante e depois de um sismo, promovendo a constru\u00e7\u00e3o de comunidades mais seguras e resilientes. Durante o exerc\u00edcio, s\u00e3o praticados gestos que podem salvar vidas, como baixar, proteger e aguardar.\u201d<\/p>\n\n\n\n<figure class=\"wp-block-gallery has-nested-images columns-default is-cropped wp-block-gallery-1 is-layout-flex wp-block-gallery-is-layout-flex\">\n<figure class=\"wp-block-image size-large\"><img fetchpriority=\"high\" decoding=\"async\" width=\"1024\" height=\"473\" data-id=\"1338\" src=\"https:\/\/escoladigital.madeira.gov.pt\/eb1pelourencinha\/wp-content\/uploads\/sites\/47\/2026\/01\/IMG-20251105-WA0001-1024x473.jpg\" alt=\"\" class=\"wp-image-1338\" srcset=\"https:\/\/escoladigital.madeira.gov.pt\/eb1pelourencinha\/wp-content\/uploads\/sites\/47\/2026\/01\/IMG-20251105-WA0001-1024x473.jpg 1024w, https:\/\/escoladigital.madeira.gov.pt\/eb1pelourencinha\/wp-content\/uploads\/sites\/47\/2026\/01\/IMG-20251105-WA0001-300x139.jpg 300w, https:\/\/escoladigital.madeira.gov.pt\/eb1pelourencinha\/wp-content\/uploads\/sites\/47\/2026\/01\/IMG-20251105-WA0001-768x355.jpg 768w, https:\/\/escoladigital.madeira.gov.pt\/eb1pelourencinha\/wp-content\/uploads\/sites\/47\/2026\/01\/IMG-20251105-WA0001-1536x709.jpg 1536w, https:\/\/escoladigital.madeira.gov.pt\/eb1pelourencinha\/wp-content\/uploads\/sites\/47\/2026\/01\/IMG-20251105-WA0001.jpg 1600w\" sizes=\"(max-width: 1024px) 100vw, 1024px\" \/><\/figure>\n\n\n\n<figure class=\"wp-block-image size-large\"><img decoding=\"async\" width=\"1024\" height=\"473\" data-id=\"1339\" src=\"https:\/\/escoladigital.madeira.gov.pt\/eb1pelourencinha\/wp-content\/uploads\/sites\/47\/2026\/01\/IMG-20251105-WA0009-1024x473.jpg\" alt=\"\" class=\"wp-image-1339\" srcset=\"https:\/\/escoladigital.madeira.gov.pt\/eb1pelourencinha\/wp-content\/uploads\/sites\/47\/2026\/01\/IMG-20251105-WA0009-1024x473.jpg 1024w, https:\/\/escoladigital.madeira.gov.pt\/eb1pelourencinha\/wp-content\/uploads\/sites\/47\/2026\/01\/IMG-20251105-WA0009-300x139.jpg 300w, https:\/\/escoladigital.madeira.gov.pt\/eb1pelourencinha\/wp-content\/uploads\/sites\/47\/2026\/01\/IMG-20251105-WA0009-768x355.jpg 768w, https:\/\/escoladigital.madeira.gov.pt\/eb1pelourencinha\/wp-content\/uploads\/sites\/47\/2026\/01\/IMG-20251105-WA0009-1536x709.jpg 1536w, https:\/\/escoladigital.madeira.gov.pt\/eb1pelourencinha\/wp-content\/uploads\/sites\/47\/2026\/01\/IMG-20251105-WA0009.jpg 1600w\" sizes=\"(max-width: 1024px) 100vw, 1024px\" \/><\/figure>\n\n\n\n<figure class=\"wp-block-image size-large\"><img decoding=\"async\" width=\"1024\" height=\"473\" data-id=\"1340\" src=\"https:\/\/escoladigital.madeira.gov.pt\/eb1pelourencinha\/wp-content\/uploads\/sites\/47\/2026\/01\/IMG-20251105-WA0015-1024x473.jpg\" alt=\"\" class=\"wp-image-1340\" srcset=\"https:\/\/escoladigital.madeira.gov.pt\/eb1pelourencinha\/wp-content\/uploads\/sites\/47\/2026\/01\/IMG-20251105-WA0015-1024x473.jpg 1024w, https:\/\/escoladigital.madeira.gov.pt\/eb1pelourencinha\/wp-content\/uploads\/sites\/47\/2026\/01\/IMG-20251105-WA0015-300x139.jpg 300w, https:\/\/escoladigital.madeira.gov.pt\/eb1pelourencinha\/wp-content\/uploads\/sites\/47\/2026\/01\/IMG-20251105-WA0015-768x355.jpg 768w, https:\/\/escoladigital.madeira.gov.pt\/eb1pelourencinha\/wp-content\/uploads\/sites\/47\/2026\/01\/IMG-20251105-WA0015-1536x709.jpg 1536w, https:\/\/escoladigital.madeira.gov.pt\/eb1pelourencinha\/wp-content\/uploads\/sites\/47\/2026\/01\/IMG-20251105-WA0015.jpg 1600w\" sizes=\"(max-width: 1024px) 100vw, 1024px\" \/><\/figure>\n\n\n\n<figure class=\"wp-block-image size-large\"><img loading=\"lazy\" decoding=\"async\" width=\"1024\" height=\"769\" data-id=\"1341\" src=\"https:\/\/escoladigital.madeira.gov.pt\/eb1pelourencinha\/wp-content\/uploads\/sites\/47\/2026\/01\/IMG-20251105-WA0029-1024x769.jpg\" alt=\"\" class=\"wp-image-1341\" srcset=\"https:\/\/escoladigital.madeira.gov.pt\/eb1pelourencinha\/wp-content\/uploads\/sites\/47\/2026\/01\/IMG-20251105-WA0029-1024x769.jpg 1024w, https:\/\/escoladigital.madeira.gov.pt\/eb1pelourencinha\/wp-content\/uploads\/sites\/47\/2026\/01\/IMG-20251105-WA0029-300x225.jpg 300w, https:\/\/escoladigital.madeira.gov.pt\/eb1pelourencinha\/wp-content\/uploads\/sites\/47\/2026\/01\/IMG-20251105-WA0029-768x577.jpg 768w, https:\/\/escoladigital.madeira.gov.pt\/eb1pelourencinha\/wp-content\/uploads\/sites\/47\/2026\/01\/IMG-20251105-WA0029-1536x1154.jpg 1536w, https:\/\/escoladigital.madeira.gov.pt\/eb1pelourencinha\/wp-content\/uploads\/sites\/47\/2026\/01\/IMG-20251105-WA0029.jpg 1640w\" sizes=\"(max-width: 1024px) 100vw, 1024px\" \/><\/figure>\n\n\n\n<figure class=\"wp-block-image size-large\"><img loading=\"lazy\" decoding=\"async\" width=\"1024\" height=\"769\" data-id=\"1342\" src=\"https:\/\/escoladigital.madeira.gov.pt\/eb1pelourencinha\/wp-content\/uploads\/sites\/47\/2026\/01\/IMG-20251105-WA0030-1024x769.jpg\" alt=\"\" class=\"wp-image-1342\" srcset=\"https:\/\/escoladigital.madeira.gov.pt\/eb1pelourencinha\/wp-content\/uploads\/sites\/47\/2026\/01\/IMG-20251105-WA0030-1024x769.jpg 1024w, https:\/\/escoladigital.madeira.gov.pt\/eb1pelourencinha\/wp-content\/uploads\/sites\/47\/2026\/01\/IMG-20251105-WA0030-300x225.jpg 300w, https:\/\/escoladigital.madeira.gov.pt\/eb1pelourencinha\/wp-content\/uploads\/sites\/47\/2026\/01\/IMG-20251105-WA0030-768x577.jpg 768w, https:\/\/escoladigital.madeira.gov.pt\/eb1pelourencinha\/wp-content\/uploads\/sites\/47\/2026\/01\/IMG-20251105-WA0030-1536x1154.jpg 1536w, https:\/\/escoladigital.madeira.gov.pt\/eb1pelourencinha\/wp-content\/uploads\/sites\/47\/2026\/01\/IMG-20251105-WA0030.jpg 1640w\" sizes=\"(max-width: 1024px) 100vw, 1024px\" \/><\/figure>\n<\/figure>\n\n\n\n<hr class=\"wp-block-separator has-alpha-channel-opacity\" \/>\n\n\n\n<p>No dia 5 de novembro de 2024, a nossa escola realizou o exerc\u00edcio nacional \u201cA Terra Treme\u201d, promovido pela Autoridade Nacional de Emerg\u00eancia e Prote\u00e7\u00e3o Civil que procura chamar a aten\u00e7\u00e3o para o risco s\u00edsmico e para a import\u00e2ncia de comportamentos simples que os cidad\u00e3os devem adotar em caso de sismo, mas que podem salvar vidas.<\/p>\n\n\n\n<div id=\"wp-block-themeisle-blocks-slider-af47cadd\" class=\"wp-block-themeisle-blocks-slider glide\" data-per-view=\"1\" data-gap=\"0\" data-peek=\"0\" data-autoplay=\"true\" data-height=\"400px\" data-hide-arrows=\"false\"><div class=\"glide__track\" data-glide-el=\"track\"><div class=\"glide__slides\"><div class=\"wp-block-themeisle-blocks-slider-item-wrapper glide__slide\"><figure><img decoding=\"async\" class=\"wp-block-themeisle-blocks-slider-item\" src=\"https:\/\/escoladigital.madeira.gov.pt\/eb1pelourencinha\/wp-content\/uploads\/sites\/47\/2025\/02\/IMG-20241105-WA0006.jpg\" alt=\"\" title=\"\" data-id=\"1038\" \/><\/figure><\/div><div class=\"wp-block-themeisle-blocks-slider-item-wrapper glide__slide\"><figure><img decoding=\"async\" class=\"wp-block-themeisle-blocks-slider-item\" src=\"https:\/\/escoladigital.madeira.gov.pt\/eb1pelourencinha\/wp-content\/uploads\/sites\/47\/2025\/02\/Terra-treme-8.jpg\" alt=\"\" title=\"\" data-id=\"1037\" \/><\/figure><\/div><div class=\"wp-block-themeisle-blocks-slider-item-wrapper glide__slide\"><figure><img decoding=\"async\" class=\"wp-block-themeisle-blocks-slider-item\" src=\"https:\/\/escoladigital.madeira.gov.pt\/eb1pelourencinha\/wp-content\/uploads\/sites\/47\/2025\/02\/Terra-treme-9.jpg\" alt=\"\" title=\"\" data-id=\"1035\" \/><\/figure><\/div><div class=\"wp-block-themeisle-blocks-slider-item-wrapper glide__slide\"><figure><img decoding=\"async\" class=\"wp-block-themeisle-blocks-slider-item\" src=\"https:\/\/escoladigital.madeira.gov.pt\/eb1pelourencinha\/wp-content\/uploads\/sites\/47\/2025\/02\/Terra-treme-12.jpg\" alt=\"\" title=\"\" data-id=\"1036\" \/><\/figure><\/div><\/div><div class=\"glide__bullets\" data-glide-el=\"controls[nav]\"><button class=\"glide__bullet\" data-glide-dir=\"=0\"><\/button><button class=\"glide__bullet\" data-glide-dir=\"=1\"><\/button><button class=\"glide__bullet\" data-glide-dir=\"=2\"><\/button><button class=\"glide__bullet\" data-glide-dir=\"=3\"><\/button><\/div><\/div><\/div>\n","protected":false},"excerpt":{"rendered":"<p>Exerc\u00edcio nacional \u201cA Terra Treme&#8221; No dia 5 de novembro de 2025, a nossa escola realizou o exerc\u00edcio nacional \u201cA [&hellip;]<\/p>\n","protected":false},"author":63,"featured_media":0,"parent":0,"menu_order":0,"comment_status":"closed","ping_status":"closed","template":"","meta":{"site-sidebar-layout":"default","site-content-layout":"","ast-site-content-layout":"default","site-content-style":"default","site-sidebar-style":"default","ast-global-header-display":"","ast-banner-title-visibility":"","ast-main-header-display":"","ast-hfb-above-header-display":"","ast-hfb-below-header-display":"","ast-hfb-mobile-header-display":"","site-post-title":"","ast-breadcrumbs-content":"","ast-featured-img":"","footer-sml-layout":"","ast-disable-related-posts":"","theme-transparent-header-meta":"","adv-header-id-meta":"","stick-header-meta":"","header-above-stick-meta":"","header-main-stick-meta":"","header-below-stick-meta":"","astra-migrate-meta-layouts":"default","ast-page-background-enabled":"default","ast-page-background-meta":{"desktop":{"background-color":"var(--ast-global-color-5)","background-image":"","background-repeat":"repeat","background-position":"center center","background-size":"auto","background-attachment":"scroll","background-type":"","background-media":"","overlay-type":"","overlay-color":"","overlay-opacity":"","overlay-gradient":""},"tablet":{"background-color":"","background-image":"","background-repeat":"repeat","background-position":"center center","background-size":"auto","background-attachment":"scroll","background-type":"","background-media":"","overlay-type":"","overlay-color":"","overlay-opacity":"","overlay-gradient":""},"mobile":{"background-color":"","background-image":"","background-repeat":"repeat","background-position":"center center","background-size":"auto","background-attachment":"scroll","background-type":"","background-media":"","overlay-type":"","overlay-color":"","overlay-opacity":"","overlay-gradient":""}},"ast-content-background-meta":{"desktop":{"background-color":"var(--ast-global-color-4)","background-image":"","background-repeat":"repeat","background-position":"center center","background-size":"auto","background-attachment":"scroll","background-type":"","background-media":"","overlay-type":"","overlay-color":"","overlay-opacity":"","overlay-gradient":""},"tablet":{"background-color":"var(--ast-global-color-4)","background-image":"","background-repeat":"repeat","background-position":"center center","background-size":"auto","background-attachment":"scroll","background-type":"","background-media":"","overlay-type":"","overlay-color":"","overlay-opacity":"","overlay-gradient":""},"mobile":{"background-color":"var(--ast-global-color-4)","background-image":"","background-repeat":"repeat","background-position":"center center","background-size":"auto","background-attachment":"scroll","background-type":"","background-media":"","overlay-type":"","overlay-color":"","overlay-opacity":"","overlay-gradient":""}},"_themeisle_gutenberg_block_has_review":false,"footnotes":""},"class_list":["post-1029","page","type-page","status-publish","hentry"],"_links":{"self":[{"href":"https:\/\/escoladigital.madeira.gov.pt\/eb1pelourencinha\/wp-json\/wp\/v2\/pages\/1029","targetHints":{"allow":["GET"]}}],"collection":[{"href":"https:\/\/escoladigital.madeira.gov.pt\/eb1pelourencinha\/wp-json\/wp\/v2\/pages"}],"about":[{"href":"https:\/\/escoladigital.madeira.gov.pt\/eb1pelourencinha\/wp-json\/wp\/v2\/types\/page"}],"author":[{"embeddable":true,"href":"https:\/\/escoladigital.madeira.gov.pt\/eb1pelourencinha\/wp-json\/wp\/v2\/users\/63"}],"replies":[{"embeddable":true,"href":"https:\/\/escoladigital.madeira.gov.pt\/eb1pelourencinha\/wp-json\/wp\/v2\/comments?post=1029"}],"version-history":[{"count":7,"href":"https:\/\/escoladigital.madeira.gov.pt\/eb1pelourencinha\/wp-json\/wp\/v2\/pages\/1029\/revisions"}],"predecessor-version":[{"id":1345,"href":"https:\/\/escoladigital.madeira.gov.pt\/eb1pelourencinha\/wp-json\/wp\/v2\/pages\/1029\/revisions\/1345"}],"wp:attachment":[{"href":"https:\/\/escoladigital.madeira.gov.pt\/eb1pelourencinha\/wp-json\/wp\/v2\/media?parent=1029"}],"curies":[{"name":"wp","href":"https:\/\/api.w.org\/{rel}","templated":true}]}}