{"id":211,"date":"2025-01-27T20:37:34","date_gmt":"2025-01-27T20:37:34","guid":{"rendered":"https:\/\/escoladigital.madeira.gov.pt\/eb1pelourencinha\/?page_id=211"},"modified":"2025-01-28T19:50:02","modified_gmt":"2025-01-28T19:50:02","slug":"ecola","status":"publish","type":"page","link":"https:\/\/escoladigital.madeira.gov.pt\/eb1pelourencinha\/ecola\/","title":{"rendered":"Escola"},"content":{"rendered":"\n<h2 class=\"wp-block-heading\">Escola B\u00e1sica do 1.\u00ba Ciclo com Pr\u00e9-Escolar da Lourencinha<\/h2>\n\n\n<h4>Hist\u00f3ria da Escola<\/h4>\n<p>A primeira Escola Feminina foi a da &#8220;Lourencinha&#8221;. Porqu\u00ea Lourencinha? &#8221; Havia nesta zona de C\u00e2mara de Lobos uma quinta onde moravam o Conde e a sua esposa a Condessa Louren\u00e7a a quem chamavam Lourencinha&#8221;. Com a sua morte e sa\u00edda dos condes (fam\u00edlia) da casa, nasce a\u00ed a Escola da Lourencinha, apenas Feminina, e a masculina na Quintinha em S\u00e3o Jo\u00e3o (Jesus Maria Jos\u00e9).<\/p>\n<p>A Escola da Lourencinha data de 1940, como est\u00e1 no Elucid\u00e1rio Madeirense I Vol. Padre Fernando Augusto da Silva &#8220;Carlos Azevedo de Menezes&#8221;.<\/p>\n<p>No dia 18 de fevereiro de 2008 a Escola passou a funcionar a tempo inteiro. Este momento s\u00f3 se tornou poss\u00edvel com o empenho e dedica\u00e7\u00e3o dos Professores, que apesar de na altura n\u00e3o reunirem as condi\u00e7\u00f5es essenciais para desempenhar a sua fun\u00e7\u00e3o, disponibilizaram-se e trabalharam afincadamente para que os alunos pudessem usufruir o quanto antes destas atividades.<\/p>\n<p>Posteriormente no dia 12 de novembro de 2008, a nossa Escola foi inaugurada pelo Exm.\u00ba Senhor Presidente do Governo Regional da Madeira, Dr. Alberto Jo\u00e3o Jardim, que foi recebido com uma atua\u00e7\u00e3o musical dos alunos, seguindo-se de uma visita guiada pela escola nova escola, terminando num buffet. Estiveram tamb\u00e9m presentes, v\u00e1rias entidades oficiais da esfera da Educa\u00e7\u00e3o e da C\u00e2mara Municipal. Foi um dia recheado de alegria e emo\u00e7\u00e3o, na qual a comunidade escolar se envolveu na prepara\u00e7\u00e3o deste dia. Um dia que ficar\u00e1 na mem\u00f3ria\u2026<\/p>\n<h4>Caracteriza\u00e7\u00e3o do Meio<\/h4>\n<p>A escola EB1\/PE da Lourencinha encontra-se inserida no Concelho de C\u00e2mara de Lobos. Este concelho est\u00e1 localizado na parte sul da Regi\u00e3o Aut\u00f3noma da Madeira. Tem grande atra\u00e7\u00e3o tur\u00edstica devido em parte \u00e0 paisagem envolvente e \u00e0 famosa gastronomia tradicional.<\/p>\n<p><img fetchpriority=\"high\" decoding=\"async\" class=\"alignnone size-full wp-image-231\" src=\"https:\/\/escoladigital.madeira.gov.pt\/eb1pelourencinha\/wp-content\/uploads\/sites\/47\/2025\/01\/pexels-teresa-luis-602686124-18674711-scaled.jpg\" alt=\"\" width=\"2560\" height=\"1707\" srcset=\"https:\/\/escoladigital.madeira.gov.pt\/eb1pelourencinha\/wp-content\/uploads\/sites\/47\/2025\/01\/pexels-teresa-luis-602686124-18674711-scaled.jpg 2560w, https:\/\/escoladigital.madeira.gov.pt\/eb1pelourencinha\/wp-content\/uploads\/sites\/47\/2025\/01\/pexels-teresa-luis-602686124-18674711-300x200.jpg 300w, https:\/\/escoladigital.madeira.gov.pt\/eb1pelourencinha\/wp-content\/uploads\/sites\/47\/2025\/01\/pexels-teresa-luis-602686124-18674711-1024x683.jpg 1024w, https:\/\/escoladigital.madeira.gov.pt\/eb1pelourencinha\/wp-content\/uploads\/sites\/47\/2025\/01\/pexels-teresa-luis-602686124-18674711-768x512.jpg 768w, https:\/\/escoladigital.madeira.gov.pt\/eb1pelourencinha\/wp-content\/uploads\/sites\/47\/2025\/01\/pexels-teresa-luis-602686124-18674711-1536x1024.jpg 1536w, https:\/\/escoladigital.madeira.gov.pt\/eb1pelourencinha\/wp-content\/uploads\/sites\/47\/2025\/01\/pexels-teresa-luis-602686124-18674711-2048x1365.jpg 2048w\" sizes=\"(max-width: 2560px) 100vw, 2560px\" \/><\/p>\n<p style=\"text-align: center\"><strong>Vista da Ba\u00eda de C\u00e2mara de Lobos\u00a0<\/strong><\/p>\n<h4>\u00a0<\/h4>\n\n\n<p><\/p>\n\n\n\n<p><font><\/font><\/p>\n\n\n\n<p><font><\/font><\/p>\n\n\n\n<p><font><\/font><\/p>\n\n\n\n<p class=\"animated bounceInDown\"><font><\/font><\/p>\n\n\n\n<p><font><\/font><\/p>\n\n\n\n<p><font><\/font><\/p>\n\n\n\n<p><font><\/font><\/p>\n\n\n\n<p><font><\/font><\/p>\n\n\n\n<p><font><\/font><\/p>\n\n\n\n<p><font><\/font><\/p>\n\n\n\n<p><font><\/font><\/p>\n","protected":false},"excerpt":{"rendered":"<p>Escola B\u00e1sica do 1.\u00ba Ciclo com Pr\u00e9-Escolar da Lourencinha Hist\u00f3ria da Escola A primeira Escola Feminina foi a da &#8220;Lourencinha&#8221;. [&hellip;]<\/p>\n","protected":false},"author":63,"featured_media":0,"parent":0,"menu_order":0,"comment_status":"closed","ping_status":"closed","template":"","meta":{"site-sidebar-layout":"default","site-content-layout":"","ast-site-content-layout":"default","site-content-style":"default","site-sidebar-style":"default","ast-global-header-display":"","ast-banner-title-visibility":"","ast-main-header-display":"","ast-hfb-above-header-display":"","ast-hfb-below-header-display":"","ast-hfb-mobile-header-display":"","site-post-title":"","ast-breadcrumbs-content":"","ast-featured-img":"","footer-sml-layout":"","ast-disable-related-posts":"","theme-transparent-header-meta":"","adv-header-id-meta":"","stick-header-meta":"","header-above-stick-meta":"","header-main-stick-meta":"","header-below-stick-meta":"","astra-migrate-meta-layouts":"default","ast-page-background-enabled":"default","ast-page-background-meta":{"desktop":{"background-color":"var(--ast-global-color-5)","background-image":"","background-repeat":"repeat","background-position":"center center","background-size":"auto","background-attachment":"scroll","background-type":"","background-media":"","overlay-type":"","overlay-color":"","overlay-opacity":"","overlay-gradient":""},"tablet":{"background-color":"","background-image":"","background-repeat":"repeat","background-position":"center center","background-size":"auto","background-attachment":"scroll","background-type":"","background-media":"","overlay-type":"","overlay-color":"","overlay-opacity":"","overlay-gradient":""},"mobile":{"background-color":"","background-image":"","background-repeat":"repeat","background-position":"center center","background-size":"auto","background-attachment":"scroll","background-type":"","background-media":"","overlay-type":"","overlay-color":"","overlay-opacity":"","overlay-gradient":""}},"ast-content-background-meta":{"desktop":{"background-color":"var(--ast-global-color-4)","background-image":"","background-repeat":"repeat","background-position":"center center","background-size":"auto","background-attachment":"scroll","background-type":"","background-media":"","overlay-type":"","overlay-color":"","overlay-opacity":"","overlay-gradient":""},"tablet":{"background-color":"var(--ast-global-color-4)","background-image":"","background-repeat":"repeat","background-position":"center center","background-size":"auto","background-attachment":"scroll","background-type":"","background-media":"","overlay-type":"","overlay-color":"","overlay-opacity":"","overlay-gradient":""},"mobile":{"background-color":"var(--ast-global-color-4)","background-image":"","background-repeat":"repeat","background-position":"center center","background-size":"auto","background-attachment":"scroll","background-type":"","background-media":"","overlay-type":"","overlay-color":"","overlay-opacity":"","overlay-gradient":""}},"_themeisle_gutenberg_block_has_review":false,"footnotes":""},"class_list":["post-211","page","type-page","status-publish","hentry"],"_links":{"self":[{"href":"https:\/\/escoladigital.madeira.gov.pt\/eb1pelourencinha\/wp-json\/wp\/v2\/pages\/211","targetHints":{"allow":["GET"]}}],"collection":[{"href":"https:\/\/escoladigital.madeira.gov.pt\/eb1pelourencinha\/wp-json\/wp\/v2\/pages"}],"about":[{"href":"https:\/\/escoladigital.madeira.gov.pt\/eb1pelourencinha\/wp-json\/wp\/v2\/types\/page"}],"author":[{"embeddable":true,"href":"https:\/\/escoladigital.madeira.gov.pt\/eb1pelourencinha\/wp-json\/wp\/v2\/users\/63"}],"replies":[{"embeddable":true,"href":"https:\/\/escoladigital.madeira.gov.pt\/eb1pelourencinha\/wp-json\/wp\/v2\/comments?post=211"}],"version-history":[{"count":12,"href":"https:\/\/escoladigital.madeira.gov.pt\/eb1pelourencinha\/wp-json\/wp\/v2\/pages\/211\/revisions"}],"predecessor-version":[{"id":284,"href":"https:\/\/escoladigital.madeira.gov.pt\/eb1pelourencinha\/wp-json\/wp\/v2\/pages\/211\/revisions\/284"}],"wp:attachment":[{"href":"https:\/\/escoladigital.madeira.gov.pt\/eb1pelourencinha\/wp-json\/wp\/v2\/media?parent=211"}],"curies":[{"name":"wp","href":"https:\/\/api.w.org\/{rel}","templated":true}]}}