{"id":607,"date":"2025-02-11T21:53:04","date_gmt":"2025-02-11T21:53:04","guid":{"rendered":"https:\/\/escoladigital.madeira.gov.pt\/eb1pelourencinha\/?page_id=607"},"modified":"2026-01-26T10:20:46","modified_gmt":"2026-01-26T10:20:46","slug":"tic","status":"publish","type":"page","link":"https:\/\/escoladigital.madeira.gov.pt\/eb1pelourencinha\/tic\/","title":{"rendered":"TIC"},"content":{"rendered":"\n<h4 class=\"wp-block-heading has-text-align-center\"><strong>Curso Web <a href=\"https:\/\/code.org\/\">&nbsp;Code.org<\/a><\/strong><\/h4>\n\n\n\n<h5 class=\"wp-block-heading has-text-align-center\"><img decoding=\"async\" alt=\"\" src=\"http:\/\/escolas.madeira-edu.pt\/Providers\/HtmlEditorProviders\/Fck\/fckeditor\/editor\/images\/smiley\/msn\/regular_smile.gif\"><strong>Inicia sess\u00e3o<\/strong><strong>&nbsp;<\/strong><img decoding=\"async\" alt=\"\" src=\"http:\/\/escolas.madeira-edu.pt\/Providers\/HtmlEditorProviders\/Fck\/fckeditor\/editor\/images\/smiley\/msn\/lightbulb.gif\">&nbsp;<\/h5>\n\n\n\n<div class=\"wp-block-group alignfull is-layout-constrained wp-block-group-is-layout-constrained\">\n<div class=\"wp-block-columns is-layout-flex wp-container-core-columns-is-layout-28f84493 wp-block-columns-is-layout-flex\">\n<div class=\"wp-block-column is-layout-flow wp-block-column-is-layout-flow\" style=\"flex-basis:100%\">\n<div class=\"wp-block-group alignfull is-layout-grid wp-container-core-group-is-layout-478b6e6b wp-block-group-is-layout-grid\">\n<figure class=\"wp-block-image size-full\"><a href=\"https:\/\/studio.code.org\/sections\/RRJBWM\"><img decoding=\"async\" width=\"177\" height=\"177\" src=\"https:\/\/escoladigital.madeira.gov.pt\/eb1pelourencinha\/wp-content\/uploads\/sites\/47\/2025\/02\/code-1.png\" alt=\"\" class=\"wp-image-626\" srcset=\"https:\/\/escoladigital.madeira.gov.pt\/eb1pelourencinha\/wp-content\/uploads\/sites\/47\/2025\/02\/code-1.png 177w, https:\/\/escoladigital.madeira.gov.pt\/eb1pelourencinha\/wp-content\/uploads\/sites\/47\/2025\/02\/code-1-150x150.png 150w\" sizes=\"(max-width: 177px) 100vw, 177px\" \/><\/a><\/figure>\n\n\n\n<figure class=\"wp-block-image size-full\"><a href=\"https:\/\/studio.code.org\/sections\/TZWVYT\"><img decoding=\"async\" width=\"177\" height=\"177\" src=\"https:\/\/escoladigital.madeira.gov.pt\/eb1pelourencinha\/wp-content\/uploads\/sites\/47\/2025\/02\/code-5.png\" alt=\"\" class=\"wp-image-630\" srcset=\"https:\/\/escoladigital.madeira.gov.pt\/eb1pelourencinha\/wp-content\/uploads\/sites\/47\/2025\/02\/code-5.png 177w, https:\/\/escoladigital.madeira.gov.pt\/eb1pelourencinha\/wp-content\/uploads\/sites\/47\/2025\/02\/code-5-150x150.png 150w\" sizes=\"(max-width: 177px) 100vw, 177px\" \/><\/a><\/figure>\n\n\n\n<figure class=\"wp-block-image size-full\"><a href=\"https:\/\/studio.code.org\/sections\/LKFBCH\"><img decoding=\"async\" width=\"177\" height=\"177\" src=\"https:\/\/escoladigital.madeira.gov.pt\/eb1pelourencinha\/wp-content\/uploads\/sites\/47\/2025\/02\/code-2.png\" alt=\"\" class=\"wp-image-627\" srcset=\"https:\/\/escoladigital.madeira.gov.pt\/eb1pelourencinha\/wp-content\/uploads\/sites\/47\/2025\/02\/code-2.png 177w, https:\/\/escoladigital.madeira.gov.pt\/eb1pelourencinha\/wp-content\/uploads\/sites\/47\/2025\/02\/code-2-150x150.png 150w\" sizes=\"(max-width: 177px) 100vw, 177px\" \/><\/a><\/figure>\n\n\n\n<figure class=\"wp-block-image size-full\"><a href=\"https:\/\/studio.code.org\/sections\/MJSWBB\"><img loading=\"lazy\" decoding=\"async\" width=\"177\" height=\"177\" src=\"https:\/\/escoladigital.madeira.gov.pt\/eb1pelourencinha\/wp-content\/uploads\/sites\/47\/2025\/02\/code-6.png\" alt=\"\" class=\"wp-image-631\" srcset=\"https:\/\/escoladigital.madeira.gov.pt\/eb1pelourencinha\/wp-content\/uploads\/sites\/47\/2025\/02\/code-6.png 177w, https:\/\/escoladigital.madeira.gov.pt\/eb1pelourencinha\/wp-content\/uploads\/sites\/47\/2025\/02\/code-6-150x150.png 150w\" sizes=\"(max-width: 177px) 100vw, 177px\" \/><\/a><\/figure>\n\n\n\n<figure class=\"wp-block-image size-full\"><a href=\"https:\/\/studio.code.org\/sections\/XXXLRF\"><img loading=\"lazy\" decoding=\"async\" width=\"177\" height=\"177\" src=\"https:\/\/escoladigital.madeira.gov.pt\/eb1pelourencinha\/wp-content\/uploads\/sites\/47\/2025\/02\/code-3.png\" alt=\"\" class=\"wp-image-628\" srcset=\"https:\/\/escoladigital.madeira.gov.pt\/eb1pelourencinha\/wp-content\/uploads\/sites\/47\/2025\/02\/code-3.png 177w, https:\/\/escoladigital.madeira.gov.pt\/eb1pelourencinha\/wp-content\/uploads\/sites\/47\/2025\/02\/code-3-150x150.png 150w\" sizes=\"(max-width: 177px) 100vw, 177px\" \/><\/a><\/figure>\n\n\n\n<figure class=\"wp-block-image size-full\"><a href=\"https:\/\/studio.code.org\/sections\/YTGVZH\"><img loading=\"lazy\" decoding=\"async\" width=\"177\" height=\"177\" src=\"https:\/\/escoladigital.madeira.gov.pt\/eb1pelourencinha\/wp-content\/uploads\/sites\/47\/2025\/02\/code-7.png\" alt=\"\" class=\"wp-image-632\" srcset=\"https:\/\/escoladigital.madeira.gov.pt\/eb1pelourencinha\/wp-content\/uploads\/sites\/47\/2025\/02\/code-7.png 177w, https:\/\/escoladigital.madeira.gov.pt\/eb1pelourencinha\/wp-content\/uploads\/sites\/47\/2025\/02\/code-7-150x150.png 150w\" sizes=\"(max-width: 177px) 100vw, 177px\" \/><\/a><\/figure>\n\n\n\n<figure class=\"wp-block-image size-full\"><a href=\"https:\/\/studio.code.org\/sections\/XLTTLX\"><img loading=\"lazy\" decoding=\"async\" width=\"177\" height=\"177\" src=\"https:\/\/escoladigital.madeira.gov.pt\/eb1pelourencinha\/wp-content\/uploads\/sites\/47\/2025\/02\/code-4.png\" alt=\"\" class=\"wp-image-629\" srcset=\"https:\/\/escoladigital.madeira.gov.pt\/eb1pelourencinha\/wp-content\/uploads\/sites\/47\/2025\/02\/code-4.png 177w, https:\/\/escoladigital.madeira.gov.pt\/eb1pelourencinha\/wp-content\/uploads\/sites\/47\/2025\/02\/code-4-150x150.png 150w\" sizes=\"(max-width: 177px) 100vw, 177px\" \/><\/a><\/figure>\n\n\n\n<figure class=\"wp-block-image size-full\"><a href=\"https:\/\/studio.code.org\/sections\/NMDSHX\"><img loading=\"lazy\" decoding=\"async\" width=\"177\" height=\"177\" src=\"https:\/\/escoladigital.madeira.gov.pt\/eb1pelourencinha\/wp-content\/uploads\/sites\/47\/2025\/02\/code-8.png\" alt=\"\" class=\"wp-image-633\" srcset=\"https:\/\/escoladigital.madeira.gov.pt\/eb1pelourencinha\/wp-content\/uploads\/sites\/47\/2025\/02\/code-8.png 177w, https:\/\/escoladigital.madeira.gov.pt\/eb1pelourencinha\/wp-content\/uploads\/sites\/47\/2025\/02\/code-8-150x150.png 150w\" sizes=\"(max-width: 177px) 100vw, 177px\" \/><\/a><\/figure>\n<\/div>\n<\/div>\n<\/div>\n<\/div>\n\n\n\n<h5 class=\"wp-block-heading has-text-align-center\"><img decoding=\"async\" alt=\"\" src=\"http:\/\/escolas.madeira-edu.pt\/Providers\/HtmlEditorProviders\/Fck\/fckeditor\/editor\/images\/smiley\/msn\/thumbs_up.gif\">&nbsp;\u00c9 a Hora do C\u00f3digo!&nbsp;<img decoding=\"async\" alt=\"\" src=\"http:\/\/escolas.madeira-edu.pt\/Providers\/HtmlEditorProviders\/Fck\/fckeditor\/editor\/images\/smiley\/msn\/wink_smile.gif\"><\/h5>\n\n\n\n<hr class=\"wp-block-separator has-alpha-channel-opacity is-style-wide\" \/>\n\n\n\n<h2 class=\"wp-block-heading has-text-align-center\">Diploma de Compet\u00eancias B\u00e1sicas em Tecnologias da Informa\u00e7\u00e3o<\/h2>\n\n\n\n<figure class=\"wp-block-image aligncenter size-large is-resized\"><img loading=\"lazy\" decoding=\"async\" width=\"1024\" height=\"380\" src=\"https:\/\/escoladigital.madeira.gov.pt\/eb1pelourencinha\/wp-content\/uploads\/sites\/47\/2025\/02\/dcb_1-1024x380.jpg\" alt=\"\" class=\"wp-image-640\" style=\"width:304px;height:auto\" srcset=\"https:\/\/escoladigital.madeira.gov.pt\/eb1pelourencinha\/wp-content\/uploads\/sites\/47\/2025\/02\/dcb_1-1024x380.jpg 1024w, https:\/\/escoladigital.madeira.gov.pt\/eb1pelourencinha\/wp-content\/uploads\/sites\/47\/2025\/02\/dcb_1-300x111.jpg 300w, https:\/\/escoladigital.madeira.gov.pt\/eb1pelourencinha\/wp-content\/uploads\/sites\/47\/2025\/02\/dcb_1-768x285.jpg 768w, https:\/\/escoladigital.madeira.gov.pt\/eb1pelourencinha\/wp-content\/uploads\/sites\/47\/2025\/02\/dcb_1-1536x569.jpg 1536w, https:\/\/escoladigital.madeira.gov.pt\/eb1pelourencinha\/wp-content\/uploads\/sites\/47\/2025\/02\/dcb_1.jpg 1654w\" sizes=\"(max-width: 1024px) 100vw, 1024px\" \/><\/figure>\n\n\n\n<p>Criado pelo Decreto-lei n\u00ba 140\/2001, de 24 de Abril, o Diploma de Compet\u00eancias B\u00e1sicas em Tecnologias da Informa\u00e7\u00e3o (TI) possibilita a qualquer cidad\u00e3o o reconhecimento e certifica\u00e7\u00e3o das suas compet\u00eancias b\u00e1sicas em TI.<\/p>\n\n\n\n<p>\u00c9 imprescind\u00edvel que qualquer cidad\u00e3o adquira, logo a partir do Ensino B\u00e1sico, um conjunto de compet\u00eancias b\u00e1sicas em tecnologias da informa\u00e7\u00e3o como instrumento de combate \u00e0 info-exclus\u00e3o.<\/p>\n\n\n\n<p>A cria\u00e7\u00e3o deste diploma teve por finalidade a massifica\u00e7\u00e3o das Tecnologias da Informa\u00e7\u00e3o e Comunica\u00e7\u00e3o e da Internet, tendo por base um sistema de reconhecimento e valida\u00e7\u00e3o formal de compet\u00eancias por toda a sociedade a partir dos primeiros anos de escolaridade.<br>Na Regi\u00e3o Aut\u00f3noma da Madeira foi lan\u00e7ado por iniciativa da Dire\u00e7\u00e3o Regional de Educa\u00e7\u00e3o, atrav\u00e9s da Dire\u00e7\u00e3o de Servi\u00e7os de Investiga\u00e7\u00e3o, Forma\u00e7\u00e3o e Inova\u00e7\u00e3o Educacional, entidade acreditada como institui\u00e7\u00e3o de certifica\u00e7\u00e3o, um projeto com vista \u00e0 promo\u00e7\u00e3o a valida\u00e7\u00e3o de compet\u00eancias b\u00e1sicas em TI nas escolas, de forma a preparar, de forma controlada e avaliada, o processo de reconhecimento destas compet\u00eancias no quadro do sistema nacional.<\/p>\n\n\n\n<p>A certifica\u00e7\u00e3o de Compet\u00eancias B\u00e1sicas em Tecnologias de Informa\u00e7\u00e3o destina-se a dotar todos os alunos do 4\u00ba ano do 1\u00ba Ciclo, alunos dos 2\u00ba e 3\u00ba Ciclos do Ensino B\u00e1sico e do Ensino Secund\u00e1rio e outros agentes da comunidade educativa da RAM com as compet\u00eancias b\u00e1sicas em TI.<br>A obten\u00e7\u00e3o do DCB est\u00e1 sujeita a aprova\u00e7\u00e3o numa prova pr\u00e1tica, com a dura\u00e7\u00e3o m\u00e1xima de sessenta minutos e \u00e0 qual qualquer cidad\u00e3o pode candidatar-se.<br>A prova pr\u00e1tica de desempenho associada \u00e0 verifica\u00e7\u00e3o das tarefas exigidas \u00e9 acompanhada e monitorizada pelo Coordenador TIC do respetivo estabelecimento de ensino.<\/p>\n\n\n\n<p>A avalia\u00e7\u00e3o do exame tem como prop\u00f3sito averiguar o dom\u00ednio por parte do candidato das seguintes compet\u00eancias:<\/p>\n\n\n\n<p>Escrever, imprimir e guardar um texto;<br>Pesquisar informa\u00e7\u00e3o na Internet;<br>Receber e enviar uma mensagem de correio eletr\u00f3nico;<br>Criar e nomear uma pasta;<br>Digitar e gravar um texto;<br>Aceder \u00e0 World Wide Web;<br>Entrar num motor de busca;<br>Pesquisar sobre um tema dado e imprimir p\u00e1ginas;<br>Entrar na caixa de correio eletr\u00f3nico;<br>Ler uma mensagem de correio eletr\u00f3nico;<br>Enviar uma mensagem, anexando um ficheiro.<\/p>\n\n\n\n<p><br>Esta certifica\u00e7\u00e3o nas escolas \u00e9 da responsabilidade do Coordenador TIC.<\/p>\n\n\n\n<hr class=\"wp-block-separator has-alpha-channel-opacity is-style-wide\" \/>\n\n\n\n<h5 class=\"wp-block-heading\">Semana Europeia da Programa\u00e7\u00e3o 2025<\/h5>\n\n\n\n<p>No dia 30 de outubro de 2025, o diretor da escola entregou aos alunos das turmas dos 3.\u00ba e 4.\u00ba anos de escolaridade os certificados de participa\u00e7\u00e3o na Semana Europeia da Programa\u00e7\u00e3o. Muitos parab\u00e9ns a todos!<\/p>\n\n\n\n<figure class=\"wp-block-gallery has-nested-images columns-default is-cropped wp-block-gallery-1 is-layout-flex wp-block-gallery-is-layout-flex\">\n<figure class=\"wp-block-image size-large\"><img loading=\"lazy\" decoding=\"async\" width=\"1024\" height=\"473\" data-id=\"1347\" src=\"https:\/\/escoladigital.madeira.gov.pt\/eb1pelourencinha\/wp-content\/uploads\/sites\/47\/2026\/01\/20251030_093822-1024x473.jpg\" alt=\"\" class=\"wp-image-1347\" srcset=\"https:\/\/escoladigital.madeira.gov.pt\/eb1pelourencinha\/wp-content\/uploads\/sites\/47\/2026\/01\/20251030_093822-1024x473.jpg 1024w, https:\/\/escoladigital.madeira.gov.pt\/eb1pelourencinha\/wp-content\/uploads\/sites\/47\/2026\/01\/20251030_093822-300x139.jpg 300w, https:\/\/escoladigital.madeira.gov.pt\/eb1pelourencinha\/wp-content\/uploads\/sites\/47\/2026\/01\/20251030_093822-768x355.jpg 768w, https:\/\/escoladigital.madeira.gov.pt\/eb1pelourencinha\/wp-content\/uploads\/sites\/47\/2026\/01\/20251030_093822-1536x710.jpg 1536w, https:\/\/escoladigital.madeira.gov.pt\/eb1pelourencinha\/wp-content\/uploads\/sites\/47\/2026\/01\/20251030_093822-2048x946.jpg 2048w\" sizes=\"(max-width: 1024px) 100vw, 1024px\" \/><\/figure>\n\n\n\n<figure class=\"wp-block-image size-large\"><img loading=\"lazy\" decoding=\"async\" width=\"1024\" height=\"473\" data-id=\"1348\" src=\"https:\/\/escoladigital.madeira.gov.pt\/eb1pelourencinha\/wp-content\/uploads\/sites\/47\/2026\/01\/20251030_094113-1024x473.jpg\" alt=\"\" class=\"wp-image-1348\" srcset=\"https:\/\/escoladigital.madeira.gov.pt\/eb1pelourencinha\/wp-content\/uploads\/sites\/47\/2026\/01\/20251030_094113-1024x473.jpg 1024w, https:\/\/escoladigital.madeira.gov.pt\/eb1pelourencinha\/wp-content\/uploads\/sites\/47\/2026\/01\/20251030_094113-300x139.jpg 300w, https:\/\/escoladigital.madeira.gov.pt\/eb1pelourencinha\/wp-content\/uploads\/sites\/47\/2026\/01\/20251030_094113-768x355.jpg 768w, https:\/\/escoladigital.madeira.gov.pt\/eb1pelourencinha\/wp-content\/uploads\/sites\/47\/2026\/01\/20251030_094113-1536x710.jpg 1536w, https:\/\/escoladigital.madeira.gov.pt\/eb1pelourencinha\/wp-content\/uploads\/sites\/47\/2026\/01\/20251030_094113-2048x946.jpg 2048w\" sizes=\"(max-width: 1024px) 100vw, 1024px\" \/><\/figure>\n\n\n\n<figure class=\"wp-block-image size-large\"><img loading=\"lazy\" decoding=\"async\" width=\"1024\" height=\"473\" data-id=\"1349\" src=\"https:\/\/escoladigital.madeira.gov.pt\/eb1pelourencinha\/wp-content\/uploads\/sites\/47\/2026\/01\/20251030_094406-1024x473.jpg\" alt=\"\" class=\"wp-image-1349\" srcset=\"https:\/\/escoladigital.madeira.gov.pt\/eb1pelourencinha\/wp-content\/uploads\/sites\/47\/2026\/01\/20251030_094406-1024x473.jpg 1024w, https:\/\/escoladigital.madeira.gov.pt\/eb1pelourencinha\/wp-content\/uploads\/sites\/47\/2026\/01\/20251030_094406-300x139.jpg 300w, https:\/\/escoladigital.madeira.gov.pt\/eb1pelourencinha\/wp-content\/uploads\/sites\/47\/2026\/01\/20251030_094406-768x355.jpg 768w, https:\/\/escoladigital.madeira.gov.pt\/eb1pelourencinha\/wp-content\/uploads\/sites\/47\/2026\/01\/20251030_094406-1536x710.jpg 1536w, https:\/\/escoladigital.madeira.gov.pt\/eb1pelourencinha\/wp-content\/uploads\/sites\/47\/2026\/01\/20251030_094406-2048x946.jpg 2048w\" sizes=\"(max-width: 1024px) 100vw, 1024px\" \/><\/figure>\n\n\n\n<figure class=\"wp-block-image size-large\"><img loading=\"lazy\" decoding=\"async\" width=\"1024\" height=\"473\" data-id=\"1350\" src=\"https:\/\/escoladigital.madeira.gov.pt\/eb1pelourencinha\/wp-content\/uploads\/sites\/47\/2026\/01\/20251030_094813-1024x473.jpg\" alt=\"\" class=\"wp-image-1350\" srcset=\"https:\/\/escoladigital.madeira.gov.pt\/eb1pelourencinha\/wp-content\/uploads\/sites\/47\/2026\/01\/20251030_094813-1024x473.jpg 1024w, https:\/\/escoladigital.madeira.gov.pt\/eb1pelourencinha\/wp-content\/uploads\/sites\/47\/2026\/01\/20251030_094813-300x139.jpg 300w, https:\/\/escoladigital.madeira.gov.pt\/eb1pelourencinha\/wp-content\/uploads\/sites\/47\/2026\/01\/20251030_094813-768x355.jpg 768w, https:\/\/escoladigital.madeira.gov.pt\/eb1pelourencinha\/wp-content\/uploads\/sites\/47\/2026\/01\/20251030_094813-1536x710.jpg 1536w, https:\/\/escoladigital.madeira.gov.pt\/eb1pelourencinha\/wp-content\/uploads\/sites\/47\/2026\/01\/20251030_094813-2048x946.jpg 2048w\" sizes=\"(max-width: 1024px) 100vw, 1024px\" \/><\/figure>\n<\/figure>\n\n\n\n<p><\/p>\n","protected":false},"excerpt":{"rendered":"<p>Curso Web &nbsp;Code.org Inicia sess\u00e3o&nbsp;&nbsp; &nbsp;\u00c9 a Hora do C\u00f3digo!&nbsp; Diploma de Compet\u00eancias B\u00e1sicas em Tecnologias da Informa\u00e7\u00e3o Criado pelo [&hellip;]<\/p>\n","protected":false},"author":63,"featured_media":0,"parent":0,"menu_order":0,"comment_status":"closed","ping_status":"closed","template":"","meta":{"site-sidebar-layout":"default","site-content-layout":"","ast-site-content-layout":"default","site-content-style":"default","site-sidebar-style":"default","ast-global-header-display":"","ast-banner-title-visibility":"","ast-main-header-display":"","ast-hfb-above-header-display":"","ast-hfb-below-header-display":"","ast-hfb-mobile-header-display":"","site-post-title":"","ast-breadcrumbs-content":"","ast-featured-img":"","footer-sml-layout":"","ast-disable-related-posts":"","theme-transparent-header-meta":"","adv-header-id-meta":"","stick-header-meta":"","header-above-stick-meta":"","header-main-stick-meta":"","header-below-stick-meta":"","astra-migrate-meta-layouts":"default","ast-page-background-enabled":"default","ast-page-background-meta":{"desktop":{"background-color":"var(--ast-global-color-5)","background-image":"","background-repeat":"repeat","background-position":"center center","background-size":"auto","background-attachment":"scroll","background-type":"","background-media":"","overlay-type":"","overlay-color":"","overlay-opacity":"","overlay-gradient":""},"tablet":{"background-color":"","background-image":"","background-repeat":"repeat","background-position":"center center","background-size":"auto","background-attachment":"scroll","background-type":"","background-media":"","overlay-type":"","overlay-color":"","overlay-opacity":"","overlay-gradient":""},"mobile":{"background-color":"","background-image":"","background-repeat":"repeat","background-position":"center center","background-size":"auto","background-attachment":"scroll","background-type":"","background-media":"","overlay-type":"","overlay-color":"","overlay-opacity":"","overlay-gradient":""}},"ast-content-background-meta":{"desktop":{"background-color":"var(--ast-global-color-4)","background-image":"","background-repeat":"repeat","background-position":"center center","background-size":"auto","background-attachment":"scroll","background-type":"","background-media":"","overlay-type":"","overlay-color":"","overlay-opacity":"","overlay-gradient":""},"tablet":{"background-color":"var(--ast-global-color-4)","background-image":"","background-repeat":"repeat","background-position":"center center","background-size":"auto","background-attachment":"scroll","background-type":"","background-media":"","overlay-type":"","overlay-color":"","overlay-opacity":"","overlay-gradient":""},"mobile":{"background-color":"var(--ast-global-color-4)","background-image":"","background-repeat":"repeat","background-position":"center center","background-size":"auto","background-attachment":"scroll","background-type":"","background-media":"","overlay-type":"","overlay-color":"","overlay-opacity":"","overlay-gradient":""}},"_themeisle_gutenberg_block_has_review":false,"footnotes":""},"class_list":["post-607","page","type-page","status-publish","hentry"],"_links":{"self":[{"href":"https:\/\/escoladigital.madeira.gov.pt\/eb1pelourencinha\/wp-json\/wp\/v2\/pages\/607","targetHints":{"allow":["GET"]}}],"collection":[{"href":"https:\/\/escoladigital.madeira.gov.pt\/eb1pelourencinha\/wp-json\/wp\/v2\/pages"}],"about":[{"href":"https:\/\/escoladigital.madeira.gov.pt\/eb1pelourencinha\/wp-json\/wp\/v2\/types\/page"}],"author":[{"embeddable":true,"href":"https:\/\/escoladigital.madeira.gov.pt\/eb1pelourencinha\/wp-json\/wp\/v2\/users\/63"}],"replies":[{"embeddable":true,"href":"https:\/\/escoladigital.madeira.gov.pt\/eb1pelourencinha\/wp-json\/wp\/v2\/comments?post=607"}],"version-history":[{"count":11,"href":"https:\/\/escoladigital.madeira.gov.pt\/eb1pelourencinha\/wp-json\/wp\/v2\/pages\/607\/revisions"}],"predecessor-version":[{"id":1352,"href":"https:\/\/escoladigital.madeira.gov.pt\/eb1pelourencinha\/wp-json\/wp\/v2\/pages\/607\/revisions\/1352"}],"wp:attachment":[{"href":"https:\/\/escoladigital.madeira.gov.pt\/eb1pelourencinha\/wp-json\/wp\/v2\/media?parent=607"}],"curies":[{"name":"wp","href":"https:\/\/api.w.org\/{rel}","templated":true}]}}