{"id":609,"date":"2025-02-11T21:53:47","date_gmt":"2025-02-11T21:53:47","guid":{"rendered":"https:\/\/escoladigital.madeira.gov.pt\/eb1pelourencinha\/?page_id=609"},"modified":"2026-01-05T09:55:18","modified_gmt":"2026-01-05T09:55:18","slug":"expressao-musical-e-dramatica","status":"publish","type":"page","link":"https:\/\/escoladigital.madeira.gov.pt\/eb1pelourencinha\/expressao-musical-e-dramatica\/","title":{"rendered":"Express\u00e3o Musical e Dram\u00e1tica"},"content":{"rendered":"<p>\n\n\n<h3 class=\"wp-block-heading\">Festa de Natal 2025<\/h3>\n\n\n\n<p>No dia16 de dezembro de 2025 a nossa escola realizou a tradicional Festa de Natal, orientada pelo professor de Express\u00e3o Musical e Dram\u00e1tica Fernando Pires, onde as nossas crian\u00e7as comemoraram com muita emo\u00e7\u00e3o e alegria esta data festiva.<br>A EB1\/PE Lourencinha deseja um Feliz Natal \u00e0 comunidade escolar!<\/p>\n\n\n\n<iframe src=\"https:\/\/www.facebook.com\/plugins\/video.php?height=314&amp;href=https%3A%2F%2Fwww.facebook.com%2Freel%2F4235065290147085%2F&amp;show_text=false&amp;width=560&amp;t=0\" width=\"1920\" height=\"1080\" style=\"border:none;overflow:hidden\" scrolling=\"no\" frameborder=\"0\" allowfullscreen=\"true\" allow=\"autoplay; clipboard-write; encrypted-media; picture-in-picture; web-share\" allowFullScreen=\"true\"><\/iframe>\n\n\n\n<div id=\"wp-block-themeisle-blocks-slider-ff5a8b7c\" class=\"wp-block-themeisle-blocks-slider glide\" data-per-view=\"1\" data-gap=\"0\" data-peek=\"0\" data-autoplay=\"true\" data-height=\"400px\" data-hide-arrows=\"false\"><div class=\"glide__track\" data-glide-el=\"track\"><div class=\"glide__slides\"><div class=\"wp-block-themeisle-blocks-slider-item-wrapper glide__slide\"><figure><img decoding=\"async\" class=\"wp-block-themeisle-blocks-slider-item\" src=\"https:\/\/escoladigital.madeira.gov.pt\/eb1pelourencinha\/wp-content\/uploads\/sites\/47\/2026\/01\/IMG-20251216-WA0036.jpg\" alt=\"\" title=\"\" data-id=\"1280\" \/><\/figure><\/div><div class=\"wp-block-themeisle-blocks-slider-item-wrapper glide__slide\"><figure><img decoding=\"async\" class=\"wp-block-themeisle-blocks-slider-item\" src=\"https:\/\/escoladigital.madeira.gov.pt\/eb1pelourencinha\/wp-content\/uploads\/sites\/47\/2026\/01\/IMG-20251216-WA0035.jpg\" alt=\"\" title=\"\" data-id=\"1279\" \/><\/figure><\/div><div class=\"wp-block-themeisle-blocks-slider-item-wrapper glide__slide\"><figure><img decoding=\"async\" class=\"wp-block-themeisle-blocks-slider-item\" src=\"https:\/\/escoladigital.madeira.gov.pt\/eb1pelourencinha\/wp-content\/uploads\/sites\/47\/2026\/01\/IMG-20251216-WA0034.jpg\" alt=\"\" title=\"\" data-id=\"1278\" \/><\/figure><\/div><div class=\"wp-block-themeisle-blocks-slider-item-wrapper glide__slide\"><figure><img decoding=\"async\" class=\"wp-block-themeisle-blocks-slider-item\" src=\"https:\/\/escoladigital.madeira.gov.pt\/eb1pelourencinha\/wp-content\/uploads\/sites\/47\/2026\/01\/IMG-20251216-WA0032.jpg\" alt=\"\" title=\"\" data-id=\"1277\" \/><\/figure><\/div><div class=\"wp-block-themeisle-blocks-slider-item-wrapper glide__slide\"><figure><img decoding=\"async\" class=\"wp-block-themeisle-blocks-slider-item\" src=\"https:\/\/escoladigital.madeira.gov.pt\/eb1pelourencinha\/wp-content\/uploads\/sites\/47\/2026\/01\/IMG-20251216-WA0030.jpg\" alt=\"\" title=\"\" data-id=\"1276\" \/><\/figure><\/div><div class=\"wp-block-themeisle-blocks-slider-item-wrapper glide__slide\"><figure><img decoding=\"async\" class=\"wp-block-themeisle-blocks-slider-item\" src=\"https:\/\/escoladigital.madeira.gov.pt\/eb1pelourencinha\/wp-content\/uploads\/sites\/47\/2026\/01\/IMG-20251216-WA0029.jpg\" alt=\"\" title=\"\" data-id=\"1275\" \/><\/figure><\/div><div class=\"wp-block-themeisle-blocks-slider-item-wrapper glide__slide\"><figure><img decoding=\"async\" class=\"wp-block-themeisle-blocks-slider-item\" src=\"https:\/\/escoladigital.madeira.gov.pt\/eb1pelourencinha\/wp-content\/uploads\/sites\/47\/2026\/01\/IMG-20251216-WA0028.jpg\" alt=\"\" title=\"\" data-id=\"1274\" \/><\/figure><\/div><div class=\"wp-block-themeisle-blocks-slider-item-wrapper glide__slide\"><figure><img decoding=\"async\" class=\"wp-block-themeisle-blocks-slider-item\" src=\"https:\/\/escoladigital.madeira.gov.pt\/eb1pelourencinha\/wp-content\/uploads\/sites\/47\/2026\/01\/IMG-20251216-WA0022.jpg\" alt=\"\" title=\"\" data-id=\"1273\" \/><\/figure><\/div><div class=\"wp-block-themeisle-blocks-slider-item-wrapper glide__slide\"><figure><img decoding=\"async\" class=\"wp-block-themeisle-blocks-slider-item\" src=\"https:\/\/escoladigital.madeira.gov.pt\/eb1pelourencinha\/wp-content\/uploads\/sites\/47\/2026\/01\/IMG-20251216-WA0015.jpg\" alt=\"\" title=\"\" data-id=\"1272\" \/><\/figure><\/div><div class=\"wp-block-themeisle-blocks-slider-item-wrapper glide__slide\"><figure><img decoding=\"async\" class=\"wp-block-themeisle-blocks-slider-item\" src=\"https:\/\/escoladigital.madeira.gov.pt\/eb1pelourencinha\/wp-content\/uploads\/sites\/47\/2026\/01\/IMG-20251216-WA0013.jpg\" alt=\"\" title=\"\" data-id=\"1271\" \/><\/figure><\/div><div class=\"wp-block-themeisle-blocks-slider-item-wrapper glide__slide\"><figure><img decoding=\"async\" class=\"wp-block-themeisle-blocks-slider-item\" src=\"https:\/\/escoladigital.madeira.gov.pt\/eb1pelourencinha\/wp-content\/uploads\/sites\/47\/2026\/01\/IMG-20251216-WA0012.jpg\" alt=\"\" title=\"\" data-id=\"1270\" \/><\/figure><\/div><div class=\"wp-block-themeisle-blocks-slider-item-wrapper glide__slide\"><figure><img decoding=\"async\" class=\"wp-block-themeisle-blocks-slider-item\" src=\"https:\/\/escoladigital.madeira.gov.pt\/eb1pelourencinha\/wp-content\/uploads\/sites\/47\/2026\/01\/IMG-20251216-WA0007.jpg\" alt=\"\" title=\"\" data-id=\"1269\" \/><\/figure><\/div><div class=\"wp-block-themeisle-blocks-slider-item-wrapper glide__slide\"><figure><img decoding=\"async\" class=\"wp-block-themeisle-blocks-slider-item\" src=\"https:\/\/escoladigital.madeira.gov.pt\/eb1pelourencinha\/wp-content\/uploads\/sites\/47\/2026\/01\/IMG-20251216-WA0004.jpg\" alt=\"\" title=\"\" data-id=\"1268\" \/><\/figure><\/div><div class=\"wp-block-themeisle-blocks-slider-item-wrapper glide__slide\"><figure><img decoding=\"async\" class=\"wp-block-themeisle-blocks-slider-item\" src=\"https:\/\/escoladigital.madeira.gov.pt\/eb1pelourencinha\/wp-content\/uploads\/sites\/47\/2026\/01\/IMG-20251216-WA0000.jpg\" alt=\"\" title=\"\" data-id=\"1266\" \/><\/figure><\/div><div class=\"wp-block-themeisle-blocks-slider-item-wrapper glide__slide\"><figure><img decoding=\"async\" class=\"wp-block-themeisle-blocks-slider-item\" src=\"https:\/\/escoladigital.madeira.gov.pt\/eb1pelourencinha\/wp-content\/uploads\/sites\/47\/2026\/01\/IMG-20251216-WA0002.jpg\" alt=\"\" title=\"\" data-id=\"1267\" \/><\/figure><\/div><\/div><div class=\"glide__bullets\" data-glide-el=\"controls[nav]\"><button class=\"glide__bullet\" data-glide-dir=\"=0\"><\/button><button class=\"glide__bullet\" data-glide-dir=\"=1\"><\/button><button class=\"glide__bullet\" data-glide-dir=\"=2\"><\/button><button class=\"glide__bullet\" data-glide-dir=\"=3\"><\/button><button class=\"glide__bullet\" data-glide-dir=\"=4\"><\/button><button class=\"glide__bullet\" data-glide-dir=\"=5\"><\/button><button class=\"glide__bullet\" data-glide-dir=\"=6\"><\/button><button class=\"glide__bullet\" data-glide-dir=\"=7\"><\/button><button class=\"glide__bullet\" data-glide-dir=\"=8\"><\/button><button class=\"glide__bullet\" data-glide-dir=\"=9\"><\/button><button class=\"glide__bullet\" data-glide-dir=\"=10\"><\/button><button class=\"glide__bullet\" data-glide-dir=\"=11\"><\/button><button class=\"glide__bullet\" data-glide-dir=\"=12\"><\/button><button class=\"glide__bullet\" data-glide-dir=\"=13\"><\/button><button class=\"glide__bullet\" data-glide-dir=\"=14\"><\/button><\/div><\/div><\/div>\n\n\n\n<hr class=\"wp-block-separator has-alpha-channel-opacity\" \/>\n\n\n\n<\/p>\n<p><iframe style=\"border: none;overflow: hidden\" src=\"https:\/\/www.facebook.com\/plugins\/video.php?height=314&amp;href=https%3A%2F%2Fwww.facebook.com%2F100071817295514%2Fvideos%2F1104328477537525%2F&amp;show_text=false&amp;width=560&amp;t=0\" width=\"1920\" height=\"1080\" frameborder=\"0\" scrolling=\"no\" allowfullscreen=\"allowfullscreen\"><\/iframe> <iframe style=\"border: none;overflow: hidden\" src=\"https:\/\/www.facebook.com\/plugins\/video.php?height=314&amp;href=https%3A%2F%2Fwww.facebook.com%2F100071817295514%2Fvideos%2F603462492063309%2F&amp;show_text=false&amp;width=560&amp;t=0\" width=\"1920\" height=\"1080\" frameborder=\"0\" scrolling=\"no\" allowfullscreen=\"allowfullscreen\"><\/iframe> <iframe style=\"border: none;overflow: hidden\" src=\"https:\/\/www.facebook.com\/plugins\/video.php?height=314&amp;href=https%3A%2F%2Fwww.facebook.com%2Fdseaeducacaoartistica%2Fvideos%2F931367989190922%2F&amp;show_text=true&amp;width=560&amp;t=0\" width=\"1920\" height=\"1080\" frameborder=\"0\" scrolling=\"no\" allowfullscreen=\"allowfullscreen\"><\/iframe><\/p>\n<p>\n\n\n\n\n\n\n\n\n\n<p><\/p>\n","protected":false},"excerpt":{"rendered":"<p>Festa de Natal 2025 No dia16 de dezembro de 2025 a nossa escola realizou a tradicional Festa de Natal, orientada [&hellip;]<\/p>\n","protected":false},"author":63,"featured_media":0,"parent":0,"menu_order":0,"comment_status":"closed","ping_status":"closed","template":"","meta":{"site-sidebar-layout":"default","site-content-layout":"","ast-site-content-layout":"default","site-content-style":"default","site-sidebar-style":"default","ast-global-header-display":"","ast-banner-title-visibility":"","ast-main-header-display":"","ast-hfb-above-header-display":"","ast-hfb-below-header-display":"","ast-hfb-mobile-header-display":"","site-post-title":"","ast-breadcrumbs-content":"","ast-featured-img":"","footer-sml-layout":"","ast-disable-related-posts":"","theme-transparent-header-meta":"","adv-header-id-meta":"","stick-header-meta":"","header-above-stick-meta":"","header-main-stick-meta":"","header-below-stick-meta":"","astra-migrate-meta-layouts":"default","ast-page-background-enabled":"default","ast-page-background-meta":{"desktop":{"background-color":"var(--ast-global-color-5)","background-image":"","background-repeat":"repeat","background-position":"center center","background-size":"auto","background-attachment":"scroll","background-type":"","background-media":"","overlay-type":"","overlay-color":"","overlay-opacity":"","overlay-gradient":""},"tablet":{"background-color":"","background-image":"","background-repeat":"repeat","background-position":"center center","background-size":"auto","background-attachment":"scroll","background-type":"","background-media":"","overlay-type":"","overlay-color":"","overlay-opacity":"","overlay-gradient":""},"mobile":{"background-color":"","background-image":"","background-repeat":"repeat","background-position":"center center","background-size":"auto","background-attachment":"scroll","background-type":"","background-media":"","overlay-type":"","overlay-color":"","overlay-opacity":"","overlay-gradient":""}},"ast-content-background-meta":{"desktop":{"background-color":"var(--ast-global-color-4)","background-image":"","background-repeat":"repeat","background-position":"center center","background-size":"auto","background-attachment":"scroll","background-type":"","background-media":"","overlay-type":"","overlay-color":"","overlay-opacity":"","overlay-gradient":""},"tablet":{"background-color":"var(--ast-global-color-4)","background-image":"","background-repeat":"repeat","background-position":"center center","background-size":"auto","background-attachment":"scroll","background-type":"","background-media":"","overlay-type":"","overlay-color":"","overlay-opacity":"","overlay-gradient":""},"mobile":{"background-color":"var(--ast-global-color-4)","background-image":"","background-repeat":"repeat","background-position":"center center","background-size":"auto","background-attachment":"scroll","background-type":"","background-media":"","overlay-type":"","overlay-color":"","overlay-opacity":"","overlay-gradient":""}},"_themeisle_gutenberg_block_has_review":false,"footnotes":""},"class_list":["post-609","page","type-page","status-publish","hentry"],"_links":{"self":[{"href":"https:\/\/escoladigital.madeira.gov.pt\/eb1pelourencinha\/wp-json\/wp\/v2\/pages\/609","targetHints":{"allow":["GET"]}}],"collection":[{"href":"https:\/\/escoladigital.madeira.gov.pt\/eb1pelourencinha\/wp-json\/wp\/v2\/pages"}],"about":[{"href":"https:\/\/escoladigital.madeira.gov.pt\/eb1pelourencinha\/wp-json\/wp\/v2\/types\/page"}],"author":[{"embeddable":true,"href":"https:\/\/escoladigital.madeira.gov.pt\/eb1pelourencinha\/wp-json\/wp\/v2\/users\/63"}],"replies":[{"embeddable":true,"href":"https:\/\/escoladigital.madeira.gov.pt\/eb1pelourencinha\/wp-json\/wp\/v2\/comments?post=609"}],"version-history":[{"count":40,"href":"https:\/\/escoladigital.madeira.gov.pt\/eb1pelourencinha\/wp-json\/wp\/v2\/pages\/609\/revisions"}],"predecessor-version":[{"id":1290,"href":"https:\/\/escoladigital.madeira.gov.pt\/eb1pelourencinha\/wp-json\/wp\/v2\/pages\/609\/revisions\/1290"}],"wp:attachment":[{"href":"https:\/\/escoladigital.madeira.gov.pt\/eb1pelourencinha\/wp-json\/wp\/v2\/media?parent=609"}],"curies":[{"name":"wp","href":"https:\/\/api.w.org\/{rel}","templated":true}]}}