{"id":613,"date":"2025-02-11T21:55:02","date_gmt":"2025-02-11T21:55:02","guid":{"rendered":"https:\/\/escoladigital.madeira.gov.pt\/eb1pelourencinha\/?page_id=613"},"modified":"2026-01-05T18:08:38","modified_gmt":"2026-01-05T18:08:38","slug":"ingles","status":"publish","type":"page","link":"https:\/\/escoladigital.madeira.gov.pt\/eb1pelourencinha\/ingles\/","title":{"rendered":"Ingl\u00eas"},"content":{"rendered":"\n<h5 class=\"wp-block-heading\">Happy Halloween 2025<\/h5>\n\n\n\n<p>Com o intuito de dar a conhecer os costumes e tradi\u00e7\u00f5es de outras culturas e sensibilizar para a reutiliza\u00e7\u00e3o de materiais, durante o m\u00eas de outubro, foi pedido aos alunos do Pr\u00e9-escolar e do 1\u00ba Ciclo que, em conjunto com os seus pais\/encarregados de educa\u00e7\u00e3o, constru\u00edssem monstros, fantasmas, ab\u00f3boras, entre outros, relacionados com o Halloween. Os trabalhos est\u00e3o muito giros.<br>Obrigado a todos!<br>Halloween is a holiday celebrated each year on October 31, and Halloween 2025 will occur on Friday, October 31. The tradition originated with the ancient Celtic festival of Samhain, when people would light bonfires and wear costumes to ward off ghosts. In the 8th century, Pope Gregory III designated November 1 as a time to honor all saints. Soon, All Saints Day incorporated some of the traditions of Samhain. The evening before was known as All Hallows Eve, and later Halloween. Over time, Halloween evolved into a day of activities like trick-or-treating, carving jack-o-lanterns, festive gatherings, donning costumes and eating treats.<br>In: https:\/\/www.history.com\/topi\u2026\/halloween\/history-of-halloween<\/p>\n\n\n\n<hr class=\"wp-block-separator has-alpha-channel-opacity is-style-wide\" \/>\n\n\n\n<figure class=\"wp-block-image aligncenter size-large\"><a href=\"https:\/\/www.facebook.com\/reel\/1537220970631859\"><img fetchpriority=\"high\" decoding=\"async\" width=\"1024\" height=\"576\" src=\"https:\/\/escoladigital.madeira.gov.pt\/eb1pelourencinha\/wp-content\/uploads\/sites\/47\/2025\/11\/vlcsnap-2025-11-17-09h59m58s089-1024x576.png\" alt=\"\" class=\"wp-image-1231\" srcset=\"https:\/\/escoladigital.madeira.gov.pt\/eb1pelourencinha\/wp-content\/uploads\/sites\/47\/2025\/11\/vlcsnap-2025-11-17-09h59m58s089-1024x576.png 1024w, https:\/\/escoladigital.madeira.gov.pt\/eb1pelourencinha\/wp-content\/uploads\/sites\/47\/2025\/11\/vlcsnap-2025-11-17-09h59m58s089-300x169.png 300w, https:\/\/escoladigital.madeira.gov.pt\/eb1pelourencinha\/wp-content\/uploads\/sites\/47\/2025\/11\/vlcsnap-2025-11-17-09h59m58s089-768x432.png 768w, https:\/\/escoladigital.madeira.gov.pt\/eb1pelourencinha\/wp-content\/uploads\/sites\/47\/2025\/11\/vlcsnap-2025-11-17-09h59m58s089-1536x864.png 1536w, https:\/\/escoladigital.madeira.gov.pt\/eb1pelourencinha\/wp-content\/uploads\/sites\/47\/2025\/11\/vlcsnap-2025-11-17-09h59m58s089.png 1920w\" sizes=\"(max-width: 1024px) 100vw, 1024px\" \/><\/a><\/figure>\n\n\n\n<div class=\"wp-block-columns alignwide is-layout-flex wp-container-core-columns-is-layout-28f84493 wp-block-columns-is-layout-flex\">\n<div class=\"wp-block-column is-layout-flow wp-block-column-is-layout-flow\">\n<iframe src=\"https:\/\/www.facebook.com\/plugins\/video.php?height=314&amp;href=https%3A%2F%2Fwww.facebook.com%2Freel%2F1537220970631859%2F&amp;show_text=false&amp;width=560&amp;t=0\" width=\"1920\" height=\"1080\" style=\"border:none;overflow:hidden\" scrolling=\"no\" frameborder=\"0\" allowfullscreen=\"true\" allow=\"autoplay; clipboard-write; encrypted-media; picture-in-picture; web-share\" allowFullScreen=\"true\"><\/iframe>\n<\/div>\n<\/div>\n\n\n\n<h5 class=\"wp-block-heading\">Happy Halloween 2024<\/h5>\n\n\n\n<p>Com o intuito de dar a conhecer os costumes e tradi\u00e7\u00f5es de outras culturas e sensibilizar para a reutiliza\u00e7\u00e3o de materiais, durante o m\u00eas de outubro, foi pedido aos alunos do Pr\u00e9-escolar e do 1\u00ba Ciclo que, em conjunto com os seus pais\/encarregados de educa\u00e7\u00e3o, constru\u00edssem monstros, fantasmas, ab\u00f3boras, entre outros, relacionados com o Halloween. Os trabalhos est\u00e3o muito giros.<br>Obrigado a todos!<\/p>\n\n\n\n<div id=\"wp-block-themeisle-blocks-slider-36b3ed3a\" class=\"wp-block-themeisle-blocks-slider glide\" data-per-view=\"1\" data-gap=\"0\" data-peek=\"0\" data-autoplay=\"true\" data-height=\"400px\" data-hide-arrows=\"false\"><div class=\"glide__track\" data-glide-el=\"track\"><div class=\"glide__slides\"><div class=\"wp-block-themeisle-blocks-slider-item-wrapper glide__slide\"><figure><img decoding=\"async\" class=\"wp-block-themeisle-blocks-slider-item\" src=\"https:\/\/escoladigital.madeira.gov.pt\/eb1pelourencinha\/wp-content\/uploads\/sites\/47\/2025\/02\/PXL_20241030_092548101.MP_-scaled.jpg\" alt=\"\" title=\"\" data-id=\"749\" \/><\/figure><\/div><div class=\"wp-block-themeisle-blocks-slider-item-wrapper glide__slide\"><figure><img decoding=\"async\" class=\"wp-block-themeisle-blocks-slider-item\" src=\"https:\/\/escoladigital.madeira.gov.pt\/eb1pelourencinha\/wp-content\/uploads\/sites\/47\/2025\/02\/PXL_20241030_092602505.MP_-scaled.jpg\" alt=\"\" title=\"\" data-id=\"750\" \/><\/figure><\/div><div class=\"wp-block-themeisle-blocks-slider-item-wrapper glide__slide\"><figure><img decoding=\"async\" class=\"wp-block-themeisle-blocks-slider-item\" src=\"https:\/\/escoladigital.madeira.gov.pt\/eb1pelourencinha\/wp-content\/uploads\/sites\/47\/2025\/02\/PXL_20241030_092534910.MP_-scaled.jpg\" alt=\"\" title=\"\" data-id=\"748\" \/><\/figure><\/div><div class=\"wp-block-themeisle-blocks-slider-item-wrapper glide__slide\"><figure><img decoding=\"async\" class=\"wp-block-themeisle-blocks-slider-item\" src=\"https:\/\/escoladigital.madeira.gov.pt\/eb1pelourencinha\/wp-content\/uploads\/sites\/47\/2025\/02\/PXL_20241030_092524600.MP_-scaled.jpg\" alt=\"\" title=\"\" data-id=\"747\" \/><\/figure><\/div><\/div><div class=\"glide__bullets\" data-glide-el=\"controls[nav]\"><button class=\"glide__bullet\" data-glide-dir=\"=0\"><\/button><button class=\"glide__bullet\" data-glide-dir=\"=1\"><\/button><button class=\"glide__bullet\" data-glide-dir=\"=2\"><\/button><button class=\"glide__bullet\" data-glide-dir=\"=3\"><\/button><\/div><\/div><\/div>\n\n\n\n<p><\/p>\n","protected":false},"excerpt":{"rendered":"<p>Happy Halloween 2025 Com o intuito de dar a conhecer os costumes e tradi\u00e7\u00f5es de outras culturas e sensibilizar para [&hellip;]<\/p>\n","protected":false},"author":63,"featured_media":0,"parent":0,"menu_order":0,"comment_status":"closed","ping_status":"closed","template":"","meta":{"site-sidebar-layout":"default","site-content-layout":"","ast-site-content-layout":"default","site-content-style":"default","site-sidebar-style":"default","ast-global-header-display":"","ast-banner-title-visibility":"","ast-main-header-display":"","ast-hfb-above-header-display":"","ast-hfb-below-header-display":"","ast-hfb-mobile-header-display":"","site-post-title":"","ast-breadcrumbs-content":"","ast-featured-img":"","footer-sml-layout":"","ast-disable-related-posts":"","theme-transparent-header-meta":"","adv-header-id-meta":"","stick-header-meta":"","header-above-stick-meta":"","header-main-stick-meta":"","header-below-stick-meta":"","astra-migrate-meta-layouts":"default","ast-page-background-enabled":"default","ast-page-background-meta":{"desktop":{"background-color":"var(--ast-global-color-5)","background-image":"","background-repeat":"repeat","background-position":"center center","background-size":"auto","background-attachment":"scroll","background-type":"","background-media":"","overlay-type":"","overlay-color":"","overlay-opacity":"","overlay-gradient":""},"tablet":{"background-color":"","background-image":"","background-repeat":"repeat","background-position":"center center","background-size":"auto","background-attachment":"scroll","background-type":"","background-media":"","overlay-type":"","overlay-color":"","overlay-opacity":"","overlay-gradient":""},"mobile":{"background-color":"","background-image":"","background-repeat":"repeat","background-position":"center center","background-size":"auto","background-attachment":"scroll","background-type":"","background-media":"","overlay-type":"","overlay-color":"","overlay-opacity":"","overlay-gradient":""}},"ast-content-background-meta":{"desktop":{"background-color":"var(--ast-global-color-4)","background-image":"","background-repeat":"repeat","background-position":"center center","background-size":"auto","background-attachment":"scroll","background-type":"","background-media":"","overlay-type":"","overlay-color":"","overlay-opacity":"","overlay-gradient":""},"tablet":{"background-color":"var(--ast-global-color-4)","background-image":"","background-repeat":"repeat","background-position":"center center","background-size":"auto","background-attachment":"scroll","background-type":"","background-media":"","overlay-type":"","overlay-color":"","overlay-opacity":"","overlay-gradient":""},"mobile":{"background-color":"var(--ast-global-color-4)","background-image":"","background-repeat":"repeat","background-position":"center center","background-size":"auto","background-attachment":"scroll","background-type":"","background-media":"","overlay-type":"","overlay-color":"","overlay-opacity":"","overlay-gradient":""}},"_themeisle_gutenberg_block_has_review":false,"footnotes":""},"class_list":["post-613","page","type-page","status-publish","hentry"],"_links":{"self":[{"href":"https:\/\/escoladigital.madeira.gov.pt\/eb1pelourencinha\/wp-json\/wp\/v2\/pages\/613","targetHints":{"allow":["GET"]}}],"collection":[{"href":"https:\/\/escoladigital.madeira.gov.pt\/eb1pelourencinha\/wp-json\/wp\/v2\/pages"}],"about":[{"href":"https:\/\/escoladigital.madeira.gov.pt\/eb1pelourencinha\/wp-json\/wp\/v2\/types\/page"}],"author":[{"embeddable":true,"href":"https:\/\/escoladigital.madeira.gov.pt\/eb1pelourencinha\/wp-json\/wp\/v2\/users\/63"}],"replies":[{"embeddable":true,"href":"https:\/\/escoladigital.madeira.gov.pt\/eb1pelourencinha\/wp-json\/wp\/v2\/comments?post=613"}],"version-history":[{"count":15,"href":"https:\/\/escoladigital.madeira.gov.pt\/eb1pelourencinha\/wp-json\/wp\/v2\/pages\/613\/revisions"}],"predecessor-version":[{"id":1295,"href":"https:\/\/escoladigital.madeira.gov.pt\/eb1pelourencinha\/wp-json\/wp\/v2\/pages\/613\/revisions\/1295"}],"wp:attachment":[{"href":"https:\/\/escoladigital.madeira.gov.pt\/eb1pelourencinha\/wp-json\/wp\/v2\/media?parent=613"}],"curies":[{"name":"wp","href":"https:\/\/api.w.org\/{rel}","templated":true}]}}