{"id":623,"date":"2025-02-11T21:57:20","date_gmt":"2025-02-11T21:57:20","guid":{"rendered":"https:\/\/escoladigital.madeira.gov.pt\/eb1pelourencinha\/?page_id=623"},"modified":"2025-02-18T22:21:53","modified_gmt":"2025-02-18T22:21:53","slug":"estudo","status":"publish","type":"page","link":"https:\/\/escoladigital.madeira.gov.pt\/eb1pelourencinha\/estudo\/","title":{"rendered":"Estudo"},"content":{"rendered":"\n<figure class=\"wp-block-image alignfull size-large\"><img fetchpriority=\"high\" decoding=\"async\" width=\"1024\" height=\"576\" src=\"https:\/\/escoladigital.madeira.gov.pt\/eb1pelourencinha\/wp-content\/uploads\/sites\/47\/2025\/02\/sala-de-estudo-1024x576.png\" alt=\"\" class=\"wp-image-1002\" srcset=\"https:\/\/escoladigital.madeira.gov.pt\/eb1pelourencinha\/wp-content\/uploads\/sites\/47\/2025\/02\/sala-de-estudo-1024x576.png 1024w, https:\/\/escoladigital.madeira.gov.pt\/eb1pelourencinha\/wp-content\/uploads\/sites\/47\/2025\/02\/sala-de-estudo-300x169.png 300w, https:\/\/escoladigital.madeira.gov.pt\/eb1pelourencinha\/wp-content\/uploads\/sites\/47\/2025\/02\/sala-de-estudo-768x432.png 768w, https:\/\/escoladigital.madeira.gov.pt\/eb1pelourencinha\/wp-content\/uploads\/sites\/47\/2025\/02\/sala-de-estudo-1536x864.png 1536w, https:\/\/escoladigital.madeira.gov.pt\/eb1pelourencinha\/wp-content\/uploads\/sites\/47\/2025\/02\/sala-de-estudo.png 1920w\" sizes=\"(max-width: 1024px) 100vw, 1024px\" \/><\/figure>\n\n\n\n<h6 class=\"wp-block-heading\">Estudar e saber estudar s\u00e3o fundamentais para os alunos por v\u00e1rias raz\u00f5es:<\/h6>\n\n\n\n<p><strong>Desenvolvimento Cognitivo<\/strong>: Estudar ajuda a desenvolver habilidades cognitivas essenciais, como a mem\u00f3ria, a aten\u00e7\u00e3o e o racioc\u00ednio l\u00f3gico. Estas habilidades s\u00e3o a base para a aprendizagem futura.<\/p>\n\n\n\n<p><strong>H\u00e1bitos de Estudo<\/strong>: Aprender a estudar desde cedo cria um h\u00e1bito que ser\u00e1 \u00fatil ao longo de toda a vida escolar e profissional. Crian\u00e7as que desenvolvem bons h\u00e1bitos de estudo tendem a ser mais organizadas e disciplinadas.<\/p>\n\n\n\n<p><strong>Autonomia e Responsabilidade<\/strong>: Saber estudar promove a autonomia, pois a crian\u00e7a aprende a gerir o seu tempo e a responsabilidade pelos seus pr\u00f3prios estudos. Isto \u00e9 importante para o desenvolvimento da independ\u00eancia.<\/p>\n\n\n\n<p><strong>Compreens\u00e3o e Reten\u00e7\u00e3o<\/strong>: T\u00e9cnicas de estudo eficazes ajudam na compreens\u00e3o e reten\u00e7\u00e3o do conte\u00fado. <\/p>\n\n\n\n<p><strong>Autoestima e Motiva\u00e7\u00e3o<\/strong>: O sucesso nos estudos pode aumentar a autoestima e a motiva\u00e7\u00e3o da crian\u00e7a. Quando ela percebe que \u00e9 capaz de aprender e superar desafios, sente-se mais confiante e motivada para continuar a aprender.<\/p>\n\n\n\n<p><strong>Prepara\u00e7\u00e3o para o Futuro<\/strong>:  Uma boa base facilita a aprendizagem de conte\u00fados mais complexos nos anos seguintes.<\/p>\n\n\n\n<p>Incentivar as crian\u00e7as a estudar e ensinar-lhes t\u00e9cnicas de estudo adequadas pode fazer uma grande diferen\u00e7a no seu desempenho escolar e no seu desenvolvimento pessoal.&nbsp;<\/p>\n","protected":false},"excerpt":{"rendered":"<p>Estudar e saber estudar s\u00e3o fundamentais para os alunos por v\u00e1rias raz\u00f5es: Desenvolvimento Cognitivo: Estudar ajuda a desenvolver habilidades cognitivas [&hellip;]<\/p>\n","protected":false},"author":63,"featured_media":0,"parent":0,"menu_order":0,"comment_status":"closed","ping_status":"closed","template":"","meta":{"site-sidebar-layout":"default","site-content-layout":"","ast-site-content-layout":"default","site-content-style":"default","site-sidebar-style":"default","ast-global-header-display":"","ast-banner-title-visibility":"","ast-main-header-display":"","ast-hfb-above-header-display":"","ast-hfb-below-header-display":"","ast-hfb-mobile-header-display":"","site-post-title":"","ast-breadcrumbs-content":"","ast-featured-img":"","footer-sml-layout":"","ast-disable-related-posts":"","theme-transparent-header-meta":"","adv-header-id-meta":"","stick-header-meta":"","header-above-stick-meta":"","header-main-stick-meta":"","header-below-stick-meta":"","astra-migrate-meta-layouts":"default","ast-page-background-enabled":"default","ast-page-background-meta":{"desktop":{"background-color":"var(--ast-global-color-5)","background-image":"","background-repeat":"repeat","background-position":"center center","background-size":"auto","background-attachment":"scroll","background-type":"","background-media":"","overlay-type":"","overlay-color":"","overlay-opacity":"","overlay-gradient":""},"tablet":{"background-color":"","background-image":"","background-repeat":"repeat","background-position":"center center","background-size":"auto","background-attachment":"scroll","background-type":"","background-media":"","overlay-type":"","overlay-color":"","overlay-opacity":"","overlay-gradient":""},"mobile":{"background-color":"","background-image":"","background-repeat":"repeat","background-position":"center center","background-size":"auto","background-attachment":"scroll","background-type":"","background-media":"","overlay-type":"","overlay-color":"","overlay-opacity":"","overlay-gradient":""}},"ast-content-background-meta":{"desktop":{"background-color":"var(--ast-global-color-4)","background-image":"","background-repeat":"repeat","background-position":"center center","background-size":"auto","background-attachment":"scroll","background-type":"","background-media":"","overlay-type":"","overlay-color":"","overlay-opacity":"","overlay-gradient":""},"tablet":{"background-color":"var(--ast-global-color-4)","background-image":"","background-repeat":"repeat","background-position":"center center","background-size":"auto","background-attachment":"scroll","background-type":"","background-media":"","overlay-type":"","overlay-color":"","overlay-opacity":"","overlay-gradient":""},"mobile":{"background-color":"var(--ast-global-color-4)","background-image":"","background-repeat":"repeat","background-position":"center center","background-size":"auto","background-attachment":"scroll","background-type":"","background-media":"","overlay-type":"","overlay-color":"","overlay-opacity":"","overlay-gradient":""}},"_themeisle_gutenberg_block_has_review":false,"footnotes":""},"class_list":["post-623","page","type-page","status-publish","hentry"],"_links":{"self":[{"href":"https:\/\/escoladigital.madeira.gov.pt\/eb1pelourencinha\/wp-json\/wp\/v2\/pages\/623","targetHints":{"allow":["GET"]}}],"collection":[{"href":"https:\/\/escoladigital.madeira.gov.pt\/eb1pelourencinha\/wp-json\/wp\/v2\/pages"}],"about":[{"href":"https:\/\/escoladigital.madeira.gov.pt\/eb1pelourencinha\/wp-json\/wp\/v2\/types\/page"}],"author":[{"embeddable":true,"href":"https:\/\/escoladigital.madeira.gov.pt\/eb1pelourencinha\/wp-json\/wp\/v2\/users\/63"}],"replies":[{"embeddable":true,"href":"https:\/\/escoladigital.madeira.gov.pt\/eb1pelourencinha\/wp-json\/wp\/v2\/comments?post=623"}],"version-history":[{"count":5,"href":"https:\/\/escoladigital.madeira.gov.pt\/eb1pelourencinha\/wp-json\/wp\/v2\/pages\/623\/revisions"}],"predecessor-version":[{"id":1008,"href":"https:\/\/escoladigital.madeira.gov.pt\/eb1pelourencinha\/wp-json\/wp\/v2\/pages\/623\/revisions\/1008"}],"wp:attachment":[{"href":"https:\/\/escoladigital.madeira.gov.pt\/eb1pelourencinha\/wp-json\/wp\/v2\/media?parent=623"}],"curies":[{"name":"wp","href":"https:\/\/api.w.org\/{rel}","templated":true}]}}