{"id":873,"date":"2025-02-17T10:23:04","date_gmt":"2025-02-17T10:23:04","guid":{"rendered":"https:\/\/escoladigital.madeira.gov.pt\/eb1pelourencinha\/?page_id=873"},"modified":"2026-01-26T09:16:34","modified_gmt":"2026-01-26T09:16:34","slug":"escola-electrao-2","status":"publish","type":"page","link":"https:\/\/escoladigital.madeira.gov.pt\/eb1pelourencinha\/escola-electrao-2\/","title":{"rendered":"Escola Electr\u00e3o"},"content":{"rendered":"\n<p>A nossa escola faz a recolha de todos os equipamentos el\u00e9tricos e eletr\u00f3nicos em fim de vida, assim como a recolha de pilhas e baterias.<\/p>\n\n\n\n<div class=\"wp-block-columns is-layout-flex wp-container-core-columns-is-layout-28f84493 wp-block-columns-is-layout-flex\">\n<div class=\"wp-block-column is-layout-flow wp-block-column-is-layout-flow\">\n<figure class=\"wp-block-image aligncenter size-full is-resized\"><img fetchpriority=\"high\" decoding=\"async\" width=\"414\" height=\"122\" src=\"https:\/\/escoladigital.madeira.gov.pt\/eb1pelourencinha\/wp-content\/uploads\/sites\/47\/2025\/02\/Infographics-2022-0-PT-1.png\" alt=\"\" class=\"wp-image-881\" style=\"width:1021px;height:auto\" srcset=\"https:\/\/escoladigital.madeira.gov.pt\/eb1pelourencinha\/wp-content\/uploads\/sites\/47\/2025\/02\/Infographics-2022-0-PT-1.png 414w, https:\/\/escoladigital.madeira.gov.pt\/eb1pelourencinha\/wp-content\/uploads\/sites\/47\/2025\/02\/Infographics-2022-0-PT-1-300x88.png 300w\" sizes=\"(max-width: 414px) 100vw, 414px\" \/><\/figure>\n\n\n\n<figure class=\"wp-block-image aligncenter size-large\"><img decoding=\"async\" width=\"1024\" height=\"576\" src=\"https:\/\/escoladigital.madeira.gov.pt\/eb1pelourencinha\/wp-content\/uploads\/sites\/47\/2025\/02\/Infographics-2022-1-PT-1-1024x576.png\" alt=\"\" class=\"wp-image-883\" srcset=\"https:\/\/escoladigital.madeira.gov.pt\/eb1pelourencinha\/wp-content\/uploads\/sites\/47\/2025\/02\/Infographics-2022-1-PT-1-1024x576.png 1024w, https:\/\/escoladigital.madeira.gov.pt\/eb1pelourencinha\/wp-content\/uploads\/sites\/47\/2025\/02\/Infographics-2022-1-PT-1-300x169.png 300w, https:\/\/escoladigital.madeira.gov.pt\/eb1pelourencinha\/wp-content\/uploads\/sites\/47\/2025\/02\/Infographics-2022-1-PT-1-768x432.png 768w, https:\/\/escoladigital.madeira.gov.pt\/eb1pelourencinha\/wp-content\/uploads\/sites\/47\/2025\/02\/Infographics-2022-1-PT-1-1536x864.png 1536w, https:\/\/escoladigital.madeira.gov.pt\/eb1pelourencinha\/wp-content\/uploads\/sites\/47\/2025\/02\/Infographics-2022-1-PT-1-2048x1152.png 2048w\" sizes=\"(max-width: 1024px) 100vw, 1024px\" \/><\/figure>\n\n\n\n<figure class=\"wp-block-image aligncenter size-large is-resized\"><img decoding=\"async\" width=\"1024\" height=\"576\" src=\"https:\/\/escoladigital.madeira.gov.pt\/eb1pelourencinha\/wp-content\/uploads\/sites\/47\/2025\/02\/Infographics-2022-2-PT-1-1024x576.png\" alt=\"\" class=\"wp-image-884\" style=\"width:1024px;height:auto\" srcset=\"https:\/\/escoladigital.madeira.gov.pt\/eb1pelourencinha\/wp-content\/uploads\/sites\/47\/2025\/02\/Infographics-2022-2-PT-1-1024x576.png 1024w, https:\/\/escoladigital.madeira.gov.pt\/eb1pelourencinha\/wp-content\/uploads\/sites\/47\/2025\/02\/Infographics-2022-2-PT-1-300x169.png 300w, https:\/\/escoladigital.madeira.gov.pt\/eb1pelourencinha\/wp-content\/uploads\/sites\/47\/2025\/02\/Infographics-2022-2-PT-1-768x432.png 768w, https:\/\/escoladigital.madeira.gov.pt\/eb1pelourencinha\/wp-content\/uploads\/sites\/47\/2025\/02\/Infographics-2022-2-PT-1-1536x864.png 1536w, https:\/\/escoladigital.madeira.gov.pt\/eb1pelourencinha\/wp-content\/uploads\/sites\/47\/2025\/02\/Infographics-2022-2-PT-1-2048x1152.png 2048w\" sizes=\"(max-width: 1024px) 100vw, 1024px\" \/><\/figure>\n\n\n\n<figure class=\"wp-block-image aligncenter size-large is-resized\"><img loading=\"lazy\" decoding=\"async\" width=\"1024\" height=\"576\" src=\"https:\/\/escoladigital.madeira.gov.pt\/eb1pelourencinha\/wp-content\/uploads\/sites\/47\/2025\/02\/Infographics-2022-4-PT-1-1024x576.png\" alt=\"\" class=\"wp-image-885\" style=\"width:1024px;height:auto\" srcset=\"https:\/\/escoladigital.madeira.gov.pt\/eb1pelourencinha\/wp-content\/uploads\/sites\/47\/2025\/02\/Infographics-2022-4-PT-1-1024x576.png 1024w, https:\/\/escoladigital.madeira.gov.pt\/eb1pelourencinha\/wp-content\/uploads\/sites\/47\/2025\/02\/Infographics-2022-4-PT-1-300x169.png 300w, https:\/\/escoladigital.madeira.gov.pt\/eb1pelourencinha\/wp-content\/uploads\/sites\/47\/2025\/02\/Infographics-2022-4-PT-1-768x432.png 768w, https:\/\/escoladigital.madeira.gov.pt\/eb1pelourencinha\/wp-content\/uploads\/sites\/47\/2025\/02\/Infographics-2022-4-PT-1-1536x864.png 1536w, https:\/\/escoladigital.madeira.gov.pt\/eb1pelourencinha\/wp-content\/uploads\/sites\/47\/2025\/02\/Infographics-2022-4-PT-1-2048x1152.png 2048w\" sizes=\"(max-width: 1024px) 100vw, 1024px\" \/><\/figure>\n\n\n\n<figure class=\"wp-block-image aligncenter size-large\"><img loading=\"lazy\" decoding=\"async\" width=\"1024\" height=\"576\" src=\"https:\/\/escoladigital.madeira.gov.pt\/eb1pelourencinha\/wp-content\/uploads\/sites\/47\/2025\/02\/Infographics-2022-5-PT-1-1024x576.png\" alt=\"\" class=\"wp-image-886\" srcset=\"https:\/\/escoladigital.madeira.gov.pt\/eb1pelourencinha\/wp-content\/uploads\/sites\/47\/2025\/02\/Infographics-2022-5-PT-1-1024x576.png 1024w, https:\/\/escoladigital.madeira.gov.pt\/eb1pelourencinha\/wp-content\/uploads\/sites\/47\/2025\/02\/Infographics-2022-5-PT-1-300x169.png 300w, https:\/\/escoladigital.madeira.gov.pt\/eb1pelourencinha\/wp-content\/uploads\/sites\/47\/2025\/02\/Infographics-2022-5-PT-1-768x432.png 768w, https:\/\/escoladigital.madeira.gov.pt\/eb1pelourencinha\/wp-content\/uploads\/sites\/47\/2025\/02\/Infographics-2022-5-PT-1-1536x864.png 1536w, https:\/\/escoladigital.madeira.gov.pt\/eb1pelourencinha\/wp-content\/uploads\/sites\/47\/2025\/02\/Infographics-2022-5-PT-1-2048x1152.png 2048w\" sizes=\"(max-width: 1024px) 100vw, 1024px\" \/><\/figure>\n\n\n\n<figure class=\"wp-block-image aligncenter size-large\"><img loading=\"lazy\" decoding=\"async\" width=\"1024\" height=\"576\" src=\"https:\/\/escoladigital.madeira.gov.pt\/eb1pelourencinha\/wp-content\/uploads\/sites\/47\/2025\/02\/Infographics-2022-3-PT-1-1024x576.png\" alt=\"\" class=\"wp-image-887\" srcset=\"https:\/\/escoladigital.madeira.gov.pt\/eb1pelourencinha\/wp-content\/uploads\/sites\/47\/2025\/02\/Infographics-2022-3-PT-1-1024x576.png 1024w, https:\/\/escoladigital.madeira.gov.pt\/eb1pelourencinha\/wp-content\/uploads\/sites\/47\/2025\/02\/Infographics-2022-3-PT-1-300x169.png 300w, https:\/\/escoladigital.madeira.gov.pt\/eb1pelourencinha\/wp-content\/uploads\/sites\/47\/2025\/02\/Infographics-2022-3-PT-1-768x432.png 768w, https:\/\/escoladigital.madeira.gov.pt\/eb1pelourencinha\/wp-content\/uploads\/sites\/47\/2025\/02\/Infographics-2022-3-PT-1-1536x864.png 1536w, https:\/\/escoladigital.madeira.gov.pt\/eb1pelourencinha\/wp-content\/uploads\/sites\/47\/2025\/02\/Infographics-2022-3-PT-1-2048x1152.png 2048w\" sizes=\"(max-width: 1024px) 100vw, 1024px\" \/><\/figure>\n<\/div>\n<\/div>\n\n\n\n<hr class=\"wp-block-separator has-alpha-channel-opacity is-style-wide\" \/>\n\n\n\n<h5 class=\"wp-block-heading\">Rep\u00f3rter Electr\u00e3o<\/h5>\n\n\n\n<figure class=\"wp-block-embed is-type-video is-provider-youtube wp-block-embed-youtube wp-embed-aspect-16-9 wp-has-aspect-ratio\"><div class=\"wp-block-embed__wrapper\">\n<iframe title=\"Rep\u00f3rter Electr\u00e3o 1.\u00baPer\u00edodo Letivo 2025 2026\" width=\"500\" height=\"281\" src=\"https:\/\/www.youtube.com\/embed\/-umG_82UQUY?feature=oembed\" frameborder=\"0\" allow=\"accelerometer; autoplay; clipboard-write; encrypted-media; gyroscope; picture-in-picture; web-share\" referrerpolicy=\"strict-origin-when-cross-origin\" allowfullscreen><\/iframe>\n<\/div><\/figure>\n\n\n\n<hr class=\"wp-block-separator has-alpha-channel-opacity\" \/>\n\n\n\n<figure class=\"wp-block-embed is-type-video is-provider-youtube wp-block-embed-youtube wp-embed-aspect-16-9 wp-has-aspect-ratio\"><div class=\"wp-block-embed__wrapper\">\n<iframe title=\"Rep\u00f3rter Electr\u00e3o do 3.\u00ba Per\u00edodo Escolar -2024\/2025- EB1\/PE Lourencinha\" width=\"500\" height=\"281\" src=\"https:\/\/www.youtube.com\/embed\/1SakOD3dw6k?feature=oembed\" frameborder=\"0\" allow=\"accelerometer; autoplay; clipboard-write; encrypted-media; gyroscope; picture-in-picture; web-share\" referrerpolicy=\"strict-origin-when-cross-origin\" allowfullscreen><\/iframe>\n<\/div><\/figure>\n\n\n\n<hr class=\"wp-block-separator has-alpha-channel-opacity\" \/>\n\n\n\n<figure class=\"wp-block-embed is-type-video is-provider-youtube wp-block-embed-youtube wp-embed-aspect-16-9 wp-has-aspect-ratio\"><div class=\"wp-block-embed__wrapper\">\n<iframe title=\"Rep\u00f3rter Electr\u00e3o do 2.\u00baPer\u00edodo Escolar_2024-2025_EB1\/PE Lourencinha\" width=\"500\" height=\"281\" src=\"https:\/\/www.youtube.com\/embed\/XyQ7s1UM-G8?feature=oembed\" frameborder=\"0\" allow=\"accelerometer; autoplay; clipboard-write; encrypted-media; gyroscope; picture-in-picture; web-share\" referrerpolicy=\"strict-origin-when-cross-origin\" allowfullscreen><\/iframe>\n<\/div><\/figure>\n\n\n\n<hr class=\"wp-block-separator has-alpha-channel-opacity\" \/>\n\n\n\n<figure class=\"wp-block-embed aligncenter is-type-video is-provider-youtube wp-block-embed-youtube wp-embed-aspect-16-9 wp-has-aspect-ratio\"><div class=\"wp-block-embed__wrapper\">\n<iframe title=\"Rep\u00f3rter Electr\u00e3o - Destralha a tua casa de equipamentos el\u00e9tricos usados e d\u00e1-lhe uma nova vida.\" width=\"500\" height=\"281\" src=\"https:\/\/www.youtube.com\/embed\/0cCWRv-MOlg?feature=oembed\" frameborder=\"0\" allow=\"accelerometer; autoplay; clipboard-write; encrypted-media; gyroscope; picture-in-picture; web-share\" referrerpolicy=\"strict-origin-when-cross-origin\" allowfullscreen><\/iframe>\n<\/div><\/figure>\n","protected":false},"excerpt":{"rendered":"<p>A nossa escola faz a recolha de todos os equipamentos el\u00e9tricos e eletr\u00f3nicos em fim de vida, assim como a [&hellip;]<\/p>\n","protected":false},"author":63,"featured_media":0,"parent":0,"menu_order":0,"comment_status":"closed","ping_status":"closed","template":"","meta":{"site-sidebar-layout":"default","site-content-layout":"","ast-site-content-layout":"default","site-content-style":"default","site-sidebar-style":"default","ast-global-header-display":"","ast-banner-title-visibility":"","ast-main-header-display":"","ast-hfb-above-header-display":"","ast-hfb-below-header-display":"","ast-hfb-mobile-header-display":"","site-post-title":"","ast-breadcrumbs-content":"","ast-featured-img":"","footer-sml-layout":"","ast-disable-related-posts":"","theme-transparent-header-meta":"","adv-header-id-meta":"","stick-header-meta":"","header-above-stick-meta":"","header-main-stick-meta":"","header-below-stick-meta":"","astra-migrate-meta-layouts":"default","ast-page-background-enabled":"default","ast-page-background-meta":{"desktop":{"background-color":"var(--ast-global-color-5)","background-image":"","background-repeat":"repeat","background-position":"center center","background-size":"auto","background-attachment":"scroll","background-type":"","background-media":"","overlay-type":"","overlay-color":"","overlay-opacity":"","overlay-gradient":""},"tablet":{"background-color":"","background-image":"","background-repeat":"repeat","background-position":"center center","background-size":"auto","background-attachment":"scroll","background-type":"","background-media":"","overlay-type":"","overlay-color":"","overlay-opacity":"","overlay-gradient":""},"mobile":{"background-color":"","background-image":"","background-repeat":"repeat","background-position":"center center","background-size":"auto","background-attachment":"scroll","background-type":"","background-media":"","overlay-type":"","overlay-color":"","overlay-opacity":"","overlay-gradient":""}},"ast-content-background-meta":{"desktop":{"background-color":"var(--ast-global-color-4)","background-image":"","background-repeat":"repeat","background-position":"center center","background-size":"auto","background-attachment":"scroll","background-type":"","background-media":"","overlay-type":"","overlay-color":"","overlay-opacity":"","overlay-gradient":""},"tablet":{"background-color":"var(--ast-global-color-4)","background-image":"","background-repeat":"repeat","background-position":"center center","background-size":"auto","background-attachment":"scroll","background-type":"","background-media":"","overlay-type":"","overlay-color":"","overlay-opacity":"","overlay-gradient":""},"mobile":{"background-color":"var(--ast-global-color-4)","background-image":"","background-repeat":"repeat","background-position":"center center","background-size":"auto","background-attachment":"scroll","background-type":"","background-media":"","overlay-type":"","overlay-color":"","overlay-opacity":"","overlay-gradient":""}},"_themeisle_gutenberg_block_has_review":false,"footnotes":""},"class_list":["post-873","page","type-page","status-publish","hentry"],"_links":{"self":[{"href":"https:\/\/escoladigital.madeira.gov.pt\/eb1pelourencinha\/wp-json\/wp\/v2\/pages\/873","targetHints":{"allow":["GET"]}}],"collection":[{"href":"https:\/\/escoladigital.madeira.gov.pt\/eb1pelourencinha\/wp-json\/wp\/v2\/pages"}],"about":[{"href":"https:\/\/escoladigital.madeira.gov.pt\/eb1pelourencinha\/wp-json\/wp\/v2\/types\/page"}],"author":[{"embeddable":true,"href":"https:\/\/escoladigital.madeira.gov.pt\/eb1pelourencinha\/wp-json\/wp\/v2\/users\/63"}],"replies":[{"embeddable":true,"href":"https:\/\/escoladigital.madeira.gov.pt\/eb1pelourencinha\/wp-json\/wp\/v2\/comments?post=873"}],"version-history":[{"count":7,"href":"https:\/\/escoladigital.madeira.gov.pt\/eb1pelourencinha\/wp-json\/wp\/v2\/pages\/873\/revisions"}],"predecessor-version":[{"id":1308,"href":"https:\/\/escoladigital.madeira.gov.pt\/eb1pelourencinha\/wp-json\/wp\/v2\/pages\/873\/revisions\/1308"}],"wp:attachment":[{"href":"https:\/\/escoladigital.madeira.gov.pt\/eb1pelourencinha\/wp-json\/wp\/v2\/media?parent=873"}],"curies":[{"name":"wp","href":"https:\/\/api.w.org\/{rel}","templated":true}]}}