{"id":140,"date":"2024-11-27T15:05:17","date_gmt":"2024-11-27T15:05:17","guid":{"rendered":"https:\/\/escoladigital.madeira.gov.pt\/eb1pelsjoaorb\/?page_id=140"},"modified":"2024-12-02T19:12:18","modified_gmt":"2024-12-02T19:12:18","slug":"projeto-educativo","status":"publish","type":"page","link":"https:\/\/escoladigital.madeira.gov.pt\/eb1pelsjoaorb\/projeto-educativo\/","title":{"rendered":"Projeto Educativo 2024-2028"},"content":{"rendered":"\n<p class=\"animated backInDown\">O  Projeto  Educativo (PE) da  EB1\/PE do  Lombo  de S\u00e3o Jo\u00e3o  e  S\u00e3o Paulo \u00e9  o documento que identifica a  sua  orienta\u00e7\u00e3o  educativa:  quem  somos,  onde  estamos,  os nossos constrangimentos,  potencialidadese  ambi\u00e7\u00f5es  e  de  que  forma  pretendemos trabalhar  durante  o  pr\u00f3ximo  quadri\u00e9nio para atingir  os  objetivos  e  as  metas  propostas.<\/p>\n\n\n\n<div data-wp-interactive=\"core\/file\" class=\"wp-block-file\"><object data-wp-bind--hidden=\"!state.hasPdfPreview\" hidden class=\"wp-block-file__embed\" data=\"https:\/\/escoladigital.madeira.gov.pt\/eb1pelsjoaorb\/wp-content\/uploads\/sites\/54\/2024\/11\/PROJETO-EDUCATIVO_EB1PESAOJOAOSAOPAULO24-28.pdf\" type=\"application\/pdf\" style=\"width:100%;height:600px\" aria-label=\"Incorpora\u00e7\u00e3o de PROJETO EDUCATIVO_EB1PESAOJOAOSAOPAULO24-28.\"><\/object><a id=\"wp-block-file--media-104d631f-435f-420f-ba7b-b1fdad4ffb51\" href=\"https:\/\/escoladigital.madeira.gov.pt\/eb1pelsjoaorb\/wp-content\/uploads\/sites\/54\/2024\/11\/PROJETO-EDUCATIVO_EB1PESAOJOAOSAOPAULO24-28.pdf\">PROJETO EDUCATIVO_EB1PESAOJOAOSAOPAULO24-28<\/a><\/div>\n\n\n\n<p><\/p>\n","protected":false},"excerpt":{"rendered":"<p>O Projeto Educativo (PE) da EB1\/PE do Lombo de S\u00e3o Jo\u00e3o e S\u00e3o Paulo \u00e9 o documento que identifica a sua orienta\u00e7\u00e3o educativa: quem somos, onde estamos, os nossos constrangimentos, potencialidadese ambi\u00e7\u00f5es e de que forma pretendemos trabalhar durante o pr\u00f3ximo quadri\u00e9nio para atingir os objetivos e as metas propostas.<\/p>\n","protected":false},"author":70,"featured_media":0,"parent":0,"menu_order":0,"comment_status":"closed","ping_status":"closed","template":"","meta":{"site-sidebar-layout":"default","site-content-layout":"","ast-site-content-layout":"default","site-content-style":"default","site-sidebar-style":"default","ast-global-header-display":"","ast-banner-title-visibility":"","ast-main-header-display":"","ast-hfb-above-header-display":"","ast-hfb-below-header-display":"","ast-hfb-mobile-header-display":"","site-post-title":"","ast-breadcrumbs-content":"","ast-featured-img":"","footer-sml-layout":"","ast-disable-related-posts":"","theme-transparent-header-meta":"","adv-header-id-meta":"","stick-header-meta":"","header-above-stick-meta":"","header-main-stick-meta":"","header-below-stick-meta":"","astra-migrate-meta-layouts":"default","ast-page-background-enabled":"default","ast-page-background-meta":{"desktop":{"background-color":"var(--ast-global-color-4)","background-image":"","background-repeat":"repeat","background-position":"center center","background-size":"auto","background-attachment":"scroll","background-type":"","background-media":"","overlay-type":"","overlay-color":"","overlay-opacity":"","overlay-gradient":""},"tablet":{"background-color":"","background-image":"","background-repeat":"repeat","background-position":"center center","background-size":"auto","background-attachment":"scroll","background-type":"","background-media":"","overlay-type":"","overlay-color":"","overlay-opacity":"","overlay-gradient":""},"mobile":{"background-color":"","background-image":"","background-repeat":"repeat","background-position":"center center","background-size":"auto","background-attachment":"scroll","background-type":"","background-media":"","overlay-type":"","overlay-color":"","overlay-opacity":"","overlay-gradient":""}},"ast-content-background-meta":{"desktop":{"background-color":"var(--ast-global-color-5)","background-image":"","background-repeat":"repeat","background-position":"center center","background-size":"auto","background-attachment":"scroll","background-type":"","background-media":"","overlay-type":"","overlay-color":"","overlay-opacity":"","overlay-gradient":""},"tablet":{"background-color":"var(--ast-global-color-5)","background-image":"","background-repeat":"repeat","background-position":"center center","background-size":"auto","background-attachment":"scroll","background-type":"","background-media":"","overlay-type":"","overlay-color":"","overlay-opacity":"","overlay-gradient":""},"mobile":{"background-color":"var(--ast-global-color-5)","background-image":"","background-repeat":"repeat","background-position":"center center","background-size":"auto","background-attachment":"scroll","background-type":"","background-media":"","overlay-type":"","overlay-color":"","overlay-opacity":"","overlay-gradient":""}},"_themeisle_gutenberg_block_has_review":false,"footnotes":""},"class_list":["post-140","page","type-page","status-publish","hentry"],"_links":{"self":[{"href":"https:\/\/escoladigital.madeira.gov.pt\/eb1pelsjoaorb\/wp-json\/wp\/v2\/pages\/140","targetHints":{"allow":["GET"]}}],"collection":[{"href":"https:\/\/escoladigital.madeira.gov.pt\/eb1pelsjoaorb\/wp-json\/wp\/v2\/pages"}],"about":[{"href":"https:\/\/escoladigital.madeira.gov.pt\/eb1pelsjoaorb\/wp-json\/wp\/v2\/types\/page"}],"author":[{"embeddable":true,"href":"https:\/\/escoladigital.madeira.gov.pt\/eb1pelsjoaorb\/wp-json\/wp\/v2\/users\/70"}],"replies":[{"embeddable":true,"href":"https:\/\/escoladigital.madeira.gov.pt\/eb1pelsjoaorb\/wp-json\/wp\/v2\/comments?post=140"}],"version-history":[{"count":6,"href":"https:\/\/escoladigital.madeira.gov.pt\/eb1pelsjoaorb\/wp-json\/wp\/v2\/pages\/140\/revisions"}],"predecessor-version":[{"id":345,"href":"https:\/\/escoladigital.madeira.gov.pt\/eb1pelsjoaorb\/wp-json\/wp\/v2\/pages\/140\/revisions\/345"}],"wp:attachment":[{"href":"https:\/\/escoladigital.madeira.gov.pt\/eb1pelsjoaorb\/wp-json\/wp\/v2\/media?parent=140"}],"curies":[{"name":"wp","href":"https:\/\/api.w.org\/{rel}","templated":true}]}}