{"id":148,"date":"2024-11-27T15:13:08","date_gmt":"2024-11-27T15:13:08","guid":{"rendered":"https:\/\/escoladigital.madeira.gov.pt\/eb1pelsjoaorb\/?page_id=148"},"modified":"2025-12-03T16:40:17","modified_gmt":"2025-12-03T16:40:17","slug":"contactos-2","status":"publish","type":"page","link":"https:\/\/escoladigital.madeira.gov.pt\/eb1pelsjoaorb\/contactos-2\/","title":{"rendered":"Contactos"},"content":{"rendered":"\n<pre class=\"wp-block-preformatted\">C\u00f3digo da Escola:3105106<br><br>Delega\u00e7\u00e3o Escolar da Ribeira Brava<br>Morada: Estrada de S\u00e3o Jo\u00e3o 9350-141\u2013 Ribeira Brava<br>Freguesia: Ribeira Brava<br>Concelho: Ribeira Brava<br>Regi\u00e3o Aut\u00f3noma da Madeira<br>Telefone: 291 146 011<br>Email: <a href=\"mailto:eb1pelsjoaorb@edu.madeira.gov.pt\">eb1pelsjoaorb@edu.madeira.gov.pt<\/a><br>P\u00e1gina do Facebook: <a href=\"https:\/\/www.facebook.com\/eb1pelsjoaorb\/\">https:\/\/www.facebook.com\/eb1pelsjoaorb\/<\/a><br>Place: <a href=\"https:\/\/place.madeira.gov.pt\/aluno\">https:\/\/place.madeira.gov.pt\/aluno<\/a><br><br>NIB: 00 1800 0800 3076 6902 002 <br> <br>Os pagamentos da alimenta\u00e7\u00e3o devem ser efetuados at\u00e9 ao dia 08 de cada m\u00eas na secretaria da escola ou no banco\/multibanco. Caso escolha esta \u00faltima op\u00e7\u00e3o, n\u00e3o se esque\u00e7a de remeter \u00e0 escola o recibo para que possa ser emitido o comprovativo do pagamento.<br><br>O encarregado de educa\u00e7\u00e3o poder\u00e1 verificar o montante a pagar clicando <a href=\"https:\/\/place.madeira.gov.pt\/aluno\">aqui<\/a>.<\/pre>\n\n\n\n<iframe src=\"https:\/\/www.google.com\/maps\/embed?pb=!1m18!1m12!1m3!1d13433.502026661692!2d-17.06725951284183!3d32.67605879999999!2m3!1f0!2f0!3f0!3m2!1i1024!2i768!4f13.1!3m3!1m2!1s0xc6059094aa5af59%3A0x584f1d7b9a2971b0!2sEB1%2FPE%20do%20Lombo%20de%20S%C3%A3o%20Jo%C3%A3o%20e%20S%C3%A3o%20Paulo%20(S.%20Jo%C3%A3o)!5e0!3m2!1spt-PT!2spt!4v1764779993046!5m2!1spt-PT!2spt\" width=\"600\" height=\"450\" style=\"border:0\" allowfullscreen=\"\"><\/iframe>\n","protected":false},"excerpt":{"rendered":"<p>C\u00f3digo da Escola:3105106Delega\u00e7\u00e3o Escolar da Ribeira BravaMorada: Estrada de S\u00e3o Jo\u00e3o 9350-141\u2013 Ribeira BravaFreguesia: Ribeira BravaConcelho: Ribeira BravaRegi\u00e3o Aut\u00f3noma da MadeiraTelefone: 291 146 011Email: eb1pelsjoaorb@edu.madeira.gov.ptP\u00e1gina do Facebook: https:\/\/www.facebook.com\/eb1pelsjoaorb\/Place: https:\/\/place.madeira.gov.pt\/alunoNIB: 00 1800 0800 3076 6902 002 Os pagamentos da alimenta\u00e7\u00e3o devem ser efetuados at\u00e9 ao dia 08 de cada m\u00eas na secretaria da escola ou no [&hellip;]<\/p>\n","protected":false},"author":70,"featured_media":0,"parent":0,"menu_order":0,"comment_status":"closed","ping_status":"closed","template":"","meta":{"site-sidebar-layout":"default","site-content-layout":"","ast-site-content-layout":"default","site-content-style":"default","site-sidebar-style":"default","ast-global-header-display":"","ast-banner-title-visibility":"","ast-main-header-display":"","ast-hfb-above-header-display":"","ast-hfb-below-header-display":"","ast-hfb-mobile-header-display":"","site-post-title":"","ast-breadcrumbs-content":"","ast-featured-img":"","footer-sml-layout":"","ast-disable-related-posts":"","theme-transparent-header-meta":"","adv-header-id-meta":"","stick-header-meta":"","header-above-stick-meta":"","header-main-stick-meta":"","header-below-stick-meta":"","astra-migrate-meta-layouts":"default","ast-page-background-enabled":"default","ast-page-background-meta":{"desktop":{"background-color":"var(--ast-global-color-4)","background-image":"","background-repeat":"repeat","background-position":"center center","background-size":"auto","background-attachment":"scroll","background-type":"","background-media":"","overlay-type":"","overlay-color":"","overlay-opacity":"","overlay-gradient":""},"tablet":{"background-color":"","background-image":"","background-repeat":"repeat","background-position":"center center","background-size":"auto","background-attachment":"scroll","background-type":"","background-media":"","overlay-type":"","overlay-color":"","overlay-opacity":"","overlay-gradient":""},"mobile":{"background-color":"","background-image":"","background-repeat":"repeat","background-position":"center center","background-size":"auto","background-attachment":"scroll","background-type":"","background-media":"","overlay-type":"","overlay-color":"","overlay-opacity":"","overlay-gradient":""}},"ast-content-background-meta":{"desktop":{"background-color":"var(--ast-global-color-5)","background-image":"","background-repeat":"repeat","background-position":"center center","background-size":"auto","background-attachment":"scroll","background-type":"","background-media":"","overlay-type":"","overlay-color":"","overlay-opacity":"","overlay-gradient":""},"tablet":{"background-color":"var(--ast-global-color-5)","background-image":"","background-repeat":"repeat","background-position":"center center","background-size":"auto","background-attachment":"scroll","background-type":"","background-media":"","overlay-type":"","overlay-color":"","overlay-opacity":"","overlay-gradient":""},"mobile":{"background-color":"var(--ast-global-color-5)","background-image":"","background-repeat":"repeat","background-position":"center center","background-size":"auto","background-attachment":"scroll","background-type":"","background-media":"","overlay-type":"","overlay-color":"","overlay-opacity":"","overlay-gradient":""}},"_themeisle_gutenberg_block_has_review":false,"footnotes":""},"class_list":["post-148","page","type-page","status-publish","hentry"],"_links":{"self":[{"href":"https:\/\/escoladigital.madeira.gov.pt\/eb1pelsjoaorb\/wp-json\/wp\/v2\/pages\/148","targetHints":{"allow":["GET"]}}],"collection":[{"href":"https:\/\/escoladigital.madeira.gov.pt\/eb1pelsjoaorb\/wp-json\/wp\/v2\/pages"}],"about":[{"href":"https:\/\/escoladigital.madeira.gov.pt\/eb1pelsjoaorb\/wp-json\/wp\/v2\/types\/page"}],"author":[{"embeddable":true,"href":"https:\/\/escoladigital.madeira.gov.pt\/eb1pelsjoaorb\/wp-json\/wp\/v2\/users\/70"}],"replies":[{"embeddable":true,"href":"https:\/\/escoladigital.madeira.gov.pt\/eb1pelsjoaorb\/wp-json\/wp\/v2\/comments?post=148"}],"version-history":[{"count":5,"href":"https:\/\/escoladigital.madeira.gov.pt\/eb1pelsjoaorb\/wp-json\/wp\/v2\/pages\/148\/revisions"}],"predecessor-version":[{"id":1036,"href":"https:\/\/escoladigital.madeira.gov.pt\/eb1pelsjoaorb\/wp-json\/wp\/v2\/pages\/148\/revisions\/1036"}],"wp:attachment":[{"href":"https:\/\/escoladigital.madeira.gov.pt\/eb1pelsjoaorb\/wp-json\/wp\/v2\/media?parent=148"}],"curies":[{"name":"wp","href":"https:\/\/api.w.org\/{rel}","templated":true}]}}