{"id":152,"date":"2024-11-27T15:15:01","date_gmt":"2024-11-27T15:15:01","guid":{"rendered":"https:\/\/escoladigital.madeira.gov.pt\/eb1pelsjoaorb\/?page_id=152"},"modified":"2024-12-03T21:23:27","modified_gmt":"2024-12-03T21:23:27","slug":"horario-de-funcionamento","status":"publish","type":"page","link":"https:\/\/escoladigital.madeira.gov.pt\/eb1pelsjoaorb\/horario-de-funcionamento\/","title":{"rendered":"Hor\u00e1rio de Funcionamento"},"content":{"rendered":"\n<p class=\"has-text-align-left\">O <strong>hor\u00e1rio de entrada<\/strong> \u00e9 \u00e0s <strong>08h30<\/strong> para todos os alunos. At\u00e9 esta hora todos os alunos est\u00e3o sob a responsabilidade dos respetivos pais\/encarregados de educa\u00e7\u00e3o, exceto os alunos que utilizam os transportes escolares e autorizados. Esses estar\u00e3o \u00e0 responsabilidade da Escola a partir do momento da sua chegada.<\/p>\n\n\n\n<p class=\"has-text-align-left\">Em situa\u00e7\u00f5es excecionais, mediante autoriza\u00e7\u00e3o da dire\u00e7\u00e3o da escola, e apenas quando esta entender que a situa\u00e7\u00e3o est\u00e1 devidamente justificada, pode ser permitida a entrada de alunos na escola antes das 08h30 e ap\u00f3s as 18h30. Quando se verificar a situa\u00e7\u00e3o anterior, esta entrada n\u00e3o pode ser realizada antes das 08h00. Nesta situa\u00e7\u00e3o deve ser garantido que o per\u00edodo que os alunos passam na escola n\u00e3o ultrapasse as 10h00.<\/p>\n\n\n\n<p>Nas situa\u00e7\u00f5es em que o aluno n\u00e3o frequentou o turno da manh\u00e3 ou teve de se ausentar durante o dia (almo\u00e7o, consultas, etc), o seu regresso \u00e0 escola \u00e9 permitido desde que aconte\u00e7a durante o intervalo ou mudan\u00e7a de aula, n\u00e3o podendo perturbar o funcionamento das aulas.<\/p>\n\n\n\n<p>N\u00e3o \u00e9 permitido o regresso \u00e0 escola depois do \u00faltimo intervalo da tarde, exceto para frequ\u00eancia de atividades curriculares.<\/p>\n\n\n\n<ol start=\"3\" class=\"wp-block-list\"><\/ol>\n\n\n\n<p><\/p>\n","protected":false},"excerpt":{"rendered":"<p>O hor\u00e1rio de entrada \u00e9 \u00e0s 08h30 para todos os alunos. At\u00e9 esta hora todos os alunos est\u00e3o sob a responsabilidade dos respetivos pais\/encarregados de educa\u00e7\u00e3o, exceto os alunos que utilizam os transportes escolares e autorizados. Esses estar\u00e3o \u00e0 responsabilidade da Escola a partir do momento da sua chegada. Em situa\u00e7\u00f5es excecionais, mediante autoriza\u00e7\u00e3o da [&hellip;]<\/p>\n","protected":false},"author":70,"featured_media":0,"parent":0,"menu_order":0,"comment_status":"closed","ping_status":"closed","template":"","meta":{"site-sidebar-layout":"default","site-content-layout":"","ast-site-content-layout":"default","site-content-style":"default","site-sidebar-style":"default","ast-global-header-display":"","ast-banner-title-visibility":"","ast-main-header-display":"","ast-hfb-above-header-display":"","ast-hfb-below-header-display":"","ast-hfb-mobile-header-display":"","site-post-title":"","ast-breadcrumbs-content":"","ast-featured-img":"","footer-sml-layout":"","ast-disable-related-posts":"","theme-transparent-header-meta":"","adv-header-id-meta":"","stick-header-meta":"","header-above-stick-meta":"","header-main-stick-meta":"","header-below-stick-meta":"","astra-migrate-meta-layouts":"default","ast-page-background-enabled":"default","ast-page-background-meta":{"desktop":{"background-color":"var(--ast-global-color-4)","background-image":"","background-repeat":"repeat","background-position":"center center","background-size":"auto","background-attachment":"scroll","background-type":"","background-media":"","overlay-type":"","overlay-color":"","overlay-opacity":"","overlay-gradient":""},"tablet":{"background-color":"","background-image":"","background-repeat":"repeat","background-position":"center center","background-size":"auto","background-attachment":"scroll","background-type":"","background-media":"","overlay-type":"","overlay-color":"","overlay-opacity":"","overlay-gradient":""},"mobile":{"background-color":"","background-image":"","background-repeat":"repeat","background-position":"center center","background-size":"auto","background-attachment":"scroll","background-type":"","background-media":"","overlay-type":"","overlay-color":"","overlay-opacity":"","overlay-gradient":""}},"ast-content-background-meta":{"desktop":{"background-color":"var(--ast-global-color-5)","background-image":"","background-repeat":"repeat","background-position":"center center","background-size":"auto","background-attachment":"scroll","background-type":"","background-media":"","overlay-type":"","overlay-color":"","overlay-opacity":"","overlay-gradient":""},"tablet":{"background-color":"var(--ast-global-color-5)","background-image":"","background-repeat":"repeat","background-position":"center center","background-size":"auto","background-attachment":"scroll","background-type":"","background-media":"","overlay-type":"","overlay-color":"","overlay-opacity":"","overlay-gradient":""},"mobile":{"background-color":"var(--ast-global-color-5)","background-image":"","background-repeat":"repeat","background-position":"center center","background-size":"auto","background-attachment":"scroll","background-type":"","background-media":"","overlay-type":"","overlay-color":"","overlay-opacity":"","overlay-gradient":""}},"_themeisle_gutenberg_block_has_review":false,"footnotes":""},"class_list":["post-152","page","type-page","status-publish","hentry"],"_links":{"self":[{"href":"https:\/\/escoladigital.madeira.gov.pt\/eb1pelsjoaorb\/wp-json\/wp\/v2\/pages\/152","targetHints":{"allow":["GET"]}}],"collection":[{"href":"https:\/\/escoladigital.madeira.gov.pt\/eb1pelsjoaorb\/wp-json\/wp\/v2\/pages"}],"about":[{"href":"https:\/\/escoladigital.madeira.gov.pt\/eb1pelsjoaorb\/wp-json\/wp\/v2\/types\/page"}],"author":[{"embeddable":true,"href":"https:\/\/escoladigital.madeira.gov.pt\/eb1pelsjoaorb\/wp-json\/wp\/v2\/users\/70"}],"replies":[{"embeddable":true,"href":"https:\/\/escoladigital.madeira.gov.pt\/eb1pelsjoaorb\/wp-json\/wp\/v2\/comments?post=152"}],"version-history":[{"count":4,"href":"https:\/\/escoladigital.madeira.gov.pt\/eb1pelsjoaorb\/wp-json\/wp\/v2\/pages\/152\/revisions"}],"predecessor-version":[{"id":386,"href":"https:\/\/escoladigital.madeira.gov.pt\/eb1pelsjoaorb\/wp-json\/wp\/v2\/pages\/152\/revisions\/386"}],"wp:attachment":[{"href":"https:\/\/escoladigital.madeira.gov.pt\/eb1pelsjoaorb\/wp-json\/wp\/v2\/media?parent=152"}],"curies":[{"name":"wp","href":"https:\/\/api.w.org\/{rel}","templated":true}]}}