{"id":165,"date":"2024-11-27T15:41:56","date_gmt":"2024-11-27T15:41:56","guid":{"rendered":"https:\/\/escoladigital.madeira.gov.pt\/eb1pelsjoaorb\/?page_id=165"},"modified":"2024-11-29T16:21:50","modified_gmt":"2024-11-29T16:21:50","slug":"aprendizagens-essenciais","status":"publish","type":"page","link":"https:\/\/escoladigital.madeira.gov.pt\/eb1pelsjoaorb\/aprendizagens-essenciais\/","title":{"rendered":"Aprendizagens Essenciais &#8211; 1.\u00ba CEB"},"content":{"rendered":"\n<p>As Aprendizagens Essenciais (AE) referentes ao Ensino B\u00e1sico s\u00e3o homologadas pelo&nbsp;<a href=\"https:\/\/dre.pt\/application\/file\/a\/115742277\" target=\"_blank\" rel=\"noreferrer noopener\">Despacho n.\u00ba 6944-A\/2018, de 19 de julho<\/a>.<\/p>\n\n\n\n<p>\u27a3&nbsp;<a href=\"https:\/\/dre.pt\/application\/conteudo\/166512681\" target=\"_blank\" rel=\"noreferrer noopener\">Despacho n.\u00ba 6605-A\/2021, de 6 de julho<\/a>&nbsp;\u2013 Procede \u00e0 defini\u00e7\u00e3o dos referenciais curriculares das v\u00e1rias dimens\u00f5es do desenvolvimento curricular, incluindo a avalia\u00e7\u00e3o externa.<\/p>\n\n\n\n<figure class=\"wp-block-table\"><table class=\"has-fixed-layout\"><tbody><tr><td class=\"has-text-align-center\" data-align=\"center\" colspan=\"2\" rowspan=\"2\">Componentes do curr\u00edculo<\/td><td class=\"has-text-align-center\" data-align=\"center\" colspan=\"4\"><strong>1. \u00ba CEB<\/strong><\/td><\/tr><tr><td class=\"has-text-align-center\" data-align=\"center\"><strong>1.\u00ba Ano<\/strong><\/td><td class=\"has-text-align-center\" data-align=\"center\"><strong>2.\u00ba Ano<\/strong><\/td><td class=\"has-text-align-center\" data-align=\"center\"><strong>3.\u00ba Ano<\/strong><\/td><td class=\"has-text-align-center\" data-align=\"center\"><strong>4.\u00ba Ano<\/strong><\/td><\/tr><tr><td class=\"has-text-align-center\" data-align=\"center\" colspan=\"2\">Portugu\u00eas<\/td><td class=\"has-text-align-center\" data-align=\"center\"><a href=\"https:\/\/www.dge.mec.pt\/sites\/default\/files\/Curriculo\/Aprendizagens_Essenciais\/1_ciclo\/ae_1.o_ano_1o_ciclo_eb_portugues.pdf\" target=\"_blank\" rel=\"noreferrer noopener\">PDF<\/a><\/td><td class=\"has-text-align-center\" data-align=\"center\"><a href=\"https:\/\/www.dge.mec.pt\/sites\/default\/files\/Curriculo\/Aprendizagens_Essenciais\/1_ciclo\/portugues_1c_2a_ff.pdf\" target=\"_blank\" rel=\"noreferrer noopener\">PDF<\/a><\/td><td class=\"has-text-align-center\" data-align=\"center\"><a href=\"https:\/\/www.dge.mec.pt\/sites\/default\/files\/Curriculo\/Aprendizagens_Essenciais\/1_ciclo\/portugues_1c_3a_ff.pdf\" target=\"_blank\" rel=\"noreferrer noopener\">PDF<\/a><\/td><td class=\"has-text-align-center\" data-align=\"center\"><a href=\"https:\/\/www.dge.mec.pt\/sites\/default\/files\/Curriculo\/Aprendizagens_Essenciais\/1_ciclo\/portugues_1c_4a_ff.pdf\" target=\"_blank\" rel=\"noreferrer noopener\">PDF<\/a><\/td><\/tr><tr><td class=\"has-text-align-center\" data-align=\"center\" colspan=\"2\">Matem\u00e1tica<\/td><td class=\"has-text-align-center\" data-align=\"center\"><a href=\"https:\/\/www.dge.mec.pt\/sites\/default\/files\/Curriculo\/Aprendizagens_Essenciais\/1_ciclo\/ae_mat_1.o_ano.pdf\" target=\"_blank\" rel=\"noreferrer noopener\">PDF<\/a><\/td><td class=\"has-text-align-center\" data-align=\"center\"><a href=\"http:\/\/www.dge.mec.pt\/sites\/default\/files\/Curriculo\/Aprendizagens_Essenciais\/1_ciclo\/ae_mat_2.o_ano.pdf\" target=\"_blank\" rel=\"noreferrer noopener\">PDF<\/a><\/td><td class=\"has-text-align-center\" data-align=\"center\"><a href=\"https:\/\/www.dge.mec.pt\/sites\/default\/files\/Curriculo\/Aprendizagens_Essenciais\/1_ciclo\/ae_mat_3.o_ano.pdf\" target=\"_blank\" rel=\"noreferrer noopener\">PDF<\/a><\/td><td class=\"has-text-align-center\" data-align=\"center\"><a href=\"http:\/\/www.dge.mec.pt\/sites\/default\/files\/Curriculo\/Aprendizagens_Essenciais\/1_ciclo\/ae_mat_4.o_ano.pdf\" target=\"_blank\" rel=\"noreferrer noopener\">PDF<\/a><\/td><\/tr><tr><td class=\"has-text-align-center\" data-align=\"center\" colspan=\"2\">Estudo do Meio<\/td><td class=\"has-text-align-center\" data-align=\"center\"><a href=\"https:\/\/www.dge.mec.pt\/sites\/default\/files\/Curriculo\/Aprendizagens_Essenciais\/1_ciclo\/1_estudo_do_meio.pdf\" target=\"_blank\" rel=\"noreferrer noopener\">PDF<\/a><\/td><td class=\"has-text-align-center\" data-align=\"center\"><a href=\"https:\/\/www.dge.mec.pt\/sites\/default\/files\/Curriculo\/Aprendizagens_Essenciais\/1_ciclo\/2_estudo_do_meio.pdf\" target=\"_blank\" rel=\"noreferrer noopener\">PDF<\/a><\/td><td class=\"has-text-align-center\" data-align=\"center\"><a href=\"https:\/\/www.dge.mec.pt\/sites\/default\/files\/Curriculo\/Aprendizagens_Essenciais\/1_ciclo\/3_estudo_do_meio.pdf\" target=\"_blank\" rel=\"noreferrer noopener\">PDF<\/a><\/td><td class=\"has-text-align-center\" data-align=\"center\"><a href=\"https:\/\/www.dge.mec.pt\/sites\/default\/files\/Curriculo\/Aprendizagens_Essenciais\/1_ciclo\/4_estudo_do_meio.pdf\" target=\"_blank\" rel=\"noreferrer noopener\">PDF<\/a><\/td><\/tr><tr><td class=\"has-text-align-center\" data-align=\"center\" rowspan=\"4\">Educa\u00e7\u00e3o Art\u00edstica<\/td><td class=\"has-text-align-center\" data-align=\"center\">Artes Visuais<\/td><td class=\"has-text-align-center\" data-align=\"center\" colspan=\"4\"><a href=\"https:\/\/www.dge.mec.pt\/sites\/default\/files\/Curriculo\/Aprendizagens_Essenciais\/1_ciclo\/1c_artes_visuais.pdf\" target=\"_blank\" rel=\"noreferrer noopener\">PDF<\/a><\/td><\/tr><tr><td class=\"has-text-align-center\" data-align=\"center\">Express\u00e3o Dram\u00e1tica\/Teatro<\/td><td class=\"has-text-align-center\" data-align=\"center\" colspan=\"4\"><a href=\"https:\/\/www.dge.mec.pt\/sites\/default\/files\/Curriculo\/Aprendizagens_Essenciais\/1_ciclo\/1c_teatro.pdf\" target=\"_blank\" rel=\"noreferrer noopener\">PDF<\/a><\/td><\/tr><tr><td class=\"has-text-align-center\" data-align=\"center\">Dan\u00e7a<\/td><td class=\"has-text-align-center\" data-align=\"center\" colspan=\"4\"><a href=\"https:\/\/www.dge.mec.pt\/sites\/default\/files\/Curriculo\/Aprendizagens_Essenciais\/1_ciclo\/1c_danca.pdf\" target=\"_blank\" rel=\"noreferrer noopener\">PDF<\/a><\/td><\/tr><tr><td class=\"has-text-align-center\" data-align=\"center\">M\u00fasica<\/td><td class=\"has-text-align-center\" data-align=\"center\" colspan=\"4\"><a href=\"https:\/\/www.dge.mec.pt\/sites\/default\/files\/Curriculo\/Aprendizagens_Essenciais\/1_ciclo\/1c_musica.pdf\" target=\"_blank\" rel=\"noreferrer noopener\">PDF<\/a><\/td><\/tr><tr><td class=\"has-text-align-center\" data-align=\"center\" colspan=\"2\">Cidadania e Desenvolvimento<\/td><td class=\"has-text-align-center\" data-align=\"center\" colspan=\"4\"><a href=\"https:\/\/www.dge.mec.pt\/sites\/default\/files\/Curriculo\/Aprendizagens_Essenciais\/cidadania_e_desenvolvimento.pdf\" target=\"_blank\" rel=\"noreferrer noopener\">PDF<\/a><\/td><\/tr><tr><td class=\"has-text-align-center\" data-align=\"center\" colspan=\"2\">Educa\u00e7\u00e3o F\u00edsica<\/td><td class=\"has-text-align-center\" data-align=\"center\"><a href=\"https:\/\/www.dge.mec.pt\/sites\/default\/files\/Curriculo\/Aprendizagens_Essenciais\/1_ciclo\/1_educacao_fisica.pdf\" target=\"_blank\" rel=\"noreferrer noopener\">PDF<\/a><\/td><td class=\"has-text-align-center\" data-align=\"center\"><a href=\"https:\/\/www.dge.mec.pt\/sites\/default\/files\/Curriculo\/Aprendizagens_Essenciais\/1_ciclo\/2_educacao_fisica.pdf\" target=\"_blank\" rel=\"noreferrer noopener\">PDF<\/a><\/td><td class=\"has-text-align-center\" data-align=\"center\"><a href=\"https:\/\/www.dge.mec.pt\/sites\/default\/files\/Curriculo\/Aprendizagens_Essenciais\/1_ciclo\/3_educacao_fisica.pdf\" target=\"_blank\" rel=\"noreferrer noopener\">PDF<\/a><\/td><td class=\"has-text-align-center\" data-align=\"center\"><a href=\"https:\/\/www.dge.mec.pt\/sites\/default\/files\/Curriculo\/Aprendizagens_Essenciais\/1_ciclo\/4_educacao_fisica.pdf\" target=\"_blank\" rel=\"noreferrer noopener\">PDF<\/a><\/td><\/tr><tr><td class=\"has-text-align-center\" data-align=\"center\" colspan=\"2\">Ingl\u00eas<\/td><td class=\"has-text-align-center\" data-align=\"center\"><\/td><td class=\"has-text-align-center\" data-align=\"center\"><\/td><td class=\"has-text-align-center\" data-align=\"center\"><a href=\"https:\/\/www.dge.mec.pt\/sites\/default\/files\/Curriculo\/Aprendizagens_Essenciais\/1_ciclo\/ingles_1c_3a_ff.pdf\" target=\"_blank\" rel=\"noreferrer noopener\">PDF<\/a><\/td><td class=\"has-text-align-center\" data-align=\"center\"><a href=\"https:\/\/www.dge.mec.pt\/sites\/default\/files\/Curriculo\/Aprendizagens_Essenciais\/1_ciclo\/ingles_1c_4a_ff.pdf\" target=\"_blank\" rel=\"noreferrer noopener\">PDF<\/a><\/td><\/tr><tr><td class=\"has-text-align-center\" data-align=\"center\" colspan=\"2\">TIC<\/td><td class=\"has-text-align-center\" data-align=\"center\" colspan=\"4\"><a href=\"https:\/\/www.dge.mec.pt\/sites\/default\/files\/Curriculo\/Aprendizagens_Essenciais\/1_ciclo\/oc_1_tic_1.pdf\" target=\"_blank\" rel=\"noreferrer noopener\">PDF<\/a><\/td><\/tr><tr><td class=\"has-text-align-center\" data-align=\"center\" colspan=\"2\">Educa\u00e7\u00e3o Moral e Religiosa Cat\u00f3lica<\/td><td class=\"has-text-align-center\" data-align=\"center\"><a href=\"https:\/\/www.dge.mec.pt\/sites\/default\/files\/Curriculo\/Aprendizagens_Essenciais\/1_ciclo\/emrc_1c_1a.pdf\" target=\"_blank\" rel=\"noreferrer noopener\">PDF<\/a><\/td><td class=\"has-text-align-center\" data-align=\"center\"><a href=\"https:\/\/www.dge.mec.pt\/sites\/default\/files\/Curriculo\/Aprendizagens_Essenciais\/1_ciclo\/emrc_1c_2a.pdf\" target=\"_blank\" rel=\"noreferrer noopener\">PDF<\/a><\/td><td class=\"has-text-align-center\" data-align=\"center\"><a href=\"https:\/\/www.dge.mec.pt\/sites\/default\/files\/Curriculo\/Aprendizagens_Essenciais\/1_ciclo\/emrc_1c_3a.pdf\" target=\"_blank\" rel=\"noreferrer noopener\">PDF<\/a><\/td><td class=\"has-text-align-center\" data-align=\"center\"><a href=\"https:\/\/www.dge.mec.pt\/sites\/default\/files\/Curriculo\/Aprendizagens_Essenciais\/1_ciclo\/emrc_1c_4a.pdf\" target=\"_blank\" rel=\"noreferrer noopener\">PDF<\/a><\/td><\/tr><tr><td class=\"has-text-align-center\" data-align=\"center\" colspan=\"2\">Educa\u00e7\u00e3o Moral e Religiosa Evang\u00e9lica<\/td><td class=\"has-text-align-center\" data-align=\"center\"><a href=\"https:\/\/www.dge.mec.pt\/sites\/default\/files\/Curriculo\/Aprendizagens_Essenciais\/1_ciclo\/1emre.pdf\" target=\"_blank\" rel=\"noreferrer noopener\">PDF<\/a><\/td><td class=\"has-text-align-center\" data-align=\"center\"><a href=\"https:\/\/www.dge.mec.pt\/sites\/default\/files\/Curriculo\/Aprendizagens_Essenciais\/1_ciclo\/2emre.pdf\" target=\"_blank\" rel=\"noreferrer noopener\">PDF<\/a><\/td><td class=\"has-text-align-center\" data-align=\"center\"><a href=\"https:\/\/www.dge.mec.pt\/sites\/default\/files\/Curriculo\/Aprendizagens_Essenciais\/1_ciclo\/3emre.pdf\" target=\"_blank\" rel=\"noreferrer noopener\">PDF<\/a><\/td><td class=\"has-text-align-center\" data-align=\"center\"><a href=\"https:\/\/www.dge.mec.pt\/sites\/default\/files\/Curriculo\/Aprendizagens_Essenciais\/1_ciclo\/4emre.pdf\" target=\"_blank\" rel=\"noreferrer noopener\">PDF<\/a><\/td><\/tr><tr><td class=\"has-text-align-center\" data-align=\"center\" colspan=\"2\">Portugu\u00eas L\u00edngua N\u00e3o Materna<\/td><td class=\"has-text-align-center\" data-align=\"center\"><a href=\"https:\/\/www.dge.mec.pt\/sites\/default\/files\/Curriculo\/Aprendizagens_Essenciais\/PLNM\/plnm_a1_ff.pdf\" target=\"_blank\" rel=\"noreferrer noopener\">N\u00edvel A1<\/a><\/td><td class=\"has-text-align-center\" data-align=\"center\"><a href=\"https:\/\/www.dge.mec.pt\/sites\/default\/files\/Curriculo\/Aprendizagens_Essenciais\/PLNM\/plnm_a2_ff.pdf\" target=\"_blank\" rel=\"noreferrer noopener\">N\u00edvel A2<\/a><\/td><td class=\"has-text-align-center\" data-align=\"center\"><a href=\"https:\/\/www.dge.mec.pt\/sites\/default\/files\/Curriculo\/Aprendizagens_Essenciais\/PLNM\/plnm_b1_ff.pdf\" target=\"_blank\" rel=\"noreferrer noopener\">N\u00edvel B1<\/a><\/td><td class=\"has-text-align-center\" data-align=\"center\">&nbsp;<\/td><\/tr><\/tbody><\/table><\/figure>\n\n\n\n<p><sup>1&nbsp;<\/sup>aplic\u00e1veis quando criadas pela escola no \u00e2mbito da Oferta Complementar.<br><sup>2&nbsp;<\/sup>aplic\u00e1veis quando criadas pela escola no \u00e2mbito do Complemento \u00e0 Educa\u00e7\u00e3o Art\u00edstica ou da Oferta Complementar.&nbsp; &nbsp; &nbsp; &nbsp;<\/p>\n\n\n\n<p><strong>fonte:&nbsp;<\/strong><em><a href=\"https:\/\/www.dge.mec.pt\/aprendizagens-essenciais-ensino-basico\">https:\/\/www.dge.mec.pt\/aprendizagens-essenciais-ensino-basico<\/a><\/em><\/p>\n\n\n\n<p><strong>fonte:&nbsp;<\/strong><a href=\"https:\/\/www.dge.mec.pt\/portugueslinguanaomaterna\" target=\"_blank\" rel=\"noreferrer noopener\">https:\/\/www.dge.mec.pt\/portugueslinguanaomaterna<\/a><\/p>\n\n\n\n<p><\/p>\n","protected":false},"excerpt":{"rendered":"<p>As Aprendizagens Essenciais (AE) referentes ao Ensino B\u00e1sico s\u00e3o homologadas pelo&nbsp;Despacho n.\u00ba 6944-A\/2018, de 19 de julho. \u27a3&nbsp;Despacho n.\u00ba 6605-A\/2021, de 6 de julho&nbsp;\u2013 Procede \u00e0 defini\u00e7\u00e3o dos referenciais curriculares das v\u00e1rias dimens\u00f5es do desenvolvimento curricular, incluindo a avalia\u00e7\u00e3o externa. Componentes do curr\u00edculo 1. \u00ba CEB 1.\u00ba Ano 2.\u00ba Ano 3.\u00ba Ano 4.\u00ba Ano Portugu\u00eas [&hellip;]<\/p>\n","protected":false},"author":70,"featured_media":0,"parent":0,"menu_order":0,"comment_status":"closed","ping_status":"closed","template":"","meta":{"site-sidebar-layout":"default","site-content-layout":"","ast-site-content-layout":"default","site-content-style":"default","site-sidebar-style":"default","ast-global-header-display":"","ast-banner-title-visibility":"","ast-main-header-display":"","ast-hfb-above-header-display":"","ast-hfb-below-header-display":"","ast-hfb-mobile-header-display":"","site-post-title":"","ast-breadcrumbs-content":"","ast-featured-img":"","footer-sml-layout":"","ast-disable-related-posts":"","theme-transparent-header-meta":"","adv-header-id-meta":"","stick-header-meta":"","header-above-stick-meta":"","header-main-stick-meta":"","header-below-stick-meta":"","astra-migrate-meta-layouts":"default","ast-page-background-enabled":"default","ast-page-background-meta":{"desktop":{"background-color":"var(--ast-global-color-4)","background-image":"","background-repeat":"repeat","background-position":"center center","background-size":"auto","background-attachment":"scroll","background-type":"","background-media":"","overlay-type":"","overlay-color":"","overlay-opacity":"","overlay-gradient":""},"tablet":{"background-color":"","background-image":"","background-repeat":"repeat","background-position":"center center","background-size":"auto","background-attachment":"scroll","background-type":"","background-media":"","overlay-type":"","overlay-color":"","overlay-opacity":"","overlay-gradient":""},"mobile":{"background-color":"","background-image":"","background-repeat":"repeat","background-position":"center center","background-size":"auto","background-attachment":"scroll","background-type":"","background-media":"","overlay-type":"","overlay-color":"","overlay-opacity":"","overlay-gradient":""}},"ast-content-background-meta":{"desktop":{"background-color":"var(--ast-global-color-5)","background-image":"","background-repeat":"repeat","background-position":"center center","background-size":"auto","background-attachment":"scroll","background-type":"","background-media":"","overlay-type":"","overlay-color":"","overlay-opacity":"","overlay-gradient":""},"tablet":{"background-color":"var(--ast-global-color-5)","background-image":"","background-repeat":"repeat","background-position":"center center","background-size":"auto","background-attachment":"scroll","background-type":"","background-media":"","overlay-type":"","overlay-color":"","overlay-opacity":"","overlay-gradient":""},"mobile":{"background-color":"var(--ast-global-color-5)","background-image":"","background-repeat":"repeat","background-position":"center center","background-size":"auto","background-attachment":"scroll","background-type":"","background-media":"","overlay-type":"","overlay-color":"","overlay-opacity":"","overlay-gradient":""}},"_themeisle_gutenberg_block_has_review":false,"footnotes":""},"class_list":["post-165","page","type-page","status-publish","hentry"],"_links":{"self":[{"href":"https:\/\/escoladigital.madeira.gov.pt\/eb1pelsjoaorb\/wp-json\/wp\/v2\/pages\/165","targetHints":{"allow":["GET"]}}],"collection":[{"href":"https:\/\/escoladigital.madeira.gov.pt\/eb1pelsjoaorb\/wp-json\/wp\/v2\/pages"}],"about":[{"href":"https:\/\/escoladigital.madeira.gov.pt\/eb1pelsjoaorb\/wp-json\/wp\/v2\/types\/page"}],"author":[{"embeddable":true,"href":"https:\/\/escoladigital.madeira.gov.pt\/eb1pelsjoaorb\/wp-json\/wp\/v2\/users\/70"}],"replies":[{"embeddable":true,"href":"https:\/\/escoladigital.madeira.gov.pt\/eb1pelsjoaorb\/wp-json\/wp\/v2\/comments?post=165"}],"version-history":[{"count":3,"href":"https:\/\/escoladigital.madeira.gov.pt\/eb1pelsjoaorb\/wp-json\/wp\/v2\/pages\/165\/revisions"}],"predecessor-version":[{"id":329,"href":"https:\/\/escoladigital.madeira.gov.pt\/eb1pelsjoaorb\/wp-json\/wp\/v2\/pages\/165\/revisions\/329"}],"wp:attachment":[{"href":"https:\/\/escoladigital.madeira.gov.pt\/eb1pelsjoaorb\/wp-json\/wp\/v2\/media?parent=165"}],"curies":[{"name":"wp","href":"https:\/\/api.w.org\/{rel}","templated":true}]}}