{"id":173,"date":"2024-11-27T15:45:18","date_gmt":"2024-11-27T15:45:18","guid":{"rendered":"https:\/\/escoladigital.madeira.gov.pt\/eb1pelsjoaorb\/?page_id=173"},"modified":"2025-12-09T23:31:43","modified_gmt":"2025-12-09T23:31:43","slug":"localizacao","status":"publish","type":"page","link":"https:\/\/escoladigital.madeira.gov.pt\/eb1pelsjoaorb\/localizacao\/","title":{"rendered":"Localiza\u00e7\u00e3o"},"content":{"rendered":"\n<p><\/p>\n\n\n\n<p><strong>Morada:<\/strong> S\u00edtio do Lombo de S\u00e3o Jo\u00e3o<\/p>\n\n\n\n<p><strong>C\u00f3digo Postal:<\/strong> 9350-141 &nbsp;Ribeira Brava<\/p>\n\n\n\n<iframe src=\"https:\/\/www.google.com\/maps\/embed?pb=!1m18!1m12!1m3!1d3358.375337894434!2d-17.050780024882563!3d32.67606328913935!2m3!1f0!2f0!3f0!3m2!1i1024!2i768!4f13.1!3m3!1m2!1s0xc6059094aa5af59%3A0x584f1d7b9a2971b0!2sEB1%2FPE%20do%20Lombo%20de%20S%C3%A3o%20Jo%C3%A3o%20e%20S%C3%A3o%20Paulo%20(S.%20Jo%C3%A3o)!5e0!3m2!1spt-PT!2spt!4v1765322777024!5m2!1spt-PT!2spt\" width=\"600\" height=\"450\" style=\"border:0\" allowfullscreen=\"\"><\/iframe>\n\n\n\n<figure class=\"wp-block-image size-large\"><img fetchpriority=\"high\" decoding=\"async\" width=\"1024\" height=\"438\" src=\"https:\/\/escoladigital.madeira.gov.pt\/eb1pelsjoaorb\/wp-content\/uploads\/sites\/54\/2025\/12\/lombo-sao-joao-1-1024x438.png\" alt=\"\" class=\"wp-image-1051\" srcset=\"https:\/\/escoladigital.madeira.gov.pt\/eb1pelsjoaorb\/wp-content\/uploads\/sites\/54\/2025\/12\/lombo-sao-joao-1-1024x438.png 1024w, https:\/\/escoladigital.madeira.gov.pt\/eb1pelsjoaorb\/wp-content\/uploads\/sites\/54\/2025\/12\/lombo-sao-joao-1-300x128.png 300w, https:\/\/escoladigital.madeira.gov.pt\/eb1pelsjoaorb\/wp-content\/uploads\/sites\/54\/2025\/12\/lombo-sao-joao-1-768x329.png 768w, https:\/\/escoladigital.madeira.gov.pt\/eb1pelsjoaorb\/wp-content\/uploads\/sites\/54\/2025\/12\/lombo-sao-joao-1.png 1430w\" sizes=\"(max-width: 1024px) 100vw, 1024px\" \/><\/figure>\n","protected":false},"excerpt":{"rendered":"<p>Morada: S\u00edtio do Lombo de S\u00e3o Jo\u00e3o C\u00f3digo Postal: 9350-141 &nbsp;Ribeira Brava<\/p>\n","protected":false},"author":70,"featured_media":0,"parent":0,"menu_order":0,"comment_status":"closed","ping_status":"closed","template":"","meta":{"site-sidebar-layout":"default","site-content-layout":"","ast-site-content-layout":"default","site-content-style":"default","site-sidebar-style":"default","ast-global-header-display":"","ast-banner-title-visibility":"","ast-main-header-display":"","ast-hfb-above-header-display":"","ast-hfb-below-header-display":"","ast-hfb-mobile-header-display":"","site-post-title":"","ast-breadcrumbs-content":"","ast-featured-img":"","footer-sml-layout":"","ast-disable-related-posts":"","theme-transparent-header-meta":"","adv-header-id-meta":"","stick-header-meta":"","header-above-stick-meta":"","header-main-stick-meta":"","header-below-stick-meta":"","astra-migrate-meta-layouts":"default","ast-page-background-enabled":"default","ast-page-background-meta":{"desktop":{"background-color":"var(--ast-global-color-4)","background-image":"","background-repeat":"repeat","background-position":"center center","background-size":"auto","background-attachment":"scroll","background-type":"","background-media":"","overlay-type":"","overlay-color":"","overlay-opacity":"","overlay-gradient":""},"tablet":{"background-color":"","background-image":"","background-repeat":"repeat","background-position":"center center","background-size":"auto","background-attachment":"scroll","background-type":"","background-media":"","overlay-type":"","overlay-color":"","overlay-opacity":"","overlay-gradient":""},"mobile":{"background-color":"","background-image":"","background-repeat":"repeat","background-position":"center center","background-size":"auto","background-attachment":"scroll","background-type":"","background-media":"","overlay-type":"","overlay-color":"","overlay-opacity":"","overlay-gradient":""}},"ast-content-background-meta":{"desktop":{"background-color":"var(--ast-global-color-5)","background-image":"","background-repeat":"repeat","background-position":"center center","background-size":"auto","background-attachment":"scroll","background-type":"","background-media":"","overlay-type":"","overlay-color":"","overlay-opacity":"","overlay-gradient":""},"tablet":{"background-color":"var(--ast-global-color-5)","background-image":"","background-repeat":"repeat","background-position":"center center","background-size":"auto","background-attachment":"scroll","background-type":"","background-media":"","overlay-type":"","overlay-color":"","overlay-opacity":"","overlay-gradient":""},"mobile":{"background-color":"var(--ast-global-color-5)","background-image":"","background-repeat":"repeat","background-position":"center center","background-size":"auto","background-attachment":"scroll","background-type":"","background-media":"","overlay-type":"","overlay-color":"","overlay-opacity":"","overlay-gradient":""}},"_themeisle_gutenberg_block_has_review":false,"footnotes":""},"class_list":["post-173","page","type-page","status-publish","hentry"],"_links":{"self":[{"href":"https:\/\/escoladigital.madeira.gov.pt\/eb1pelsjoaorb\/wp-json\/wp\/v2\/pages\/173","targetHints":{"allow":["GET"]}}],"collection":[{"href":"https:\/\/escoladigital.madeira.gov.pt\/eb1pelsjoaorb\/wp-json\/wp\/v2\/pages"}],"about":[{"href":"https:\/\/escoladigital.madeira.gov.pt\/eb1pelsjoaorb\/wp-json\/wp\/v2\/types\/page"}],"author":[{"embeddable":true,"href":"https:\/\/escoladigital.madeira.gov.pt\/eb1pelsjoaorb\/wp-json\/wp\/v2\/users\/70"}],"replies":[{"embeddable":true,"href":"https:\/\/escoladigital.madeira.gov.pt\/eb1pelsjoaorb\/wp-json\/wp\/v2\/comments?post=173"}],"version-history":[{"count":3,"href":"https:\/\/escoladigital.madeira.gov.pt\/eb1pelsjoaorb\/wp-json\/wp\/v2\/pages\/173\/revisions"}],"predecessor-version":[{"id":1052,"href":"https:\/\/escoladigital.madeira.gov.pt\/eb1pelsjoaorb\/wp-json\/wp\/v2\/pages\/173\/revisions\/1052"}],"wp:attachment":[{"href":"https:\/\/escoladigital.madeira.gov.pt\/eb1pelsjoaorb\/wp-json\/wp\/v2\/media?parent=173"}],"curies":[{"name":"wp","href":"https:\/\/api.w.org\/{rel}","templated":true}]}}