{"id":652,"date":"2025-01-23T15:34:50","date_gmt":"2025-01-23T15:34:50","guid":{"rendered":"https:\/\/escoladigital.madeira.gov.pt\/eb1pelsjoaorb\/?page_id=652"},"modified":"2025-01-23T15:36:34","modified_gmt":"2025-01-23T15:36:34","slug":"canal-de-denuncias","status":"publish","type":"page","link":"https:\/\/escoladigital.madeira.gov.pt\/eb1pelsjoaorb\/canal-de-denuncias\/","title":{"rendered":"Canal de Den\u00fancias do Governo Regional da Madeira"},"content":{"rendered":"\n<h4 class=\"wp-block-heading\">Regime Geral de Prote\u00e7\u00e3o de Denunciantes de Infra\u00e7\u00f5es (RGPDI), Lei n.\u00ba 93\/2021 de 20 de dezembro<\/h4>\n\n\n\n<p>Garantir a prote\u00e7\u00e3o do denunciante que, de boa-f\u00e9, denuncie infra\u00e7\u00f5es, assegurando a proibi\u00e7\u00e3o de atos de retalia\u00e7\u00e3o\/amea\u00e7a.<\/p>\n\n\n\n<p>Motivar e encorajar a realiza\u00e7\u00e3o de den\u00fancias internas de atos lesivos de interesse p\u00fablico\/infra\u00e7\u00f5es, nos dom\u00ednios previstos na Lei n.\u00ba 93\/2021.<\/p>\n\n\n\n<p>Elimina\u00e7\u00e3o r\u00e1pida e eficaz dos riscos para o interesse p\u00fablico, que o ato denunciado pode ou est\u00e1 a causar.<\/p>\n\n\n\n<p>Canal de den\u00fancia \u2013&nbsp;<a href=\"https:\/\/canaldenuncias.madeira.gov.pt\/\">https:\/\/canaldenuncias.madeira.gov.pt<\/a><\/p>\n\n\n\n<p><\/p>\n","protected":false},"excerpt":{"rendered":"<p>Regime Geral de Prote\u00e7\u00e3o de Denunciantes de Infra\u00e7\u00f5es (RGPDI), Lei n.\u00ba 93\/2021 de 20 de dezembro Garantir a prote\u00e7\u00e3o do denunciante que, de boa-f\u00e9, denuncie infra\u00e7\u00f5es, assegurando a proibi\u00e7\u00e3o de atos de retalia\u00e7\u00e3o\/amea\u00e7a. Motivar e encorajar a realiza\u00e7\u00e3o de den\u00fancias internas de atos lesivos de interesse p\u00fablico\/infra\u00e7\u00f5es, nos dom\u00ednios previstos na Lei n.\u00ba 93\/2021. Elimina\u00e7\u00e3o [&hellip;]<\/p>\n","protected":false},"author":70,"featured_media":0,"parent":0,"menu_order":0,"comment_status":"closed","ping_status":"closed","template":"","meta":{"site-sidebar-layout":"default","site-content-layout":"","ast-site-content-layout":"default","site-content-style":"default","site-sidebar-style":"default","ast-global-header-display":"","ast-banner-title-visibility":"","ast-main-header-display":"","ast-hfb-above-header-display":"","ast-hfb-below-header-display":"","ast-hfb-mobile-header-display":"","site-post-title":"","ast-breadcrumbs-content":"","ast-featured-img":"","footer-sml-layout":"","ast-disable-related-posts":"","theme-transparent-header-meta":"","adv-header-id-meta":"","stick-header-meta":"","header-above-stick-meta":"","header-main-stick-meta":"","header-below-stick-meta":"","astra-migrate-meta-layouts":"default","ast-page-background-enabled":"default","ast-page-background-meta":{"desktop":{"background-color":"var(--ast-global-color-4)","background-image":"","background-repeat":"repeat","background-position":"center center","background-size":"auto","background-attachment":"scroll","background-type":"","background-media":"","overlay-type":"","overlay-color":"","overlay-opacity":"","overlay-gradient":""},"tablet":{"background-color":"","background-image":"","background-repeat":"repeat","background-position":"center center","background-size":"auto","background-attachment":"scroll","background-type":"","background-media":"","overlay-type":"","overlay-color":"","overlay-opacity":"","overlay-gradient":""},"mobile":{"background-color":"","background-image":"","background-repeat":"repeat","background-position":"center center","background-size":"auto","background-attachment":"scroll","background-type":"","background-media":"","overlay-type":"","overlay-color":"","overlay-opacity":"","overlay-gradient":""}},"ast-content-background-meta":{"desktop":{"background-color":"var(--ast-global-color-5)","background-image":"","background-repeat":"repeat","background-position":"center center","background-size":"auto","background-attachment":"scroll","background-type":"","background-media":"","overlay-type":"","overlay-color":"","overlay-opacity":"","overlay-gradient":""},"tablet":{"background-color":"var(--ast-global-color-5)","background-image":"","background-repeat":"repeat","background-position":"center center","background-size":"auto","background-attachment":"scroll","background-type":"","background-media":"","overlay-type":"","overlay-color":"","overlay-opacity":"","overlay-gradient":""},"mobile":{"background-color":"var(--ast-global-color-5)","background-image":"","background-repeat":"repeat","background-position":"center center","background-size":"auto","background-attachment":"scroll","background-type":"","background-media":"","overlay-type":"","overlay-color":"","overlay-opacity":"","overlay-gradient":""}},"_themeisle_gutenberg_block_has_review":false,"footnotes":""},"class_list":["post-652","page","type-page","status-publish","hentry"],"_links":{"self":[{"href":"https:\/\/escoladigital.madeira.gov.pt\/eb1pelsjoaorb\/wp-json\/wp\/v2\/pages\/652","targetHints":{"allow":["GET"]}}],"collection":[{"href":"https:\/\/escoladigital.madeira.gov.pt\/eb1pelsjoaorb\/wp-json\/wp\/v2\/pages"}],"about":[{"href":"https:\/\/escoladigital.madeira.gov.pt\/eb1pelsjoaorb\/wp-json\/wp\/v2\/types\/page"}],"author":[{"embeddable":true,"href":"https:\/\/escoladigital.madeira.gov.pt\/eb1pelsjoaorb\/wp-json\/wp\/v2\/users\/70"}],"replies":[{"embeddable":true,"href":"https:\/\/escoladigital.madeira.gov.pt\/eb1pelsjoaorb\/wp-json\/wp\/v2\/comments?post=652"}],"version-history":[{"count":2,"href":"https:\/\/escoladigital.madeira.gov.pt\/eb1pelsjoaorb\/wp-json\/wp\/v2\/pages\/652\/revisions"}],"predecessor-version":[{"id":657,"href":"https:\/\/escoladigital.madeira.gov.pt\/eb1pelsjoaorb\/wp-json\/wp\/v2\/pages\/652\/revisions\/657"}],"wp:attachment":[{"href":"https:\/\/escoladigital.madeira.gov.pt\/eb1pelsjoaorb\/wp-json\/wp\/v2\/media?parent=652"}],"curies":[{"name":"wp","href":"https:\/\/api.w.org\/{rel}","templated":true}]}}