{"id":86,"date":"2025-04-30T14:41:31","date_gmt":"2025-04-30T14:41:31","guid":{"rendered":"https:\/\/escoladigital.madeira.gov.pt\/eb1penazare\/?page_id=86"},"modified":"2026-03-16T10:58:28","modified_gmt":"2026-03-16T10:58:28","slug":"documentos","status":"publish","type":"page","link":"https:\/\/escoladigital.madeira.gov.pt\/eb1penazare\/documentos\/","title":{"rendered":"Documentos da Escola"},"content":{"rendered":"\n<div id=\"wp-block-themeisle-blocks-advanced-columns-dc5d0384\" class=\"wp-block-themeisle-blocks-advanced-columns has-4-columns has-desktop-equal-layout has-tablet-equal-layout has-mobile-collapsedRows-layout has-vertical-unset\"><div class=\"wp-block-themeisle-blocks-advanced-columns-overlay\"><\/div><div class=\"innerblocks-wrap\">\n<div id=\"wp-block-themeisle-blocks-advanced-column-045f7434\" class=\"wp-block-themeisle-blocks-advanced-column\"><div class=\"shared-files-embed-69e82eb02fcc5 shared-files-main-container\" data-elem-class=\"shared-files-embed-69e82eb02fcc5\" data-search-type=\"0\" data-post-id=\"86\"><div class=\"shared-files-search\"><ul class=\"shared-files-main-file-list\"><li class=\"shared-files-card-185\"><div class=\"shared-files-main-elements\"><div class=\"shared-files-main-elements-left\" style=\"background-image: url(https:\/\/escoladigital.madeira.gov.pt\/eb1penazare\/wp-content\/plugins\/shared-files\/img\/2020\/pdf.svg);\"><\/div><div class=\"shared-files-main-elements-right\"><a class=\"shared-files-file-title\"  data-file-type=\"\"  data-file-url=\"\/eb1penazare\/eb1penazare\/shared-files\/185\/?1.Plano%20de%20Preven\u00e7\u00e3o%20de%20Riscos%20e%20Infra\u00e7\u00f5es%20Conexas%20Nazar\u00e9_signed.pdf\"  data-external-url=\"\"  data-image-url=\"\" href=\"\/eb1penazare\/eb1penazare\/shared-files\/185\/?1.Plano%20de%20Preven\u00e7\u00e3o%20de%20Riscos%20e%20Infra\u00e7\u00f5es%20Conexas%20Nazar\u00e9_signed.pdf\" target=\"_blank\">Programa de Cumprimento Normativo- Plano de Preven\u00e7\u00e3o de Riscos de Corrup\u00e7\u00e3o e Infra\u00e7\u00f5es Conexas<\/a><span class=\"shared-file-size\">1.10 MB<\/span><a href=\"https:\/\/escoladigital.madeira.gov.pt\/eb1penazare\/eb1penazare\/shared-files\/185\/?1.Plano%20de%20Preven\u00e7\u00e3o%20de%20Riscos%20e%20Infra\u00e7\u00f5es%20Conexas%20Nazar\u00e9_signed.pdf\" target=\"_blank\" class=\"shared-files-preview-button\">Visualiza\u00e7\u00e3o<\/a><span class=\"shared-file-date\">14 de Maio, 2025<\/span><div class=\"shared-files-download-counter\"><span>Downloads: 276<\/span><\/div><div class=\"shared-files-download-button-container\"><a href=\"\/eb1penazare\/eb1penazare\/shared-files\/185\/?1.Plano%20de%20Preven\u00e7\u00e3o%20de%20Riscos%20e%20Infra\u00e7\u00f5es%20Conexas%20Nazar\u00e9_signed.pdf&download=1\" class=\"shared-files-download-button\"  download>Download<\/a><\/div><div class=\"shared-files-edit-actions\"><\/div><\/div><\/div><\/li><\/ul><\/div><\/div>\n<\/div>\n\n\n\n<div id=\"wp-block-themeisle-blocks-advanced-column-b92ed175\" class=\"wp-block-themeisle-blocks-advanced-column\"><div class=\"shared-files-embed-69e82eb03068b shared-files-main-container\" data-elem-class=\"shared-files-embed-69e82eb03068b\" data-search-type=\"0\" data-post-id=\"185\"><div class=\"shared-files-search\"><ul class=\"shared-files-main-file-list\"><li class=\"shared-files-card-186\"><div class=\"shared-files-main-elements\"><div class=\"shared-files-main-elements-left\" style=\"background-image: url(https:\/\/escoladigital.madeira.gov.pt\/eb1penazare\/wp-content\/plugins\/shared-files\/img\/2020\/pdf.svg);\"><\/div><div class=\"shared-files-main-elements-right\"><a class=\"shared-files-file-title\"  data-file-type=\"\"  data-file-url=\"\/eb1penazare\/eb1penazare\/shared-files\/186\/?2.C\u00f3digos%20e%20norma%20de%20Conduta-Nazar\u00e9_signed.pdf\"  data-external-url=\"\"  data-image-url=\"\" href=\"\/eb1penazare\/eb1penazare\/shared-files\/186\/?2.C\u00f3digos%20e%20norma%20de%20Conduta-Nazar\u00e9_signed.pdf\" target=\"_blank\">Programa de Cumprimento Normativo &#8211; C\u00f3digo de Conduta<\/a><span class=\"shared-file-size\">602.62 KB<\/span><a href=\"https:\/\/escoladigital.madeira.gov.pt\/eb1penazare\/eb1penazare\/shared-files\/186\/?2.C\u00f3digos%20e%20norma%20de%20Conduta-Nazar\u00e9_signed.pdf\" target=\"_blank\" class=\"shared-files-preview-button\">Visualiza\u00e7\u00e3o<\/a><span class=\"shared-file-date\">14 de Maio, 2025<\/span><div class=\"shared-files-download-counter\"><span>Downloads: 312<\/span><\/div><div class=\"shared-files-download-button-container\"><a href=\"\/eb1penazare\/eb1penazare\/shared-files\/186\/?2.C\u00f3digos%20e%20norma%20de%20Conduta-Nazar\u00e9_signed.pdf&download=1\" class=\"shared-files-download-button\"  download>Download<\/a><\/div><div class=\"shared-files-edit-actions\"><\/div><\/div><\/div><\/li><\/ul><\/div><\/div>\n<\/div>\n\n\n\n<div id=\"wp-block-themeisle-blocks-advanced-column-bbc263d8\" class=\"wp-block-themeisle-blocks-advanced-column\"><div class=\"shared-files-embed-69e82eb030ee5 shared-files-main-container\" data-elem-class=\"shared-files-embed-69e82eb030ee5\" data-search-type=\"0\" data-post-id=\"186\"><div class=\"shared-files-search\"><ul class=\"shared-files-main-file-list\"><li class=\"shared-files-card-188\"><div class=\"shared-files-main-elements\"><div class=\"shared-files-main-elements-left\" style=\"background-image: url(https:\/\/escoladigital.madeira.gov.pt\/eb1penazare\/wp-content\/plugins\/shared-files\/img\/2020\/pdf.svg);\"><\/div><div class=\"shared-files-main-elements-right\"><a class=\"shared-files-file-title\"  data-file-type=\"\"  data-file-url=\"\/eb1penazare\/eb1penazare\/shared-files\/188\/?3.Programa%20de%20Forma\u00e7\u00e3o-Nazar\u00e9_signed.pdf\"  data-external-url=\"\"  data-image-url=\"\" href=\"\/eb1penazare\/eb1penazare\/shared-files\/188\/?3.Programa%20de%20Forma\u00e7\u00e3o-Nazar\u00e9_signed.pdf\" target=\"_blank\">Programa de Cumprimento Normativo &#8211; Programa de Forma\u00e7\u00e3o<\/a><span class=\"shared-file-size\">487.20 KB<\/span><a href=\"https:\/\/escoladigital.madeira.gov.pt\/eb1penazare\/eb1penazare\/shared-files\/188\/?3.Programa%20de%20Forma\u00e7\u00e3o-Nazar\u00e9_signed.pdf\" target=\"_blank\" class=\"shared-files-preview-button\">Visualiza\u00e7\u00e3o<\/a><span class=\"shared-file-date\">14 de Maio, 2025<\/span><div class=\"shared-files-download-counter\"><span>Downloads: 296<\/span><\/div><div class=\"shared-files-download-button-container\"><a href=\"\/eb1penazare\/eb1penazare\/shared-files\/188\/?3.Programa%20de%20Forma\u00e7\u00e3o-Nazar\u00e9_signed.pdf&download=1\" class=\"shared-files-download-button\"  download>Download<\/a><\/div><div class=\"shared-files-edit-actions\"><\/div><\/div><\/div><\/li><\/ul><\/div><\/div>\n<\/div>\n\n\n\n<div id=\"wp-block-themeisle-blocks-advanced-column-0524b35b\" class=\"wp-block-themeisle-blocks-advanced-column\"><div class=\"shared-files-embed-69e82eb0317d8 shared-files-main-container\" data-elem-class=\"shared-files-embed-69e82eb0317d8\" data-search-type=\"0\" data-post-id=\"188\"><div class=\"shared-files-search\"><ul class=\"shared-files-main-file-list\"><li class=\"shared-files-card-193\"><div class=\"shared-files-main-elements\"><div class=\"shared-files-main-elements-left\" style=\"background-image: url(https:\/\/escoladigital.madeira.gov.pt\/eb1penazare\/wp-content\/plugins\/shared-files\/img\/2020\/pdf.svg);\"><\/div><div class=\"shared-files-main-elements-right\"><a class=\"shared-files-file-title\"  data-file-type=\"\"  data-file-url=\"\/eb1penazare\/eb1penazare\/shared-files\/193\/?Gest\u00e3o%20Educativa%20e%20Curricular%2024-28.pdf\"  data-external-url=\"\"  data-image-url=\"\" href=\"\/eb1penazare\/eb1penazare\/shared-files\/193\/?Gest\u00e3o%20Educativa%20e%20Curricular%2024-28.pdf\" target=\"_blank\">Documento de Gest\u00e3o Educativa e Curricular<\/a><span class=\"shared-file-size\">897.51 KB<\/span><a href=\"https:\/\/escoladigital.madeira.gov.pt\/eb1penazare\/eb1penazare\/shared-files\/193\/?Gest\u00e3o%20Educativa%20e%20Curricular%2024-28.pdf\" target=\"_blank\" class=\"shared-files-preview-button\">Visualiza\u00e7\u00e3o<\/a><span class=\"shared-file-date\">14 de Maio, 2025<\/span><div class=\"shared-files-download-counter\"><span>Downloads: 1651<\/span><\/div><div class=\"shared-files-download-button-container\"><a href=\"\/eb1penazare\/eb1penazare\/shared-files\/193\/?Gest\u00e3o%20Educativa%20e%20Curricular%2024-28.pdf&download=1\" class=\"shared-files-download-button\"  download>Download<\/a><\/div><div class=\"shared-files-edit-actions\"><\/div><\/div><\/div><\/li><\/ul><\/div><\/div>\n<\/div>\n<\/div><\/div>\n\n\n\n<div id=\"wp-block-themeisle-blocks-advanced-columns-e0b19429\" class=\"wp-block-themeisle-blocks-advanced-columns has-4-columns has-desktop-equal-layout has-tablet-equal-layout has-mobile-collapsedRows-layout has-vertical-unset\"><div class=\"wp-block-themeisle-blocks-advanced-columns-overlay\"><\/div><div class=\"innerblocks-wrap\">\n<div id=\"wp-block-themeisle-blocks-advanced-column-9165ac79\" class=\"wp-block-themeisle-blocks-advanced-column\"><div class=\"shared-files-embed-69e82eb0320fb shared-files-main-container\" data-elem-class=\"shared-files-embed-69e82eb0320fb\" data-search-type=\"0\" data-post-id=\"193\"><div class=\"shared-files-search\"><ul class=\"shared-files-main-file-list\"><li class=\"shared-files-card-211\"><div class=\"shared-files-main-elements\"><div class=\"shared-files-main-elements-left\" style=\"background-image: url(https:\/\/escoladigital.madeira.gov.pt\/eb1penazare\/wp-content\/plugins\/shared-files\/img\/2020\/pdf.svg);\"><\/div><div class=\"shared-files-main-elements-right\"><a class=\"shared-files-file-title\"  data-file-type=\"\"  data-file-url=\"\/eb1penazare\/eb1penazare\/shared-files\/211\/?ProjetoEducativo_2024-28.pdf\"  data-external-url=\"\"  data-image-url=\"\" href=\"\/eb1penazare\/eb1penazare\/shared-files\/211\/?ProjetoEducativo_2024-28.pdf\" target=\"_blank\">PROJETO EDUCATIVO 2024\/2028<\/a><span class=\"shared-file-size\">946.13 KB<\/span><a href=\"https:\/\/escoladigital.madeira.gov.pt\/eb1penazare\/eb1penazare\/shared-files\/211\/?ProjetoEducativo_2024-28.pdf\" target=\"_blank\" class=\"shared-files-preview-button\">Visualiza\u00e7\u00e3o<\/a><span class=\"shared-file-date\">14 de Maio, 2025<\/span><div class=\"shared-files-download-counter\"><span>Downloads: 450<\/span><\/div><div class=\"shared-files-download-button-container\"><a href=\"\/eb1penazare\/eb1penazare\/shared-files\/211\/?ProjetoEducativo_2024-28.pdf&download=1\" class=\"shared-files-download-button\"  download>Download<\/a><\/div><div class=\"shared-files-edit-actions\"><\/div><\/div><\/div><\/li><\/ul><\/div><\/div>\n<\/div>\n\n\n\n<div id=\"wp-block-themeisle-blocks-advanced-column-28e82eff\" class=\"wp-block-themeisle-blocks-advanced-column\"><div class=\"shared-files-embed-69e82eb0333bf shared-files-main-container\" data-elem-class=\"shared-files-embed-69e82eb0333bf\" data-search-type=\"0\" data-post-id=\"211\"><div class=\"shared-files-search\"><ul class=\"shared-files-main-file-list\"><li class=\"shared-files-card-221\"><div class=\"shared-files-main-elements\"><div class=\"shared-files-main-elements-left\" style=\"background-image: url(https:\/\/escoladigital.madeira.gov.pt\/eb1penazare\/wp-content\/plugins\/shared-files\/img\/2020\/pdf.svg);\"><\/div><div class=\"shared-files-main-elements-right\"><a class=\"shared-files-file-title\"  data-file-type=\"\"  data-file-url=\"\/eb1penazare\/eb1penazare\/shared-files\/221\/?Crit\u00e9rios%20de%20avalia\u00e7\u00e3o%202024-2028.pdf\"  data-external-url=\"\"  data-image-url=\"\" href=\"\/eb1penazare\/eb1penazare\/shared-files\/221\/?Crit\u00e9rios%20de%20avalia\u00e7\u00e3o%202024-2028.pdf\" target=\"_blank\">Crit\u00e9rios de Avalia\u00e7\u00e3o<\/a><span class=\"shared-file-size\">1.74 MB<\/span><a href=\"https:\/\/escoladigital.madeira.gov.pt\/eb1penazare\/eb1penazare\/shared-files\/221\/?Crit\u00e9rios%20de%20avalia\u00e7\u00e3o%202024-2028.pdf\" target=\"_blank\" class=\"shared-files-preview-button\">Visualiza\u00e7\u00e3o<\/a><span class=\"shared-file-date\">14 de Maio, 2025<\/span><div class=\"shared-files-download-counter\"><span>Downloads: 1424<\/span><\/div><div class=\"shared-files-download-button-container\"><a href=\"\/eb1penazare\/eb1penazare\/shared-files\/221\/?Crit\u00e9rios%20de%20avalia\u00e7\u00e3o%202024-2028.pdf&download=1\" class=\"shared-files-download-button\"  download>Download<\/a><\/div><div class=\"shared-files-edit-actions\"><\/div><\/div><\/div><\/li><\/ul><\/div><\/div>\n<\/div>\n\n\n\n<div id=\"wp-block-themeisle-blocks-advanced-column-f8e2bef1\" class=\"wp-block-themeisle-blocks-advanced-column\"><\/div>\n\n\n\n<div id=\"wp-block-themeisle-blocks-advanced-column-e7a2e00d\" class=\"wp-block-themeisle-blocks-advanced-column\"><div class=\"shared-files-embed-69e82eb033c30 shared-files-main-container\" data-elem-class=\"shared-files-embed-69e82eb033c30\" data-search-type=\"0\" data-post-id=\"221\"><div class=\"shared-files-search\"><ul class=\"shared-files-main-file-list\"><li class=\"shared-files-card-227\"><div class=\"shared-files-main-elements\"><div class=\"shared-files-main-elements-left\" style=\"background-image: url(https:\/\/escoladigital.madeira.gov.pt\/eb1penazare\/wp-content\/plugins\/shared-files\/img\/2020\/pdf.svg);\"><\/div><div class=\"shared-files-main-elements-right\"><a class=\"shared-files-file-title\"  data-file-type=\"\"  data-file-url=\"\/eb1penazare\/eb1penazare\/shared-files\/227\/?RegulamentoInterno_2024-28.pdf\"  data-external-url=\"\"  data-image-url=\"\" href=\"\/eb1penazare\/eb1penazare\/shared-files\/227\/?RegulamentoInterno_2024-28.pdf\" target=\"_blank\">RegulamentoInterno_2024-2028<\/a><span class=\"shared-file-size\">1.12 MB<\/span><a href=\"https:\/\/escoladigital.madeira.gov.pt\/eb1penazare\/eb1penazare\/shared-files\/227\/?RegulamentoInterno_2024-28.pdf\" target=\"_blank\" class=\"shared-files-preview-button\">Visualiza\u00e7\u00e3o<\/a><span class=\"shared-file-date\">14 de Maio, 2025<\/span><div class=\"shared-files-download-counter\"><span>Downloads: 263<\/span><\/div><div class=\"shared-files-download-button-container\"><a href=\"\/eb1penazare\/eb1penazare\/shared-files\/227\/?RegulamentoInterno_2024-28.pdf&download=1\" class=\"shared-files-download-button\"  download>Download<\/a><\/div><div class=\"shared-files-edit-actions\"><\/div><\/div><\/div><\/li><\/ul><\/div><\/div>\n<\/div>\n<\/div><\/div>\n\n\n\n<div id=\"wp-block-themeisle-blocks-advanced-columns-f00d5b96\" class=\"wp-block-themeisle-blocks-advanced-columns has-4-columns has-desktop-equal-layout has-tablet-equal-layout has-mobile-collapsedRows-layout has-vertical-unset\"><div class=\"wp-block-themeisle-blocks-advanced-columns-overlay\"><\/div><div class=\"innerblocks-wrap\">\n<div id=\"wp-block-themeisle-blocks-advanced-column-bac0bcdf\" class=\"wp-block-themeisle-blocks-advanced-column\"><div class=\"shared-files-embed-69e82eb034469 shared-files-main-container\" data-elem-class=\"shared-files-embed-69e82eb034469\" data-search-type=\"0\" data-post-id=\"227\"><div class=\"shared-files-search\"><ul class=\"shared-files-main-file-list\"><li class=\"shared-files-card-235\"><div class=\"shared-files-main-elements\"><div class=\"shared-files-main-elements-left\" style=\"background-image: url(https:\/\/escoladigital.madeira.gov.pt\/eb1penazare\/wp-content\/plugins\/shared-files\/img\/2020\/pdf.svg);\"><\/div><div class=\"shared-files-main-elements-right\"><a class=\"shared-files-file-title\"  data-file-type=\"\"  data-file-url=\"\/eb1penazare\/eb1penazare\/shared-files\/235\/?PT_24_25_EB1Pe_Nazar\u00e9_Lu\u00eds_Neno.pdf\"  data-external-url=\"\"  data-image-url=\"\" href=\"\/eb1penazare\/eb1penazare\/shared-files\/235\/?PT_24_25_EB1Pe_Nazar\u00e9_Lu\u00eds_Neno.pdf\" target=\"_blank\">Plano_TIC_24_25<\/a><span class=\"shared-file-size\">859.93 KB<\/span><a href=\"https:\/\/escoladigital.madeira.gov.pt\/eb1penazare\/eb1penazare\/shared-files\/235\/?PT_24_25_EB1Pe_Nazar\u00e9_Lu\u00eds_Neno.pdf\" target=\"_blank\" class=\"shared-files-preview-button\">Visualiza\u00e7\u00e3o<\/a><span class=\"shared-file-date\">14 de Maio, 2025<\/span><div class=\"shared-files-download-counter\"><span>Downloads: 359<\/span><\/div><div class=\"shared-files-download-button-container\"><a href=\"\/eb1penazare\/eb1penazare\/shared-files\/235\/?PT_24_25_EB1Pe_Nazar\u00e9_Lu\u00eds_Neno.pdf&download=1\" class=\"shared-files-download-button\"  download>Download<\/a><\/div><div class=\"shared-files-edit-actions\"><\/div><\/div><\/div><\/li><\/ul><\/div><\/div>\n<\/div>\n\n\n\n<div id=\"wp-block-themeisle-blocks-advanced-column-4eebffb7\" class=\"wp-block-themeisle-blocks-advanced-column\">\n<div data-wp-interactive=\"core\/file\" class=\"wp-block-file\"><object data-wp-bind--hidden=\"!state.hasPdfPreview\" hidden class=\"wp-block-file__embed\" data=\"https:\/\/escoladigital.madeira.gov.pt\/eb1penazare\/wp-content\/uploads\/sites\/69\/2025\/11\/Criterios-de-avaliacao-2024-2028-Adenda_.pdf\" type=\"application\/pdf\" style=\"width:100%;height:600px\" aria-label=\"Incorpora\u00e7\u00e3o de Crit\u00e9rios de avalia\u00e7\u00e3o 2024-2028-Adenda_.\"><\/object><a id=\"wp-block-file--media-b193f01e-a499-4441-8cb1-7f9eb9c2ae49\" href=\"https:\/\/escoladigital.madeira.gov.pt\/eb1penazare\/wp-content\/uploads\/sites\/69\/2025\/11\/Criterios-de-avaliacao-2024-2028-Adenda_.pdf\">Crit\u00e9rios de avalia\u00e7\u00e3o 2024-2028-Adenda_<\/a><a href=\"https:\/\/escoladigital.madeira.gov.pt\/eb1penazare\/wp-content\/uploads\/sites\/69\/2025\/11\/Criterios-de-avaliacao-2024-2028-Adenda_.pdf\" class=\"wp-block-file__button wp-element-button\" download aria-describedby=\"wp-block-file--media-b193f01e-a499-4441-8cb1-7f9eb9c2ae49\">Descarregar<\/a><\/div>\n<\/div>\n\n\n\n<div id=\"wp-block-themeisle-blocks-advanced-column-83890e89\" class=\"wp-block-themeisle-blocks-advanced-column\">\n<div data-wp-interactive=\"core\/file\" class=\"wp-block-file\"><object data-wp-bind--hidden=\"!state.hasPdfPreview\" hidden class=\"wp-block-file__embed\" data=\"https:\/\/escoladigital.madeira.gov.pt\/eb1penazare\/wp-content\/uploads\/sites\/69\/2025\/11\/Gestao-Educativa-e-Curricular-24-28-Adenda_.pdf\" type=\"application\/pdf\" style=\"width:100%;height:600px\" aria-label=\"Incorpora\u00e7\u00e3o de Gest\u00e3o Educativa e Curricular 24-28 Adenda_.\"><\/object><a id=\"wp-block-file--media-25e9b249-8adb-4132-9900-a977a926b896\" href=\"https:\/\/escoladigital.madeira.gov.pt\/eb1penazare\/wp-content\/uploads\/sites\/69\/2025\/11\/Gestao-Educativa-e-Curricular-24-28-Adenda_.pdf\">Gest\u00e3o Educativa e Curricular 24-28 Adenda_<\/a><a href=\"https:\/\/escoladigital.madeira.gov.pt\/eb1penazare\/wp-content\/uploads\/sites\/69\/2025\/11\/Gestao-Educativa-e-Curricular-24-28-Adenda_.pdf\" class=\"wp-block-file__button wp-element-button\" download aria-describedby=\"wp-block-file--media-25e9b249-8adb-4132-9900-a977a926b896\">Descarregar<\/a><\/div>\n<\/div>\n\n\n\n<div id=\"wp-block-themeisle-blocks-advanced-column-c4c6b6ce\" class=\"wp-block-themeisle-blocks-advanced-column\">\n<div data-wp-interactive=\"core\/file\" class=\"wp-block-file\"><object data-wp-bind--hidden=\"!state.hasPdfPreview\" hidden class=\"wp-block-file__embed\" data=\"https:\/\/escoladigital.madeira.gov.pt\/eb1penazare\/wp-content\/uploads\/sites\/69\/2025\/11\/PAA25_26_.pdf\" type=\"application\/pdf\" style=\"width:100%;height:600px\" aria-label=\"Incorpora\u00e7\u00e3o de PAA25_26_.\"><\/object><a id=\"wp-block-file--media-5c8239b4-5473-4655-8135-2ea1f506b3f1\" href=\"https:\/\/escoladigital.madeira.gov.pt\/eb1penazare\/wp-content\/uploads\/sites\/69\/2025\/11\/PAA25_26_.pdf\">PAA25_26_<\/a><a href=\"https:\/\/escoladigital.madeira.gov.pt\/eb1penazare\/wp-content\/uploads\/sites\/69\/2025\/11\/PAA25_26_.pdf\" class=\"wp-block-file__button wp-element-button\" download aria-describedby=\"wp-block-file--media-5c8239b4-5473-4655-8135-2ea1f506b3f1\">Descarregar<\/a><\/div>\n<\/div>\n<\/div><\/div>\n\n\n\n<p><\/p>\n","protected":false},"excerpt":{"rendered":"","protected":false},"author":94,"featured_media":0,"parent":0,"menu_order":0,"comment_status":"closed","ping_status":"closed","template":"","meta":{"site-sidebar-layout":"default","site-content-layout":"","ast-site-content-layout":"default","site-content-style":"default","site-sidebar-style":"default","ast-global-header-display":"","ast-banner-title-visibility":"","ast-main-header-display":"","ast-hfb-above-header-display":"","ast-hfb-below-header-display":"","ast-hfb-mobile-header-display":"","site-post-title":"","ast-breadcrumbs-content":"","ast-featured-img":"","footer-sml-layout":"","ast-disable-related-posts":"","theme-transparent-header-meta":"","adv-header-id-meta":"","stick-header-meta":"","header-above-stick-meta":"","header-main-stick-meta":"","header-below-stick-meta":"","astra-migrate-meta-layouts":"default","ast-page-background-enabled":"default","ast-page-background-meta":{"desktop":{"background-color":"var(--ast-global-color-5)","background-image":"","background-repeat":"repeat","background-position":"center center","background-size":"auto","background-attachment":"scroll","background-type":"","background-media":"","overlay-type":"","overlay-color":"","overlay-opacity":"","overlay-gradient":""},"tablet":{"background-color":"","background-image":"","background-repeat":"repeat","background-position":"center center","background-size":"auto","background-attachment":"scroll","background-type":"","background-media":"","overlay-type":"","overlay-color":"","overlay-opacity":"","overlay-gradient":""},"mobile":{"background-color":"","background-image":"","background-repeat":"repeat","background-position":"center center","background-size":"auto","background-attachment":"scroll","background-type":"","background-media":"","overlay-type":"","overlay-color":"","overlay-opacity":"","overlay-gradient":""}},"ast-content-background-meta":{"desktop":{"background-color":"var(--ast-global-color-4)","background-image":"","background-repeat":"repeat","background-position":"center center","background-size":"auto","background-attachment":"scroll","background-type":"","background-media":"","overlay-type":"","overlay-color":"","overlay-opacity":"","overlay-gradient":""},"tablet":{"background-color":"var(--ast-global-color-4)","background-image":"","background-repeat":"repeat","background-position":"center center","background-size":"auto","background-attachment":"scroll","background-type":"","background-media":"","overlay-type":"","overlay-color":"","overlay-opacity":"","overlay-gradient":""},"mobile":{"background-color":"var(--ast-global-color-4)","background-image":"","background-repeat":"repeat","background-position":"center center","background-size":"auto","background-attachment":"scroll","background-type":"","background-media":"","overlay-type":"","overlay-color":"","overlay-opacity":"","overlay-gradient":""}},"_themeisle_gutenberg_block_has_review":false,"footnotes":""},"class_list":["post-86","page","type-page","status-publish","hentry"],"_links":{"self":[{"href":"https:\/\/escoladigital.madeira.gov.pt\/eb1penazare\/wp-json\/wp\/v2\/pages\/86","targetHints":{"allow":["GET"]}}],"collection":[{"href":"https:\/\/escoladigital.madeira.gov.pt\/eb1penazare\/wp-json\/wp\/v2\/pages"}],"about":[{"href":"https:\/\/escoladigital.madeira.gov.pt\/eb1penazare\/wp-json\/wp\/v2\/types\/page"}],"author":[{"embeddable":true,"href":"https:\/\/escoladigital.madeira.gov.pt\/eb1penazare\/wp-json\/wp\/v2\/users\/94"}],"replies":[{"embeddable":true,"href":"https:\/\/escoladigital.madeira.gov.pt\/eb1penazare\/wp-json\/wp\/v2\/comments?post=86"}],"version-history":[{"count":32,"href":"https:\/\/escoladigital.madeira.gov.pt\/eb1penazare\/wp-json\/wp\/v2\/pages\/86\/revisions"}],"predecessor-version":[{"id":386,"href":"https:\/\/escoladigital.madeira.gov.pt\/eb1penazare\/wp-json\/wp\/v2\/pages\/86\/revisions\/386"}],"wp:attachment":[{"href":"https:\/\/escoladigital.madeira.gov.pt\/eb1penazare\/wp-json\/wp\/v2\/media?parent=86"}],"curies":[{"name":"wp","href":"https:\/\/api.w.org\/{rel}","templated":true}]}}