{"id":123,"date":"2024-11-27T16:32:32","date_gmt":"2024-11-27T16:32:32","guid":{"rendered":"https:\/\/escoladigital.madeira.gov.pt\/eb1pepeaguiar\/?page_id=123"},"modified":"2024-12-08T21:38:34","modified_gmt":"2024-12-08T21:38:34","slug":"quem-somos","status":"publish","type":"page","link":"https:\/\/escoladigital.madeira.gov.pt\/eb1pepeaguiar\/quem-somos\/","title":{"rendered":"Quem somos?"},"content":{"rendered":"<h2 class=\"has-text-align-center wp-block-post-title\">Quem somos?<\/h2>\n\n\n<p><\/p>\n\n\n\n<pre class=\"wp-block-preformatted has-ast-global-color-4-background-color has-background\">Eb1\/PE com Creche Professor Eleut\u00e9rio de Aguiar (c\u00f3digo 3103131) \u00e9 a&nbsp;<strong>Escola de Refer\u00eancia para a educa\u00e7\u00e3o bilingue de alunos surdos<\/strong>&nbsp;(EREBAS) de 1\u00baciclo e pr\u00e9-escolar da RAM, onde \u00e9 desenvolvido o curr\u00edculo de LGP e Portugu\u00eas, ambas como primeira ou segunda l\u00ednguas, mediante a situa\u00e7\u00e3o de cada crian\u00e7a.&nbsp;<\/pre>\n\n\n\n<pre class=\"wp-block-preformatted has-ast-global-color-4-background-color has-background\">EB1\/PE com Creche Professor Eleut\u00e9rio de Aguiar is the&nbsp;<strong>Reference School for bilingual education of deaf children<\/strong>&nbsp;in primary school and pre-school levels in Madeira Island. Here is developed Portuguese Sign Language and Portuguese curriculum, either as first or second language, according to the situation of each child.<\/pre>\n\n\n\n<p><\/p>\n","protected":false},"excerpt":{"rendered":"<p>Eb1\/PE com Creche Professor Eleut\u00e9rio de Aguiar (c\u00f3digo 3103131) \u00e9 a&nbsp;Escola de Refer\u00eancia para a educa\u00e7\u00e3o bilingue de alunos surdos&nbsp;(EREBAS) [&hellip;]<\/p>\n","protected":false},"author":65,"featured_media":0,"parent":0,"menu_order":0,"comment_status":"closed","ping_status":"closed","template":"","meta":{"site-sidebar-layout":"default","site-content-layout":"","ast-site-content-layout":"default","site-content-style":"default","site-sidebar-style":"default","ast-global-header-display":"","ast-banner-title-visibility":"","ast-main-header-display":"","ast-hfb-above-header-display":"","ast-hfb-below-header-display":"","ast-hfb-mobile-header-display":"","site-post-title":"disabled","ast-breadcrumbs-content":"","ast-featured-img":"","footer-sml-layout":"","ast-disable-related-posts":"","theme-transparent-header-meta":"","adv-header-id-meta":"","stick-header-meta":"","header-above-stick-meta":"","header-main-stick-meta":"","header-below-stick-meta":"","astra-migrate-meta-layouts":"default","ast-page-background-enabled":"default","ast-page-background-meta":{"desktop":{"background-color":"var(--ast-global-color-4)","background-image":"","background-repeat":"repeat","background-position":"center center","background-size":"auto","background-attachment":"scroll","background-type":"","background-media":"","overlay-type":"","overlay-color":"","overlay-opacity":"","overlay-gradient":""},"tablet":{"background-color":"","background-image":"","background-repeat":"repeat","background-position":"center center","background-size":"auto","background-attachment":"scroll","background-type":"","background-media":"","overlay-type":"","overlay-color":"","overlay-opacity":"","overlay-gradient":""},"mobile":{"background-color":"","background-image":"","background-repeat":"repeat","background-position":"center center","background-size":"auto","background-attachment":"scroll","background-type":"","background-media":"","overlay-type":"","overlay-color":"","overlay-opacity":"","overlay-gradient":""}},"ast-content-background-meta":{"desktop":{"background-color":"var(--ast-global-color-5)","background-image":"","background-repeat":"repeat","background-position":"center center","background-size":"auto","background-attachment":"scroll","background-type":"","background-media":"","overlay-type":"","overlay-color":"","overlay-opacity":"","overlay-gradient":""},"tablet":{"background-color":"var(--ast-global-color-5)","background-image":"","background-repeat":"repeat","background-position":"center center","background-size":"auto","background-attachment":"scroll","background-type":"","background-media":"","overlay-type":"","overlay-color":"","overlay-opacity":"","overlay-gradient":""},"mobile":{"background-color":"var(--ast-global-color-5)","background-image":"","background-repeat":"repeat","background-position":"center center","background-size":"auto","background-attachment":"scroll","background-type":"","background-media":"","overlay-type":"","overlay-color":"","overlay-opacity":"","overlay-gradient":""}},"_themeisle_gutenberg_block_has_review":false,"footnotes":""},"class_list":["post-123","page","type-page","status-publish","hentry"],"_links":{"self":[{"href":"https:\/\/escoladigital.madeira.gov.pt\/eb1pepeaguiar\/wp-json\/wp\/v2\/pages\/123","targetHints":{"allow":["GET"]}}],"collection":[{"href":"https:\/\/escoladigital.madeira.gov.pt\/eb1pepeaguiar\/wp-json\/wp\/v2\/pages"}],"about":[{"href":"https:\/\/escoladigital.madeira.gov.pt\/eb1pepeaguiar\/wp-json\/wp\/v2\/types\/page"}],"author":[{"embeddable":true,"href":"https:\/\/escoladigital.madeira.gov.pt\/eb1pepeaguiar\/wp-json\/wp\/v2\/users\/65"}],"replies":[{"embeddable":true,"href":"https:\/\/escoladigital.madeira.gov.pt\/eb1pepeaguiar\/wp-json\/wp\/v2\/comments?post=123"}],"version-history":[{"count":6,"href":"https:\/\/escoladigital.madeira.gov.pt\/eb1pepeaguiar\/wp-json\/wp\/v2\/pages\/123\/revisions"}],"predecessor-version":[{"id":437,"href":"https:\/\/escoladigital.madeira.gov.pt\/eb1pepeaguiar\/wp-json\/wp\/v2\/pages\/123\/revisions\/437"}],"wp:attachment":[{"href":"https:\/\/escoladigital.madeira.gov.pt\/eb1pepeaguiar\/wp-json\/wp\/v2\/media?parent=123"}],"curies":[{"name":"wp","href":"https:\/\/api.w.org\/{rel}","templated":true}]}}