{"id":153,"date":"2025-04-30T15:29:25","date_gmt":"2025-04-30T15:29:25","guid":{"rendered":"https:\/\/escoladigital.madeira.gov.pt\/eb1pepena\/?page_id=153"},"modified":"2026-04-13T08:12:10","modified_gmt":"2026-04-13T08:12:10","slug":"ementas-3-o-periodo","status":"publish","type":"page","link":"https:\/\/escoladigital.madeira.gov.pt\/eb1pepena\/ementas-3-o-periodo\/","title":{"rendered":"Ementas"},"content":{"rendered":"\n<h2 class=\"wp-block-heading\">Almo\u00e7o 3.\u00ba Per\u00edodo<\/h2>\n\n\n\n<div data-wp-interactive=\"core\/file\" class=\"wp-block-file\"><object data-wp-bind--hidden=\"!state.hasPdfPreview\" hidden class=\"wp-block-file__embed\" data=\"https:\/\/escoladigital.madeira.gov.pt\/eb1pepena\/wp-content\/uploads\/sites\/50\/2026\/04\/Ementa-3P-1oCiclo-2025_2026.pdf\" type=\"application\/pdf\" style=\"width:100%;height:600px\" aria-label=\"Incorpora\u00e7\u00e3o de Ementa 3P 1\u00baCiclo 2025_2026.\"><\/object><a id=\"wp-block-file--media-829734aa-c547-425a-9704-f9fd5f392bb8\" href=\"https:\/\/escoladigital.madeira.gov.pt\/eb1pepena\/wp-content\/uploads\/sites\/50\/2026\/04\/Ementa-3P-1oCiclo-2025_2026.pdf\">Ementa 3P 1\u00baCiclo 2025_2026<\/a><a href=\"https:\/\/escoladigital.madeira.gov.pt\/eb1pepena\/wp-content\/uploads\/sites\/50\/2026\/04\/Ementa-3P-1oCiclo-2025_2026.pdf\" class=\"wp-block-file__button wp-element-button\" download aria-describedby=\"wp-block-file--media-829734aa-c547-425a-9704-f9fd5f392bb8\">Descarregar<\/a><\/div>\n\n\n\n<h2 class=\"wp-block-heading\">Lanche 3.\u00ba Per\u00edodo<\/h2>\n\n\n\n<div data-wp-interactive=\"core\/file\" class=\"wp-block-file\"><object data-wp-bind--hidden=\"!state.hasPdfPreview\" hidden class=\"wp-block-file__embed\" data=\"https:\/\/escoladigital.madeira.gov.pt\/eb1pepena\/wp-content\/uploads\/sites\/50\/2026\/04\/Ementa-Lanches-1oCICLO-DRPRI-3P-25-26.pdf\" type=\"application\/pdf\" style=\"width:100%;height:600px\" aria-label=\"Incorpora\u00e7\u00e3o de Ementa Lanches 1\u00baCICLO DRPRI 3P 25-26.\"><\/object><a id=\"wp-block-file--media-1bb2a0cb-484a-443c-818b-4f8d4ef518d4\" href=\"https:\/\/escoladigital.madeira.gov.pt\/eb1pepena\/wp-content\/uploads\/sites\/50\/2026\/04\/Ementa-Lanches-1oCICLO-DRPRI-3P-25-26.pdf\">Ementa Lanches 1\u00baCICLO DRPRI 3P 25-26<\/a><a href=\"https:\/\/escoladigital.madeira.gov.pt\/eb1pepena\/wp-content\/uploads\/sites\/50\/2026\/04\/Ementa-Lanches-1oCICLO-DRPRI-3P-25-26.pdf\" class=\"wp-block-file__button wp-element-button\" download aria-describedby=\"wp-block-file--media-1bb2a0cb-484a-443c-818b-4f8d4ef518d4\">Descarregar<\/a><\/div>\n\n\n\n<h2 class=\"wp-block-heading\">Almo\u00e7o 2.\u00ba Per\u00edodo<\/h2>\n\n\n\n<div data-wp-interactive=\"core\/file\" class=\"wp-block-file\"><object data-wp-bind--hidden=\"!state.hasPdfPreview\" hidden class=\"wp-block-file__embed\" data=\"https:\/\/escoladigital.madeira.gov.pt\/eb1pepena\/wp-content\/uploads\/sites\/50\/2025\/12\/Ementa-2P_1oCiclo_V3.pdf\" type=\"application\/pdf\" style=\"width:100%;height:600px\" aria-label=\"Incorpora\u00e7\u00e3o de Ementa 2P_1\u00baCiclo_V3.\"><\/object><a id=\"wp-block-file--media-d69e34d4-8640-4cd4-94ca-17c839f045aa\" href=\"https:\/\/escoladigital.madeira.gov.pt\/eb1pepena\/wp-content\/uploads\/sites\/50\/2025\/12\/Ementa-2P_1oCiclo_V3.pdf\">Ementa 2P_1\u00baCiclo_V3<\/a><a href=\"https:\/\/escoladigital.madeira.gov.pt\/eb1pepena\/wp-content\/uploads\/sites\/50\/2025\/12\/Ementa-2P_1oCiclo_V3.pdf\" class=\"wp-block-file__button wp-element-button\" download aria-describedby=\"wp-block-file--media-d69e34d4-8640-4cd4-94ca-17c839f045aa\">Descarregar<\/a><\/div>\n\n\n\n<p><strong>Adenda:<\/strong> Troca de ementa do dia 5 pelo dia 6 de janeiro.<\/p>\n\n\n\n<p>Adenda 10\/2\/2026 &#8211; Altera\u00e7\u00e3o &#8211; Carne mo\u00edda com massa cotovelinho e br\u00f3culos.<\/p>\n\n\n\n<h2 class=\"wp-block-heading\">Lanche 2.\u00ba Per\u00edodo<\/h2>\n\n\n\n<div data-wp-interactive=\"core\/file\" class=\"wp-block-file\"><object data-wp-bind--hidden=\"!state.hasPdfPreview\" hidden class=\"wp-block-file__embed\" data=\"https:\/\/escoladigital.madeira.gov.pt\/eb1pepena\/wp-content\/uploads\/sites\/50\/2025\/12\/Ementa-Lanches-EB1-DRPRI-2P-25-26-v1.pdf\" type=\"application\/pdf\" style=\"width:100%;height:600px\" aria-label=\"Incorpora\u00e7\u00e3o de Ementa Lanches EB1 DRPRI 2P 25-26 v1.\"><\/object><a id=\"wp-block-file--media-dc89cfa3-33ad-4b4c-8fcb-53847db19d4d\" href=\"https:\/\/escoladigital.madeira.gov.pt\/eb1pepena\/wp-content\/uploads\/sites\/50\/2025\/12\/Ementa-Lanches-EB1-DRPRI-2P-25-26-v1.pdf\">Ementa Lanches EB1 DRPRI 2P 25-26 v1<\/a><a href=\"https:\/\/escoladigital.madeira.gov.pt\/eb1pepena\/wp-content\/uploads\/sites\/50\/2025\/12\/Ementa-Lanches-EB1-DRPRI-2P-25-26-v1.pdf\" class=\"wp-block-file__button wp-element-button\" download aria-describedby=\"wp-block-file--media-dc89cfa3-33ad-4b4c-8fcb-53847db19d4d\">Descarregar<\/a><\/div>\n\n\n\n<h2 class=\"wp-block-heading\">Almo\u00e7o 1.\u00ba Per\u00edodo<\/h2>\n\n\n\n<div data-wp-interactive=\"core\/file\" class=\"wp-block-file\"><object data-wp-bind--hidden=\"!state.hasPdfPreview\" hidden class=\"wp-block-file__embed\" data=\"https:\/\/escoladigital.madeira.gov.pt\/eb1pepena\/wp-content\/uploads\/sites\/50\/2025\/09\/Ementa-almoco-1o-ciclo.pdf\" type=\"application\/pdf\" style=\"width:100%;height:600px\" aria-label=\"Incorpora\u00e7\u00e3o de Ementa almo\u00e7o 1\u00ba ciclo.\"><\/object><a id=\"wp-block-file--media-474bf679-aa9f-45e3-9219-5ab88bba4edb\" href=\"https:\/\/escoladigital.madeira.gov.pt\/eb1pepena\/wp-content\/uploads\/sites\/50\/2025\/09\/Ementa-almoco-1o-ciclo.pdf\">Ementa almo\u00e7o 1\u00ba ciclo<\/a><a href=\"https:\/\/escoladigital.madeira.gov.pt\/eb1pepena\/wp-content\/uploads\/sites\/50\/2025\/09\/Ementa-almoco-1o-ciclo.pdf\" class=\"wp-block-file__button wp-element-button\" download aria-describedby=\"wp-block-file--media-474bf679-aa9f-45e3-9219-5ab88bba4edb\">Descarregar<\/a><\/div>\n\n\n\n<h2 class=\"wp-block-heading\">Lanche 1.\u00ba Per\u00edodo<\/h2>\n\n\n\n<div data-wp-interactive=\"core\/file\" class=\"wp-block-file\"><object data-wp-bind--hidden=\"!state.hasPdfPreview\" hidden class=\"wp-block-file__embed\" data=\"https:\/\/escoladigital.madeira.gov.pt\/eb1pepena\/wp-content\/uploads\/sites\/50\/2025\/09\/Ementa-Lanches-1o-ciclo.pdf\" type=\"application\/pdf\" style=\"width:100%;height:600px\" aria-label=\"Incorpora\u00e7\u00e3o de Ementa Lanches 1\u00ba ciclo.\"><\/object><a id=\"wp-block-file--media-80d6b369-c591-491b-bcb3-df82d6352b9e\" href=\"https:\/\/escoladigital.madeira.gov.pt\/eb1pepena\/wp-content\/uploads\/sites\/50\/2025\/09\/Ementa-Lanches-1o-ciclo.pdf\">Ementa Lanches 1\u00ba ciclo<\/a><a href=\"https:\/\/escoladigital.madeira.gov.pt\/eb1pepena\/wp-content\/uploads\/sites\/50\/2025\/09\/Ementa-Lanches-1o-ciclo.pdf\" class=\"wp-block-file__button wp-element-button\" download aria-describedby=\"wp-block-file--media-80d6b369-c591-491b-bcb3-df82d6352b9e\">Descarregar<\/a><\/div>\n\n\n\n<p><strong>Adenda: <\/strong>altera\u00e7\u00e3o dia 19-11-2015 &#8211; Empad\u00e3o de carne mo\u00edda com arroz e alface.<\/p>\n\n\n\n<p><\/p>\n","protected":false},"excerpt":{"rendered":"<p>Almo\u00e7o 3.\u00ba Per\u00edodo Lanche 3.\u00ba Per\u00edodo Almo\u00e7o 2.\u00ba Per\u00edodo Adenda: Troca de ementa do dia 5 pelo dia 6 de [&hellip;]<\/p>\n","protected":false},"author":66,"featured_media":0,"parent":0,"menu_order":0,"comment_status":"closed","ping_status":"closed","template":"","meta":{"site-sidebar-layout":"default","site-content-layout":"","ast-site-content-layout":"default","site-content-style":"default","site-sidebar-style":"default","ast-global-header-display":"","ast-banner-title-visibility":"","ast-main-header-display":"","ast-hfb-above-header-display":"","ast-hfb-below-header-display":"","ast-hfb-mobile-header-display":"","site-post-title":"","ast-breadcrumbs-content":"","ast-featured-img":"","footer-sml-layout":"","ast-disable-related-posts":"","theme-transparent-header-meta":"","adv-header-id-meta":"","stick-header-meta":"","header-above-stick-meta":"","header-main-stick-meta":"","header-below-stick-meta":"","astra-migrate-meta-layouts":"default","ast-page-background-enabled":"default","ast-page-background-meta":{"desktop":{"background-color":"var(--ast-global-color-5)","background-image":"","background-repeat":"repeat","background-position":"center center","background-size":"auto","background-attachment":"scroll","background-type":"","background-media":"","overlay-type":"","overlay-color":"","overlay-opacity":"","overlay-gradient":""},"tablet":{"background-color":"","background-image":"","background-repeat":"repeat","background-position":"center center","background-size":"auto","background-attachment":"scroll","background-type":"","background-media":"","overlay-type":"","overlay-color":"","overlay-opacity":"","overlay-gradient":""},"mobile":{"background-color":"","background-image":"","background-repeat":"repeat","background-position":"center center","background-size":"auto","background-attachment":"scroll","background-type":"","background-media":"","overlay-type":"","overlay-color":"","overlay-opacity":"","overlay-gradient":""}},"ast-content-background-meta":{"desktop":{"background-color":"var(--ast-global-color-4)","background-image":"","background-repeat":"repeat","background-position":"center center","background-size":"auto","background-attachment":"scroll","background-type":"","background-media":"","overlay-type":"","overlay-color":"","overlay-opacity":"","overlay-gradient":""},"tablet":{"background-color":"var(--ast-global-color-4)","background-image":"","background-repeat":"repeat","background-position":"center center","background-size":"auto","background-attachment":"scroll","background-type":"","background-media":"","overlay-type":"","overlay-color":"","overlay-opacity":"","overlay-gradient":""},"mobile":{"background-color":"var(--ast-global-color-4)","background-image":"","background-repeat":"repeat","background-position":"center center","background-size":"auto","background-attachment":"scroll","background-type":"","background-media":"","overlay-type":"","overlay-color":"","overlay-opacity":"","overlay-gradient":""}},"_themeisle_gutenberg_block_has_review":false,"footnotes":""},"class_list":["post-153","page","type-page","status-publish","hentry"],"_links":{"self":[{"href":"https:\/\/escoladigital.madeira.gov.pt\/eb1pepena\/wp-json\/wp\/v2\/pages\/153","targetHints":{"allow":["GET"]}}],"collection":[{"href":"https:\/\/escoladigital.madeira.gov.pt\/eb1pepena\/wp-json\/wp\/v2\/pages"}],"about":[{"href":"https:\/\/escoladigital.madeira.gov.pt\/eb1pepena\/wp-json\/wp\/v2\/types\/page"}],"author":[{"embeddable":true,"href":"https:\/\/escoladigital.madeira.gov.pt\/eb1pepena\/wp-json\/wp\/v2\/users\/66"}],"replies":[{"embeddable":true,"href":"https:\/\/escoladigital.madeira.gov.pt\/eb1pepena\/wp-json\/wp\/v2\/comments?post=153"}],"version-history":[{"count":10,"href":"https:\/\/escoladigital.madeira.gov.pt\/eb1pepena\/wp-json\/wp\/v2\/pages\/153\/revisions"}],"predecessor-version":[{"id":746,"href":"https:\/\/escoladigital.madeira.gov.pt\/eb1pepena\/wp-json\/wp\/v2\/pages\/153\/revisions\/746"}],"wp:attachment":[{"href":"https:\/\/escoladigital.madeira.gov.pt\/eb1pepena\/wp-json\/wp\/v2\/media?parent=153"}],"curies":[{"name":"wp","href":"https:\/\/api.w.org\/{rel}","templated":true}]}}