{"id":165,"date":"2025-04-30T15:52:26","date_gmt":"2025-04-30T15:52:26","guid":{"rendered":"https:\/\/escoladigital.madeira.gov.pt\/eb1pepena\/?page_id=165"},"modified":"2025-05-07T15:08:37","modified_gmt":"2025-05-07T15:08:37","slug":"pagina-inicial","status":"publish","type":"page","link":"https:\/\/escoladigital.madeira.gov.pt\/eb1pepena\/","title":{"rendered":"P\u00e1gina Inicial"},"content":{"rendered":"<div class=\"is-style-boxed wp-block-themeisle-blocks-posts-grid\" id=\"wp-block-themeisle-blocks-posts-grid-c0dd1f81\"><div class=\"is-grid o-posts-grid-columns-3\"><div class=\"o-posts-grid-post-blog o-posts-grid-post-plain\"><div class=\"o-posts-grid-post\"><div class=\"o-posts-grid-post-body is-full\"><span class=\"o-posts-grid-post-category\"><a href=\"https:\/\/escoladigital.madeira.gov.pt\/eb1pepena\/category\/sem-categoria\/\">Sem categoria<\/a><\/span><h4 class=\"o-posts-grid-post-title\"><a href=\"https:\/\/escoladigital.madeira.gov.pt\/eb1pepena\/2026\/04\/13\/provas-ensaio-e-moda-2026\/\">Provas Ensaio e ModA 2026<\/a><\/h4><p class=\"o-posts-grid-post-meta\">  <time datetime=\"2026-04-13T12:39:24+00:00\">13 de Abril, 2026<\/time> by <a href=\"https:\/\/escoladigital.madeira.gov.pt\/eb1pepena\/author\/eb1pepena\/\">eb1pepena<\/a><\/p><div class=\"o-posts-grid-post-description\"><p>Aqui pode consultar toda a documenta\u00e7\u00e3o relativa \u00e0s provas ensaio e provas ModA 2026 ou pode entrar \u2026<\/p><\/div><\/div><\/div><\/div><div class=\"o-posts-grid-post-blog o-posts-grid-post-plain\"><div class=\"o-posts-grid-post\"><div class=\"o-posts-grid-post-body is-full\"><span class=\"o-posts-grid-post-category\"><a href=\"https:\/\/escoladigital.madeira.gov.pt\/eb1pepena\/category\/sem-categoria\/\">Sem categoria<\/a><\/span><h4 class=\"o-posts-grid-post-title\"><a href=\"https:\/\/escoladigital.madeira.gov.pt\/eb1pepena\/2026\/04\/13\/ementa-almoco-e-lanche-3-o-periodo\/\">Ementa- Almo\u00e7o e lanche 3.\u00ba Per\u00edodo<\/a><\/h4><p class=\"o-posts-grid-post-meta\">  <time datetime=\"2026-04-13T08:13:20+00:00\">13 de Abril, 2026<\/time> by <a href=\"https:\/\/escoladigital.madeira.gov.pt\/eb1pepena\/author\/eb1pepena\/\">eb1pepena<\/a><\/p><div class=\"o-posts-grid-post-description\"><p><\/p><\/div><\/div><\/div><\/div><div class=\"o-posts-grid-post-blog o-posts-grid-post-plain\"><div class=\"o-posts-grid-post\"><div class=\"o-posts-grid-post-body is-full\"><span class=\"o-posts-grid-post-category\"><a href=\"https:\/\/escoladigital.madeira.gov.pt\/eb1pepena\/category\/sem-categoria\/\">Sem categoria<\/a><\/span><h4 class=\"o-posts-grid-post-title\"><a href=\"https:\/\/escoladigital.madeira.gov.pt\/eb1pepena\/2026\/02\/27\/1-o-desafio-seguranet-4-oa-e-4-ob\/\">1.\u00ba Desafio Seguranet &#8211; 4.\u00baA e 4.\u00baB<\/a><\/h4><p class=\"o-posts-grid-post-meta\">  <time datetime=\"2026-02-27T18:47:15+00:00\">27 de Fevereiro, 2026<\/time> by <a href=\"https:\/\/escoladigital.madeira.gov.pt\/eb1pepena\/author\/eb1pepena\/\">eb1pepena<\/a><\/p><div class=\"o-posts-grid-post-description\"><p>Os alunos do 4.\u00ba ano A e 4.\u00ba B foram convidados a participar no 1.\u00ba desafio Seguranet sobre o bem-es\u2026<\/p><\/div><\/div><\/div><\/div><div class=\"o-posts-grid-post-blog o-posts-grid-post-plain\"><div class=\"o-posts-grid-post\"><div class=\"o-posts-grid-post-image\"><a href=\"https:\/\/escoladigital.madeira.gov.pt\/eb1pepena\/2026\/02\/09\/carnaval-2025-2026\/\"><img fetchpriority=\"high\" decoding=\"async\" width=\"1414\" height=\"2000\" src=\"https:\/\/escoladigital.madeira.gov.pt\/eb1pepena\/wp-content\/uploads\/sites\/50\/2026\/02\/EB1PE-da-Pena-1.png\" class=\"attachment-full size-full\" alt=\"Carnaval 2025-2026\" srcset=\"https:\/\/escoladigital.madeira.gov.pt\/eb1pepena\/wp-content\/uploads\/sites\/50\/2026\/02\/EB1PE-da-Pena-1.png 1414w, https:\/\/escoladigital.madeira.gov.pt\/eb1pepena\/wp-content\/uploads\/sites\/50\/2026\/02\/EB1PE-da-Pena-1-212x300.png 212w, https:\/\/escoladigital.madeira.gov.pt\/eb1pepena\/wp-content\/uploads\/sites\/50\/2026\/02\/EB1PE-da-Pena-1-724x1024.png 724w, https:\/\/escoladigital.madeira.gov.pt\/eb1pepena\/wp-content\/uploads\/sites\/50\/2026\/02\/EB1PE-da-Pena-1-768x1086.png 768w, https:\/\/escoladigital.madeira.gov.pt\/eb1pepena\/wp-content\/uploads\/sites\/50\/2026\/02\/EB1PE-da-Pena-1-1086x1536.png 1086w\" sizes=\"(max-width: 1414px) 100vw, 1414px\" \/><\/a><\/div><div class=\"o-posts-grid-post-body\"><span class=\"o-posts-grid-post-category\"><a href=\"https:\/\/escoladigital.madeira.gov.pt\/eb1pepena\/category\/sem-categoria\/\">Sem categoria<\/a><\/span><h4 class=\"o-posts-grid-post-title\"><a href=\"https:\/\/escoladigital.madeira.gov.pt\/eb1pepena\/2026\/02\/09\/carnaval-2025-2026\/\">Carnaval 2025-2026<\/a><\/h4><p class=\"o-posts-grid-post-meta\">  <time datetime=\"2026-02-09T12:05:23+00:00\">9 de Fevereiro, 2026<\/time> by <a href=\"https:\/\/escoladigital.madeira.gov.pt\/eb1pepena\/author\/eb1pepena\/\">eb1pepena<\/a><\/p><div class=\"o-posts-grid-post-description\"><p><\/p><\/div><\/div><\/div><\/div><div class=\"o-posts-grid-post-blog o-posts-grid-post-plain\"><div class=\"o-posts-grid-post\"><div class=\"o-posts-grid-post-image\"><a href=\"https:\/\/escoladigital.madeira.gov.pt\/eb1pepena\/2025\/12\/15\/festa-de-natal-2025-2026\/\"><img decoding=\"async\" width=\"1240\" height=\"1748\" src=\"https:\/\/escoladigital.madeira.gov.pt\/eb1pepena\/wp-content\/uploads\/sites\/50\/2025\/12\/Festa-de-Natal-1.png\" class=\"attachment-full size-full\" alt=\"Festa de Natal &#8211; 2025\/2026\" srcset=\"https:\/\/escoladigital.madeira.gov.pt\/eb1pepena\/wp-content\/uploads\/sites\/50\/2025\/12\/Festa-de-Natal-1.png 1240w, https:\/\/escoladigital.madeira.gov.pt\/eb1pepena\/wp-content\/uploads\/sites\/50\/2025\/12\/Festa-de-Natal-1-213x300.png 213w, https:\/\/escoladigital.madeira.gov.pt\/eb1pepena\/wp-content\/uploads\/sites\/50\/2025\/12\/Festa-de-Natal-1-726x1024.png 726w, https:\/\/escoladigital.madeira.gov.pt\/eb1pepena\/wp-content\/uploads\/sites\/50\/2025\/12\/Festa-de-Natal-1-768x1083.png 768w, https:\/\/escoladigital.madeira.gov.pt\/eb1pepena\/wp-content\/uploads\/sites\/50\/2025\/12\/Festa-de-Natal-1-1090x1536.png 1090w\" sizes=\"(max-width: 1240px) 100vw, 1240px\" \/><\/a><\/div><div class=\"o-posts-grid-post-body\"><span class=\"o-posts-grid-post-category\"><a href=\"https:\/\/escoladigital.madeira.gov.pt\/eb1pepena\/category\/sem-categoria\/\">Sem categoria<\/a><\/span><h4 class=\"o-posts-grid-post-title\"><a href=\"https:\/\/escoladigital.madeira.gov.pt\/eb1pepena\/2025\/12\/15\/festa-de-natal-2025-2026\/\">Festa de Natal &#8211; 2025\/2026<\/a><\/h4><p class=\"o-posts-grid-post-meta\">  <time datetime=\"2025-12-15T18:37:28+00:00\">15 de Dezembro, 2025<\/time> by <a href=\"https:\/\/escoladigital.madeira.gov.pt\/eb1pepena\/author\/eb1pepena\/\">eb1pepena<\/a><\/p><div class=\"o-posts-grid-post-description\"><p><\/p><\/div><\/div><\/div><\/div><div class=\"o-posts-grid-post-blog o-posts-grid-post-plain\"><div class=\"o-posts-grid-post\"><div class=\"o-posts-grid-post-body is-full\"><span class=\"o-posts-grid-post-category\"><a href=\"https:\/\/escoladigital.madeira.gov.pt\/eb1pepena\/category\/sem-categoria\/\">Sem categoria<\/a><\/span><h4 class=\"o-posts-grid-post-title\"><a href=\"https:\/\/escoladigital.madeira.gov.pt\/eb1pepena\/2025\/12\/15\/ementa-almoco-2-o-periodo\/\">Ementa almo\u00e7o 2.\u00ba Per\u00edodo<\/a><\/h4><p class=\"o-posts-grid-post-meta\">  <time datetime=\"2025-12-15T13:28:26+00:00\">15 de Dezembro, 2025<\/time> by <a href=\"https:\/\/escoladigital.madeira.gov.pt\/eb1pepena\/author\/eb1pepena\/\">eb1pepena<\/a><\/p><div class=\"o-posts-grid-post-description\"><p>Pode consultar aqui a ementa dos almo\u00e7os do 2.\u00ba Per\u00edodo.<\/p><\/div><\/div><\/div><\/div><\/div> <\/div>","protected":false},"excerpt":{"rendered":"","protected":false},"author":66,"featured_media":0,"parent":0,"menu_order":0,"comment_status":"closed","ping_status":"closed","template":"","meta":{"site-sidebar-layout":"default","site-content-layout":"","ast-site-content-layout":"default","site-content-style":"default","site-sidebar-style":"default","ast-global-header-display":"","ast-banner-title-visibility":"","ast-main-header-display":"","ast-hfb-above-header-display":"","ast-hfb-below-header-display":"","ast-hfb-mobile-header-display":"","site-post-title":"","ast-breadcrumbs-content":"","ast-featured-img":"","footer-sml-layout":"","ast-disable-related-posts":"","theme-transparent-header-meta":"","adv-header-id-meta":"","stick-header-meta":"","header-above-stick-meta":"","header-main-stick-meta":"","header-below-stick-meta":"","astra-migrate-meta-layouts":"default","ast-page-background-enabled":"default","ast-page-background-meta":{"desktop":{"background-color":"var(--ast-global-color-5)","background-image":"","background-repeat":"repeat","background-position":"center center","background-size":"auto","background-attachment":"scroll","background-type":"","background-media":"","overlay-type":"","overlay-color":"","overlay-opacity":"","overlay-gradient":""},"tablet":{"background-color":"","background-image":"","background-repeat":"repeat","background-position":"center center","background-size":"auto","background-attachment":"scroll","background-type":"","background-media":"","overlay-type":"","overlay-color":"","overlay-opacity":"","overlay-gradient":""},"mobile":{"background-color":"","background-image":"","background-repeat":"repeat","background-position":"center center","background-size":"auto","background-attachment":"scroll","background-type":"","background-media":"","overlay-type":"","overlay-color":"","overlay-opacity":"","overlay-gradient":""}},"ast-content-background-meta":{"desktop":{"background-color":"var(--ast-global-color-4)","background-image":"","background-repeat":"repeat","background-position":"center center","background-size":"auto","background-attachment":"scroll","background-type":"","background-media":"","overlay-type":"","overlay-color":"","overlay-opacity":"","overlay-gradient":""},"tablet":{"background-color":"var(--ast-global-color-4)","background-image":"","background-repeat":"repeat","background-position":"center center","background-size":"auto","background-attachment":"scroll","background-type":"","background-media":"","overlay-type":"","overlay-color":"","overlay-opacity":"","overlay-gradient":""},"mobile":{"background-color":"var(--ast-global-color-4)","background-image":"","background-repeat":"repeat","background-position":"center center","background-size":"auto","background-attachment":"scroll","background-type":"","background-media":"","overlay-type":"","overlay-color":"","overlay-opacity":"","overlay-gradient":""}},"_themeisle_gutenberg_block_has_review":false,"footnotes":""},"class_list":["post-165","page","type-page","status-publish","hentry"],"_links":{"self":[{"href":"https:\/\/escoladigital.madeira.gov.pt\/eb1pepena\/wp-json\/wp\/v2\/pages\/165","targetHints":{"allow":["GET"]}}],"collection":[{"href":"https:\/\/escoladigital.madeira.gov.pt\/eb1pepena\/wp-json\/wp\/v2\/pages"}],"about":[{"href":"https:\/\/escoladigital.madeira.gov.pt\/eb1pepena\/wp-json\/wp\/v2\/types\/page"}],"author":[{"embeddable":true,"href":"https:\/\/escoladigital.madeira.gov.pt\/eb1pepena\/wp-json\/wp\/v2\/users\/66"}],"replies":[{"embeddable":true,"href":"https:\/\/escoladigital.madeira.gov.pt\/eb1pepena\/wp-json\/wp\/v2\/comments?post=165"}],"version-history":[{"count":2,"href":"https:\/\/escoladigital.madeira.gov.pt\/eb1pepena\/wp-json\/wp\/v2\/pages\/165\/revisions"}],"predecessor-version":[{"id":249,"href":"https:\/\/escoladigital.madeira.gov.pt\/eb1pepena\/wp-json\/wp\/v2\/pages\/165\/revisions\/249"}],"wp:attachment":[{"href":"https:\/\/escoladigital.madeira.gov.pt\/eb1pepena\/wp-json\/wp\/v2\/media?parent=165"}],"curies":[{"name":"wp","href":"https:\/\/api.w.org\/{rel}","templated":true}]}}