{"id":19,"date":"2025-04-30T13:39:02","date_gmt":"2025-04-30T13:39:02","guid":{"rendered":"https:\/\/escoladigital.madeira.gov.pt\/eb1pepena\/?page_id=19"},"modified":"2025-04-30T14:25:38","modified_gmt":"2025-04-30T14:25:38","slug":"documentos-orientadores","status":"publish","type":"page","link":"https:\/\/escoladigital.madeira.gov.pt\/eb1pepena\/documentos-orientadores\/","title":{"rendered":"Documentos Orientadores"},"content":{"rendered":"\t\t<div data-elementor-type=\"wp-page\" data-elementor-id=\"19\" class=\"elementor elementor-19\">\n\t\t\t\t<div class=\"elementor-element elementor-element-a8a5995 e-grid e-con-boxed e-con e-parent\" data-id=\"a8a5995\" data-element_type=\"container\" data-e-type=\"container\">\n\t\t\t\t\t<div class=\"e-con-inner\">\n\t\t\t\t<div class=\"elementor-element elementor-element-a6e5fb2 elementor-widget elementor-widget-shortcode\" data-id=\"a6e5fb2\" data-element_type=\"widget\" data-e-type=\"widget\" data-widget_type=\"shortcode.default\">\n\t\t\t\t<div class=\"elementor-widget-container\">\n\t\t\t\t\t\t\t<div class=\"elementor-shortcode\"><div class=\"shared-files-embed-69e6abce62380 shared-files-main-container\" data-elem-class=\"shared-files-embed-69e6abce62380\" data-search-type=\"0\" data-post-id=\"19\"><div class=\"shared-files-search\"><ul class=\"shared-files-main-file-list\"><li class=\"shared-files-card-88\"><div class=\"shared-files-main-elements\"><div class=\"shared-files-main-elements-left\" style=\"background-image: url(https:\/\/escoladigital.madeira.gov.pt\/eb1pepena\/wp-content\/plugins\/shared-files\/img\/2020\/pdf.svg);\"><\/div><div class=\"shared-files-main-elements-right\"><a class=\"shared-files-file-title\"  data-file-type=\"\"  data-file-url=\"\/eb1pepena\/eb1pepena\/shared-files\/88\/?PEE-24-28-1.pdf\"  data-external-url=\"\"  data-image-url=\"\" href=\"\/eb1pepena\/eb1pepena\/shared-files\/88\/?PEE-24-28-1.pdf\" target=\"_blank\">PEE 2024-2028<\/a><span class=\"shared-file-size\">1.10 MB<\/span><a href=\"https:\/\/escoladigital.madeira.gov.pt\/eb1pepena\/eb1pepena\/shared-files\/88\/?PEE-24-28-1.pdf\" target=\"_blank\" class=\"shared-files-preview-button\">Visualiza\u00e7\u00e3o<\/a><span class=\"shared-file-date\">30 de Abril, 2025<\/span><div class=\"shared-files-download-counter\"><span>Downloads: 603<\/span><\/div><div class=\"shared-files-download-button-container\"><a href=\"\/eb1pepena\/eb1pepena\/shared-files\/88\/?PEE-24-28-1.pdf&download=1\" class=\"shared-files-download-button\"  download>Download<\/a><\/div><div class=\"shared-files-edit-actions\"><\/div><\/div><\/div><\/li><\/ul><\/div><\/div><\/div>\n\t\t\t\t\t\t<\/div>\n\t\t\t\t<\/div>\n\t\t\t\t<div class=\"elementor-element elementor-element-93205ea elementor-widget elementor-widget-shortcode\" data-id=\"93205ea\" data-element_type=\"widget\" data-e-type=\"widget\" data-widget_type=\"shortcode.default\">\n\t\t\t\t<div class=\"elementor-widget-container\">\n\t\t\t\t\t\t\t<div class=\"elementor-shortcode\"><div class=\"shared-files-embed-69e6abce63952 shared-files-main-container\" data-elem-class=\"shared-files-embed-69e6abce63952\" data-search-type=\"0\" data-post-id=\"88\"><div class=\"shared-files-search\"><ul class=\"shared-files-main-file-list\"><li class=\"shared-files-card-93\"><div class=\"shared-files-main-elements\"><div class=\"shared-files-main-elements-left\" style=\"background-image: url(https:\/\/escoladigital.madeira.gov.pt\/eb1pepena\/wp-content\/plugins\/shared-files\/img\/2020\/pdf.svg);\"><\/div><div class=\"shared-files-main-elements-right\"><a class=\"shared-files-file-title\"  data-file-type=\"\"  data-file-url=\"\/eb1pepena\/eb1pepena\/shared-files\/93\/?PCE_2024-2025-final-1.pdf\"  data-external-url=\"\"  data-image-url=\"\" href=\"\/eb1pepena\/eb1pepena\/shared-files\/93\/?PCE_2024-2025-final-1.pdf\" target=\"_blank\">Projeto Curricular de Escola<\/a><span class=\"shared-file-size\">1.27 MB<\/span><a href=\"https:\/\/escoladigital.madeira.gov.pt\/eb1pepena\/eb1pepena\/shared-files\/93\/?PCE_2024-2025-final-1.pdf\" target=\"_blank\" class=\"shared-files-preview-button\">Visualiza\u00e7\u00e3o<\/a><span class=\"shared-file-date\">30 de Abril, 2025<\/span><div class=\"shared-files-download-counter\"><span>Downloads: 793<\/span><\/div><div class=\"shared-files-download-button-container\"><a href=\"\/eb1pepena\/eb1pepena\/shared-files\/93\/?PCE_2024-2025-final-1.pdf&download=1\" class=\"shared-files-download-button\"  download>Download<\/a><\/div><div class=\"shared-files-edit-actions\"><\/div><\/div><\/div><\/li><\/ul><\/div><\/div><\/div>\n\t\t\t\t\t\t<\/div>\n\t\t\t\t<\/div>\n\t\t\t\t<div class=\"elementor-element elementor-element-4c6cfbf elementor-widget elementor-widget-shortcode\" data-id=\"4c6cfbf\" data-element_type=\"widget\" data-e-type=\"widget\" data-widget_type=\"shortcode.default\">\n\t\t\t\t<div class=\"elementor-widget-container\">\n\t\t\t\t\t\t\t<div class=\"elementor-shortcode\"><div class=\"shared-files-embed-69e6abce67208 shared-files-main-container\" data-elem-class=\"shared-files-embed-69e6abce67208\" data-search-type=\"0\" data-post-id=\"93\"><div class=\"shared-files-search\"><ul class=\"shared-files-main-file-list\"><li class=\"shared-files-card-92\"><div class=\"shared-files-main-elements\"><div class=\"shared-files-main-elements-left\" style=\"background-image: url(https:\/\/escoladigital.madeira.gov.pt\/eb1pepena\/wp-content\/plugins\/shared-files\/img\/2020\/pdf.svg);\"><\/div><div class=\"shared-files-main-elements-right\"><a class=\"shared-files-file-title\"  data-file-type=\"\"  data-file-url=\"\/eb1pepena\/eb1pepena\/shared-files\/92\/?Regulamento-Interno-2024-2028.pdf\"  data-external-url=\"\"  data-image-url=\"\" href=\"\/eb1pepena\/eb1pepena\/shared-files\/92\/?Regulamento-Interno-2024-2028.pdf\" target=\"_blank\">Regulamento Interno<\/a><span class=\"shared-file-size\">807.79 KB<\/span><a href=\"https:\/\/escoladigital.madeira.gov.pt\/eb1pepena\/eb1pepena\/shared-files\/92\/?Regulamento-Interno-2024-2028.pdf\" target=\"_blank\" class=\"shared-files-preview-button\">Visualiza\u00e7\u00e3o<\/a><span class=\"shared-file-date\">30 de Abril, 2025<\/span><div class=\"shared-files-download-counter\"><span>Downloads: 508<\/span><\/div><div class=\"shared-files-download-button-container\"><a href=\"\/eb1pepena\/eb1pepena\/shared-files\/92\/?Regulamento-Interno-2024-2028.pdf&download=1\" class=\"shared-files-download-button\"  download>Download<\/a><\/div><div class=\"shared-files-edit-actions\"><\/div><\/div><\/div><\/li><\/ul><\/div><\/div><\/div>\n\t\t\t\t\t\t<\/div>\n\t\t\t\t<\/div>\n\t\t\t\t<div class=\"elementor-element elementor-element-7e534f7 elementor-widget elementor-widget-shortcode\" data-id=\"7e534f7\" data-element_type=\"widget\" data-e-type=\"widget\" data-widget_type=\"shortcode.default\">\n\t\t\t\t<div class=\"elementor-widget-container\">\n\t\t\t\t\t\t\t<div class=\"elementor-shortcode\"><div class=\"shared-files-embed-69e6abce6ad65 shared-files-main-container\" data-elem-class=\"shared-files-embed-69e6abce6ad65\" data-search-type=\"0\" data-post-id=\"92\"><div class=\"shared-files-search\"><ul class=\"shared-files-main-file-list\"><li class=\"shared-files-card-101\"><div class=\"shared-files-main-elements\"><div class=\"shared-files-main-elements-left\" style=\"background-image: url(https:\/\/escoladigital.madeira.gov.pt\/eb1pepena\/wp-content\/plugins\/shared-files\/img\/2020\/pdf.svg);\"><\/div><div class=\"shared-files-main-elements-right\"><a class=\"shared-files-file-title\"  data-file-type=\"\"  data-file-url=\"\/eb1pepena\/eb1pepena\/shared-files\/101\/?PAA%202024-%202025%20(2)%20(2).pdf\"  data-external-url=\"\"  data-image-url=\"\" href=\"\/eb1pepena\/eb1pepena\/shared-files\/101\/?PAA%202024-%202025%20(2)%20(2).pdf\" target=\"_blank\">PAA &#8211; 2024-2025<\/a><span class=\"shared-file-size\">568.04 KB<\/span><a href=\"https:\/\/escoladigital.madeira.gov.pt\/eb1pepena\/eb1pepena\/shared-files\/101\/?PAA%202024-%202025%20(2)%20(2).pdf\" target=\"_blank\" class=\"shared-files-preview-button\">Visualiza\u00e7\u00e3o<\/a><span class=\"shared-file-date\">30 de Abril, 2025<\/span><div class=\"shared-files-download-counter\"><span>Downloads: 458<\/span><\/div><div class=\"shared-files-download-button-container\"><a href=\"\/eb1pepena\/eb1pepena\/shared-files\/101\/?PAA%202024-%202025%20(2)%20(2).pdf&download=1\" class=\"shared-files-download-button\"  download>Download<\/a><\/div><div class=\"shared-files-edit-actions\"><\/div><\/div><\/div><\/li><\/ul><\/div><\/div>\n<\/div>\n\t\t\t\t\t\t<\/div>\n\t\t\t\t<\/div>\n\t\t\t\t<div class=\"elementor-element elementor-element-4afeeeb elementor-widget elementor-widget-shortcode\" data-id=\"4afeeeb\" data-element_type=\"widget\" data-e-type=\"widget\" data-widget_type=\"shortcode.default\">\n\t\t\t\t<div class=\"elementor-widget-container\">\n\t\t\t\t\t\t\t<div class=\"elementor-shortcode\"><div class=\"shared-files-embed-69e6abce6cc70 shared-files-main-container\" data-elem-class=\"shared-files-embed-69e6abce6cc70\" data-search-type=\"0\" data-post-id=\"101\"><div class=\"shared-files-search\"><ul class=\"shared-files-main-file-list\"><li class=\"shared-files-card-102\"><div class=\"shared-files-main-elements\"><div class=\"shared-files-main-elements-left\" style=\"background-image: url(https:\/\/escoladigital.madeira.gov.pt\/eb1pepena\/wp-content\/plugins\/shared-files\/img\/2020\/generic.svg);\"><\/div><div class=\"shared-files-main-elements-right\"><a class=\"shared-files-file-title\"  data-file-type=\"\"  data-file-url=\"\"  data-external-url=\"\"  data-image-url=\"\" href=\"\" target=\"_blank\">Avalia\u00e7\u00e3o Escolas 2020-2024<\/a><span class=\"shared-file-date\">30 de Abril, 2025<\/span><div class=\"shared-files-download-counter\"><span>Downloads: 0<\/span><\/div><div class=\"shared-files-download-button-container\"><a href=\"\" class=\"shared-files-download-button\"  download>Download<\/a><\/div><div class=\"shared-files-edit-actions\"><\/div><\/div><\/div><\/li><\/ul><\/div><\/div>\n<\/div>\n\t\t\t\t\t\t<\/div>\n\t\t\t\t<\/div>\n\t\t\t\t\t<\/div>\n\t\t\t\t<\/div>\n\t\t<div class=\"elementor-element elementor-element-e5422ab e-flex e-con-boxed e-con e-parent\" data-id=\"e5422ab\" data-element_type=\"container\" data-e-type=\"container\">\n\t\t\t\t\t<div class=\"e-con-inner\">\n\t\t\t\t\t<\/div>\n\t\t\t\t<\/div>\n\t\t<div class=\"elementor-element elementor-element-275c71d e-flex e-con-boxed e-con e-parent\" data-id=\"275c71d\" data-element_type=\"container\" data-e-type=\"container\">\n\t\t\t\t\t<div class=\"e-con-inner\">\n\t\t\t\t\t<\/div>\n\t\t\t\t<\/div>\n\t\t<div class=\"elementor-element elementor-element-8f9749d e-grid e-con-boxed e-con e-parent\" data-id=\"8f9749d\" data-element_type=\"container\" data-e-type=\"container\">\n\t\t\t\t\t<div class=\"e-con-inner\">\n\t\t\t\t<div class=\"elementor-element elementor-element-40541c9 elementor-widget elementor-widget-shortcode\" data-id=\"40541c9\" data-element_type=\"widget\" data-e-type=\"widget\" data-widget_type=\"shortcode.default\">\n\t\t\t\t<div class=\"elementor-widget-container\">\n\t\t\t\t\t\t\t<div class=\"elementor-shortcode\"><div class=\"shared-files-embed-69e6abce6eca8 shared-files-main-container\" data-elem-class=\"shared-files-embed-69e6abce6eca8\" data-search-type=\"0\" data-post-id=\"102\"><div class=\"shared-files-search\"><ul class=\"shared-files-main-file-list\"><li class=\"shared-files-card-118\"><div class=\"shared-files-main-elements\"><div class=\"shared-files-main-elements-left\" style=\"background-image: url(https:\/\/escoladigital.madeira.gov.pt\/eb1pepena\/wp-content\/plugins\/shared-files\/img\/2020\/pdf.svg);\"><\/div><div class=\"shared-files-main-elements-right\"><a class=\"shared-files-file-title\"  data-file-type=\"\"  data-file-url=\"\/eb1pepena\/eb1pepena\/shared-files\/118\/?PGRCIC%20Pena%20(1).pdf\"  data-external-url=\"\"  data-image-url=\"\" href=\"\/eb1pepena\/eb1pepena\/shared-files\/118\/?PGRCIC%20Pena%20(1).pdf\" target=\"_blank\">Plano de Gest\u00e3o de Riscos de Corrup\u00e7\u00e3o e Infra\u00e7\u00f5es<\/a><span class=\"shared-file-size\">541.87 KB<\/span><a href=\"https:\/\/escoladigital.madeira.gov.pt\/eb1pepena\/eb1pepena\/shared-files\/118\/?PGRCIC%20Pena%20(1).pdf\" target=\"_blank\" class=\"shared-files-preview-button\">Visualiza\u00e7\u00e3o<\/a><span class=\"shared-file-date\">30 de Abril, 2025<\/span><div class=\"shared-files-download-counter\"><span>Downloads: 301<\/span><\/div><div class=\"shared-files-download-button-container\"><a href=\"\/eb1pepena\/eb1pepena\/shared-files\/118\/?PGRCIC%20Pena%20(1).pdf&download=1\" class=\"shared-files-download-button\"  download>Download<\/a><\/div><div class=\"shared-files-edit-actions\"><\/div><\/div><\/div><\/li><\/ul><\/div><\/div><\/div>\n\t\t\t\t\t\t<\/div>\n\t\t\t\t<\/div>\n\t\t\t\t<div class=\"elementor-element elementor-element-f363f52 elementor-widget elementor-widget-shortcode\" data-id=\"f363f52\" data-element_type=\"widget\" data-e-type=\"widget\" data-widget_type=\"shortcode.default\">\n\t\t\t\t<div class=\"elementor-widget-container\">\n\t\t\t\t\t\t\t<div class=\"elementor-shortcode\"><div class=\"shared-files-embed-69e6abce707c8 shared-files-main-container\" data-elem-class=\"shared-files-embed-69e6abce707c8\" data-search-type=\"0\" data-post-id=\"118\"><div class=\"shared-files-search\"><ul class=\"shared-files-main-file-list\"><li class=\"shared-files-card-119\"><div class=\"shared-files-main-elements\"><div class=\"shared-files-main-elements-left\" style=\"background-image: url(https:\/\/escoladigital.madeira.gov.pt\/eb1pepena\/wp-content\/plugins\/shared-files\/img\/2020\/pdf.svg);\"><\/div><div class=\"shared-files-main-elements-right\"><a class=\"shared-files-file-title\"  data-file-type=\"\"  data-file-url=\"\/eb1pepena\/eb1pepena\/shared-files\/119\/?C\u00f3digo%20de%20Conduta%20Pena%20(1).pdf\"  data-external-url=\"\"  data-image-url=\"\" href=\"\/eb1pepena\/eb1pepena\/shared-files\/119\/?C\u00f3digo%20de%20Conduta%20Pena%20(1).pdf\" target=\"_blank\">C\u00f3digo de Conduta<\/a><span class=\"shared-file-size\">447.79 KB<\/span><a href=\"https:\/\/escoladigital.madeira.gov.pt\/eb1pepena\/eb1pepena\/shared-files\/119\/?C\u00f3digo%20de%20Conduta%20Pena%20(1).pdf\" target=\"_blank\" class=\"shared-files-preview-button\">Visualiza\u00e7\u00e3o<\/a><span class=\"shared-file-date\">30 de Abril, 2025<\/span><div class=\"shared-files-download-counter\"><span>Downloads: 333<\/span><\/div><div class=\"shared-files-download-button-container\"><a href=\"\/eb1pepena\/eb1pepena\/shared-files\/119\/?C\u00f3digo%20de%20Conduta%20Pena%20(1).pdf&download=1\" class=\"shared-files-download-button\"  download>Download<\/a><\/div><div class=\"shared-files-edit-actions\"><\/div><\/div><\/div><\/li><\/ul><\/div><\/div><\/div>\n\t\t\t\t\t\t<\/div>\n\t\t\t\t<\/div>\n\t\t\t\t<div class=\"elementor-element elementor-element-074bf69 elementor-widget elementor-widget-shortcode\" data-id=\"074bf69\" data-element_type=\"widget\" data-e-type=\"widget\" data-widget_type=\"shortcode.default\">\n\t\t\t\t<div class=\"elementor-widget-container\">\n\t\t\t\t\t\t\t<div class=\"elementor-shortcode\"><div class=\"shared-files-embed-69e6abce71fe3 shared-files-main-container\" data-elem-class=\"shared-files-embed-69e6abce71fe3\" data-search-type=\"0\" data-post-id=\"119\"><div class=\"shared-files-search\"><ul class=\"shared-files-main-file-list\"><li class=\"shared-files-card-120\"><div class=\"shared-files-main-elements\"><div class=\"shared-files-main-elements-left\" style=\"background-image: url(https:\/\/escoladigital.madeira.gov.pt\/eb1pepena\/wp-content\/plugins\/shared-files\/img\/2020\/pdf.svg);\"><\/div><div class=\"shared-files-main-elements-right\"><a class=\"shared-files-file-title\"  data-file-type=\"\"  data-file-url=\"\/eb1pepena\/eb1pepena\/shared-files\/120\/?PGRCIC%20Anexo%20I%20(1).pdf\"  data-external-url=\"\"  data-image-url=\"\" href=\"\/eb1pepena\/eb1pepena\/shared-files\/120\/?PGRCIC%20Anexo%20I%20(1).pdf\" target=\"_blank\">PGRCIC Anexo 1<\/a><span class=\"shared-file-size\">90.41 KB<\/span><a href=\"https:\/\/escoladigital.madeira.gov.pt\/eb1pepena\/eb1pepena\/shared-files\/120\/?PGRCIC%20Anexo%20I%20(1).pdf\" target=\"_blank\" class=\"shared-files-preview-button\">Visualiza\u00e7\u00e3o<\/a><span class=\"shared-file-date\">30 de Abril, 2025<\/span><div class=\"shared-files-download-counter\"><span>Downloads: 300<\/span><\/div><div class=\"shared-files-download-button-container\"><a href=\"\/eb1pepena\/eb1pepena\/shared-files\/120\/?PGRCIC%20Anexo%20I%20(1).pdf&download=1\" class=\"shared-files-download-button\"  download>Download<\/a><\/div><div class=\"shared-files-edit-actions\"><\/div><\/div><\/div><\/li><\/ul><\/div><\/div><\/div>\n\t\t\t\t\t\t<\/div>\n\t\t\t\t<\/div>\n\t\t\t\t\t<\/div>\n\t\t\t\t<\/div>\n\t\t\t\t<\/div>\n\t\t","protected":false},"excerpt":{"rendered":"","protected":false},"author":66,"featured_media":0,"parent":0,"menu_order":0,"comment_status":"closed","ping_status":"closed","template":"","meta":{"site-sidebar-layout":"default","site-content-layout":"","ast-site-content-layout":"default","site-content-style":"default","site-sidebar-style":"default","ast-global-header-display":"","ast-banner-title-visibility":"","ast-main-header-display":"","ast-hfb-above-header-display":"","ast-hfb-below-header-display":"","ast-hfb-mobile-header-display":"","site-post-title":"","ast-breadcrumbs-content":"","ast-featured-img":"","footer-sml-layout":"","ast-disable-related-posts":"","theme-transparent-header-meta":"","adv-header-id-meta":"","stick-header-meta":"","header-above-stick-meta":"","header-main-stick-meta":"","header-below-stick-meta":"","astra-migrate-meta-layouts":"default","ast-page-background-enabled":"default","ast-page-background-meta":{"desktop":{"background-color":"var(--ast-global-color-5)","background-image":"","background-repeat":"repeat","background-position":"center center","background-size":"auto","background-attachment":"scroll","background-type":"","background-media":"","overlay-type":"","overlay-color":"","overlay-opacity":"","overlay-gradient":""},"tablet":{"background-color":"","background-image":"","background-repeat":"repeat","background-position":"center center","background-size":"auto","background-attachment":"scroll","background-type":"","background-media":"","overlay-type":"","overlay-color":"","overlay-opacity":"","overlay-gradient":""},"mobile":{"background-color":"","background-image":"","background-repeat":"repeat","background-position":"center center","background-size":"auto","background-attachment":"scroll","background-type":"","background-media":"","overlay-type":"","overlay-color":"","overlay-opacity":"","overlay-gradient":""}},"ast-content-background-meta":{"desktop":{"background-color":"var(--ast-global-color-4)","background-image":"","background-repeat":"repeat","background-position":"center center","background-size":"auto","background-attachment":"scroll","background-type":"","background-media":"","overlay-type":"","overlay-color":"","overlay-opacity":"","overlay-gradient":""},"tablet":{"background-color":"var(--ast-global-color-4)","background-image":"","background-repeat":"repeat","background-position":"center center","background-size":"auto","background-attachment":"scroll","background-type":"","background-media":"","overlay-type":"","overlay-color":"","overlay-opacity":"","overlay-gradient":""},"mobile":{"background-color":"var(--ast-global-color-4)","background-image":"","background-repeat":"repeat","background-position":"center center","background-size":"auto","background-attachment":"scroll","background-type":"","background-media":"","overlay-type":"","overlay-color":"","overlay-opacity":"","overlay-gradient":""}},"_themeisle_gutenberg_block_has_review":false,"footnotes":""},"class_list":["post-19","page","type-page","status-publish","hentry"],"_links":{"self":[{"href":"https:\/\/escoladigital.madeira.gov.pt\/eb1pepena\/wp-json\/wp\/v2\/pages\/19","targetHints":{"allow":["GET"]}}],"collection":[{"href":"https:\/\/escoladigital.madeira.gov.pt\/eb1pepena\/wp-json\/wp\/v2\/pages"}],"about":[{"href":"https:\/\/escoladigital.madeira.gov.pt\/eb1pepena\/wp-json\/wp\/v2\/types\/page"}],"author":[{"embeddable":true,"href":"https:\/\/escoladigital.madeira.gov.pt\/eb1pepena\/wp-json\/wp\/v2\/users\/66"}],"replies":[{"embeddable":true,"href":"https:\/\/escoladigital.madeira.gov.pt\/eb1pepena\/wp-json\/wp\/v2\/comments?post=19"}],"version-history":[{"count":19,"href":"https:\/\/escoladigital.madeira.gov.pt\/eb1pepena\/wp-json\/wp\/v2\/pages\/19\/revisions"}],"predecessor-version":[{"id":125,"href":"https:\/\/escoladigital.madeira.gov.pt\/eb1pepena\/wp-json\/wp\/v2\/pages\/19\/revisions\/125"}],"wp:attachment":[{"href":"https:\/\/escoladigital.madeira.gov.pt\/eb1pepena\/wp-json\/wp\/v2\/media?parent=19"}],"curies":[{"name":"wp","href":"https:\/\/api.w.org\/{rel}","templated":true}]}}