{"id":270,"date":"2025-05-07T15:26:02","date_gmt":"2025-05-07T15:26:02","guid":{"rendered":"https:\/\/escoladigital.madeira.gov.pt\/eb1pepena\/?page_id=270"},"modified":"2026-05-06T07:58:18","modified_gmt":"2026-05-06T07:58:18","slug":"2-o-ano","status":"publish","type":"page","link":"https:\/\/escoladigital.madeira.gov.pt\/eb1pepena\/2-o-ano\/","title":{"rendered":"2.\u00ba ano"},"content":{"rendered":"\n<div class=\"wp-block-columns is-layout-flex wp-container-core-columns-is-layout-28f84493 wp-block-columns-is-layout-flex\">\n<div class=\"wp-block-column is-layout-flow wp-block-column-is-layout-flow\">\n<h3 class=\"wp-block-heading\"><a href=\"https:\/\/prored.educatic.info\/pineco\/pineco-jogos\/\"><\/a><\/h3>\n<\/div>\n\n\n\n<div class=\"wp-block-column is-layout-flow wp-block-column-is-layout-flow\">\n<h3 class=\"wp-block-heading\">Matem\u00e1tica<a href=\"https:\/\/www.digipuzzle.net\/pt\/jogoseducativos\/matematica-ate-20\/index.htm\"><\/a><\/h3>\n<\/div>\n\n\n\n<div class=\"wp-block-column is-layout-flow wp-block-column-is-layout-flow\">\n<h2 class=\"wp-block-heading\">Estudo do Meio<\/h2>\n<\/div>\n<\/div>\n\n\n\n<div class=\"wp-block-columns is-layout-flex wp-container-core-columns-is-layout-28f84493 wp-block-columns-is-layout-flex\">\n<div class=\"wp-block-column is-layout-flow wp-block-column-is-layout-flow\"><\/div>\n\n\n\n<div class=\"wp-block-column is-layout-flow wp-block-column-is-layout-flow\">\n<p><a href=\"https:\/\/www.escolagames.com.br\/jogos\/tabuada-do-dino\">Tabuada do Dino<\/a><\/p>\n\n\n\n<p><a href=\"https:\/\/www.tabuadas.pt\/\">Tabuadas<\/a><\/p>\n\n\n\n<p><a href=\"https:\/\/wordwall.net\/pt\/resource\/18644801\/per%C3%ADmetro\">Per\u00edmetro 1<\/a><\/p>\n\n\n\n<p><a href=\"https:\/\/wordwall.net\/pt\/resource\/14769917\/per%C3%ADmetro\">Per\u00edmetro 2 <\/a><\/p>\n\n\n\n<p><a href=\"https:\/\/wordwall.net\/pt\/resource\/13707693\/pol%C3%ADgonos-e-%C3%A2ngulos\">Pol\u00edgonos e \u00e2ngulos<\/a><\/p>\n\n\n\n<p><a href=\"https:\/\/www.digipuzzle.net\/pt\/jogoseducativos\/matematica-fracoes\/index.htm\">Fra\u00e7\u00f5es (digipuzzle)<\/a><\/p>\n\n\n\n<p><a href=\"https:\/\/wordwall.net\/pt-pt\/community\/fra%C3%A7%C3%B5es\">Fra\u00e7\u00f5es (Wordwall)<\/a><\/p>\n\n\n\n<p><a href=\"https:\/\/phet.colorado.edu\/sims\/html\/fractions-intro\/latest\/fractions-intro_en.html\">Fra\u00e7\u00f5es 1\u00a0<\/a>\u00a0Phet &#8211; Introdu\u00e7\u00e3o<\/p>\n\n\n\n<p><a href=\"https:\/\/estudoemcasaapoia.dge.mec.pt\/recurso\/vistas-de-solidos\">Vistas de s\u00f3lidos<\/a><\/p>\n\n\n\n<p><a href=\"https:\/\/wordwall.net\/pt\/resource\/27187036\/treino-do-c%C3%A1lculo-mental-at%C3%A9-600-adi%C3%A7%C3%A3o\">C\u00e1lculo mental at\u00e9 600<\/a><\/p>\n\n\n\n<p><a href=\"https:\/\/wordwall.net\/pt\/resource\/29089244\/matem%C3%A1tica\/vamos-jogar-com-n%C3%BAmeros-at%C3%A9-700\">N\u00fameros at\u00e9 700<\/a><\/p>\n\n\n\n<p><a href=\"https:\/\/wordwall.net\/pt\/resource\/1641469\/leitura-de-n%C3%BAmeros\">Leitura de n\u00fameros at\u00e9 1000<\/a><\/p>\n\n\n\n<p><a href=\"https:\/\/wordwall.net\/pt-br\/community\/centenas\">Centenas (v\u00e1rios jogos)<\/a><\/p>\n<\/div>\n\n\n\n<div class=\"wp-block-column is-layout-flow wp-block-column-is-layout-flow\"><\/div>\n<\/div>\n\n\n\n<p><\/p>\n","protected":false},"excerpt":{"rendered":"<p>Matem\u00e1tica Estudo do Meio Tabuada do Dino Tabuadas Per\u00edmetro 1 Per\u00edmetro 2 Pol\u00edgonos e \u00e2ngulos Fra\u00e7\u00f5es (digipuzzle) Fra\u00e7\u00f5es (Wordwall) Fra\u00e7\u00f5es [&hellip;]<\/p>\n","protected":false},"author":66,"featured_media":0,"parent":0,"menu_order":0,"comment_status":"closed","ping_status":"closed","template":"","meta":{"site-sidebar-layout":"default","site-content-layout":"","ast-site-content-layout":"default","site-content-style":"default","site-sidebar-style":"default","ast-global-header-display":"","ast-banner-title-visibility":"","ast-main-header-display":"","ast-hfb-above-header-display":"","ast-hfb-below-header-display":"","ast-hfb-mobile-header-display":"","site-post-title":"","ast-breadcrumbs-content":"","ast-featured-img":"","footer-sml-layout":"","ast-disable-related-posts":"","theme-transparent-header-meta":"","adv-header-id-meta":"","stick-header-meta":"","header-above-stick-meta":"","header-main-stick-meta":"","header-below-stick-meta":"","astra-migrate-meta-layouts":"default","ast-page-background-enabled":"default","ast-page-background-meta":{"desktop":{"background-color":"var(--ast-global-color-5)","background-image":"","background-repeat":"repeat","background-position":"center center","background-size":"auto","background-attachment":"scroll","background-type":"","background-media":"","overlay-type":"","overlay-color":"","overlay-opacity":"","overlay-gradient":""},"tablet":{"background-color":"","background-image":"","background-repeat":"repeat","background-position":"center center","background-size":"auto","background-attachment":"scroll","background-type":"","background-media":"","overlay-type":"","overlay-color":"","overlay-opacity":"","overlay-gradient":""},"mobile":{"background-color":"","background-image":"","background-repeat":"repeat","background-position":"center center","background-size":"auto","background-attachment":"scroll","background-type":"","background-media":"","overlay-type":"","overlay-color":"","overlay-opacity":"","overlay-gradient":""}},"ast-content-background-meta":{"desktop":{"background-color":"var(--ast-global-color-4)","background-image":"","background-repeat":"repeat","background-position":"center center","background-size":"auto","background-attachment":"scroll","background-type":"","background-media":"","overlay-type":"","overlay-color":"","overlay-opacity":"","overlay-gradient":""},"tablet":{"background-color":"var(--ast-global-color-4)","background-image":"","background-repeat":"repeat","background-position":"center center","background-size":"auto","background-attachment":"scroll","background-type":"","background-media":"","overlay-type":"","overlay-color":"","overlay-opacity":"","overlay-gradient":""},"mobile":{"background-color":"var(--ast-global-color-4)","background-image":"","background-repeat":"repeat","background-position":"center center","background-size":"auto","background-attachment":"scroll","background-type":"","background-media":"","overlay-type":"","overlay-color":"","overlay-opacity":"","overlay-gradient":""}},"_themeisle_gutenberg_block_has_review":false,"footnotes":""},"class_list":["post-270","page","type-page","status-publish","hentry"],"_links":{"self":[{"href":"https:\/\/escoladigital.madeira.gov.pt\/eb1pepena\/wp-json\/wp\/v2\/pages\/270","targetHints":{"allow":["GET"]}}],"collection":[{"href":"https:\/\/escoladigital.madeira.gov.pt\/eb1pepena\/wp-json\/wp\/v2\/pages"}],"about":[{"href":"https:\/\/escoladigital.madeira.gov.pt\/eb1pepena\/wp-json\/wp\/v2\/types\/page"}],"author":[{"embeddable":true,"href":"https:\/\/escoladigital.madeira.gov.pt\/eb1pepena\/wp-json\/wp\/v2\/users\/66"}],"replies":[{"embeddable":true,"href":"https:\/\/escoladigital.madeira.gov.pt\/eb1pepena\/wp-json\/wp\/v2\/comments?post=270"}],"version-history":[{"count":28,"href":"https:\/\/escoladigital.madeira.gov.pt\/eb1pepena\/wp-json\/wp\/v2\/pages\/270\/revisions"}],"predecessor-version":[{"id":835,"href":"https:\/\/escoladigital.madeira.gov.pt\/eb1pepena\/wp-json\/wp\/v2\/pages\/270\/revisions\/835"}],"wp:attachment":[{"href":"https:\/\/escoladigital.madeira.gov.pt\/eb1pepena\/wp-json\/wp\/v2\/media?parent=270"}],"curies":[{"name":"wp","href":"https:\/\/api.w.org\/{rel}","templated":true}]}}