{"id":596,"date":"2026-01-15T09:31:03","date_gmt":"2026-01-15T09:31:03","guid":{"rendered":"https:\/\/escoladigital.madeira.gov.pt\/eb1pepena\/?page_id=596"},"modified":"2026-03-23T11:44:34","modified_gmt":"2026-03-23T11:44:34","slug":"matematica-divertida","status":"publish","type":"page","link":"https:\/\/escoladigital.madeira.gov.pt\/eb1pepena\/matematica-divertida\/","title":{"rendered":"Matem\u00e1tica Divertida"},"content":{"rendered":"\n<p><\/p>\n\n\n\n<div class=\"wp-block-group is-layout-grid wp-container-core-group-is-layout-478b6e6b wp-block-group-is-layout-grid\">\n<figure class=\"wp-block-image size-full\"><a href=\"https:\/\/rachacuca.com.br\/jogos\/o-lobo-e-a-ovelha\/\"><img fetchpriority=\"high\" decoding=\"async\" width=\"709\" height=\"473\" src=\"https:\/\/escoladigital.madeira.gov.pt\/eb1pepena\/wp-content\/uploads\/sites\/50\/2026\/01\/Lobo.png\" alt=\"\" class=\"wp-image-599\" srcset=\"https:\/\/escoladigital.madeira.gov.pt\/eb1pepena\/wp-content\/uploads\/sites\/50\/2026\/01\/Lobo.png 709w, https:\/\/escoladigital.madeira.gov.pt\/eb1pepena\/wp-content\/uploads\/sites\/50\/2026\/01\/Lobo-300x200.png 300w\" sizes=\"(max-width: 709px) 100vw, 709px\" \/><\/a><\/figure>\n\n\n\n<figure class=\"wp-block-image size-full\"><a href=\"https:\/\/rachacuca.com.br\/jogos\/pinguins-numa-fria\/\"><img decoding=\"async\" width=\"709\" height=\"476\" src=\"https:\/\/escoladigital.madeira.gov.pt\/eb1pepena\/wp-content\/uploads\/sites\/50\/2026\/01\/Pinguins.png\" alt=\"\" class=\"wp-image-601\" srcset=\"https:\/\/escoladigital.madeira.gov.pt\/eb1pepena\/wp-content\/uploads\/sites\/50\/2026\/01\/Pinguins.png 709w, https:\/\/escoladigital.madeira.gov.pt\/eb1pepena\/wp-content\/uploads\/sites\/50\/2026\/01\/Pinguins-300x201.png 300w\" sizes=\"(max-width: 709px) 100vw, 709px\" \/><\/a><\/figure>\n\n\n\n<figure class=\"wp-block-image size-full\"><a href=\"https:\/\/rachacuca.com.br\/jogos\/ponte-escura\/\"><img decoding=\"async\" width=\"709\" height=\"475\" src=\"https:\/\/escoladigital.madeira.gov.pt\/eb1pepena\/wp-content\/uploads\/sites\/50\/2026\/01\/Ponte-escura.png\" alt=\"\" class=\"wp-image-603\" srcset=\"https:\/\/escoladigital.madeira.gov.pt\/eb1pepena\/wp-content\/uploads\/sites\/50\/2026\/01\/Ponte-escura.png 709w, https:\/\/escoladigital.madeira.gov.pt\/eb1pepena\/wp-content\/uploads\/sites\/50\/2026\/01\/Ponte-escura-300x201.png 300w\" sizes=\"(max-width: 709px) 100vw, 709px\" \/><\/a><\/figure>\n<\/div>\n\n\n\n<p>Amigas na Piscina<\/p>\n\n\n\n<figure class=\"wp-block-image size-full\"><a href=\"https:\/\/rachacuca.com.br\/logica\/problemas\/amigas-na-piscina\/\"><img loading=\"lazy\" decoding=\"async\" width=\"709\" height=\"165\" src=\"https:\/\/escoladigital.madeira.gov.pt\/eb1pepena\/wp-content\/uploads\/sites\/50\/2026\/01\/amigas-na-piscina.png\" alt=\"\" class=\"wp-image-612\" srcset=\"https:\/\/escoladigital.madeira.gov.pt\/eb1pepena\/wp-content\/uploads\/sites\/50\/2026\/01\/amigas-na-piscina.png 709w, https:\/\/escoladigital.madeira.gov.pt\/eb1pepena\/wp-content\/uploads\/sites\/50\/2026\/01\/amigas-na-piscina-300x70.png 300w\" sizes=\"(max-width: 709px) 100vw, 709px\" \/><\/a><\/figure>\n\n\n\n<p>Pagar as contas<\/p>\n\n\n\n<figure class=\"wp-block-image size-full\"><a href=\"https:\/\/rachacuca.com.br\/logica\/problemas\/fila-do-banco\/\"><img loading=\"lazy\" decoding=\"async\" width=\"709\" height=\"162\" src=\"https:\/\/escoladigital.madeira.gov.pt\/eb1pepena\/wp-content\/uploads\/sites\/50\/2026\/01\/Jogo-do-Banco.png\" alt=\"\" class=\"wp-image-606\" srcset=\"https:\/\/escoladigital.madeira.gov.pt\/eb1pepena\/wp-content\/uploads\/sites\/50\/2026\/01\/Jogo-do-Banco.png 709w, https:\/\/escoladigital.madeira.gov.pt\/eb1pepena\/wp-content\/uploads\/sites\/50\/2026\/01\/Jogo-do-Banco-300x69.png 300w\" sizes=\"(max-width: 709px) 100vw, 709px\" \/><\/a><\/figure>\n\n\n\n<p>Vidro quebrado<\/p>\n\n\n\n<div class=\"wp-block-group is-layout-grid wp-container-core-group-is-layout-478b6e6b wp-block-group-is-layout-grid\">\n<figure class=\"wp-block-image size-full\"><a href=\"https:\/\/rachacuca.com.br\/jogos\/cubox\/\"><img loading=\"lazy\" decoding=\"async\" width=\"709\" height=\"482\" src=\"https:\/\/escoladigital.madeira.gov.pt\/eb1pepena\/wp-content\/uploads\/sites\/50\/2026\/01\/cubos.png\" alt=\"\" class=\"wp-image-627\" srcset=\"https:\/\/escoladigital.madeira.gov.pt\/eb1pepena\/wp-content\/uploads\/sites\/50\/2026\/01\/cubos.png 709w, https:\/\/escoladigital.madeira.gov.pt\/eb1pepena\/wp-content\/uploads\/sites\/50\/2026\/01\/cubos-300x204.png 300w\" sizes=\"(max-width: 709px) 100vw, 709px\" \/><\/a><\/figure>\n\n\n\n<figure class=\"wp-block-image size-full\"><a href=\"https:\/\/rachacuca.com.br\/jogos\/calculadora-quebrada\/\"><img loading=\"lazy\" decoding=\"async\" width=\"709\" height=\"438\" src=\"https:\/\/escoladigital.madeira.gov.pt\/eb1pepena\/wp-content\/uploads\/sites\/50\/2026\/01\/calculadora-quebrada.png\" alt=\"\" class=\"wp-image-624\" srcset=\"https:\/\/escoladigital.madeira.gov.pt\/eb1pepena\/wp-content\/uploads\/sites\/50\/2026\/01\/calculadora-quebrada.png 709w, https:\/\/escoladigital.madeira.gov.pt\/eb1pepena\/wp-content\/uploads\/sites\/50\/2026\/01\/calculadora-quebrada-300x185.png 300w\" sizes=\"(max-width: 709px) 100vw, 709px\" \/><\/a><\/figure>\n\n\n\n<figure class=\"wp-block-image size-full\"><a href=\"https:\/\/rachacuca.com.br\/jogos\/vitral-quebrado\/\"><img loading=\"lazy\" decoding=\"async\" width=\"709\" height=\"506\" src=\"https:\/\/escoladigital.madeira.gov.pt\/eb1pepena\/wp-content\/uploads\/sites\/50\/2026\/01\/Vidro-quebrado.png\" alt=\"\" class=\"wp-image-615\" srcset=\"https:\/\/escoladigital.madeira.gov.pt\/eb1pepena\/wp-content\/uploads\/sites\/50\/2026\/01\/Vidro-quebrado.png 709w, https:\/\/escoladigital.madeira.gov.pt\/eb1pepena\/wp-content\/uploads\/sites\/50\/2026\/01\/Vidro-quebrado-300x214.png 300w\" sizes=\"(max-width: 709px) 100vw, 709px\" \/><\/a><\/figure>\n<\/div>\n\n\n\n<div class=\"wp-block-group is-layout-grid wp-container-core-group-is-layout-478b6e6b wp-block-group-is-layout-grid\">\n<figure class=\"wp-block-image size-full\"><a href=\"https:\/\/atividade.digital\/jogos\/matematica\/geometria-solidos-geometricos\/solidos-geometricos\"><img loading=\"lazy\" decoding=\"async\" width=\"416\" height=\"458\" src=\"https:\/\/escoladigital.madeira.gov.pt\/eb1pepena\/wp-content\/uploads\/sites\/50\/2026\/02\/solidos.png\" alt=\"\" class=\"wp-image-652\" srcset=\"https:\/\/escoladigital.madeira.gov.pt\/eb1pepena\/wp-content\/uploads\/sites\/50\/2026\/02\/solidos.png 416w, https:\/\/escoladigital.madeira.gov.pt\/eb1pepena\/wp-content\/uploads\/sites\/50\/2026\/02\/solidos-272x300.png 272w\" sizes=\"(max-width: 416px) 100vw, 416px\" \/><\/a><\/figure>\n\n\n\n\n\n<h2 class=\"wp-block-heading\"><a href=\"https:\/\/www.coquinhos.com\/tag\/jogos-de-matematica\/\">Coquitos<\/a><\/h2>\n<\/div>\n\n\n\n<p><a href=\"https:\/\/www.coquinhos.com\/quadrado-magico\/\">Quadrado m\u00e1gico<\/a><\/p>\n\n\n\n<p><a href=\"https:\/\/www.coquinhos.com\/piramide-de-adicao\/\">Pir\u00e2mide da soma<\/a><\/p>\n\n\n\n<p><a href=\"https:\/\/www.coquinhos.com\/problemas-de-equacoes-do-1-grau\/play\/\">Frutas &#8211; descobre o n\u00famero<\/a><\/p>\n\n\n\n<p><a href=\"https:\/\/www.coquinhos.com\/adicao-dificil\/play\/\">Crucigrama &#8211; adi\u00e7\u00e3o dif\u00edcil<\/a><\/p>\n\n\n\n<p><a href=\"https:\/\/www.coquinhos.com\/number-quest-alcance-o-numero-com-calculos\/play\/\">N\u00fameros &#8211; c\u00e1lculo mental<\/a><\/p>\n\n\n\n<div class=\"wp-block-group is-layout-grid wp-container-core-group-is-layout-478b6e6b wp-block-group-is-layout-grid\">\n<figure class=\"wp-block-image size-full\"><a href=\"https:\/\/www.coquinhos.com\/problemas-de-equacoes-do-1-grau\/play\/\"><img loading=\"lazy\" decoding=\"async\" width=\"709\" height=\"407\" src=\"https:\/\/escoladigital.madeira.gov.pt\/eb1pepena\/wp-content\/uploads\/sites\/50\/2026\/03\/frutos.png\" alt=\"\" class=\"wp-image-735\" srcset=\"https:\/\/escoladigital.madeira.gov.pt\/eb1pepena\/wp-content\/uploads\/sites\/50\/2026\/03\/frutos.png 709w, https:\/\/escoladigital.madeira.gov.pt\/eb1pepena\/wp-content\/uploads\/sites\/50\/2026\/03\/frutos-300x172.png 300w\" sizes=\"(max-width: 709px) 100vw, 709px\" \/><\/a><\/figure>\n\n\n\n<figure class=\"wp-block-image size-full\"><a href=\"https:\/\/www.coquinhos.com\/quadrado-magico\/play\/\"><img loading=\"lazy\" decoding=\"async\" width=\"709\" height=\"548\" src=\"https:\/\/escoladigital.madeira.gov.pt\/eb1pepena\/wp-content\/uploads\/sites\/50\/2026\/03\/quadrado-magico.png\" alt=\"\" class=\"wp-image-736\" srcset=\"https:\/\/escoladigital.madeira.gov.pt\/eb1pepena\/wp-content\/uploads\/sites\/50\/2026\/03\/quadrado-magico.png 709w, https:\/\/escoladigital.madeira.gov.pt\/eb1pepena\/wp-content\/uploads\/sites\/50\/2026\/03\/quadrado-magico-300x232.png 300w\" sizes=\"(max-width: 709px) 100vw, 709px\" \/><\/a><\/figure>\n<\/div>\n\n\n\n<p><\/p>\n","protected":false},"excerpt":{"rendered":"<p>Amigas na Piscina Pagar as contas Vidro quebrado Coquitos Quadrado m\u00e1gico Pir\u00e2mide da soma Frutas &#8211; descobre o n\u00famero Crucigrama [&hellip;]<\/p>\n","protected":false},"author":66,"featured_media":0,"parent":0,"menu_order":0,"comment_status":"closed","ping_status":"closed","template":"","meta":{"site-sidebar-layout":"default","site-content-layout":"","ast-site-content-layout":"default","site-content-style":"default","site-sidebar-style":"default","ast-global-header-display":"","ast-banner-title-visibility":"","ast-main-header-display":"","ast-hfb-above-header-display":"","ast-hfb-below-header-display":"","ast-hfb-mobile-header-display":"","site-post-title":"","ast-breadcrumbs-content":"","ast-featured-img":"","footer-sml-layout":"","ast-disable-related-posts":"","theme-transparent-header-meta":"","adv-header-id-meta":"","stick-header-meta":"","header-above-stick-meta":"","header-main-stick-meta":"","header-below-stick-meta":"","astra-migrate-meta-layouts":"default","ast-page-background-enabled":"default","ast-page-background-meta":{"desktop":{"background-color":"var(--ast-global-color-5)","background-image":"","background-repeat":"repeat","background-position":"center center","background-size":"auto","background-attachment":"scroll","background-type":"","background-media":"","overlay-type":"","overlay-color":"","overlay-opacity":"","overlay-gradient":""},"tablet":{"background-color":"","background-image":"","background-repeat":"repeat","background-position":"center center","background-size":"auto","background-attachment":"scroll","background-type":"","background-media":"","overlay-type":"","overlay-color":"","overlay-opacity":"","overlay-gradient":""},"mobile":{"background-color":"","background-image":"","background-repeat":"repeat","background-position":"center center","background-size":"auto","background-attachment":"scroll","background-type":"","background-media":"","overlay-type":"","overlay-color":"","overlay-opacity":"","overlay-gradient":""}},"ast-content-background-meta":{"desktop":{"background-color":"var(--ast-global-color-4)","background-image":"","background-repeat":"repeat","background-position":"center center","background-size":"auto","background-attachment":"scroll","background-type":"","background-media":"","overlay-type":"","overlay-color":"","overlay-opacity":"","overlay-gradient":""},"tablet":{"background-color":"var(--ast-global-color-4)","background-image":"","background-repeat":"repeat","background-position":"center center","background-size":"auto","background-attachment":"scroll","background-type":"","background-media":"","overlay-type":"","overlay-color":"","overlay-opacity":"","overlay-gradient":""},"mobile":{"background-color":"var(--ast-global-color-4)","background-image":"","background-repeat":"repeat","background-position":"center center","background-size":"auto","background-attachment":"scroll","background-type":"","background-media":"","overlay-type":"","overlay-color":"","overlay-opacity":"","overlay-gradient":""}},"_themeisle_gutenberg_block_has_review":false,"footnotes":""},"class_list":["post-596","page","type-page","status-publish","hentry"],"_links":{"self":[{"href":"https:\/\/escoladigital.madeira.gov.pt\/eb1pepena\/wp-json\/wp\/v2\/pages\/596","targetHints":{"allow":["GET"]}}],"collection":[{"href":"https:\/\/escoladigital.madeira.gov.pt\/eb1pepena\/wp-json\/wp\/v2\/pages"}],"about":[{"href":"https:\/\/escoladigital.madeira.gov.pt\/eb1pepena\/wp-json\/wp\/v2\/types\/page"}],"author":[{"embeddable":true,"href":"https:\/\/escoladigital.madeira.gov.pt\/eb1pepena\/wp-json\/wp\/v2\/users\/66"}],"replies":[{"embeddable":true,"href":"https:\/\/escoladigital.madeira.gov.pt\/eb1pepena\/wp-json\/wp\/v2\/comments?post=596"}],"version-history":[{"count":22,"href":"https:\/\/escoladigital.madeira.gov.pt\/eb1pepena\/wp-json\/wp\/v2\/pages\/596\/revisions"}],"predecessor-version":[{"id":737,"href":"https:\/\/escoladigital.madeira.gov.pt\/eb1pepena\/wp-json\/wp\/v2\/pages\/596\/revisions\/737"}],"wp:attachment":[{"href":"https:\/\/escoladigital.madeira.gov.pt\/eb1pepena\/wp-json\/wp\/v2\/media?parent=596"}],"curies":[{"name":"wp","href":"https:\/\/api.w.org\/{rel}","templated":true}]}}