{"id":196,"date":"2024-10-17T09:29:33","date_gmt":"2024-10-17T09:29:33","guid":{"rendered":"https:\/\/escoladigital.madeira.gov.pt\/eb1pepsol\/?page_id=196"},"modified":"2024-10-23T16:56:23","modified_gmt":"2024-10-23T16:56:23","slug":"aprendizagens-essenciais-do-ensino-basico","status":"publish","type":"page","link":"https:\/\/escoladigital.madeira.gov.pt\/eb1pepsol\/aprendizagens-essenciais-do-ensino-basico\/","title":{"rendered":"Aprendizagens Essenciais do Ensino B\u00e1sico"},"content":{"rendered":"\n<h2 class=\"wp-block-heading\">Aprendizagens Essenciais &#8211; Ensino B\u00e1sico<\/h2>\n\n\n\n<p>As Aprendizagens Essenciais (AE) referentes ao Ensino B\u00e1sico s\u00e3o homologadas pelo&nbsp;<a href=\"https:\/\/dre.pt\/application\/file\/a\/115742277\" target=\"_blank\" rel=\"noreferrer noopener\">Despacho n.\u00ba 6944-A\/2018, de 19 de julho<\/a>.<\/p>\n\n\n\n<p>\u27a3&nbsp;<a href=\"https:\/\/dre.pt\/application\/conteudo\/166512681\" target=\"_blank\" rel=\"noreferrer noopener\">Despacho n.\u00ba 6605-A\/2021, de 6 de julho<\/a>&nbsp;&#8211; Procede \u00e0 defini\u00e7\u00e3o dos referenciais curriculares das v\u00e1rias dimens\u00f5es do desenvolvimento curricular, incluindo a avalia\u00e7\u00e3o externa.<\/p>\n\n\n\n<figure class=\"wp-block-table\"><table class=\"has-fixed-layout\"><tbody><tr><td colspan=\"2\" rowspan=\"2\">Componentes do curr\u00edculo<\/td><td colspan=\"4\"><strong>1. \u00ba Ciclo<\/strong><\/td><td>&nbsp;<\/td><\/tr><tr><td><strong>1.\u00ba Ano<\/strong><\/td><td><strong>2.\u00ba Ano<\/strong><\/td><td><strong>3.\u00ba Ano<\/strong><\/td><td><strong>4.\u00ba Ano<\/strong><\/td><td>&nbsp;<\/td><\/tr><tr><td colspan=\"2\">Portugu\u00eas<\/td><td><a href=\"https:\/\/www.dge.mec.pt\/sites\/default\/files\/Curriculo\/Aprendizagens_Essenciais\/1_ciclo\/ae_1.o_ano_1o_ciclo_eb_portugues.pdf\" target=\"_blank\" rel=\"noreferrer noopener\">PDF<\/a><\/td><td><a href=\"https:\/\/www.dge.mec.pt\/sites\/default\/files\/Curriculo\/Aprendizagens_Essenciais\/1_ciclo\/portugues_1c_2a_ff.pdf\" target=\"_blank\" rel=\"noreferrer noopener\">PDF<\/a><\/td><td><a href=\"https:\/\/www.dge.mec.pt\/sites\/default\/files\/Curriculo\/Aprendizagens_Essenciais\/1_ciclo\/portugues_1c_3a_ff.pdf\" target=\"_blank\" rel=\"noreferrer noopener\">PDF<\/a><\/td><td><a href=\"https:\/\/www.dge.mec.pt\/sites\/default\/files\/Curriculo\/Aprendizagens_Essenciais\/1_ciclo\/portugues_1c_4a_ff.pdf\" target=\"_blank\" rel=\"noreferrer noopener\">PDF<\/a><\/td><td>&nbsp;<\/td><\/tr><tr><td colspan=\"2\">Matem\u00e1tica<\/td><td><a href=\"https:\/\/www.dge.mec.pt\/sites\/default\/files\/Curriculo\/Aprendizagens_Essenciais\/1_ciclo\/ae_mat_1.o_ano.pdf\" target=\"_blank\" rel=\"noreferrer noopener\">PDF<\/a><\/td><td><a href=\"http:\/\/www.dge.mec.pt\/sites\/default\/files\/Curriculo\/Aprendizagens_Essenciais\/1_ciclo\/ae_mat_2.o_ano.pdf\" target=\"_blank\" rel=\"noreferrer noopener\">PDF<\/a><\/td><td><a href=\"https:\/\/www.dge.mec.pt\/sites\/default\/files\/Curriculo\/Aprendizagens_Essenciais\/1_ciclo\/ae_mat_3.o_ano.pdf\" target=\"_blank\" rel=\"noreferrer noopener\">PDF<\/a><\/td><td><a href=\"http:\/\/www.dge.mec.pt\/sites\/default\/files\/Curriculo\/Aprendizagens_Essenciais\/1_ciclo\/ae_mat_4.o_ano.pdf\" target=\"_blank\" rel=\"noreferrer noopener\">PDF<\/a><\/td><td>&nbsp;<\/td><\/tr><tr><td colspan=\"2\">Estudo do Meio<\/td><td><a href=\"https:\/\/www.dge.mec.pt\/sites\/default\/files\/Curriculo\/Aprendizagens_Essenciais\/1_ciclo\/1_estudo_do_meio.pdf\" target=\"_blank\" rel=\"noreferrer noopener\">PDF<\/a><\/td><td><a href=\"https:\/\/www.dge.mec.pt\/sites\/default\/files\/Curriculo\/Aprendizagens_Essenciais\/1_ciclo\/2_estudo_do_meio.pdf\" target=\"_blank\" rel=\"noreferrer noopener\">PDF<\/a><\/td><td><a href=\"https:\/\/www.dge.mec.pt\/sites\/default\/files\/Curriculo\/Aprendizagens_Essenciais\/1_ciclo\/3_estudo_do_meio.pdf\" target=\"_blank\" rel=\"noreferrer noopener\">PDF<\/a><\/td><td><a href=\"https:\/\/www.dge.mec.pt\/sites\/default\/files\/Curriculo\/Aprendizagens_Essenciais\/1_ciclo\/4_estudo_do_meio.pdf\" target=\"_blank\" rel=\"noreferrer noopener\">PDF<\/a><\/td><td>&nbsp;<\/td><\/tr><tr><td rowspan=\"4\">Educa\u00e7\u00e3o Art\u00edstica<\/td><td>Artes Visuais<\/td><td colspan=\"4\"><a href=\"https:\/\/www.dge.mec.pt\/sites\/default\/files\/Curriculo\/Aprendizagens_Essenciais\/1_ciclo\/1c_artes_visuais.pdf\" target=\"_blank\" rel=\"noreferrer noopener\">PDF<\/a><\/td><td>&nbsp;<\/td><\/tr><tr><td>Express\u00e3o Dram\u00e1tica\/Teatro<\/td><td colspan=\"4\"><a href=\"https:\/\/www.dge.mec.pt\/sites\/default\/files\/Curriculo\/Aprendizagens_Essenciais\/1_ciclo\/1c_teatro.pdf\" target=\"_blank\" rel=\"noreferrer noopener\">PDF<\/a><\/td><td>&nbsp;<\/td><\/tr><tr><td>Dan\u00e7a<\/td><td colspan=\"4\"><a href=\"https:\/\/www.dge.mec.pt\/sites\/default\/files\/Curriculo\/Aprendizagens_Essenciais\/1_ciclo\/1c_danca.pdf\" target=\"_blank\" rel=\"noreferrer noopener\">PDF<\/a><\/td><td>&nbsp;<\/td><\/tr><tr><td>M\u00fasica<\/td><td colspan=\"4\"><a href=\"https:\/\/www.dge.mec.pt\/sites\/default\/files\/Curriculo\/Aprendizagens_Essenciais\/1_ciclo\/1c_musica.pdf\" target=\"_blank\" rel=\"noreferrer noopener\">PDF<\/a><\/td><td>&nbsp;<\/td><\/tr><tr><td colspan=\"2\">Cidadania e Desenvolvimento<\/td><td colspan=\"5\"><a href=\"https:\/\/www.dge.mec.pt\/sites\/default\/files\/Curriculo\/Aprendizagens_Essenciais\/cidadania_e_desenvolvimento.pdf\" target=\"_blank\" rel=\"noreferrer noopener\">PDF<\/a><\/td><\/tr><tr><td colspan=\"2\">Educa\u00e7\u00e3o F\u00edsica<\/td><td><a href=\"https:\/\/www.dge.mec.pt\/sites\/default\/files\/Curriculo\/Aprendizagens_Essenciais\/1_ciclo\/1_educacao_fisica.pdf\" target=\"_blank\" rel=\"noreferrer noopener\">PDF<\/a><\/td><td><a href=\"https:\/\/www.dge.mec.pt\/sites\/default\/files\/Curriculo\/Aprendizagens_Essenciais\/1_ciclo\/2_educacao_fisica.pdf\" target=\"_blank\" rel=\"noreferrer noopener\">PDF<\/a><\/td><td><a href=\"https:\/\/www.dge.mec.pt\/sites\/default\/files\/Curriculo\/Aprendizagens_Essenciais\/1_ciclo\/3_educacao_fisica.pdf\" target=\"_blank\" rel=\"noreferrer noopener\">PDF<\/a><\/td><td><a href=\"https:\/\/www.dge.mec.pt\/sites\/default\/files\/Curriculo\/Aprendizagens_Essenciais\/1_ciclo\/4_educacao_fisica.pdf\" target=\"_blank\" rel=\"noreferrer noopener\">PDF<\/a><\/td><td>&nbsp;<\/td><\/tr><tr><td colspan=\"2\">Ingl\u00eas<\/td><td>&nbsp;<\/td><td>&nbsp;<\/td><td><a href=\"https:\/\/www.dge.mec.pt\/sites\/default\/files\/Curriculo\/Aprendizagens_Essenciais\/1_ciclo\/ingles_1c_3a_ff.pdf\" target=\"_blank\" rel=\"noreferrer noopener\">PDF<\/a><\/td><td><a href=\"https:\/\/www.dge.mec.pt\/sites\/default\/files\/Curriculo\/Aprendizagens_Essenciais\/1_ciclo\/ingles_1c_4a_ff.pdf\" target=\"_blank\" rel=\"noreferrer noopener\">PDF<\/a><\/td><td>&nbsp;<\/td><\/tr><tr><td colspan=\"2\">TIC<\/td><td colspan=\"4\"><a href=\"https:\/\/www.dge.mec.pt\/sites\/default\/files\/Curriculo\/Aprendizagens_Essenciais\/1_ciclo\/oc_1_tic_1.pdf\" target=\"_blank\" rel=\"noreferrer noopener\">PDF<\/a><\/td><td>&nbsp;<\/td><\/tr><tr><td colspan=\"2\">Educa\u00e7\u00e3o Moral e Religiosa Cat\u00f3lica<\/td><td><a href=\"https:\/\/www.dge.mec.pt\/sites\/default\/files\/Curriculo\/Aprendizagens_Essenciais\/1_ciclo\/emrc_1c_1a.pdf\" target=\"_blank\" rel=\"noreferrer noopener\">PDF<\/a><\/td><td><a href=\"https:\/\/www.dge.mec.pt\/sites\/default\/files\/Curriculo\/Aprendizagens_Essenciais\/1_ciclo\/emrc_1c_2a.pdf\" target=\"_blank\" rel=\"noreferrer noopener\">PDF<\/a><\/td><td><a href=\"https:\/\/www.dge.mec.pt\/sites\/default\/files\/Curriculo\/Aprendizagens_Essenciais\/1_ciclo\/emrc_1c_3a.pdf\" target=\"_blank\" rel=\"noreferrer noopener\">PDF<\/a><\/td><td><a href=\"https:\/\/www.dge.mec.pt\/sites\/default\/files\/Curriculo\/Aprendizagens_Essenciais\/1_ciclo\/emrc_1c_4a.pdf\" target=\"_blank\" rel=\"noreferrer noopener\">PDF<\/a><\/td><td>&nbsp;<\/td><\/tr><tr><td colspan=\"2\">Educa\u00e7\u00e3o Moral e Religiosa Evang\u00e9lica<\/td><td><a href=\"https:\/\/www.dge.mec.pt\/sites\/default\/files\/Curriculo\/Aprendizagens_Essenciais\/1_ciclo\/1emre.pdf\" target=\"_blank\" rel=\"noreferrer noopener\">PDF<\/a><\/td><td><a href=\"https:\/\/www.dge.mec.pt\/sites\/default\/files\/Curriculo\/Aprendizagens_Essenciais\/1_ciclo\/2emre.pdf\" target=\"_blank\" rel=\"noreferrer noopener\">PDF<\/a><\/td><td><a href=\"https:\/\/www.dge.mec.pt\/sites\/default\/files\/Curriculo\/Aprendizagens_Essenciais\/1_ciclo\/3emre.pdf\" target=\"_blank\" rel=\"noreferrer noopener\">PDF<\/a><\/td><td><a href=\"https:\/\/www.dge.mec.pt\/sites\/default\/files\/Curriculo\/Aprendizagens_Essenciais\/1_ciclo\/4emre.pdf\" target=\"_blank\" rel=\"noreferrer noopener\">PDF<\/a><\/td><td>&nbsp;<\/td><\/tr><\/tbody><\/table><\/figure>\n\n\n\n<figure class=\"wp-block-table\"><table class=\"has-fixed-layout\"><tbody><tr><td>Portugu\u00eas L\u00edngua N\u00e3o Materna<\/td><td><a href=\"https:\/\/www.dge.mec.pt\/sites\/default\/files\/Curriculo\/Aprendizagens_Essenciais\/PLNM\/plnm_a1_ff.pdf\" target=\"_blank\" rel=\"noreferrer noopener\">N\u00edvel A1<\/a><\/td><td><a href=\"https:\/\/www.dge.mec.pt\/sites\/default\/files\/Curriculo\/Aprendizagens_Essenciais\/PLNM\/plnm_a2_ff.pdf\" target=\"_blank\" rel=\"noreferrer noopener\">N\u00edvel A2<\/a><\/td><td><a href=\"https:\/\/www.dge.mec.pt\/sites\/default\/files\/Curriculo\/Aprendizagens_Essenciais\/PLNM\/plnm_b1_ff.pdf\" target=\"_blank\" rel=\"noreferrer noopener\">N\u00edvel B1<\/a><\/td><td><a href=\"https:\/\/www.dge.mec.pt\/portugueslinguanaomaterna\" target=\"_blank\" rel=\"noreferrer noopener\">https:\/\/www.dge.mec.pt\/portugueslinguanaomaterna<\/a><\/td><\/tr><\/tbody><\/table><\/figure>\n\n\n\n<p><sup><a>1&nbsp;<\/a><\/sup>aplic\u00e1veis quando criadas pela escola no \u00e2mbito da Oferta Complementar.<br><sup><a>2&nbsp;<\/a><\/sup>aplic\u00e1veis quando criadas pela escola no \u00e2mbito do Complemento \u00e0 Educa\u00e7\u00e3o Art\u00edstica ou da Oferta Complementar.&nbsp; &nbsp; &nbsp; &nbsp;<\/p>\n\n\n\n<p><strong>fonte: <\/strong><em><a href=\"https:\/\/www.dge.mec.pt\/aprendizagens-essenciais-ensino-basico\">https:\/\/www.dge.mec.pt\/aprendizagens-essenciais-ensino-basico<\/a><\/em><\/p>\n\n\n\n<p><\/p>\n","protected":false},"excerpt":{"rendered":"<p>Aprendizagens Essenciais &#8211; Ensino B\u00e1sico As Aprendizagens Essenciais (AE) referentes ao Ensino B\u00e1sico s\u00e3o homologadas pelo&nbsp;Despacho n.\u00ba 6944-A\/2018, de 19 de julho. \u27a3&nbsp;Despacho n.\u00ba 6605-A\/2021, de 6 de julho&nbsp;&#8211; Procede \u00e0 defini\u00e7\u00e3o dos referenciais curriculares das v\u00e1rias dimens\u00f5es do desenvolvimento curricular, incluindo a avalia\u00e7\u00e3o externa. Componentes do curr\u00edculo 1. \u00ba Ciclo &nbsp; 1.\u00ba Ano 2.\u00ba &hellip; <\/p>\n<p class=\"link-more\"><a href=\"https:\/\/escoladigital.madeira.gov.pt\/eb1pepsol\/aprendizagens-essenciais-do-ensino-basico\/\" class=\"more-link\">Read more<span class=\"screen-reader-text\"> &#8220;Aprendizagens Essenciais do Ensino B\u00e1sico&#8221;<\/span><\/a><\/p>\n","protected":false},"author":31,"featured_media":0,"parent":0,"menu_order":0,"comment_status":"closed","ping_status":"closed","template":"","meta":{"_themeisle_gutenberg_block_has_review":false,"inspiro_hide_title":false,"footnotes":""},"class_list":["post-196","page","type-page","status-publish","hentry"],"_links":{"self":[{"href":"https:\/\/escoladigital.madeira.gov.pt\/eb1pepsol\/wp-json\/wp\/v2\/pages\/196","targetHints":{"allow":["GET"]}}],"collection":[{"href":"https:\/\/escoladigital.madeira.gov.pt\/eb1pepsol\/wp-json\/wp\/v2\/pages"}],"about":[{"href":"https:\/\/escoladigital.madeira.gov.pt\/eb1pepsol\/wp-json\/wp\/v2\/types\/page"}],"author":[{"embeddable":true,"href":"https:\/\/escoladigital.madeira.gov.pt\/eb1pepsol\/wp-json\/wp\/v2\/users\/31"}],"replies":[{"embeddable":true,"href":"https:\/\/escoladigital.madeira.gov.pt\/eb1pepsol\/wp-json\/wp\/v2\/comments?post=196"}],"version-history":[{"count":4,"href":"https:\/\/escoladigital.madeira.gov.pt\/eb1pepsol\/wp-json\/wp\/v2\/pages\/196\/revisions"}],"predecessor-version":[{"id":583,"href":"https:\/\/escoladigital.madeira.gov.pt\/eb1pepsol\/wp-json\/wp\/v2\/pages\/196\/revisions\/583"}],"wp:attachment":[{"href":"https:\/\/escoladigital.madeira.gov.pt\/eb1pepsol\/wp-json\/wp\/v2\/media?parent=196"}],"curies":[{"name":"wp","href":"https:\/\/api.w.org\/{rel}","templated":true}]}}