{"id":201,"date":"2024-10-17T09:38:33","date_gmt":"2024-10-17T09:38:33","guid":{"rendered":"https:\/\/escoladigital.madeira.gov.pt\/eb1pepsol\/?page_id=201"},"modified":"2024-10-17T09:50:46","modified_gmt":"2024-10-17T09:50:46","slug":"horario-de-funcionamento-2","status":"publish","type":"page","link":"https:\/\/escoladigital.madeira.gov.pt\/eb1pepsol\/horario-de-funcionamento-2\/","title":{"rendered":"Hor\u00e1rio de Funcionamento"},"content":{"rendered":"\n<p><strong>Escola aberta das 08h \u00e0s 19h<\/strong> de segunda a sexta-feira<\/p>\n\n\n\n<p>Hor\u00e1rio<strong>&nbsp;Curricular do 1\u00ba ciclo<\/strong>: das 08:30 \u00e0s 13:30<\/p>\n\n\n\n<p>Hor\u00e1rio das<strong>&nbsp;atividades de enriquecimento<\/strong>: Das 14:30 \u00e0s 18.00<\/p>\n\n\n\n<p>Hor\u00e1rio do<strong>&nbsp;Pr\u00e9-escolar<\/strong>: das 08:30 \u00e0s 18:30<\/p>\n\n\n\n<p>Hor\u00e1rio dos<strong>&nbsp;Servi\u00e7os administrativos<\/strong> e secretaria: das 09:00 \u00e0s 16:30<\/p>\n\n\n\n<p><\/p>\n","protected":false},"excerpt":{"rendered":"<p>Escola aberta das 08h \u00e0s 19h de segunda a sexta-feira Hor\u00e1rio&nbsp;Curricular do 1\u00ba ciclo: das 08:30 \u00e0s 13:30 Hor\u00e1rio das&nbsp;atividades de enriquecimento: Das 14:30 \u00e0s 18.00 Hor\u00e1rio do&nbsp;Pr\u00e9-escolar: das 08:30 \u00e0s 18:30 Hor\u00e1rio dos&nbsp;Servi\u00e7os administrativos e secretaria: das 09:00 \u00e0s 16:30<\/p>\n","protected":false},"author":31,"featured_media":0,"parent":0,"menu_order":0,"comment_status":"closed","ping_status":"closed","template":"","meta":{"_themeisle_gutenberg_block_has_review":false,"inspiro_hide_title":false,"footnotes":""},"class_list":["post-201","page","type-page","status-publish","hentry"],"_links":{"self":[{"href":"https:\/\/escoladigital.madeira.gov.pt\/eb1pepsol\/wp-json\/wp\/v2\/pages\/201","targetHints":{"allow":["GET"]}}],"collection":[{"href":"https:\/\/escoladigital.madeira.gov.pt\/eb1pepsol\/wp-json\/wp\/v2\/pages"}],"about":[{"href":"https:\/\/escoladigital.madeira.gov.pt\/eb1pepsol\/wp-json\/wp\/v2\/types\/page"}],"author":[{"embeddable":true,"href":"https:\/\/escoladigital.madeira.gov.pt\/eb1pepsol\/wp-json\/wp\/v2\/users\/31"}],"replies":[{"embeddable":true,"href":"https:\/\/escoladigital.madeira.gov.pt\/eb1pepsol\/wp-json\/wp\/v2\/comments?post=201"}],"version-history":[{"count":2,"href":"https:\/\/escoladigital.madeira.gov.pt\/eb1pepsol\/wp-json\/wp\/v2\/pages\/201\/revisions"}],"predecessor-version":[{"id":220,"href":"https:\/\/escoladigital.madeira.gov.pt\/eb1pepsol\/wp-json\/wp\/v2\/pages\/201\/revisions\/220"}],"wp:attachment":[{"href":"https:\/\/escoladigital.madeira.gov.pt\/eb1pepsol\/wp-json\/wp\/v2\/media?parent=201"}],"curies":[{"name":"wp","href":"https:\/\/api.w.org\/{rel}","templated":true}]}}