{"id":304,"date":"2024-10-18T08:18:44","date_gmt":"2024-10-18T08:18:44","guid":{"rendered":"https:\/\/escoladigital.madeira.gov.pt\/eb1pepsol\/?page_id=304"},"modified":"2024-10-18T08:18:44","modified_gmt":"2024-10-18T08:18:44","slug":"edificios-escolares","status":"publish","type":"page","link":"https:\/\/escoladigital.madeira.gov.pt\/eb1pepsol\/edificios-escolares\/","title":{"rendered":"Edif\u00edcios Escolares"},"content":{"rendered":"\n<p class=\"has-text-align-center\"><strong>Caracteriza\u00e7\u00e3o<\/strong><strong> <\/strong><strong>dos<\/strong><strong> <\/strong><strong>Edif\u00edcios<\/strong><strong> <\/strong><strong>Escolares<\/strong><strong><\/strong><\/p>\n\n\n\n<p class=\"has-text-align-center\">A EB1\/PE\/C da Ponta do Sol, localizada na freguesia e concelho da Ponta do Sol, com a morada principal na Padre Le\u00e3o Henriques n.\u00ba 14, na Vila da Ponta do Sol, nasce da fus\u00e3o de tr\u00eas institui\u00e7\u00f5es de ensino\/educa\u00e7\u00e3o: EB1\/PE da Ponta do Sol, EB1\/PE da Madalena do Mar e do Infant\u00e1rio Sol, mantendo estes tr\u00eas edif\u00edcios em funcionamento.<\/p>\n\n\n\n<p class=\"has-text-align-center\">Esta escola funciona a tempo inteiro \u2013 das 08h30 \u00e0s 18h30 e re\u00fane crian\u00e7as\/alunos da Madalena do Mar, do Lugar de Baixo, do Monte das Ter\u00e7as (para os quais a C\u00e2mara Municipal disponibiliza o respetivo transporte) e ainda os residentes da vila. Conta ainda com alunos de outros concelhos.<strong><br><\/strong><\/p>\n\n\n\n<p class=\"has-text-align-center\"><a><strong>EB1\/PE\/C da Ponta do Sol \u2013 Edif\u00edcio \u201cSede\u201d<\/strong><\/a><\/p>\n\n\n\n<figure class=\"wp-block-image aligncenter size-full\"><img fetchpriority=\"high\" decoding=\"async\" width=\"355\" height=\"233\" src=\"https:\/\/escoladigital.madeira.gov.pt\/eb1pepsol\/wp-content\/uploads\/sites\/22\/2024\/10\/image.png\" alt=\"\" class=\"wp-image-305\" srcset=\"https:\/\/escoladigital.madeira.gov.pt\/eb1pepsol\/wp-content\/uploads\/sites\/22\/2024\/10\/image.png 355w, https:\/\/escoladigital.madeira.gov.pt\/eb1pepsol\/wp-content\/uploads\/sites\/22\/2024\/10\/image-300x197.png 300w\" sizes=\"(max-width: 355px) 100vw, 355px\" \/><\/figure>\n\n\n\n<p class=\"has-text-align-center\"><a><\/a>O edif\u00edcio da escola, onde funciona atualmente o 1.\u00ba CEB, tamb\u00e9m conhecido por Patronato, \u00e9 uma constru\u00e7\u00e3o antiga adaptada \u00e0 fun\u00e7\u00e3o de escola, constitu\u00edda por tr\u00eas andares. Num patamar superior encontra-se um pequeno campo para atividades desportivas e uma sala ao lado do mesmo. Nas traseiras do edif\u00edcio existe um jardim e um anexo, onde funciona a sala de Express\u00e3o Musical e uma oficina de carpintaria da responsabilidade da Delega\u00e7\u00e3o Escolar.<\/p>\n\n\n\n<p class=\"has-text-align-center\">Este edif\u00edcio comporta na edifica\u00e7\u00e3o principal:<\/p>\n\n\n\n<p class=\"has-text-align-center\">&#8211; No primeiro piso, funciona a Delega\u00e7\u00e3o Escolar, a cozinha, o refeit\u00f3rio, despensas, WC para as crian\u00e7as e as instala\u00e7\u00f5es sanit\u00e1rias dos adultos;<\/p>\n\n\n\n<p class=\"has-text-align-center\">&#8211; No segundo piso, temos uma sala de atividades de complemento curricular, duas salas de atividades curriculares e respetivas instala\u00e7\u00f5es sanit\u00e1rias, o gabinete da Dire\u00e7\u00e3o, o polivalente que funciona igualmente como sala de OTL e Biblioteca, duas arrecada\u00e7\u00f5es, a sala dos professores, a sala de rob\u00f3tica, uma sala ao servi\u00e7o da Delega\u00e7\u00e3o Escolar &nbsp;(arquivo\/gabinete de forma\u00e7\u00e3o);<\/p>\n\n\n\n<p class=\"has-text-align-center\">&#8211; No terceiro piso, temos a sala TIC, duas salas de atividades curriculares, as respetivas instala\u00e7\u00f5es sanit\u00e1rias, mais uma sala exterior junto ao espa\u00e7o do recreio igualmente destinada a atividades curriculares e uma arrecada\u00e7\u00e3o onde \u00e9 guardado o material de Educa\u00e7\u00e3o F\u00edsica;<\/p>\n\n\n\n<p class=\"has-text-align-center\">&#8211; Todas as adapta\u00e7\u00f5es realizadas no edif\u00edcio foram feitas tendo em conta o espa\u00e7o dispon\u00edvel e de modo a melhor responder \u00e0s necessidades das crian\u00e7as.<\/p>\n\n\n\n<p class=\"has-text-align-center\"><a><strong>EB1\/PE\/C da Ponta do Sol &#8211; Edif\u00edcio \u201cMadalena do Mar\u201d<\/strong><\/a><\/p>\n\n\n\n<figure class=\"wp-block-image aligncenter size-full\"><img decoding=\"async\" width=\"309\" height=\"233\" src=\"https:\/\/escoladigital.madeira.gov.pt\/eb1pepsol\/wp-content\/uploads\/sites\/22\/2024\/10\/image-1.png\" alt=\"\" class=\"wp-image-306\" srcset=\"https:\/\/escoladigital.madeira.gov.pt\/eb1pepsol\/wp-content\/uploads\/sites\/22\/2024\/10\/image-1.png 309w, https:\/\/escoladigital.madeira.gov.pt\/eb1pepsol\/wp-content\/uploads\/sites\/22\/2024\/10\/image-1-300x226.png 300w\" sizes=\"(max-width: 309px) 100vw, 309px\" \/><\/figure>\n\n\n\n<p class=\"has-text-align-center\">&nbsp;Este edif\u00edcio j\u00e1 foi a antiga EB1\/PE da Madalena do Mar. Atualmente funciona neste edif\u00edcio o pr\u00e9-escolar com crian\u00e7as entre os tr\u00eas e os cinco anos de idade. &nbsp;Esta \u201cescola\u201d comporta dois edif\u00edcios: um que comporta a cantina com refeit\u00f3rio, cozinha e copa; no outro, encontram-se as quatro salas de atividades\/aula, uma sala de conting\u00eancia, dois halls de entrada, casas de banho e um polib\u00e3, duas arrecada\u00e7\u00f5es, dois p\u00e1tios cobertos e um campo para a pr\u00e1tica de desporto. Possui tamb\u00e9m um parque infantil onde as crian\u00e7as podem brincar em piso sint\u00e9tico, andar de baloi\u00e7o, escorregar e brincar ao eixo.<strong><br><\/strong><\/p>\n\n\n\n<p class=\"has-text-align-center\"><a><strong>EB1\/PE\/C da Ponta do Sol &#8211; Edif\u00edcio \u201cO Sol\u201d<\/strong><\/a><\/p>\n\n\n\n<figure class=\"wp-block-image aligncenter size-full\"><img decoding=\"async\" width=\"310\" height=\"232\" src=\"https:\/\/escoladigital.madeira.gov.pt\/eb1pepsol\/wp-content\/uploads\/sites\/22\/2024\/10\/image-2.png\" alt=\"\" class=\"wp-image-307\" srcset=\"https:\/\/escoladigital.madeira.gov.pt\/eb1pepsol\/wp-content\/uploads\/sites\/22\/2024\/10\/image-2.png 310w, https:\/\/escoladigital.madeira.gov.pt\/eb1pepsol\/wp-content\/uploads\/sites\/22\/2024\/10\/image-2-300x225.png 300w\" sizes=\"(max-width: 310px) 100vw, 310px\" \/><\/figure>\n\n\n\n<p class=\"has-text-align-center\">O edif\u00edcio \u201cO Sol\u201d localiza-se no s\u00edtio do Livramento, na freguesia da Ponta do Sol. O edif\u00edcio tem dois pisos, sendo o inferior destinado a estacionamento, zonas t\u00e9cnicas e zonas de apoio ao pessoal n\u00e3o docente (casas de banho, sala de estar). O piso superior est\u00e1 dividido em duas alas: a ala que compreende tr\u00eas salas de atividades com ber\u00e7\u00e1rio e copa (creche), a outra ala comporta duas salas de atividade de transi\u00e7\u00e3o (creche) e uma sala de Pr\u00e9-escolar com as respetivas casas de banho. Neste piso superior funcionam tamb\u00e9m os servi\u00e7os administrativos com um gabinete; existe um sal\u00e3o polivalente (onde as crian\u00e7as a partir da Transi\u00e7\u00e3o 1 realizam o seu momento de descanso depois do almo\u00e7o, onde tamb\u00e9m se realizam atividades no \u00e2mbito da educa\u00e7\u00e3o f\u00edsica), uma sala de apoio aos(\u00e0s) educadores(as) de inf\u00e2ncia, um refeit\u00f3rio, a cozinha com despensa, uma lavandaria, um vesti\u00e1rio e casas de banho. Comporta ainda um hall de entrada e corredores que fazem liga\u00e7\u00e3o entre as diferentes alas. No espa\u00e7o exterior existem jardins e uma pequena horta.<\/p>\n\n\n\n<p><\/p>\n","protected":false},"excerpt":{"rendered":"<p>Caracteriza\u00e7\u00e3o dos Edif\u00edcios Escolares A EB1\/PE\/C da Ponta do Sol, localizada na freguesia e concelho da Ponta do Sol, com a morada principal na Padre Le\u00e3o Henriques n.\u00ba 14, na Vila da Ponta do Sol, nasce da fus\u00e3o de tr\u00eas institui\u00e7\u00f5es de ensino\/educa\u00e7\u00e3o: EB1\/PE da Ponta do Sol, EB1\/PE da Madalena do Mar e do &hellip; <\/p>\n<p class=\"link-more\"><a href=\"https:\/\/escoladigital.madeira.gov.pt\/eb1pepsol\/edificios-escolares\/\" class=\"more-link\">Read more<span class=\"screen-reader-text\"> &#8220;Edif\u00edcios Escolares&#8221;<\/span><\/a><\/p>\n","protected":false},"author":31,"featured_media":0,"parent":0,"menu_order":0,"comment_status":"closed","ping_status":"closed","template":"","meta":{"_themeisle_gutenberg_block_has_review":false,"inspiro_hide_title":false,"footnotes":""},"class_list":["post-304","page","type-page","status-publish","hentry"],"_links":{"self":[{"href":"https:\/\/escoladigital.madeira.gov.pt\/eb1pepsol\/wp-json\/wp\/v2\/pages\/304","targetHints":{"allow":["GET"]}}],"collection":[{"href":"https:\/\/escoladigital.madeira.gov.pt\/eb1pepsol\/wp-json\/wp\/v2\/pages"}],"about":[{"href":"https:\/\/escoladigital.madeira.gov.pt\/eb1pepsol\/wp-json\/wp\/v2\/types\/page"}],"author":[{"embeddable":true,"href":"https:\/\/escoladigital.madeira.gov.pt\/eb1pepsol\/wp-json\/wp\/v2\/users\/31"}],"replies":[{"embeddable":true,"href":"https:\/\/escoladigital.madeira.gov.pt\/eb1pepsol\/wp-json\/wp\/v2\/comments?post=304"}],"version-history":[{"count":1,"href":"https:\/\/escoladigital.madeira.gov.pt\/eb1pepsol\/wp-json\/wp\/v2\/pages\/304\/revisions"}],"predecessor-version":[{"id":308,"href":"https:\/\/escoladigital.madeira.gov.pt\/eb1pepsol\/wp-json\/wp\/v2\/pages\/304\/revisions\/308"}],"wp:attachment":[{"href":"https:\/\/escoladigital.madeira.gov.pt\/eb1pepsol\/wp-json\/wp\/v2\/media?parent=304"}],"curies":[{"name":"wp","href":"https:\/\/api.w.org\/{rel}","templated":true}]}}