{"id":317,"date":"2024-10-18T08:26:15","date_gmt":"2024-10-18T08:26:15","guid":{"rendered":"https:\/\/escoladigital.madeira.gov.pt\/eb1pepsol\/?page_id=317"},"modified":"2024-10-20T11:49:24","modified_gmt":"2024-10-20T11:49:24","slug":"eco-escolas","status":"publish","type":"page","link":"https:\/\/escoladigital.madeira.gov.pt\/eb1pepsol\/eco-escolas\/","title":{"rendered":"Eco-Escolas"},"content":{"rendered":"\n<p>Eco-Escolas \u00e9 um programa internacional da \u201cFoundation for Environmental Education\u201d, desenvolvido em Portugal desde 1996 pela ABAE (atualmente designada ABAAE \u2013 Associa\u00e7\u00e3o Bandeira Azul de Ambiente e Educa\u00e7\u00e3o). Pretende encorajar a\u00e7\u00f5es e reconhecer o trabalho de qualidade desenvolvido pela escola, no \u00e2mbito da Educa\u00e7\u00e3o Ambiental para a Sustentabilidade.<br>O programa \u00e9 coordenado a n\u00edvel internacional, nacional, regional e de escola. Esta coordena\u00e7\u00e3o multin\u00edvel permite a conflu\u00eancia para objetivos, metodologias e crit\u00e9rios comuns que respeitam a especificidade de cada escola relativamente aos seus alunos e carater\u00edsticas do meio envolvente.<\/p>\n\n\n\n<p>Para al\u00e9m do apoio das pessoas e Institui\u00e7\u00f5es da Comiss\u00e3o Nacional, o Eco-Escolas conta ainda com a parceria de v\u00e1rios munic\u00edpios e apoios espec\u00edficos de mecenas para algumas das suas atividades. Fornece ainda metodologia, forma\u00e7\u00f5es, materiais pedag\u00f3gicos, apoios e enquadramento ao trabalho desenvolvido pela escola.<\/p>\n\n\n\n<p>Depois de inscritas as escolas da rede recebem um conjunto de informa\u00e7\u00f5es e orienta\u00e7\u00f5es facilitadoras da implementa\u00e7\u00e3o do Programa. A coordena\u00e7\u00e3o organiza atividades de forma\u00e7\u00e3o, como o Semin\u00e1rio Nacional e de divulga\u00e7\u00e3o como o Dia Bandeiras Verdes, entre outras. O\/A professor(a) coordenador(a) em cada estabelecimento de ensino, \u00e9 o ponto focal do Eco-Escolas no terreno, sendo da sua responsabilidade a reuni\u00e3o de condi\u00e7\u00f5es, meios e estrat\u00e9gias para levar a bom termo a implementa\u00e7\u00e3o da metodologia proposta.<\/p>\n\n\n\n<h5 class=\"wp-block-heading\">Condi\u00e7\u00f5es de Participa\u00e7\u00e3o:<\/h5>\n\n\n\n<p>O programa pode ser adotado por qualquer escola, desde que se inscreva e que siga a sua metodologia.<\/p>\n\n\n\n<ul class=\"wp-block-list\">\n<li>Manifesta\u00e7\u00e3o por parte da escola da vontade de melhorar o seu desempenho ambiental, envolvendo os alunos nos processos de decis\u00e3o e implementa\u00e7\u00e3o do programa, em qualquer das suas fases;<\/li>\n\n\n\n<li>Concord\u00e2ncia de ades\u00e3o ao programa por parte do\/a diretor\/presidente da escola;<\/li>\n\n\n\n<li>Declara\u00e7\u00e3o do interesse do Munic\u00edpio em colaborar com a escola.<\/li>\n<\/ul>\n\n\n\n<h5 class=\"wp-block-heading\">Para Receber a Bandeira Verde:<\/h5>\n\n\n\n<p>A escola tem de demonstrar ter seguido a metodologia dos&nbsp;<strong>7 passos<\/strong>:<\/p>\n\n\n\n<ol class=\"wp-block-list\">\n<li>Conselho Eco-Escolas,<\/li>\n\n\n\n<li>Auditoria Ambiental,<\/li>\n\n\n\n<li>Plano de A\u00e7\u00e3o,<\/li>\n\n\n\n<li>Trabalho Curricular,<\/li>\n\n\n\n<li>Monitoriza\u00e7\u00e3o e Avalia\u00e7\u00e3o,<\/li>\n\n\n\n<li>Envolvimento da Comunidade<\/li>\n\n\n\n<li>Eco-C\u00f3digo.<\/li>\n<\/ol>\n\n\n\n<ul class=\"wp-block-list\">\n<li>Concretizar pelo menos 2\/3 do seu plano de a\u00e7\u00e3o;<\/li>\n\n\n\n<li>Realizar atividades no \u00e2mbito dos temas-base (\u00e1gua, res\u00edduos e energia) e de pelo menos um dos temas do ano (2024-25: espa\u00e7os exteriores, biodiversidade e\/ou a\u00e7\u00e3o clim\u00e1tica).<\/li>\n<\/ul>\n\n\n\n<p>O plano de a\u00e7\u00e3o \u00e9 desenhado por cada escola e dever\u00e1 tomar em conta a agenda de prioridades de a\u00e7\u00e3o\/interven\u00e7\u00e3o decidida pelo Conselho Eco-Escolas. Em paralelo as escolas s\u00e3o desafiadas a participar em diversos sub-projetos que procuram (in)formar e aprofundar e premiar o trabalho no \u00e2mbito de tem\u00e1ticas espec\u00edficas.<\/p>\n\n\n\n<p>P\u00e1gina de partilha de atividades do projeto: <a href=\"https:\/\/www.facebook.com\/the.ecosol\">https:\/\/www.facebook.com\/the.ecosol<\/a><\/p>\n\n\n\n<p>P\u00e1gina nacional eco-escolas <a href=\"https:\/\/ecoescolas.abaae.pt\/\">https:\/\/ecoescolas.abaae.pt\/<\/a><\/p>\n\n\n\n<p><\/p>\n","protected":false},"excerpt":{"rendered":"<p>Eco-Escolas \u00e9 um programa internacional da \u201cFoundation for Environmental Education\u201d, desenvolvido em Portugal desde 1996 pela ABAE (atualmente designada ABAAE \u2013 Associa\u00e7\u00e3o Bandeira Azul de Ambiente e Educa\u00e7\u00e3o). Pretende encorajar a\u00e7\u00f5es e reconhecer o trabalho de qualidade desenvolvido pela escola, no \u00e2mbito da Educa\u00e7\u00e3o Ambiental para a Sustentabilidade.O programa \u00e9 coordenado a n\u00edvel internacional, nacional, &hellip; <\/p>\n<p class=\"link-more\"><a href=\"https:\/\/escoladigital.madeira.gov.pt\/eb1pepsol\/eco-escolas\/\" class=\"more-link\">Read more<span class=\"screen-reader-text\"> &#8220;Eco-Escolas&#8221;<\/span><\/a><\/p>\n","protected":false},"author":31,"featured_media":0,"parent":0,"menu_order":0,"comment_status":"closed","ping_status":"closed","template":"","meta":{"_themeisle_gutenberg_block_has_review":false,"inspiro_hide_title":false,"footnotes":""},"class_list":["post-317","page","type-page","status-publish","hentry"],"_links":{"self":[{"href":"https:\/\/escoladigital.madeira.gov.pt\/eb1pepsol\/wp-json\/wp\/v2\/pages\/317","targetHints":{"allow":["GET"]}}],"collection":[{"href":"https:\/\/escoladigital.madeira.gov.pt\/eb1pepsol\/wp-json\/wp\/v2\/pages"}],"about":[{"href":"https:\/\/escoladigital.madeira.gov.pt\/eb1pepsol\/wp-json\/wp\/v2\/types\/page"}],"author":[{"embeddable":true,"href":"https:\/\/escoladigital.madeira.gov.pt\/eb1pepsol\/wp-json\/wp\/v2\/users\/31"}],"replies":[{"embeddable":true,"href":"https:\/\/escoladigital.madeira.gov.pt\/eb1pepsol\/wp-json\/wp\/v2\/comments?post=317"}],"version-history":[{"count":5,"href":"https:\/\/escoladigital.madeira.gov.pt\/eb1pepsol\/wp-json\/wp\/v2\/pages\/317\/revisions"}],"predecessor-version":[{"id":454,"href":"https:\/\/escoladigital.madeira.gov.pt\/eb1pepsol\/wp-json\/wp\/v2\/pages\/317\/revisions\/454"}],"wp:attachment":[{"href":"https:\/\/escoladigital.madeira.gov.pt\/eb1pepsol\/wp-json\/wp\/v2\/media?parent=317"}],"curies":[{"name":"wp","href":"https:\/\/api.w.org\/{rel}","templated":true}]}}