{"id":32,"date":"2024-05-06T10:05:51","date_gmt":"2024-05-06T10:05:51","guid":{"rendered":"https:\/\/escoladigital.madeira.gov.pt\/eb1pepsol\/event-directory\/"},"modified":"2024-10-17T08:58:20","modified_gmt":"2024-10-17T08:58:20","slug":"event-directory","status":"publish","type":"page","link":"https:\/\/escoladigital.madeira.gov.pt\/eb1pepsol\/event-directory\/","title":{"rendered":"Informa\u00e7\u00f5es &amp; Contatos"},"content":{"rendered":"<p style=\"text-align: center\" align=\"center\"><span style=\"color: #333333;font-size: medium\">C\u00f3digo da Escola:3 105 109<\/span><\/p>\n<p style=\"text-align: center\" align=\"center\"><span style=\"color: #333333;font-size: medium\">Delega\u00e7\u00e3o Escolar de Ponta do Sol<\/span><\/p>\n<p style=\"text-align: center\" align=\"center\"><span style=\"color: #333333;font-size: medium\"><strong>Morada:<\/strong> Rua Padre Le\u00e3o Henriques n\u00ba14<\/span><\/p>\n<p style=\"text-align: center\" align=\"center\"><span style=\"color: #333333;font-size: medium\">9360-212 Ponta do Sol<\/span><\/p>\n<p style=\"text-align: center\" align=\"center\"><strong>Telefone:<\/strong> 291 146 073(Ponta do Sol)<\/p>\n<p style=\"text-align: center\" align=\"center\">291 146 074 (Madalena do Mar)<\/p>\n<p style=\"text-align: center\" align=\"center\">291 146 023 (Infant\u00e1rio)<\/p>\n<p style=\"text-align: center\" align=\"center\"><em>eb1pepsol@edu.madeira.gov.pt<\/em><\/p>\n<h4 style=\"text-align: center\"><strong>NIB: 00 1800 0800 3076 6902 002\u00a0<\/strong><\/h4>\n<p>\u00a0<\/p>\n\n\n<p>Os pagamentos da alimenta\u00e7\u00e3o devem ser efetuados at\u00e9 ao dia 08 de cada m\u00eas na secretaria da escola ou no banco\/multibanco. Caso escolha esta \u00faltima op\u00e7\u00e3o,&nbsp;n\u00e3o se esque\u00e7a de remeter \u00e0 escola o recibo para que possa ser emitido o comprovativo do pagamento.<\/p>\n\n\n\n<p>O encarregado de educa\u00e7\u00e3o poder\u00e1 verificar o montante a pagar clicando&nbsp;<strong><a href=\"https:\/\/place.madeira.gov.pt\/placealuno\/\">aqui.<\/a><\/strong><\/p>\n\n\n\n<p><\/p>\n","protected":false},"excerpt":{"rendered":"<p>C\u00f3digo da Escola:3 105 109 Delega\u00e7\u00e3o Escolar de Ponta do Sol Morada: Rua Padre Le\u00e3o Henriques n\u00ba14 9360-212 Ponta do Sol Telefone: 291 146 073(Ponta do Sol) 291 146 074 (Madalena do Mar) 291 146 023 (Infant\u00e1rio) eb1pepsol@edu.madeira.gov.pt NIB: 00 1800 0800 3076 6902 002\u00a0 \u00a0 Os pagamentos da alimenta\u00e7\u00e3o devem ser efetuados at\u00e9 ao &hellip; <\/p>\n<p class=\"link-more\"><a href=\"https:\/\/escoladigital.madeira.gov.pt\/eb1pepsol\/event-directory\/\" class=\"more-link\">Read more<span class=\"screen-reader-text\"> &#8220;Informa\u00e7\u00f5es &amp; Contatos&#8221;<\/span><\/a><\/p>\n","protected":false},"author":1,"featured_media":0,"parent":0,"menu_order":0,"comment_status":"closed","ping_status":"closed","template":"","meta":{"_themeisle_gutenberg_block_has_review":false,"inspiro_hide_title":false,"footnotes":""},"class_list":["post-32","page","type-page","status-publish","hentry"],"_links":{"self":[{"href":"https:\/\/escoladigital.madeira.gov.pt\/eb1pepsol\/wp-json\/wp\/v2\/pages\/32","targetHints":{"allow":["GET"]}}],"collection":[{"href":"https:\/\/escoladigital.madeira.gov.pt\/eb1pepsol\/wp-json\/wp\/v2\/pages"}],"about":[{"href":"https:\/\/escoladigital.madeira.gov.pt\/eb1pepsol\/wp-json\/wp\/v2\/types\/page"}],"author":[{"embeddable":true,"href":"https:\/\/escoladigital.madeira.gov.pt\/eb1pepsol\/wp-json\/wp\/v2\/users\/1"}],"replies":[{"embeddable":true,"href":"https:\/\/escoladigital.madeira.gov.pt\/eb1pepsol\/wp-json\/wp\/v2\/comments?post=32"}],"version-history":[{"count":9,"href":"https:\/\/escoladigital.madeira.gov.pt\/eb1pepsol\/wp-json\/wp\/v2\/pages\/32\/revisions"}],"predecessor-version":[{"id":175,"href":"https:\/\/escoladigital.madeira.gov.pt\/eb1pepsol\/wp-json\/wp\/v2\/pages\/32\/revisions\/175"}],"wp:attachment":[{"href":"https:\/\/escoladigital.madeira.gov.pt\/eb1pepsol\/wp-json\/wp\/v2\/media?parent=32"}],"curies":[{"name":"wp","href":"https:\/\/api.w.org\/{rel}","templated":true}]}}