{"id":323,"date":"2024-10-18T08:27:12","date_gmt":"2024-10-18T08:27:12","guid":{"rendered":"https:\/\/escoladigital.madeira.gov.pt\/eb1pepsol\/?page_id=323"},"modified":"2024-10-20T11:39:12","modified_gmt":"2024-10-20T11:39:12","slug":"clube-de-xadrez","status":"publish","type":"page","link":"https:\/\/escoladigital.madeira.gov.pt\/eb1pepsol\/clube-de-xadrez\/","title":{"rendered":"Clube de Xadrez"},"content":{"rendered":"\n<p>No clube de xadrez, os alunos aprendem a jogar xadrez na sala de aula ou no jardim da escola.<\/p>\n\n\n\n<h2 class=\"wp-block-heading\">Federa\u00e7\u00e3o Portuguesa de Xadrez<\/h2>\n\n\n\n<p>Pode ser encontrado no site da FIDE toda a informa\u00e7\u00e3o original relativa \u00e0s Leis de Jogo e Regulamenta\u00e7\u00e3o, em&nbsp;<a href=\"http:\/\/arbiters.fide.com\/regulations.html\">http:\/\/arbiters.fide.com\/regulations.html<\/a>.<br>&nbsp;<br>&#8211; Leis de Xadrez (julho 2014, tradu\u00e7\u00e3o brasileira) &#8211;&nbsp;<a href=\"http:\/\/www.fpx.pt\/web\/files\/arbitragem\/LEI%20do%20XADREZ%20DA%20FIDE%20para%20competicoes%20a%20partir%20de%20julho%202014.pdf\" target=\"_blank\" rel=\"noreferrer noopener\">download<br><\/a>&#8211; Leis do jogo de Xadrez (at\u00e9 30 de junho 2017, vers\u00e3o portuguesa)&nbsp;<a href=\"http:\/\/www.fpx.pt\/web\/files\/formacao\/REGRAS-Portugues-2017.pdf\" target=\"_blank\" rel=\"noreferrer noopener\">download<\/a><br>&#8211; Leis do jogo de Xadrez (a partir de 1 de julho 2017, vers\u00e3o portuguesa)&nbsp;<a href=\"http:\/\/www.fpx.pt\/web\/files\/formacao\/leisFIDE%20xadrez_1_julho2017_portugues.pdf\" target=\"_blank\" rel=\"noreferrer noopener\">download<br><\/a>&#8211; Leis do jogo de Xadrez (a partir de 1 de janeiro 2018, vers\u00e3o portuguesa)&nbsp;<a href=\"http:\/\/www.fpx.pt\/web\/files\/formacao\/leisFIDE-xadrez-1-janeiro18-portugues.pdf\" target=\"_blank\" rel=\"noreferrer noopener\">download<br><\/a>&#8211; Leis do jogo de Xadrez (a partir de 1 de janeiro 2023, vers\u00e3o portuguesa) &#8211;&nbsp;<a href=\"https:\/\/fpx.pt\/site\/public\/uploads\/formacao\/Leis-do-Xadrez-Atualizadas-Viana-Brandao.pdf\">download<\/a><br><br>&#8211; Manual do \u00c1rbitro FIDE 2018 (Vers\u00e3o em ingl\u00eas)&nbsp;<a href=\"http:\/\/www.fpx.pt\/web\/files\/formacao\/Arbiters-Manual-2018.pdf\" target=\"_blank\" rel=\"noreferrer noopener\">download<\/a><br>&#8211; Leis de Xadrez (tradu\u00e7\u00e3o oficial, julho 2009) &#8211;&nbsp;<a href=\"http:\/\/www.fpx.pt\/web\/files\/arbitragem\/Portugese_Translation_of_the_Laws_of_Chess_-_Leis_de_Xadrez_da_FIDE.pdf\" target=\"_blank\" rel=\"noreferrer noopener\">download<\/a><br>&#8211; Leis de Xadrez (tradu\u00e7\u00e3o oficial, julho 2005) &#8211;&nbsp;<a href=\"http:\/\/www.fpx.pt\/web\/files\/arbitragem\/regras_de_xadrez.pdf\" target=\"_blank\" rel=\"noreferrer noopener\">download<\/a><br>&#8211; Regulamento de Arbitagem FPX &#8211;&nbsp;<a href=\"http:\/\/www.fpx.pt\/web\/files\/arbitragem\/reg_arbitragem_fpx.pdf\" target=\"_blank\" rel=\"noreferrer noopener\">download<\/a><\/p>\n","protected":false},"excerpt":{"rendered":"<p>No clube de xadrez, os alunos aprendem a jogar xadrez na sala de aula ou no jardim da escola. Federa\u00e7\u00e3o Portuguesa de Xadrez Pode ser encontrado no site da FIDE toda a informa\u00e7\u00e3o original relativa \u00e0s Leis de Jogo e Regulamenta\u00e7\u00e3o, em&nbsp;http:\/\/arbiters.fide.com\/regulations.html.&nbsp;&#8211; Leis de Xadrez (julho 2014, tradu\u00e7\u00e3o brasileira) &#8211;&nbsp;download&#8211; Leis do jogo de Xadrez &hellip; <\/p>\n<p class=\"link-more\"><a href=\"https:\/\/escoladigital.madeira.gov.pt\/eb1pepsol\/clube-de-xadrez\/\" class=\"more-link\">Read more<span class=\"screen-reader-text\"> &#8220;Clube de Xadrez&#8221;<\/span><\/a><\/p>\n","protected":false},"author":31,"featured_media":0,"parent":0,"menu_order":0,"comment_status":"closed","ping_status":"closed","template":"","meta":{"_themeisle_gutenberg_block_has_review":false,"inspiro_hide_title":false,"footnotes":""},"class_list":["post-323","page","type-page","status-publish","hentry"],"_links":{"self":[{"href":"https:\/\/escoladigital.madeira.gov.pt\/eb1pepsol\/wp-json\/wp\/v2\/pages\/323","targetHints":{"allow":["GET"]}}],"collection":[{"href":"https:\/\/escoladigital.madeira.gov.pt\/eb1pepsol\/wp-json\/wp\/v2\/pages"}],"about":[{"href":"https:\/\/escoladigital.madeira.gov.pt\/eb1pepsol\/wp-json\/wp\/v2\/types\/page"}],"author":[{"embeddable":true,"href":"https:\/\/escoladigital.madeira.gov.pt\/eb1pepsol\/wp-json\/wp\/v2\/users\/31"}],"replies":[{"embeddable":true,"href":"https:\/\/escoladigital.madeira.gov.pt\/eb1pepsol\/wp-json\/wp\/v2\/comments?post=323"}],"version-history":[{"count":2,"href":"https:\/\/escoladigital.madeira.gov.pt\/eb1pepsol\/wp-json\/wp\/v2\/pages\/323\/revisions"}],"predecessor-version":[{"id":435,"href":"https:\/\/escoladigital.madeira.gov.pt\/eb1pepsol\/wp-json\/wp\/v2\/pages\/323\/revisions\/435"}],"wp:attachment":[{"href":"https:\/\/escoladigital.madeira.gov.pt\/eb1pepsol\/wp-json\/wp\/v2\/media?parent=323"}],"curies":[{"name":"wp","href":"https:\/\/api.w.org\/{rel}","templated":true}]}}