{"id":325,"date":"2024-10-18T08:27:46","date_gmt":"2024-10-18T08:27:46","guid":{"rendered":"https:\/\/escoladigital.madeira.gov.pt\/eb1pepsol\/?page_id=325"},"modified":"2024-10-28T17:14:41","modified_gmt":"2024-10-28T17:14:41","slug":"espr-educacao-para-a-seguranca-e-prevencao-de-riscos","status":"publish","type":"page","link":"https:\/\/escoladigital.madeira.gov.pt\/eb1pepsol\/espr-educacao-para-a-seguranca-e-prevencao-de-riscos\/","title":{"rendered":"ESPR &#8211; Educa\u00e7\u00e3o para a Seguran\u00e7a e Preven\u00e7\u00e3o de Riscos"},"content":{"rendered":"\n<p>O Projeto de Educa\u00e7\u00e3o para a Seguran\u00e7a e Preven\u00e7\u00e3o de Riscos (ESPR) permite dotar os alunos de conhecimentos sobre os diferentes riscos a que est\u00e3o expostos e incentivar a ado\u00e7\u00e3o consciente de atitudes e comportamentos de preven\u00e7\u00e3o e de autoprote\u00e7\u00e3o que minimizem a exposi\u00e7\u00e3o e vulnerabilidade a diversos tipos de acidentes e que consciencializem e treinem alguns procedimentos de preven\u00e7\u00e3o e emerg\u00eancia.<\/p>\n\n\n\n<p>Aceda ao link para visualizar o v\u00eddeo de evacua\u00e7\u00e3o do edif\u00edcio sede da nossa escola.<\/p>\n\n\n\n<div class=\"wp-block-buttons is-layout-flex wp-block-buttons-is-layout-flex\">\n<div class=\"wp-block-button\"><a class=\"wp-block-button__link wp-element-button\" href=\"https:\/\/fb.watch\/vkEsZWjxFZ\/\">V\u00eddeo<\/a><\/div>\n<\/div>\n\n\n\n<p><a href=\"https:\/\/educareprevenir.madeira.gov.pt\">https:\/\/educareprevenir.madeira.gov.pt<\/a><\/p>\n","protected":false},"excerpt":{"rendered":"<p>O Projeto de Educa\u00e7\u00e3o para a Seguran\u00e7a e Preven\u00e7\u00e3o de Riscos (ESPR) permite dotar os alunos de conhecimentos sobre os diferentes riscos a que est\u00e3o expostos e incentivar a ado\u00e7\u00e3o consciente de atitudes e comportamentos de preven\u00e7\u00e3o e de autoprote\u00e7\u00e3o que minimizem a exposi\u00e7\u00e3o e vulnerabilidade a diversos tipos de acidentes e que consciencializem e &hellip; <\/p>\n<p class=\"link-more\"><a href=\"https:\/\/escoladigital.madeira.gov.pt\/eb1pepsol\/espr-educacao-para-a-seguranca-e-prevencao-de-riscos\/\" class=\"more-link\">Read more<span class=\"screen-reader-text\"> &#8220;ESPR &#8211; Educa\u00e7\u00e3o para a Seguran\u00e7a e Preven\u00e7\u00e3o de Riscos&#8221;<\/span><\/a><\/p>\n","protected":false},"author":31,"featured_media":0,"parent":0,"menu_order":0,"comment_status":"closed","ping_status":"closed","template":"","meta":{"_themeisle_gutenberg_block_has_review":false,"inspiro_hide_title":false,"footnotes":""},"class_list":["post-325","page","type-page","status-publish","hentry"],"_links":{"self":[{"href":"https:\/\/escoladigital.madeira.gov.pt\/eb1pepsol\/wp-json\/wp\/v2\/pages\/325","targetHints":{"allow":["GET"]}}],"collection":[{"href":"https:\/\/escoladigital.madeira.gov.pt\/eb1pepsol\/wp-json\/wp\/v2\/pages"}],"about":[{"href":"https:\/\/escoladigital.madeira.gov.pt\/eb1pepsol\/wp-json\/wp\/v2\/types\/page"}],"author":[{"embeddable":true,"href":"https:\/\/escoladigital.madeira.gov.pt\/eb1pepsol\/wp-json\/wp\/v2\/users\/31"}],"replies":[{"embeddable":true,"href":"https:\/\/escoladigital.madeira.gov.pt\/eb1pepsol\/wp-json\/wp\/v2\/comments?post=325"}],"version-history":[{"count":9,"href":"https:\/\/escoladigital.madeira.gov.pt\/eb1pepsol\/wp-json\/wp\/v2\/pages\/325\/revisions"}],"predecessor-version":[{"id":602,"href":"https:\/\/escoladigital.madeira.gov.pt\/eb1pepsol\/wp-json\/wp\/v2\/pages\/325\/revisions\/602"}],"wp:attachment":[{"href":"https:\/\/escoladigital.madeira.gov.pt\/eb1pepsol\/wp-json\/wp\/v2\/media?parent=325"}],"curies":[{"name":"wp","href":"https:\/\/api.w.org\/{rel}","templated":true}]}}