{"id":462,"date":"2024-10-20T15:01:55","date_gmt":"2024-10-20T15:01:55","guid":{"rendered":"https:\/\/escoladigital.madeira.gov.pt\/eb1pepsol\/?page_id=462"},"modified":"2024-10-20T15:03:53","modified_gmt":"2024-10-20T15:03:53","slug":"pequenos-engenheiros-e-exploradores-digitais","status":"publish","type":"page","link":"https:\/\/escoladigital.madeira.gov.pt\/eb1pepsol\/pequenos-engenheiros-e-exploradores-digitais\/","title":{"rendered":"Pequenos Engenheiros e Exploradores Digitais"},"content":{"rendered":"\n<p>Projeto Pr\u00e9-TIC &#8220;Pequenos Engenheiros e Exploradores Digitais&#8221;. Este projeto tem como p\u00fablico-alvo as crian\u00e7as que frequentam o Pr\u00e9-Escolar no edif\u00edcio da Madalena do Mar.<br>Ao longo do ano letivo, as atividades a realizar ter\u00e3o como objetivo principal \u201cFamiliarizar as crian\u00e7as com o uso das Tecnologias de Informa\u00e7\u00e3o e Comunica\u00e7\u00e3o (TIC), desenvolvendo habilidades como a resolu\u00e7\u00e3o de problemas, a criatividade e o trabalho em equipa, atrav\u00e9s do uso de materiais de constru\u00e7\u00e3o (Legos), pequenos rob\u00f4s, puzzles, quadro interativo e atividades digitais.\u201d<\/p>\n\n\n\n<div data-wp-interactive=\"core\/file\" class=\"wp-block-file\"><object data-wp-bind--hidden=\"!state.hasPdfPreview\" hidden class=\"wp-block-file__embed\" data=\"https:\/\/escoladigital.madeira.gov.pt\/eb1pepsol\/wp-content\/uploads\/sites\/22\/2024\/10\/PROJETO-PRE-TIC-2024-2025-1.pdf\" type=\"application\/pdf\" style=\"width:100%;height:600px\" aria-label=\"Incorpora\u00e7\u00e3o de PROJETO PR\u00c9-TIC 2024-2025 (1).\"><\/object><a id=\"wp-block-file--media-129ef247-2139-4189-9489-8af7585897bf\" href=\"https:\/\/escoladigital.madeira.gov.pt\/eb1pepsol\/wp-content\/uploads\/sites\/22\/2024\/10\/PROJETO-PRE-TIC-2024-2025-1.pdf\">PROJETO PR\u00c9-TIC 2024-2025 (1)<\/a><a href=\"https:\/\/escoladigital.madeira.gov.pt\/eb1pepsol\/wp-content\/uploads\/sites\/22\/2024\/10\/PROJETO-PRE-TIC-2024-2025-1.pdf\" class=\"wp-block-file__button wp-element-button\" download aria-describedby=\"wp-block-file--media-129ef247-2139-4189-9489-8af7585897bf\">Descarregar<\/a><\/div>\n","protected":false},"excerpt":{"rendered":"<p>Projeto Pr\u00e9-TIC &#8220;Pequenos Engenheiros e Exploradores Digitais&#8221;. Este projeto tem como p\u00fablico-alvo as crian\u00e7as que frequentam o Pr\u00e9-Escolar no edif\u00edcio da Madalena do Mar.Ao longo do ano letivo, as atividades a realizar ter\u00e3o como objetivo principal \u201cFamiliarizar as crian\u00e7as com o uso das Tecnologias de Informa\u00e7\u00e3o e Comunica\u00e7\u00e3o (TIC), desenvolvendo habilidades como a resolu\u00e7\u00e3o de &hellip; <\/p>\n<p class=\"link-more\"><a href=\"https:\/\/escoladigital.madeira.gov.pt\/eb1pepsol\/pequenos-engenheiros-e-exploradores-digitais\/\" class=\"more-link\">Read more<span class=\"screen-reader-text\"> &#8220;Pequenos Engenheiros e Exploradores Digitais&#8221;<\/span><\/a><\/p>\n","protected":false},"author":31,"featured_media":0,"parent":0,"menu_order":0,"comment_status":"closed","ping_status":"closed","template":"","meta":{"_themeisle_gutenberg_block_has_review":false,"inspiro_hide_title":false,"footnotes":""},"class_list":["post-462","page","type-page","status-publish","hentry"],"_links":{"self":[{"href":"https:\/\/escoladigital.madeira.gov.pt\/eb1pepsol\/wp-json\/wp\/v2\/pages\/462","targetHints":{"allow":["GET"]}}],"collection":[{"href":"https:\/\/escoladigital.madeira.gov.pt\/eb1pepsol\/wp-json\/wp\/v2\/pages"}],"about":[{"href":"https:\/\/escoladigital.madeira.gov.pt\/eb1pepsol\/wp-json\/wp\/v2\/types\/page"}],"author":[{"embeddable":true,"href":"https:\/\/escoladigital.madeira.gov.pt\/eb1pepsol\/wp-json\/wp\/v2\/users\/31"}],"replies":[{"embeddable":true,"href":"https:\/\/escoladigital.madeira.gov.pt\/eb1pepsol\/wp-json\/wp\/v2\/comments?post=462"}],"version-history":[{"count":2,"href":"https:\/\/escoladigital.madeira.gov.pt\/eb1pepsol\/wp-json\/wp\/v2\/pages\/462\/revisions"}],"predecessor-version":[{"id":466,"href":"https:\/\/escoladigital.madeira.gov.pt\/eb1pepsol\/wp-json\/wp\/v2\/pages\/462\/revisions\/466"}],"wp:attachment":[{"href":"https:\/\/escoladigital.madeira.gov.pt\/eb1pepsol\/wp-json\/wp\/v2\/media?parent=462"}],"curies":[{"name":"wp","href":"https:\/\/api.w.org\/{rel}","templated":true}]}}