{"id":559,"date":"2024-10-21T13:17:08","date_gmt":"2024-10-21T13:17:08","guid":{"rendered":"https:\/\/escoladigital.madeira.gov.pt\/eb1pepsol\/?page_id=559"},"modified":"2024-10-21T13:17:08","modified_gmt":"2024-10-21T13:17:08","slug":"prer","status":"publish","type":"page","link":"https:\/\/escoladigital.madeira.gov.pt\/eb1pepsol\/prer\/","title":{"rendered":"PRER"},"content":{"rendered":"\n<p>O PRER foi a estrat\u00e9gia encontrada pela Dire\u00e7\u00e3o Regional de Educa\u00e7\u00e3o, da Regi\u00e3o Aut\u00f3noma da Madeira (RAM), para desenvolver uma cultura de educa\u00e7\u00e3o para a seguran\u00e7a rodovi\u00e1ria junto da comunidade educativa.<\/p>\n\n\n\n<p>Tendo em conta que \u00e9 fundamental estimular uma cidadania respons\u00e1vel, h\u00e1 que desenvolver desde cedo compet\u00eancias, quer de a\u00e7\u00e3o quer de conhecimento, passando pelas de atitude, relacionadas com comportamentos seguros em ambiente rodovi\u00e1rio, pelo que a escola se apresenta como um contexto privilegiado nesse sentido. Tal facto justifica a pertin\u00eancia da exist\u00eancia do supracitado Plano em contexto escolar, envolvendo a comunidade respetiva, desde a educa\u00e7\u00e3o pr\u00e9-escolar at\u00e9 ao ensino secund\u00e1rio, passando pelo ensino b\u00e1sico, assim como pelos mais variados sectores da escola-comunidade educativa.<\/p>\n\n\n\n<p>Neste formato o plano existe desde o ano letivo 2007\/2008.<\/p>\n\n\n\n<div data-wp-interactive=\"core\/file\" class=\"wp-block-file\"><object data-wp-bind--hidden=\"!state.hasPdfPreview\" hidden class=\"wp-block-file__embed\" data=\"https:\/\/escoladigital.madeira.gov.pt\/eb1pepsol\/wp-content\/uploads\/sites\/22\/2024\/10\/Plano_Acao_definitivo_24_25.pdf\" type=\"application\/pdf\" style=\"width:100%;height:600px\" aria-label=\"Incorpora\u00e7\u00e3o de Plano_Acao_definitivo_24_25.\"><\/object><a id=\"wp-block-file--media-b5225695-1814-4c95-869e-2d5bff17f712\" href=\"https:\/\/escoladigital.madeira.gov.pt\/eb1pepsol\/wp-content\/uploads\/sites\/22\/2024\/10\/Plano_Acao_definitivo_24_25.pdf\">Plano_Acao_definitivo_24_25<\/a><a href=\"https:\/\/escoladigital.madeira.gov.pt\/eb1pepsol\/wp-content\/uploads\/sites\/22\/2024\/10\/Plano_Acao_definitivo_24_25.pdf\" class=\"wp-block-file__button wp-element-button\" download aria-describedby=\"wp-block-file--media-b5225695-1814-4c95-869e-2d5bff17f712\">Descarregar<\/a><\/div>\n","protected":false},"excerpt":{"rendered":"<p>O PRER foi a estrat\u00e9gia encontrada pela Dire\u00e7\u00e3o Regional de Educa\u00e7\u00e3o, da Regi\u00e3o Aut\u00f3noma da Madeira (RAM), para desenvolver uma cultura de educa\u00e7\u00e3o para a seguran\u00e7a rodovi\u00e1ria junto da comunidade educativa. Tendo em conta que \u00e9 fundamental estimular uma cidadania respons\u00e1vel, h\u00e1 que desenvolver desde cedo compet\u00eancias, quer de a\u00e7\u00e3o quer de conhecimento, passando pelas &hellip; <\/p>\n<p class=\"link-more\"><a href=\"https:\/\/escoladigital.madeira.gov.pt\/eb1pepsol\/prer\/\" class=\"more-link\">Read more<span class=\"screen-reader-text\"> &#8220;PRER&#8221;<\/span><\/a><\/p>\n","protected":false},"author":31,"featured_media":0,"parent":0,"menu_order":0,"comment_status":"closed","ping_status":"closed","template":"","meta":{"_themeisle_gutenberg_block_has_review":false,"inspiro_hide_title":false,"footnotes":""},"class_list":["post-559","page","type-page","status-publish","hentry"],"_links":{"self":[{"href":"https:\/\/escoladigital.madeira.gov.pt\/eb1pepsol\/wp-json\/wp\/v2\/pages\/559","targetHints":{"allow":["GET"]}}],"collection":[{"href":"https:\/\/escoladigital.madeira.gov.pt\/eb1pepsol\/wp-json\/wp\/v2\/pages"}],"about":[{"href":"https:\/\/escoladigital.madeira.gov.pt\/eb1pepsol\/wp-json\/wp\/v2\/types\/page"}],"author":[{"embeddable":true,"href":"https:\/\/escoladigital.madeira.gov.pt\/eb1pepsol\/wp-json\/wp\/v2\/users\/31"}],"replies":[{"embeddable":true,"href":"https:\/\/escoladigital.madeira.gov.pt\/eb1pepsol\/wp-json\/wp\/v2\/comments?post=559"}],"version-history":[{"count":1,"href":"https:\/\/escoladigital.madeira.gov.pt\/eb1pepsol\/wp-json\/wp\/v2\/pages\/559\/revisions"}],"predecessor-version":[{"id":561,"href":"https:\/\/escoladigital.madeira.gov.pt\/eb1pepsol\/wp-json\/wp\/v2\/pages\/559\/revisions\/561"}],"wp:attachment":[{"href":"https:\/\/escoladigital.madeira.gov.pt\/eb1pepsol\/wp-json\/wp\/v2\/media?parent=559"}],"curies":[{"name":"wp","href":"https:\/\/api.w.org\/{rel}","templated":true}]}}