{"id":923,"date":"2025-12-04T08:41:58","date_gmt":"2025-12-04T08:41:58","guid":{"rendered":"https:\/\/escoladigital.madeira.gov.pt\/eb1pepsol\/?page_id=923"},"modified":"2025-12-04T08:41:59","modified_gmt":"2025-12-04T08:41:59","slug":"politica-de-utilizacao-aceitavel-ciber-seguranca","status":"publish","type":"page","link":"https:\/\/escoladigital.madeira.gov.pt\/eb1pepsol\/politica-de-utilizacao-aceitavel-ciber-seguranca\/","title":{"rendered":"Pol\u00edtica de Utiliza\u00e7\u00e3o Aceit\u00e1vel  (Ciber-Seguran\u00e7a)"},"content":{"rendered":"\n<div data-wp-interactive=\"core\/file\" class=\"wp-block-file\"><object data-wp-bind--hidden=\"!state.hasPdfPreview\" hidden class=\"wp-block-file__embed\" data=\"https:\/\/escoladigital.madeira.gov.pt\/eb1pepsol\/wp-content\/uploads\/sites\/22\/2025\/12\/PUA_EB1PEC_Ponta_do_Sol.pdf\" type=\"application\/pdf\" style=\"width:100%;height:600px\" aria-label=\"Incorpora\u00e7\u00e3o de PUA_EB1PEC_Ponta_do_Sol.\"><\/object><a id=\"wp-block-file--media-2a146982-14d5-4ad8-845d-6e0c4c6b1a21\" href=\"https:\/\/escoladigital.madeira.gov.pt\/eb1pepsol\/wp-content\/uploads\/sites\/22\/2025\/12\/PUA_EB1PEC_Ponta_do_Sol.pdf\">PUA_EB1PEC_Ponta_do_Sol<\/a><a href=\"https:\/\/escoladigital.madeira.gov.pt\/eb1pepsol\/wp-content\/uploads\/sites\/22\/2025\/12\/PUA_EB1PEC_Ponta_do_Sol.pdf\" class=\"wp-block-file__button wp-element-button\" download aria-describedby=\"wp-block-file--media-2a146982-14d5-4ad8-845d-6e0c4c6b1a21\">Descarregar<\/a><\/div>\n","protected":false},"excerpt":{"rendered":"","protected":false},"author":31,"featured_media":0,"parent":0,"menu_order":0,"comment_status":"closed","ping_status":"closed","template":"","meta":{"_themeisle_gutenberg_block_has_review":false,"inspiro_hide_title":false,"footnotes":""},"class_list":["post-923","page","type-page","status-publish","hentry"],"_links":{"self":[{"href":"https:\/\/escoladigital.madeira.gov.pt\/eb1pepsol\/wp-json\/wp\/v2\/pages\/923","targetHints":{"allow":["GET"]}}],"collection":[{"href":"https:\/\/escoladigital.madeira.gov.pt\/eb1pepsol\/wp-json\/wp\/v2\/pages"}],"about":[{"href":"https:\/\/escoladigital.madeira.gov.pt\/eb1pepsol\/wp-json\/wp\/v2\/types\/page"}],"author":[{"embeddable":true,"href":"https:\/\/escoladigital.madeira.gov.pt\/eb1pepsol\/wp-json\/wp\/v2\/users\/31"}],"replies":[{"embeddable":true,"href":"https:\/\/escoladigital.madeira.gov.pt\/eb1pepsol\/wp-json\/wp\/v2\/comments?post=923"}],"version-history":[{"count":1,"href":"https:\/\/escoladigital.madeira.gov.pt\/eb1pepsol\/wp-json\/wp\/v2\/pages\/923\/revisions"}],"predecessor-version":[{"id":925,"href":"https:\/\/escoladigital.madeira.gov.pt\/eb1pepsol\/wp-json\/wp\/v2\/pages\/923\/revisions\/925"}],"wp:attachment":[{"href":"https:\/\/escoladigital.madeira.gov.pt\/eb1pepsol\/wp-json\/wp\/v2\/media?parent=923"}],"curies":[{"name":"wp","href":"https:\/\/api.w.org\/{rel}","templated":true}]}}