{"id":97,"date":"2024-10-16T14:57:04","date_gmt":"2024-10-16T14:57:04","guid":{"rendered":"https:\/\/escoladigital.madeira.gov.pt\/eb1pepsol\/?page_id=97"},"modified":"2024-10-23T17:00:35","modified_gmt":"2024-10-23T17:00:35","slug":"equipa","status":"publish","type":"page","link":"https:\/\/escoladigital.madeira.gov.pt\/eb1pepsol\/equipa\/","title":{"rendered":"\u00d3rg\u00e3os de Gest\u00e3o"},"content":{"rendered":"\n<div class=\"wp-block-columns is-layout-flex wp-container-core-columns-is-layout-28f84493 wp-block-columns-is-layout-flex\">\n<div class=\"wp-block-column is-layout-flow wp-block-column-is-layout-flow\">\n<p class=\"has-text-align-center\"><strong>Diretor<\/strong> <\/p>\n\n\n\n<p class=\"has-text-align-center\"><strong><mark style=\"background-color:#f9fafd\" class=\"has-inline-color has-secondary-color\">Rui Ramos<\/mark><\/strong><\/p>\n<\/div>\n<\/div>\n\n\n\n<div class=\"wp-block-columns is-layout-flex wp-container-core-columns-is-layout-28f84493 wp-block-columns-is-layout-flex\">\n<div class=\"wp-block-column is-layout-flow wp-block-column-is-layout-flow\">\n<figure class=\"wp-block-image aligncenter size-large is-resized\"><img fetchpriority=\"high\" decoding=\"async\" width=\"705\" height=\"1024\" src=\"https:\/\/escoladigital.madeira.gov.pt\/eb1pepsol\/wp-content\/uploads\/sites\/22\/2024\/10\/3-1-705x1024.jpg\" alt=\"\" class=\"wp-image-373\" style=\"width:190px;height:auto\" srcset=\"https:\/\/escoladigital.madeira.gov.pt\/eb1pepsol\/wp-content\/uploads\/sites\/22\/2024\/10\/3-1-705x1024.jpg 705w, https:\/\/escoladigital.madeira.gov.pt\/eb1pepsol\/wp-content\/uploads\/sites\/22\/2024\/10\/3-1-207x300.jpg 207w, https:\/\/escoladigital.madeira.gov.pt\/eb1pepsol\/wp-content\/uploads\/sites\/22\/2024\/10\/3-1.jpg 1131w\" sizes=\"(max-width: 705px) 100vw, 705px\" \/><\/figure>\n<\/div>\n<\/div>\n\n\n\n<div class=\"wp-block-columns is-layout-flex wp-container-core-columns-is-layout-28f84493 wp-block-columns-is-layout-flex\">\n<div class=\"wp-block-column is-layout-flow wp-block-column-is-layout-flow\"><\/div>\n\n\n\n<div class=\"wp-block-column is-layout-flow wp-block-column-is-layout-flow\">\n<p class=\"has-text-align-center\"><\/p>\n<\/div>\n\n\n\n<div class=\"wp-block-column is-layout-flow wp-block-column-is-layout-flow\"><\/div>\n<\/div>\n\n\n\n<p class=\"has-text-align-center\"><strong>Substituo Legal<\/strong> | <strong>Coordenador TIC | Delegado de Seguran\u00e7a<\/strong><\/p>\n\n\n\n<p class=\"has-text-align-center\"><strong><mark style=\"background-color:#f9fafd\" class=\"has-inline-color has-secondary-color\">Carlos Borges<\/mark><\/strong><\/p>\n\n\n\n<figure class=\"wp-block-image aligncenter size-full is-resized\"><img decoding=\"async\" width=\"494\" height=\"698\" src=\"https:\/\/escoladigital.madeira.gov.pt\/eb1pepsol\/wp-content\/uploads\/sites\/22\/2024\/10\/4-1.jpg\" alt=\"\" class=\"wp-image-391\" style=\"width:197px;height:auto\" srcset=\"https:\/\/escoladigital.madeira.gov.pt\/eb1pepsol\/wp-content\/uploads\/sites\/22\/2024\/10\/4-1.jpg 494w, https:\/\/escoladigital.madeira.gov.pt\/eb1pepsol\/wp-content\/uploads\/sites\/22\/2024\/10\/4-1-212x300.jpg 212w\" sizes=\"(max-width: 494px) 100vw, 494px\" \/><\/figure>\n\n\n\n<div class=\"wp-block-columns is-layout-flex wp-container-core-columns-is-layout-28f84493 wp-block-columns-is-layout-flex\">\n<div class=\"wp-block-column is-layout-flow wp-block-column-is-layout-flow\"><\/div>\n<\/div>\n\n\n\n<p class=\"has-text-align-center\"><strong>Coadjuvante da dire\u00e7\u00e3o<\/strong> | <strong>Coordenador Eco-Escolas<\/strong><\/p>\n\n\n\n<p class=\"has-text-align-center\"><strong><mark style=\"background-color:#f9fafd\" class=\"has-inline-color has-secondary-color\">Jos\u00e9 Augusto<\/mark><\/strong><\/p>\n\n\n\n<figure class=\"wp-block-image aligncenter size-large is-resized\"><img decoding=\"async\" width=\"707\" height=\"1024\" src=\"https:\/\/escoladigital.madeira.gov.pt\/eb1pepsol\/wp-content\/uploads\/sites\/22\/2024\/10\/2-1-707x1024.jpg\" alt=\"\" class=\"wp-image-375\" style=\"width:191px;height:auto\" srcset=\"https:\/\/escoladigital.madeira.gov.pt\/eb1pepsol\/wp-content\/uploads\/sites\/22\/2024\/10\/2-1-707x1024.jpg 707w, https:\/\/escoladigital.madeira.gov.pt\/eb1pepsol\/wp-content\/uploads\/sites\/22\/2024\/10\/2-1-207x300.jpg 207w, https:\/\/escoladigital.madeira.gov.pt\/eb1pepsol\/wp-content\/uploads\/sites\/22\/2024\/10\/2-1.jpg 979w\" sizes=\"(max-width: 707px) 100vw, 707px\" \/><\/figure>\n","protected":false},"excerpt":{"rendered":"<p>Diretor Rui Ramos Substituo Legal | Coordenador TIC | Delegado de Seguran\u00e7a Carlos Borges Coadjuvante da dire\u00e7\u00e3o | Coordenador Eco-Escolas Jos\u00e9 Augusto<\/p>\n","protected":false},"author":31,"featured_media":0,"parent":0,"menu_order":0,"comment_status":"closed","ping_status":"closed","template":"","meta":{"_themeisle_gutenberg_block_has_review":false,"inspiro_hide_title":false,"footnotes":""},"class_list":["post-97","page","type-page","status-publish","hentry"],"_links":{"self":[{"href":"https:\/\/escoladigital.madeira.gov.pt\/eb1pepsol\/wp-json\/wp\/v2\/pages\/97","targetHints":{"allow":["GET"]}}],"collection":[{"href":"https:\/\/escoladigital.madeira.gov.pt\/eb1pepsol\/wp-json\/wp\/v2\/pages"}],"about":[{"href":"https:\/\/escoladigital.madeira.gov.pt\/eb1pepsol\/wp-json\/wp\/v2\/types\/page"}],"author":[{"embeddable":true,"href":"https:\/\/escoladigital.madeira.gov.pt\/eb1pepsol\/wp-json\/wp\/v2\/users\/31"}],"replies":[{"embeddable":true,"href":"https:\/\/escoladigital.madeira.gov.pt\/eb1pepsol\/wp-json\/wp\/v2\/comments?post=97"}],"version-history":[{"count":30,"href":"https:\/\/escoladigital.madeira.gov.pt\/eb1pepsol\/wp-json\/wp\/v2\/pages\/97\/revisions"}],"predecessor-version":[{"id":586,"href":"https:\/\/escoladigital.madeira.gov.pt\/eb1pepsol\/wp-json\/wp\/v2\/pages\/97\/revisions\/586"}],"wp:attachment":[{"href":"https:\/\/escoladigital.madeira.gov.pt\/eb1pepsol\/wp-json\/wp\/v2\/media?parent=97"}],"curies":[{"name":"wp","href":"https:\/\/api.w.org\/{rel}","templated":true}]}}