{"id":242,"date":"2024-11-30T20:06:02","date_gmt":"2024-11-30T20:06:02","guid":{"rendered":"https:\/\/escoladigital.madeira.gov.pt\/eb1peqgrande\/?page_id=242"},"modified":"2024-12-18T10:33:28","modified_gmt":"2024-12-18T10:33:28","slug":"escola","status":"publish","type":"page","link":"https:\/\/escoladigital.madeira.gov.pt\/eb1peqgrande\/escola\/","title":{"rendered":"Caracteriza\u00e7\u00e3o"},"content":{"rendered":"\t\t<div data-elementor-type=\"wp-page\" data-elementor-id=\"242\" class=\"elementor elementor-242\">\n\t\t\t\t<div class=\"elementor-element elementor-element-554c94a2 e-flex e-con-boxed e-con e-parent\" data-id=\"554c94a2\" data-element_type=\"container\" data-e-type=\"container\">\n\t\t\t\t\t<div class=\"e-con-inner\">\n\t\t\t\t<div class=\"elementor-element elementor-element-6344bacf elementor-widget elementor-widget-text-editor\" data-id=\"6344bacf\" data-element_type=\"widget\" data-e-type=\"widget\" data-widget_type=\"text-editor.default\">\n\t\t\t\t<div class=\"elementor-widget-container\">\n\t\t\t\t\t\t\t\t\t<p><br>\nCaracteriza\u00e7\u00e3o da Escola<\/p>\n<p>O registo da cria\u00e7\u00e3o de um estabelecimento de ensino oficial nesta freguesia data de abril de 1914. A escola da Quinta Grande funcionou, durante largos anos, num edif\u00edcio pr\u00e9-fabricado, num terreno anexo ao polidesportivo exterior, situado do outro lado da estrada, acima da escola.<\/p>\n<p>A atual escola surgiu no ano de 2004 com novas instala\u00e7\u00f5es e a funcionar a tempo inteiro. Esta situa\u00e7\u00e3o foi fruto da jun\u00e7\u00e3o das tr\u00eas escolas existentes na freguesia, nomeadamente, a Escola das Fontes, a Escola das Fonta\u00ednhas e a Escola da Quinta Grande<\/p>\n<p>Com as novas instala\u00e7\u00f5es, inauguradas a 13 de outubro, pelo antigo Presidente do Governo Regional da Madeira, Dr. Alberto Jo\u00e3o Jardim, houve uma melhoria substancial das condi\u00e7\u00f5es de trabalho, potenciando uma educa\u00e7\u00e3o com mais qualidade.  <\/p>\n<p>Devido \u00e0 diminui\u00e7\u00e3o do n\u00famero de alunos do 1.\u00ba ciclo e como n\u00e3o havia na freguesia nenhum infant\u00e1rio, no ano letivo de 2011\/2012, foi feita uma adapta\u00e7\u00e3o na antiga sala de express\u00e3o art\u00edstica e criada uma sala de creche, com lota\u00e7\u00e3o m\u00e1xima de 12 crian\u00e7as. Atendendo \u00e0 grande procura desta oferta educativa, no ano letivo de 2013\/2014, foram realizadas altera\u00e7\u00f5es numa sala de educa\u00e7\u00e3o pr\u00e9-escolar, tornando-a em sala de creche, com capacidade para 15 crian\u00e7as, e uma sala de 1.\u00ba ciclo passou a ser utilizada por uma turma de educa\u00e7\u00e3o pr\u00e9-escolar. \u00c9 de salientar que esta \u00e9 a \u00fanica escola p\u00fablica do concelho de C\u00e2mara de Lobos com val\u00eancia de creche.<\/p>\n<p><\/p>\n<p><\/p>\n<p><\/p>\t\t\t\t\t\t\t\t<\/div>\n\t\t\t\t<\/div>\n\t\t\t\t\t<\/div>\n\t\t\t\t<\/div>\n\t\t\t\t<\/div>\n\t\t","protected":false},"excerpt":{"rendered":"<p>Caracteriza\u00e7\u00e3o da Escola O registo da cria\u00e7\u00e3o de um estabelecimento de ensino oficial nesta freguesia data de abril de 1914. [&hellip;]<\/p>\n","protected":false},"author":34,"featured_media":0,"parent":0,"menu_order":0,"comment_status":"closed","ping_status":"closed","template":"","meta":{"site-sidebar-layout":"default","site-content-layout":"","ast-site-content-layout":"default","site-content-style":"default","site-sidebar-style":"default","ast-global-header-display":"","ast-banner-title-visibility":"","ast-main-header-display":"","ast-hfb-above-header-display":"","ast-hfb-below-header-display":"","ast-hfb-mobile-header-display":"","site-post-title":"","ast-breadcrumbs-content":"","ast-featured-img":"","footer-sml-layout":"","ast-disable-related-posts":"","theme-transparent-header-meta":"","adv-header-id-meta":"","stick-header-meta":"","header-above-stick-meta":"","header-main-stick-meta":"","header-below-stick-meta":"","astra-migrate-meta-layouts":"default","ast-page-background-enabled":"default","ast-page-background-meta":{"desktop":{"background-color":"var(--ast-global-color-4)","background-image":"","background-repeat":"repeat","background-position":"center center","background-size":"auto","background-attachment":"scroll","background-type":"","background-media":"","overlay-type":"","overlay-color":"","overlay-opacity":"","overlay-gradient":""},"tablet":{"background-color":"","background-image":"","background-repeat":"repeat","background-position":"center center","background-size":"auto","background-attachment":"scroll","background-type":"","background-media":"","overlay-type":"","overlay-color":"","overlay-opacity":"","overlay-gradient":""},"mobile":{"background-color":"","background-image":"","background-repeat":"repeat","background-position":"center center","background-size":"auto","background-attachment":"scroll","background-type":"","background-media":"","overlay-type":"","overlay-color":"","overlay-opacity":"","overlay-gradient":""}},"ast-content-background-meta":{"desktop":{"background-color":"var(--ast-global-color-5)","background-image":"","background-repeat":"repeat","background-position":"center center","background-size":"auto","background-attachment":"scroll","background-type":"","background-media":"","overlay-type":"","overlay-color":"","overlay-opacity":"","overlay-gradient":""},"tablet":{"background-color":"var(--ast-global-color-5)","background-image":"","background-repeat":"repeat","background-position":"center center","background-size":"auto","background-attachment":"scroll","background-type":"","background-media":"","overlay-type":"","overlay-color":"","overlay-opacity":"","overlay-gradient":""},"mobile":{"background-color":"var(--ast-global-color-5)","background-image":"","background-repeat":"repeat","background-position":"center center","background-size":"auto","background-attachment":"scroll","background-type":"","background-media":"","overlay-type":"","overlay-color":"","overlay-opacity":"","overlay-gradient":""}},"_themeisle_gutenberg_block_has_review":false,"footnotes":""},"class_list":["post-242","page","type-page","status-publish","hentry"],"_links":{"self":[{"href":"https:\/\/escoladigital.madeira.gov.pt\/eb1peqgrande\/wp-json\/wp\/v2\/pages\/242","targetHints":{"allow":["GET"]}}],"collection":[{"href":"https:\/\/escoladigital.madeira.gov.pt\/eb1peqgrande\/wp-json\/wp\/v2\/pages"}],"about":[{"href":"https:\/\/escoladigital.madeira.gov.pt\/eb1peqgrande\/wp-json\/wp\/v2\/types\/page"}],"author":[{"embeddable":true,"href":"https:\/\/escoladigital.madeira.gov.pt\/eb1peqgrande\/wp-json\/wp\/v2\/users\/34"}],"replies":[{"embeddable":true,"href":"https:\/\/escoladigital.madeira.gov.pt\/eb1peqgrande\/wp-json\/wp\/v2\/comments?post=242"}],"version-history":[{"count":9,"href":"https:\/\/escoladigital.madeira.gov.pt\/eb1peqgrande\/wp-json\/wp\/v2\/pages\/242\/revisions"}],"predecessor-version":[{"id":554,"href":"https:\/\/escoladigital.madeira.gov.pt\/eb1peqgrande\/wp-json\/wp\/v2\/pages\/242\/revisions\/554"}],"wp:attachment":[{"href":"https:\/\/escoladigital.madeira.gov.pt\/eb1peqgrande\/wp-json\/wp\/v2\/media?parent=242"}],"curies":[{"name":"wp","href":"https:\/\/api.w.org\/{rel}","templated":true}]}}