{"id":373,"date":"2024-12-11T16:20:12","date_gmt":"2024-12-11T16:20:12","guid":{"rendered":"https:\/\/escoladigital.madeira.gov.pt\/eb1peqgrande\/?page_id=373"},"modified":"2026-04-09T10:36:41","modified_gmt":"2026-04-09T10:36:41","slug":"ementas","status":"publish","type":"page","link":"https:\/\/escoladigital.madeira.gov.pt\/eb1peqgrande\/ementas\/","title":{"rendered":"Ementas"},"content":{"rendered":"\n<p>Ementa 1.\u00ba Ciclo, 3.\u00ba per\u00edodo 2025\/2026<\/p>\n\n\n\n<div data-wp-interactive=\"core\/file\" class=\"wp-block-file\"><object data-wp-bind--hidden=\"!state.hasPdfPreview\" hidden class=\"wp-block-file__embed\" data=\"https:\/\/escoladigital.madeira.gov.pt\/eb1peqgrande\/wp-content\/uploads\/sites\/25\/2026\/04\/Ementa-3P-1oCiclo-2025_2026.pdf\" type=\"application\/pdf\" style=\"width:100%;height:600px\" aria-label=\"Incorpora\u00e7\u00e3o de Ementa 3P 1\u00baCiclo 2025_2026.\"><\/object><a id=\"wp-block-file--media-7fb0930b-fd77-491d-ac71-a9ee064b6b7c\" href=\"https:\/\/escoladigital.madeira.gov.pt\/eb1peqgrande\/wp-content\/uploads\/sites\/25\/2026\/04\/Ementa-3P-1oCiclo-2025_2026.pdf\">Ementa 3P 1\u00baCiclo 2025_2026<\/a><a href=\"https:\/\/escoladigital.madeira.gov.pt\/eb1peqgrande\/wp-content\/uploads\/sites\/25\/2026\/04\/Ementa-3P-1oCiclo-2025_2026.pdf\" class=\"wp-block-file__button wp-element-button\" download aria-describedby=\"wp-block-file--media-7fb0930b-fd77-491d-ac71-a9ee064b6b7c\">Descarregar<\/a><\/div>\n\n\n\n<p>Ementas lanches 1.\u00ba Ciclo 3.\u00ba per\u00edodo 2025\/2026<\/p>\n\n\n\n<div data-wp-interactive=\"core\/file\" class=\"wp-block-file\"><object data-wp-bind--hidden=\"!state.hasPdfPreview\" hidden class=\"wp-block-file__embed\" data=\"https:\/\/escoladigital.madeira.gov.pt\/eb1peqgrande\/wp-content\/uploads\/sites\/25\/2026\/04\/Ementa-Lanches-1oCICLO-DRPRI-3P-25-26.pdf\" type=\"application\/pdf\" style=\"width:100%;height:600px\" aria-label=\"Incorpora\u00e7\u00e3o de Ementa Lanches 1\u00baCICLO DRPRI 3P 25-26.\"><\/object><a id=\"wp-block-file--media-c631ecd0-0d00-4032-bc3c-2b7f24972ead\" href=\"https:\/\/escoladigital.madeira.gov.pt\/eb1peqgrande\/wp-content\/uploads\/sites\/25\/2026\/04\/Ementa-Lanches-1oCICLO-DRPRI-3P-25-26.pdf\">Ementa Lanches 1\u00baCICLO DRPRI 3P 25-26<\/a><a href=\"https:\/\/escoladigital.madeira.gov.pt\/eb1peqgrande\/wp-content\/uploads\/sites\/25\/2026\/04\/Ementa-Lanches-1oCICLO-DRPRI-3P-25-26.pdf\" class=\"wp-block-file__button wp-element-button\" download aria-describedby=\"wp-block-file--media-c631ecd0-0d00-4032-bc3c-2b7f24972ead\">Descarregar<\/a><\/div>\n\n\n\n<p>Ementa sala de transi\u00e7\u00e3o<\/p>\n\n\n\n<div data-wp-interactive=\"core\/file\" class=\"wp-block-file\"><object data-wp-bind--hidden=\"!state.hasPdfPreview\" hidden class=\"wp-block-file__embed\" data=\"https:\/\/escoladigital.madeira.gov.pt\/eb1peqgrande\/wp-content\/uploads\/sites\/25\/2026\/04\/Ementa-3P-Sala-de-Transicao-2025_2026.pdf\" type=\"application\/pdf\" style=\"width:100%;height:600px\" aria-label=\"Incorpora\u00e7\u00e3o de Ementa 3P Sala de Transi\u00e7\u00e3o 2025_2026.\"><\/object><a id=\"wp-block-file--media-f14688de-43a9-488e-b2d5-01ff0af3bdf2\" href=\"https:\/\/escoladigital.madeira.gov.pt\/eb1peqgrande\/wp-content\/uploads\/sites\/25\/2026\/04\/Ementa-3P-Sala-de-Transicao-2025_2026.pdf\">Ementa 3P Sala de Transi\u00e7\u00e3o 2025_2026<\/a><a href=\"https:\/\/escoladigital.madeira.gov.pt\/eb1peqgrande\/wp-content\/uploads\/sites\/25\/2026\/04\/Ementa-3P-Sala-de-Transicao-2025_2026.pdf\" class=\"wp-block-file__button wp-element-button\" download aria-describedby=\"wp-block-file--media-f14688de-43a9-488e-b2d5-01ff0af3bdf2\">Descarregar<\/a><\/div>\n\n\n\n<p>Ementas Creche 3.\u00ba per\u00edodo<\/p>\n\n\n\n<div data-wp-interactive=\"core\/file\" class=\"wp-block-file\"><object data-wp-bind--hidden=\"!state.hasPdfPreview\" hidden class=\"wp-block-file__embed\" data=\"https:\/\/escoladigital.madeira.gov.pt\/eb1peqgrande\/wp-content\/uploads\/sites\/25\/2026\/04\/Ementa-3P_Creche_v2.pdf\" type=\"application\/pdf\" style=\"width:100%;height:600px\" aria-label=\"Incorpora\u00e7\u00e3o de Ementa 3P_Creche_v2.\"><\/object><a id=\"wp-block-file--media-95abea25-a1a4-4683-b337-2442521db723\" href=\"https:\/\/escoladigital.madeira.gov.pt\/eb1peqgrande\/wp-content\/uploads\/sites\/25\/2026\/04\/Ementa-3P_Creche_v2.pdf\">Ementa 3P_Creche_v2<\/a><a href=\"https:\/\/escoladigital.madeira.gov.pt\/eb1peqgrande\/wp-content\/uploads\/sites\/25\/2026\/04\/Ementa-3P_Creche_v2.pdf\" class=\"wp-block-file__button wp-element-button\" download aria-describedby=\"wp-block-file--media-95abea25-a1a4-4683-b337-2442521db723\">Descarregar<\/a><\/div>\n\n\n\n<div data-wp-interactive=\"core\/file\" class=\"wp-block-file\"><object data-wp-bind--hidden=\"!state.hasPdfPreview\" hidden class=\"wp-block-file__embed\" data=\"https:\/\/escoladigital.madeira.gov.pt\/eb1peqgrande\/wp-content\/uploads\/sites\/25\/2026\/04\/Ementa-Lanches-Creche-5-12m-3P-2025-2026-3.pdf\" type=\"application\/pdf\" style=\"width:100%;height:600px\" aria-label=\"Incorpora\u00e7\u00e3o de Ementa Lanches Creche 5-12m 3P 2025-2026.\"><\/object><a id=\"wp-block-file--media-d55cd1a4-be2c-475e-9b05-b9bf13779e61\" href=\"https:\/\/escoladigital.madeira.gov.pt\/eb1peqgrande\/wp-content\/uploads\/sites\/25\/2026\/04\/Ementa-Lanches-Creche-5-12m-3P-2025-2026-3.pdf\">Ementa Lanches Creche 5-12m 3P 2025-2026<\/a><a href=\"https:\/\/escoladigital.madeira.gov.pt\/eb1peqgrande\/wp-content\/uploads\/sites\/25\/2026\/04\/Ementa-Lanches-Creche-5-12m-3P-2025-2026-3.pdf\" class=\"wp-block-file__button wp-element-button\" download aria-describedby=\"wp-block-file--media-d55cd1a4-be2c-475e-9b05-b9bf13779e61\">Descarregar<\/a><\/div>\n\n\n\n<div data-wp-interactive=\"core\/file\" class=\"wp-block-file\"><object data-wp-bind--hidden=\"!state.hasPdfPreview\" hidden class=\"wp-block-file__embed\" data=\"https:\/\/escoladigital.madeira.gov.pt\/eb1peqgrande\/wp-content\/uploads\/sites\/25\/2026\/04\/Ementa-Lanches-JI-DRPRI-3P-25-26-v1-3.pdf\" type=\"application\/pdf\" style=\"width:100%;height:600px\" aria-label=\"Incorpora\u00e7\u00e3o de Ementa Lanches JI DRPRI 3P 25-26 v1.\"><\/object><a id=\"wp-block-file--media-8d998032-baee-4fd3-a659-ec75293d9cad\" href=\"https:\/\/escoladigital.madeira.gov.pt\/eb1peqgrande\/wp-content\/uploads\/sites\/25\/2026\/04\/Ementa-Lanches-JI-DRPRI-3P-25-26-v1-3.pdf\">Ementa Lanches JI DRPRI 3P 25-26 v1<\/a><a href=\"https:\/\/escoladigital.madeira.gov.pt\/eb1peqgrande\/wp-content\/uploads\/sites\/25\/2026\/04\/Ementa-Lanches-JI-DRPRI-3P-25-26-v1-3.pdf\" class=\"wp-block-file__button wp-element-button\" download aria-describedby=\"wp-block-file--media-8d998032-baee-4fd3-a659-ec75293d9cad\">Descarregar<\/a><\/div>\n\n\n\n<div data-wp-interactive=\"core\/file\" class=\"wp-block-file\"><object data-wp-bind--hidden=\"!state.hasPdfPreview\" hidden class=\"wp-block-file__embed\" data=\"https:\/\/escoladigital.madeira.gov.pt\/eb1peqgrande\/wp-content\/uploads\/sites\/25\/2026\/04\/Ementa-3P-JI-2025_2026-3.pdf\" type=\"application\/pdf\" style=\"width:100%;height:600px\" aria-label=\"Incorpora\u00e7\u00e3o de Ementa 3P JI 2025_2026.\"><\/object><a id=\"wp-block-file--media-48af831c-5948-4e91-9bf3-6afab1df9b4d\" href=\"https:\/\/escoladigital.madeira.gov.pt\/eb1peqgrande\/wp-content\/uploads\/sites\/25\/2026\/04\/Ementa-3P-JI-2025_2026-3.pdf\">Ementa 3P JI 2025_2026<\/a><a href=\"https:\/\/escoladigital.madeira.gov.pt\/eb1peqgrande\/wp-content\/uploads\/sites\/25\/2026\/04\/Ementa-3P-JI-2025_2026-3.pdf\" class=\"wp-block-file__button wp-element-button\" download aria-describedby=\"wp-block-file--media-48af831c-5948-4e91-9bf3-6afab1df9b4d\">Descarregar<\/a><\/div>\n\n\n\n<p><\/p>\n","protected":false},"excerpt":{"rendered":"<p>Ementa 1.\u00ba Ciclo, 3.\u00ba per\u00edodo 2025\/2026 Ementas lanches 1.\u00ba Ciclo 3.\u00ba per\u00edodo 2025\/2026 Ementa sala de transi\u00e7\u00e3o Ementas Creche 3.\u00ba [&hellip;]<\/p>\n","protected":false},"author":34,"featured_media":0,"parent":0,"menu_order":0,"comment_status":"closed","ping_status":"closed","template":"","meta":{"site-sidebar-layout":"default","site-content-layout":"","ast-site-content-layout":"default","site-content-style":"default","site-sidebar-style":"default","ast-global-header-display":"","ast-banner-title-visibility":"","ast-main-header-display":"","ast-hfb-above-header-display":"","ast-hfb-below-header-display":"","ast-hfb-mobile-header-display":"","site-post-title":"","ast-breadcrumbs-content":"","ast-featured-img":"","footer-sml-layout":"","ast-disable-related-posts":"","theme-transparent-header-meta":"","adv-header-id-meta":"","stick-header-meta":"","header-above-stick-meta":"","header-main-stick-meta":"","header-below-stick-meta":"","astra-migrate-meta-layouts":"default","ast-page-background-enabled":"default","ast-page-background-meta":{"desktop":{"background-color":"var(--ast-global-color-4)","background-image":"","background-repeat":"repeat","background-position":"center center","background-size":"auto","background-attachment":"scroll","background-type":"","background-media":"","overlay-type":"","overlay-color":"","overlay-opacity":"","overlay-gradient":""},"tablet":{"background-color":"","background-image":"","background-repeat":"repeat","background-position":"center center","background-size":"auto","background-attachment":"scroll","background-type":"","background-media":"","overlay-type":"","overlay-color":"","overlay-opacity":"","overlay-gradient":""},"mobile":{"background-color":"","background-image":"","background-repeat":"repeat","background-position":"center center","background-size":"auto","background-attachment":"scroll","background-type":"","background-media":"","overlay-type":"","overlay-color":"","overlay-opacity":"","overlay-gradient":""}},"ast-content-background-meta":{"desktop":{"background-color":"var(--ast-global-color-5)","background-image":"","background-repeat":"repeat","background-position":"center center","background-size":"auto","background-attachment":"scroll","background-type":"","background-media":"","overlay-type":"","overlay-color":"","overlay-opacity":"","overlay-gradient":""},"tablet":{"background-color":"var(--ast-global-color-5)","background-image":"","background-repeat":"repeat","background-position":"center center","background-size":"auto","background-attachment":"scroll","background-type":"","background-media":"","overlay-type":"","overlay-color":"","overlay-opacity":"","overlay-gradient":""},"mobile":{"background-color":"var(--ast-global-color-5)","background-image":"","background-repeat":"repeat","background-position":"center center","background-size":"auto","background-attachment":"scroll","background-type":"","background-media":"","overlay-type":"","overlay-color":"","overlay-opacity":"","overlay-gradient":""}},"_themeisle_gutenberg_block_has_review":false,"footnotes":""},"class_list":["post-373","page","type-page","status-publish","hentry"],"_links":{"self":[{"href":"https:\/\/escoladigital.madeira.gov.pt\/eb1peqgrande\/wp-json\/wp\/v2\/pages\/373","targetHints":{"allow":["GET"]}}],"collection":[{"href":"https:\/\/escoladigital.madeira.gov.pt\/eb1peqgrande\/wp-json\/wp\/v2\/pages"}],"about":[{"href":"https:\/\/escoladigital.madeira.gov.pt\/eb1peqgrande\/wp-json\/wp\/v2\/types\/page"}],"author":[{"embeddable":true,"href":"https:\/\/escoladigital.madeira.gov.pt\/eb1peqgrande\/wp-json\/wp\/v2\/users\/34"}],"replies":[{"embeddable":true,"href":"https:\/\/escoladigital.madeira.gov.pt\/eb1peqgrande\/wp-json\/wp\/v2\/comments?post=373"}],"version-history":[{"count":17,"href":"https:\/\/escoladigital.madeira.gov.pt\/eb1peqgrande\/wp-json\/wp\/v2\/pages\/373\/revisions"}],"predecessor-version":[{"id":939,"href":"https:\/\/escoladigital.madeira.gov.pt\/eb1peqgrande\/wp-json\/wp\/v2\/pages\/373\/revisions\/939"}],"wp:attachment":[{"href":"https:\/\/escoladigital.madeira.gov.pt\/eb1peqgrande\/wp-json\/wp\/v2\/media?parent=373"}],"curies":[{"name":"wp","href":"https:\/\/api.w.org\/{rel}","templated":true}]}}