{"id":541,"date":"2024-12-18T10:26:12","date_gmt":"2024-12-18T10:26:12","guid":{"rendered":"https:\/\/escoladigital.madeira.gov.pt\/eb1peqgrande\/?page_id=541"},"modified":"2025-10-24T14:30:27","modified_gmt":"2025-10-24T14:30:27","slug":"ase","status":"publish","type":"page","link":"https:\/\/escoladigital.madeira.gov.pt\/eb1peqgrande\/ase\/","title":{"rendered":"ASE"},"content":{"rendered":"\n<p><strong>Informa-se que o pagamento das comparticipa\u00e7\u00f5es\/alimenta\u00e7\u00e3o deve ser efetuado at\u00e9 ao dia 8 de cada m\u00eas.&nbsp;&nbsp;<\/strong><strong>Quando esse dia coincidir com um s\u00e1bado, domingo ou feriado poder\u00e1 efetuar-se no primeiro dia \u00fatil seguinte.<\/strong><strong>&nbsp;<\/strong><\/p>\n\n\n\n<p><strong>IBAN: PT50 0018 0008 00683903020 90<\/strong><\/p>\n\n\n\n<p><strong>NIB:&nbsp;0018 0008 00683903020 90&nbsp;<\/strong><\/p>\n\n\n\n<h3 class=\"wp-block-heading\"><\/h3>\n\n\n\n<p><a href=\"https:\/\/escoladigital.madeira.gov.pt\/eb1peqgrande\/wp-content\/uploads\/sites\/25\/2025\/10\/1.Inf_.PAGAMENTOS_Funcionamento-1.pdf\">Informa\u00e7\u00f5es_ Pagamentos<\/a><\/p>\n","protected":false},"excerpt":{"rendered":"<p>Informa-se que o pagamento das comparticipa\u00e7\u00f5es\/alimenta\u00e7\u00e3o deve ser efetuado at\u00e9 ao dia 8 de cada m\u00eas.&nbsp;&nbsp;Quando esse dia coincidir com [&hellip;]<\/p>\n","protected":false},"author":34,"featured_media":0,"parent":0,"menu_order":0,"comment_status":"closed","ping_status":"closed","template":"","meta":{"site-sidebar-layout":"default","site-content-layout":"","ast-site-content-layout":"default","site-content-style":"default","site-sidebar-style":"default","ast-global-header-display":"","ast-banner-title-visibility":"","ast-main-header-display":"","ast-hfb-above-header-display":"","ast-hfb-below-header-display":"","ast-hfb-mobile-header-display":"","site-post-title":"","ast-breadcrumbs-content":"","ast-featured-img":"","footer-sml-layout":"","ast-disable-related-posts":"","theme-transparent-header-meta":"","adv-header-id-meta":"","stick-header-meta":"","header-above-stick-meta":"","header-main-stick-meta":"","header-below-stick-meta":"","astra-migrate-meta-layouts":"default","ast-page-background-enabled":"default","ast-page-background-meta":{"desktop":{"background-color":"var(--ast-global-color-4)","background-image":"","background-repeat":"repeat","background-position":"center center","background-size":"auto","background-attachment":"scroll","background-type":"","background-media":"","overlay-type":"","overlay-color":"","overlay-opacity":"","overlay-gradient":""},"tablet":{"background-color":"","background-image":"","background-repeat":"repeat","background-position":"center center","background-size":"auto","background-attachment":"scroll","background-type":"","background-media":"","overlay-type":"","overlay-color":"","overlay-opacity":"","overlay-gradient":""},"mobile":{"background-color":"","background-image":"","background-repeat":"repeat","background-position":"center center","background-size":"auto","background-attachment":"scroll","background-type":"","background-media":"","overlay-type":"","overlay-color":"","overlay-opacity":"","overlay-gradient":""}},"ast-content-background-meta":{"desktop":{"background-color":"var(--ast-global-color-5)","background-image":"","background-repeat":"repeat","background-position":"center center","background-size":"auto","background-attachment":"scroll","background-type":"","background-media":"","overlay-type":"","overlay-color":"","overlay-opacity":"","overlay-gradient":""},"tablet":{"background-color":"var(--ast-global-color-5)","background-image":"","background-repeat":"repeat","background-position":"center center","background-size":"auto","background-attachment":"scroll","background-type":"","background-media":"","overlay-type":"","overlay-color":"","overlay-opacity":"","overlay-gradient":""},"mobile":{"background-color":"var(--ast-global-color-5)","background-image":"","background-repeat":"repeat","background-position":"center center","background-size":"auto","background-attachment":"scroll","background-type":"","background-media":"","overlay-type":"","overlay-color":"","overlay-opacity":"","overlay-gradient":""}},"_themeisle_gutenberg_block_has_review":false,"footnotes":""},"class_list":["post-541","page","type-page","status-publish","hentry"],"_links":{"self":[{"href":"https:\/\/escoladigital.madeira.gov.pt\/eb1peqgrande\/wp-json\/wp\/v2\/pages\/541","targetHints":{"allow":["GET"]}}],"collection":[{"href":"https:\/\/escoladigital.madeira.gov.pt\/eb1peqgrande\/wp-json\/wp\/v2\/pages"}],"about":[{"href":"https:\/\/escoladigital.madeira.gov.pt\/eb1peqgrande\/wp-json\/wp\/v2\/types\/page"}],"author":[{"embeddable":true,"href":"https:\/\/escoladigital.madeira.gov.pt\/eb1peqgrande\/wp-json\/wp\/v2\/users\/34"}],"replies":[{"embeddable":true,"href":"https:\/\/escoladigital.madeira.gov.pt\/eb1peqgrande\/wp-json\/wp\/v2\/comments?post=541"}],"version-history":[{"count":8,"href":"https:\/\/escoladigital.madeira.gov.pt\/eb1peqgrande\/wp-json\/wp\/v2\/pages\/541\/revisions"}],"predecessor-version":[{"id":874,"href":"https:\/\/escoladigital.madeira.gov.pt\/eb1peqgrande\/wp-json\/wp\/v2\/pages\/541\/revisions\/874"}],"wp:attachment":[{"href":"https:\/\/escoladigital.madeira.gov.pt\/eb1peqgrande\/wp-json\/wp\/v2\/media?parent=541"}],"curies":[{"name":"wp","href":"https:\/\/api.w.org\/{rel}","templated":true}]}}