{"id":110,"date":"2025-05-06T17:12:10","date_gmt":"2025-05-06T16:12:10","guid":{"rendered":"https:\/\/escoladigital.madeira.gov.pt\/eb1peralforra\/?page_id=110"},"modified":"2025-05-06T17:13:17","modified_gmt":"2025-05-06T16:13:17","slug":"documentos-orientadores","status":"publish","type":"page","link":"https:\/\/escoladigital.madeira.gov.pt\/eb1peralforra\/documentos-orientadores\/","title":{"rendered":"Documentos Orientadores"},"content":{"rendered":"\t\t<div data-elementor-type=\"wp-page\" data-elementor-id=\"110\" class=\"elementor elementor-110\">\n\t\t\t\t<div class=\"elementor-element elementor-element-ee8f7de e-grid e-con-boxed e-con e-parent\" data-id=\"ee8f7de\" data-element_type=\"container\" data-e-type=\"container\">\n\t\t\t\t\t<div class=\"e-con-inner\">\n\t\t\t\t<div class=\"elementor-element elementor-element-09232d6 elementor-widget elementor-widget-heading\" data-id=\"09232d6\" data-element_type=\"widget\" data-e-type=\"widget\" data-widget_type=\"heading.default\">\n\t\t\t\t<div class=\"elementor-widget-container\">\n\t\t\t\t\t<h2 class=\"elementor-heading-title elementor-size-default\">Documentos Orientadores<\/h2>\t\t\t\t<\/div>\n\t\t\t\t<\/div>\n\t\t\t\t<div class=\"elementor-element elementor-element-72e90b2 elementor-widget elementor-widget-text-editor\" data-id=\"72e90b2\" data-element_type=\"widget\" data-e-type=\"widget\" data-widget_type=\"text-editor.default\">\n\t\t\t\t<div class=\"elementor-widget-container\">\n\t\t\t\t\t\t\t\t\t<p>Os\u00a0documentos\u00a0orientadores\u00a0s\u00e3o documentos\u00a0estruturantes e instrumentos de autonomia que orientam, organizam e planeiam toda a atividade da escola.<\/p>\t\t\t\t\t\t\t\t<\/div>\n\t\t\t\t<\/div>\n\t\t\t\t\t<\/div>\n\t\t\t\t<\/div>\n\t\t<div class=\"elementor-element elementor-element-66a7bb4 e-flex e-con-boxed e-con e-parent\" data-id=\"66a7bb4\" data-element_type=\"container\" data-e-type=\"container\">\n\t\t\t\t\t<div class=\"e-con-inner\">\n\t\t<div class=\"elementor-element elementor-element-d564558 e-con-full e-flex e-con e-child\" data-id=\"d564558\" data-element_type=\"container\" data-e-type=\"container\">\n\t\t\t\t<div class=\"elementor-element elementor-element-2ff9fce elementor-widget elementor-widget-shortcode\" data-id=\"2ff9fce\" data-element_type=\"widget\" data-e-type=\"widget\" data-widget_type=\"shortcode.default\">\n\t\t\t\t<div class=\"elementor-widget-container\">\n\t\t\t\t\t\t\t<div class=\"elementor-shortcode\"><div class=\"shared-files-embed-69ec10817be3f shared-files-main-container\" data-elem-class=\"shared-files-embed-69ec10817be3f\" data-search-type=\"0\" data-post-id=\"110\"><div class=\"shared-files-search\"><ul class=\"shared-files-main-file-list\"><li class=\"shared-files-card-156\"><div class=\"shared-files-main-elements\"><div class=\"shared-files-main-elements-left\" style=\"background-image: url(https:\/\/escoladigital.madeira.gov.pt\/eb1peralforra\/wp-content\/uploads\/sites\/29\/2025\/05\/RI-150x150.jpg);\"><\/div><div class=\"shared-files-main-elements-right\"><a class=\"shared-files-file-title\"  data-file-type=\"\"  data-file-url=\"\/eb1peralforra\/eb1peralforra\/shared-files\/156\/?RI%20completo%2022,%20alterado%20julho%202024%20com%20todas%20adendas.pdf\"  data-external-url=\"\"  data-image-url=\"https:\/\/escoladigital.madeira.gov.pt\/eb1peralforra\/wp-content\/uploads\/sites\/29\/2025\/05\/RI-1024x893.jpg\" href=\"\/eb1peralforra\/eb1peralforra\/shared-files\/156\/?RI%20completo%2022,%20alterado%20julho%202024%20com%20todas%20adendas.pdf\" target=\"_blank\">Regulamento Interno<\/a><span class=\"shared-file-size\">948.75 KB<\/span><a href=\"https:\/\/escoladigital.madeira.gov.pt\/eb1peralforra\/eb1peralforra\/shared-files\/156\/?RI%20completo%2022,%20alterado%20julho%202024%20com%20todas%20adendas.pdf\" target=\"_blank\" class=\"shared-files-preview-button\">Visualiza\u00e7\u00e3o<\/a><span class=\"shared-file-date\">6 de Maio, 2025<\/span><div class=\"shared-files-download-counter\"><span>Downloads: 330<\/span><\/div><div class=\"shared-files-tags-container\"><span>R.I.<\/span><\/div><div class=\"shared-files-download-button-container\"><a href=\"\/eb1peralforra\/eb1peralforra\/shared-files\/156\/?RI%20completo%2022,%20alterado%20julho%202024%20com%20todas%20adendas.pdf&download=1\" class=\"shared-files-download-button\"  download>Download<\/a><\/div><div class=\"shared-files-edit-actions\"><\/div><\/div><\/div><\/li><\/ul><\/div><\/div><\/div>\n\t\t\t\t\t\t<\/div>\n\t\t\t\t<\/div>\n\t\t\t\t<\/div>\n\t\t<div class=\"elementor-element elementor-element-dbbffad e-con-full e-flex e-con e-child\" data-id=\"dbbffad\" data-element_type=\"container\" data-e-type=\"container\">\n\t\t\t\t<div class=\"elementor-element elementor-element-60a517b elementor-widget elementor-widget-shortcode\" data-id=\"60a517b\" data-element_type=\"widget\" data-e-type=\"widget\" data-widget_type=\"shortcode.default\">\n\t\t\t\t<div class=\"elementor-widget-container\">\n\t\t\t\t\t\t\t<div class=\"elementor-shortcode\"><div class=\"shared-files-embed-69ec10817dded shared-files-main-container\" data-elem-class=\"shared-files-embed-69ec10817dded\" data-search-type=\"0\" data-post-id=\"156\"><div class=\"shared-files-search\"><ul class=\"shared-files-main-file-list\"><li class=\"shared-files-card-170\"><div class=\"shared-files-main-elements\"><div class=\"shared-files-main-elements-left\" style=\"background-image: url(https:\/\/escoladigital.madeira.gov.pt\/eb1peralforra\/wp-content\/uploads\/sites\/29\/2025\/05\/PEE-150x150.jpg);\"><\/div><div class=\"shared-files-main-elements-right\"><a class=\"shared-files-file-title\"  data-file-type=\"\"  data-file-url=\"\/eb1peralforra\/eb1peralforra\/shared-files\/170\/?-Projeto%20Educativo%20Escola%20-%202022%20-%202026%20(PDF).pdf\"  data-external-url=\"\"  data-image-url=\"https:\/\/escoladigital.madeira.gov.pt\/eb1peralforra\/wp-content\/uploads\/sites\/29\/2025\/05\/PEE.jpg\" href=\"\/eb1peralforra\/eb1peralforra\/shared-files\/170\/?-Projeto%20Educativo%20Escola%20-%202022%20-%202026%20(PDF).pdf\" target=\"_blank\">Projeto Educativo de Escola<\/a><span class=\"shared-file-size\">778.65 KB<\/span><a href=\"https:\/\/escoladigital.madeira.gov.pt\/eb1peralforra\/eb1peralforra\/shared-files\/170\/?-Projeto%20Educativo%20Escola%20-%202022%20-%202026%20(PDF).pdf\" target=\"_blank\" class=\"shared-files-preview-button\">Visualiza\u00e7\u00e3o<\/a><span class=\"shared-file-date\">6 de Maio, 2025<\/span><div class=\"shared-files-download-counter\"><span>Downloads: 309<\/span><\/div><div class=\"shared-files-tags-container\"><span>PEE<\/span><\/div><div class=\"shared-files-download-button-container\"><a href=\"\/eb1peralforra\/eb1peralforra\/shared-files\/170\/?-Projeto%20Educativo%20Escola%20-%202022%20-%202026%20(PDF).pdf&download=1\" class=\"shared-files-download-button\"  download>Download<\/a><\/div><div class=\"shared-files-edit-actions\"><\/div><\/div><\/div><\/li><\/ul><\/div><\/div><\/div>\n\t\t\t\t\t\t<\/div>\n\t\t\t\t<\/div>\n\t\t\t\t<\/div>\n\t\t<div class=\"elementor-element elementor-element-b6fb8b7 e-con-full e-flex e-con e-child\" data-id=\"b6fb8b7\" data-element_type=\"container\" data-e-type=\"container\">\n\t\t\t\t<div class=\"elementor-element elementor-element-740999f elementor-widget elementor-widget-shortcode\" data-id=\"740999f\" data-element_type=\"widget\" data-e-type=\"widget\" data-widget_type=\"shortcode.default\">\n\t\t\t\t<div class=\"elementor-widget-container\">\n\t\t\t\t\t\t\t<div class=\"elementor-shortcode\"><div class=\"shared-files-embed-69ec1081818b0 shared-files-main-container\" data-elem-class=\"shared-files-embed-69ec1081818b0\" data-search-type=\"0\" data-post-id=\"170\"><div class=\"shared-files-search\"><ul class=\"shared-files-main-file-list\"><li class=\"shared-files-card-178\"><div class=\"shared-files-main-elements\"><div class=\"shared-files-main-elements-left\" style=\"background-image: url(https:\/\/escoladigital.madeira.gov.pt\/eb1peralforra\/wp-content\/uploads\/sites\/29\/2025\/05\/CA-150x150.jpg);\"><\/div><div class=\"shared-files-main-elements-right\"><a class=\"shared-files-file-title\"  data-file-type=\"\"  data-file-url=\"\/eb1peralforra\/eb1peralforra\/shared-files\/178\/?Crit\u00e9rios%20de%20avalia\u00e7\u00e3o%20_completo%20e%20atualizado.pdf\"  data-external-url=\"\"  data-image-url=\"https:\/\/escoladigital.madeira.gov.pt\/eb1peralforra\/wp-content\/uploads\/sites\/29\/2025\/05\/CA-1024x768.jpg\" href=\"\/eb1peralforra\/eb1peralforra\/shared-files\/178\/?Crit\u00e9rios%20de%20avalia\u00e7\u00e3o%20_completo%20e%20atualizado.pdf\" target=\"_blank\">Crit\u00e9rios de Avalia\u00e7\u00e3o<\/a><span class=\"shared-file-size\">1.09 MB<\/span><a href=\"https:\/\/escoladigital.madeira.gov.pt\/eb1peralforra\/eb1peralforra\/shared-files\/178\/?Crit\u00e9rios%20de%20avalia\u00e7\u00e3o%20_completo%20e%20atualizado.pdf\" target=\"_blank\" class=\"shared-files-preview-button\">Visualiza\u00e7\u00e3o<\/a><span class=\"shared-file-date\">6 de Maio, 2025<\/span><div class=\"shared-files-download-counter\"><span>Downloads: 1667<\/span><\/div><div class=\"shared-files-tags-container\"><span>C.A.<\/span><\/div><div class=\"shared-files-download-button-container\"><a href=\"\/eb1peralforra\/eb1peralforra\/shared-files\/178\/?Crit\u00e9rios%20de%20avalia\u00e7\u00e3o%20_completo%20e%20atualizado.pdf&download=1\" class=\"shared-files-download-button\"  download>Download<\/a><\/div><div class=\"shared-files-edit-actions\"><\/div><\/div><\/div><\/li><\/ul><\/div><\/div><\/div>\n\t\t\t\t\t\t<\/div>\n\t\t\t\t<\/div>\n\t\t\t\t<\/div>\n\t\t<div class=\"elementor-element elementor-element-f5c1933 e-con-full e-flex e-con e-child\" data-id=\"f5c1933\" data-element_type=\"container\" data-e-type=\"container\">\n\t\t\t\t<div class=\"elementor-element elementor-element-124646f elementor-widget elementor-widget-shortcode\" data-id=\"124646f\" data-element_type=\"widget\" data-e-type=\"widget\" data-widget_type=\"shortcode.default\">\n\t\t\t\t<div class=\"elementor-widget-container\">\n\t\t\t\t\t\t\t<div class=\"elementor-shortcode\"><div class=\"shared-files-embed-69ec108183e2f shared-files-main-container\" data-elem-class=\"shared-files-embed-69ec108183e2f\" data-search-type=\"0\" data-post-id=\"178\"><div class=\"shared-files-search\"><ul class=\"shared-files-main-file-list\"><li class=\"shared-files-card-107\"><div class=\"shared-files-main-elements\"><div class=\"shared-files-main-elements-left\" style=\"background-image: url(https:\/\/escoladigital.madeira.gov.pt\/eb1peralforra\/wp-content\/uploads\/sites\/29\/2025\/04\/Plano-TIC-150x150.jpg);\"><\/div><div class=\"shared-files-main-elements-right\"><a class=\"shared-files-file-title\"  data-file-type=\"\"  data-file-url=\"\/eb1peralforra\/eb1peralforra\/shared-files\/107\/?PLANO%20TIC%2024%2025%20EB1%20PE%20RIBEIRO%20DE%20ALFORRA.pdf\"  data-external-url=\"\"  data-image-url=\"https:\/\/escoladigital.madeira.gov.pt\/eb1peralforra\/wp-content\/uploads\/sites\/29\/2025\/04\/Plano-TIC-937x1024.jpg\" href=\"\/eb1peralforra\/eb1peralforra\/shared-files\/107\/?PLANO%20TIC%2024%2025%20EB1%20PE%20RIBEIRO%20DE%20ALFORRA.pdf\" target=\"_blank\">Plano Tic<\/a><span class=\"shared-file-size\">662.49 KB<\/span><a href=\"https:\/\/escoladigital.madeira.gov.pt\/eb1peralforra\/eb1peralforra\/shared-files\/107\/?PLANO%20TIC%2024%2025%20EB1%20PE%20RIBEIRO%20DE%20ALFORRA.pdf\" target=\"_blank\" class=\"shared-files-preview-button\">Visualiza\u00e7\u00e3o<\/a><span class=\"shared-file-date\">30 de Abril, 2025<\/span><div class=\"shared-files-download-counter\"><span>Downloads: 185<\/span><\/div><div class=\"shared-files-download-button-container\"><a href=\"\/eb1peralforra\/eb1peralforra\/shared-files\/107\/?PLANO%20TIC%2024%2025%20EB1%20PE%20RIBEIRO%20DE%20ALFORRA.pdf&download=1\" class=\"shared-files-download-button\"  download>Download<\/a><\/div><div class=\"shared-files-edit-actions\"><\/div><\/div><\/div><\/li><\/ul><\/div><\/div><\/div>\n\t\t\t\t\t\t<\/div>\n\t\t\t\t<\/div>\n\t\t\t\t<\/div>\n\t\t<div class=\"elementor-element elementor-element-10b5c4a e-con-full e-flex e-con e-child\" data-id=\"10b5c4a\" data-element_type=\"container\" data-e-type=\"container\">\n\t\t\t\t<div class=\"elementor-element elementor-element-459e12f elementor-widget elementor-widget-image\" data-id=\"459e12f\" data-element_type=\"widget\" data-e-type=\"widget\" data-widget_type=\"image.default\">\n\t\t\t\t<div class=\"elementor-widget-container\">\n\t\t\t\t\t\t\t\t\t\t\t\t\t\t\t\t<a href=\"https:\/\/escoladigital.madeira.gov.pt\/eb1peralforra\/?page_id=110&#038;preview_id=110&#038;preview_nonce=ea3cba3bfe&#038;preview=true\" target=\"_blank\">\n\t\t\t\t\t\t\t<img fetchpriority=\"high\" decoding=\"async\" width=\"1024\" height=\"267\" src=\"https:\/\/escoladigital.madeira.gov.pt\/eb1peralforra\/wp-content\/uploads\/sites\/29\/2025\/05\/Perfil-dos-Alunos-1024x267.jpg\" class=\"attachment-large size-large wp-image-187\" alt=\"\" srcset=\"https:\/\/escoladigital.madeira.gov.pt\/eb1peralforra\/wp-content\/uploads\/sites\/29\/2025\/05\/Perfil-dos-Alunos-1024x267.jpg 1024w, https:\/\/escoladigital.madeira.gov.pt\/eb1peralforra\/wp-content\/uploads\/sites\/29\/2025\/05\/Perfil-dos-Alunos-300x78.jpg 300w, https:\/\/escoladigital.madeira.gov.pt\/eb1peralforra\/wp-content\/uploads\/sites\/29\/2025\/05\/Perfil-dos-Alunos-768x200.jpg 768w, https:\/\/escoladigital.madeira.gov.pt\/eb1peralforra\/wp-content\/uploads\/sites\/29\/2025\/05\/Perfil-dos-Alunos-1536x400.jpg 1536w, https:\/\/escoladigital.madeira.gov.pt\/eb1peralforra\/wp-content\/uploads\/sites\/29\/2025\/05\/Perfil-dos-Alunos.jpg 1544w\" sizes=\"(max-width: 1024px) 100vw, 1024px\" \/>\t\t\t\t\t\t\t\t<\/a>\n\t\t\t\t\t\t\t\t\t\t\t\t\t\t\t<\/div>\n\t\t\t\t<\/div>\n\t\t\t\t<\/div>\n\t\t<div class=\"elementor-element elementor-element-926dbee e-con-full e-flex e-con e-child\" data-id=\"926dbee\" data-element_type=\"container\" data-e-type=\"container\">\n\t\t\t\t<div class=\"elementor-element elementor-element-679dd77 elementor-widget elementor-widget-image\" data-id=\"679dd77\" data-element_type=\"widget\" data-e-type=\"widget\" data-widget_type=\"image.default\">\n\t\t\t\t<div class=\"elementor-widget-container\">\n\t\t\t\t\t\t\t\t\t\t\t\t\t\t\t\t<a href=\"https:\/\/www.dge.mec.pt\/aprendizagens-essenciais-ensino-basico\" target=\"_blank\">\n\t\t\t\t\t\t\t<img decoding=\"async\" width=\"1024\" height=\"220\" src=\"https:\/\/escoladigital.madeira.gov.pt\/eb1peralforra\/wp-content\/uploads\/sites\/29\/2025\/05\/Aprendizagens-Essenciais-1024x220.jpg\" class=\"attachment-large size-large wp-image-197\" alt=\"\" srcset=\"https:\/\/escoladigital.madeira.gov.pt\/eb1peralforra\/wp-content\/uploads\/sites\/29\/2025\/05\/Aprendizagens-Essenciais-1024x220.jpg 1024w, https:\/\/escoladigital.madeira.gov.pt\/eb1peralforra\/wp-content\/uploads\/sites\/29\/2025\/05\/Aprendizagens-Essenciais-300x64.jpg 300w, https:\/\/escoladigital.madeira.gov.pt\/eb1peralforra\/wp-content\/uploads\/sites\/29\/2025\/05\/Aprendizagens-Essenciais-768x165.jpg 768w, https:\/\/escoladigital.madeira.gov.pt\/eb1peralforra\/wp-content\/uploads\/sites\/29\/2025\/05\/Aprendizagens-Essenciais.jpg 1233w\" sizes=\"(max-width: 1024px) 100vw, 1024px\" \/>\t\t\t\t\t\t\t\t<\/a>\n\t\t\t\t\t\t\t\t\t\t\t\t\t\t\t<\/div>\n\t\t\t\t<\/div>\n\t\t\t\t<\/div>\n\t\t\t\t\t<\/div>\n\t\t\t\t<\/div>\n\t\t\t\t<\/div>\n\t\t","protected":false},"excerpt":{"rendered":"<p>Documentos Orientadores Os\u00a0documentos\u00a0orientadores\u00a0s\u00e3o documentos\u00a0estruturantes e instrumentos de autonomia que orientam, organizam e planeiam toda a atividade da escola.<\/p>\n","protected":false},"author":39,"featured_media":0,"parent":0,"menu_order":0,"comment_status":"closed","ping_status":"closed","template":"","meta":{"site-sidebar-layout":"no-sidebar","site-content-layout":"","ast-site-content-layout":"full-width-container","site-content-style":"default","site-sidebar-style":"default","ast-global-header-display":"","ast-banner-title-visibility":"","ast-main-header-display":"","ast-hfb-above-header-display":"","ast-hfb-below-header-display":"","ast-hfb-mobile-header-display":"","site-post-title":"disabled","ast-breadcrumbs-content":"","ast-featured-img":"disabled","footer-sml-layout":"","ast-disable-related-posts":"","theme-transparent-header-meta":"","adv-header-id-meta":"","stick-header-meta":"","header-above-stick-meta":"","header-main-stick-meta":"","header-below-stick-meta":"","astra-migrate-meta-layouts":"default","ast-page-background-enabled":"default","ast-page-background-meta":{"desktop":{"background-color":"var(--ast-global-color-5)","background-image":"","background-repeat":"repeat","background-position":"center center","background-size":"auto","background-attachment":"scroll","background-type":"","background-media":"","overlay-type":"","overlay-color":"","overlay-opacity":"","overlay-gradient":""},"tablet":{"background-color":"","background-image":"","background-repeat":"repeat","background-position":"center center","background-size":"auto","background-attachment":"scroll","background-type":"","background-media":"","overlay-type":"","overlay-color":"","overlay-opacity":"","overlay-gradient":""},"mobile":{"background-color":"","background-image":"","background-repeat":"repeat","background-position":"center center","background-size":"auto","background-attachment":"scroll","background-type":"","background-media":"","overlay-type":"","overlay-color":"","overlay-opacity":"","overlay-gradient":""}},"ast-content-background-meta":{"desktop":{"background-color":"var(--ast-global-color-4)","background-image":"","background-repeat":"repeat","background-position":"center center","background-size":"auto","background-attachment":"scroll","background-type":"","background-media":"","overlay-type":"","overlay-color":"","overlay-opacity":"","overlay-gradient":""},"tablet":{"background-color":"var(--ast-global-color-4)","background-image":"","background-repeat":"repeat","background-position":"center center","background-size":"auto","background-attachment":"scroll","background-type":"","background-media":"","overlay-type":"","overlay-color":"","overlay-opacity":"","overlay-gradient":""},"mobile":{"background-color":"var(--ast-global-color-4)","background-image":"","background-repeat":"repeat","background-position":"center center","background-size":"auto","background-attachment":"scroll","background-type":"","background-media":"","overlay-type":"","overlay-color":"","overlay-opacity":"","overlay-gradient":""}},"_themeisle_gutenberg_block_has_review":false,"footnotes":""},"class_list":["post-110","page","type-page","status-publish","hentry"],"_links":{"self":[{"href":"https:\/\/escoladigital.madeira.gov.pt\/eb1peralforra\/wp-json\/wp\/v2\/pages\/110","targetHints":{"allow":["GET"]}}],"collection":[{"href":"https:\/\/escoladigital.madeira.gov.pt\/eb1peralforra\/wp-json\/wp\/v2\/pages"}],"about":[{"href":"https:\/\/escoladigital.madeira.gov.pt\/eb1peralforra\/wp-json\/wp\/v2\/types\/page"}],"author":[{"embeddable":true,"href":"https:\/\/escoladigital.madeira.gov.pt\/eb1peralforra\/wp-json\/wp\/v2\/users\/39"}],"replies":[{"embeddable":true,"href":"https:\/\/escoladigital.madeira.gov.pt\/eb1peralforra\/wp-json\/wp\/v2\/comments?post=110"}],"version-history":[{"count":43,"href":"https:\/\/escoladigital.madeira.gov.pt\/eb1peralforra\/wp-json\/wp\/v2\/pages\/110\/revisions"}],"predecessor-version":[{"id":203,"href":"https:\/\/escoladigital.madeira.gov.pt\/eb1peralforra\/wp-json\/wp\/v2\/pages\/110\/revisions\/203"}],"wp:attachment":[{"href":"https:\/\/escoladigital.madeira.gov.pt\/eb1peralforra\/wp-json\/wp\/v2\/media?parent=110"}],"curies":[{"name":"wp","href":"https:\/\/api.w.org\/{rel}","templated":true}]}}