{"id":126,"date":"2025-05-06T11:43:09","date_gmt":"2025-05-06T10:43:09","guid":{"rendered":"https:\/\/escoladigital.madeira.gov.pt\/eb1peralforra\/?page_id=126"},"modified":"2026-02-26T13:06:35","modified_gmt":"2026-02-26T13:06:35","slug":"paginia-inicial","status":"publish","type":"page","link":"https:\/\/escoladigital.madeira.gov.pt\/eb1peralforra\/","title":{"rendered":"P\u00e1ginia Inicial"},"content":{"rendered":"\t\t<div data-elementor-type=\"wp-page\" data-elementor-id=\"126\" class=\"elementor elementor-126\">\n\t\t\t\t<div class=\"elementor-element elementor-element-272cb26 e-flex e-con-boxed e-con e-parent\" data-id=\"272cb26\" data-element_type=\"container\" data-e-type=\"container\">\n\t\t\t\t\t<div class=\"e-con-inner\">\n\t\t<div class=\"elementor-element elementor-element-90d806f e-con-full e-flex e-con e-child\" data-id=\"90d806f\" data-element_type=\"container\" data-e-type=\"container\">\n\t\t\t\t<div class=\"elementor-element elementor-element-0fa1582 elementor-widget elementor-widget-image\" data-id=\"0fa1582\" data-element_type=\"widget\" data-e-type=\"widget\" data-widget_type=\"image.default\">\n\t\t\t\t<div class=\"elementor-widget-container\">\n\t\t\t\t\t\t\t\t\t\t\t\t\t\t\t<img fetchpriority=\"high\" decoding=\"async\" width=\"1024\" height=\"768\" src=\"https:\/\/escoladigital.madeira.gov.pt\/eb1peralforra\/wp-content\/uploads\/sites\/29\/2025\/04\/IMG20250115083459-1024x768.jpg\" class=\"attachment-large size-large wp-image-75\" alt=\"\" srcset=\"https:\/\/escoladigital.madeira.gov.pt\/eb1peralforra\/wp-content\/uploads\/sites\/29\/2025\/04\/IMG20250115083459-1024x768.jpg 1024w, https:\/\/escoladigital.madeira.gov.pt\/eb1peralforra\/wp-content\/uploads\/sites\/29\/2025\/04\/IMG20250115083459-300x225.jpg 300w, https:\/\/escoladigital.madeira.gov.pt\/eb1peralforra\/wp-content\/uploads\/sites\/29\/2025\/04\/IMG20250115083459-768x576.jpg 768w, https:\/\/escoladigital.madeira.gov.pt\/eb1peralforra\/wp-content\/uploads\/sites\/29\/2025\/04\/IMG20250115083459-1536x1152.jpg 1536w, https:\/\/escoladigital.madeira.gov.pt\/eb1peralforra\/wp-content\/uploads\/sites\/29\/2025\/04\/IMG20250115083459-2048x1536.jpg 2048w\" sizes=\"(max-width: 1024px) 100vw, 1024px\" \/>\t\t\t\t\t\t\t\t\t\t\t\t\t\t\t<\/div>\n\t\t\t\t<\/div>\n\t\t\t\t<div class=\"elementor-element elementor-element-1ae50dd elementor-widget elementor-widget-heading\" data-id=\"1ae50dd\" data-element_type=\"widget\" data-e-type=\"widget\" data-widget_type=\"heading.default\">\n\t\t\t\t<div class=\"elementor-widget-container\">\n\t\t\t\t\t<h2 class=\"elementor-heading-title elementor-size-default\">EB1\/PE Ribeiro de Alforra<\/h2>\t\t\t\t<\/div>\n\t\t\t\t<\/div>\n\t\t\t\t<\/div>\n\t\t<div class=\"elementor-element elementor-element-a5d4cc2 e-con-full e-flex e-con e-child\" data-id=\"a5d4cc2\" data-element_type=\"container\" data-e-type=\"container\">\n\t\t\t\t<div class=\"elementor-element elementor-element-709ea11 elementor-widget elementor-widget-heading\" data-id=\"709ea11\" data-element_type=\"widget\" data-e-type=\"widget\" data-widget_type=\"heading.default\">\n\t\t\t\t<div class=\"elementor-widget-container\">\n\t\t\t\t\t<h4 class=\"elementor-heading-title elementor-size-default\"><p>A<span style=\"font-style: inherit;font-weight: inherit\"> Escola do Ribeiro de Alforra \u00e9 uma escola p\u00fablica da <\/span><span style=\"font-style: inherit;font-weight: inherit\">R.A.M. do 1\u00ba Ciclo do Ensino B\u00e1sico com Pr\u00e9-escolar, pertencente ao Munic\u00edpio <\/span><span style=\"font-style: inherit;font-weight: inherit\">de C\u00e2mara de Lobos, situada na rua Jo\u00e3o Ricardo Ferreira C\u00e9sar, n\u00ba 9, 9300-076.<\/span><\/p><br><p><span style=\"font-style: inherit;font-weight: inherit\">O edif\u00edcio escolar que deu origem a este estabelecimento de <\/span><span style=\"font-style: inherit;font-weight: inherit\">ensino, foi constru\u00eddo junto \u00e0 Igreja da Par\u00f3quia do Carmo, deste mesmo <\/span><span style=\"font-style: inherit;font-weight: inherit\">Concelho, com a denomina\u00e7\u00e3o de Escola Fonte Garcia e Ribeiro de Alforra.<\/span><\/p><br><p><span style=\"font-style: inherit;font-weight: inherit\">Posteriormente constru\u00edram o estabelecimento de ensino, onde atualmente est\u00e1\u00b7<\/span><span style=\"font-style: inherit;font-weight: inherit\">localizado, identificando-o como Escola Ribeiro de Alforra.<\/span><\/p>\n\n\n\n<\/h4>\t\t\t\t<\/div>\n\t\t\t\t<\/div>\n\t\t\t\t<\/div>\n\t\t\t\t\t<\/div>\n\t\t\t\t<\/div>\n\t\t<div class=\"elementor-element elementor-element-02815a1 e-grid e-con-boxed e-con e-parent\" data-id=\"02815a1\" data-element_type=\"container\" data-e-type=\"container\">\n\t\t\t\t\t<div class=\"e-con-inner\">\n\t\t\t\t<div class=\"elementor-element elementor-element-24505cc elementor-widget elementor-widget-image\" data-id=\"24505cc\" data-element_type=\"widget\" data-e-type=\"widget\" data-widget_type=\"image.default\">\n\t\t\t\t<div class=\"elementor-widget-container\">\n\t\t\t\t\t\t\t\t\t\t\t\t<figure class=\"wp-caption\">\n\t\t\t\t\t\t\t\t\t\t\t<a href=\"https:\/\/escoladigital.madeira.gov.pt\/eb1peralforra\/wp-content\/uploads\/sites\/29\/2025\/05\/5.jpg\">\n\t\t\t\t\t\t\t<img decoding=\"async\" width=\"1024\" height=\"538\" src=\"https:\/\/escoladigital.madeira.gov.pt\/eb1peralforra\/wp-content\/uploads\/sites\/29\/2026\/02\/Diretor-Jose-Teixeira-Substituto-Legal-Nuno-Borges-1024x538.png\" class=\"attachment-large size-large wp-image-498\" alt=\"\" srcset=\"https:\/\/escoladigital.madeira.gov.pt\/eb1peralforra\/wp-content\/uploads\/sites\/29\/2026\/02\/Diretor-Jose-Teixeira-Substituto-Legal-Nuno-Borges-1024x538.png 1024w, https:\/\/escoladigital.madeira.gov.pt\/eb1peralforra\/wp-content\/uploads\/sites\/29\/2026\/02\/Diretor-Jose-Teixeira-Substituto-Legal-Nuno-Borges-300x158.png 300w, https:\/\/escoladigital.madeira.gov.pt\/eb1peralforra\/wp-content\/uploads\/sites\/29\/2026\/02\/Diretor-Jose-Teixeira-Substituto-Legal-Nuno-Borges-768x403.png 768w, https:\/\/escoladigital.madeira.gov.pt\/eb1peralforra\/wp-content\/uploads\/sites\/29\/2026\/02\/Diretor-Jose-Teixeira-Substituto-Legal-Nuno-Borges.png 1200w\" sizes=\"(max-width: 1024px) 100vw, 1024px\" \/>\t\t\t\t\t\t\t\t<\/a>\n\t\t\t\t\t\t\t\t\t\t\t<figcaption class=\"widget-image-caption wp-caption-text\">Org\u00e3o de Gest\u00e3o<\/figcaption>\n\t\t\t\t\t\t\t\t\t\t<\/figure>\n\t\t\t\t\t\t\t\t\t<\/div>\n\t\t\t\t<\/div>\n\t\t\t\t<div class=\"elementor-element elementor-element-7d0425e elementor-widget elementor-widget-image\" data-id=\"7d0425e\" data-element_type=\"widget\" data-e-type=\"widget\" data-widget_type=\"image.default\">\n\t\t\t\t<div class=\"elementor-widget-container\">\n\t\t\t\t\t\t\t\t\t\t\t\t<figure class=\"wp-caption\">\n\t\t\t\t\t\t\t\t\t\t\t<a href=\"https:\/\/escoladigital.madeira.gov.pt\/eb1peralforra\/wp-content\/uploads\/sites\/29\/2025\/05\/6.jpg\">\n\t\t\t\t\t\t\t<img decoding=\"async\" width=\"1024\" height=\"576\" src=\"https:\/\/escoladigital.madeira.gov.pt\/eb1peralforra\/wp-content\/uploads\/sites\/29\/2025\/05\/6-1024x576.jpg\" class=\"attachment-large size-large wp-image-149\" alt=\"\" srcset=\"https:\/\/escoladigital.madeira.gov.pt\/eb1peralforra\/wp-content\/uploads\/sites\/29\/2025\/05\/6-1024x576.jpg 1024w, https:\/\/escoladigital.madeira.gov.pt\/eb1peralforra\/wp-content\/uploads\/sites\/29\/2025\/05\/6-300x169.jpg 300w, https:\/\/escoladigital.madeira.gov.pt\/eb1peralforra\/wp-content\/uploads\/sites\/29\/2025\/05\/6-768x432.jpg 768w, https:\/\/escoladigital.madeira.gov.pt\/eb1peralforra\/wp-content\/uploads\/sites\/29\/2025\/05\/6-1536x864.jpg 1536w, https:\/\/escoladigital.madeira.gov.pt\/eb1peralforra\/wp-content\/uploads\/sites\/29\/2025\/05\/6.jpg 1920w\" sizes=\"(max-width: 1024px) 100vw, 1024px\" \/>\t\t\t\t\t\t\t\t<\/a>\n\t\t\t\t\t\t\t\t\t\t\t<figcaption class=\"widget-image-caption wp-caption-text\">Hor\u00e1rio de Atendimento<\/figcaption>\n\t\t\t\t\t\t\t\t\t\t<\/figure>\n\t\t\t\t\t\t\t\t\t<\/div>\n\t\t\t\t<\/div>\n\t\t\t\t<div class=\"elementor-element elementor-element-44efaea elementor-widget elementor-widget-image\" data-id=\"44efaea\" data-element_type=\"widget\" data-e-type=\"widget\" data-widget_type=\"image.default\">\n\t\t\t\t<div class=\"elementor-widget-container\">\n\t\t\t\t\t\t\t\t\t\t\t\t<figure class=\"wp-caption\">\n\t\t\t\t\t\t\t\t\t\t\t<a href=\"https:\/\/escoladigital.madeira.gov.pt\/eb1peralforra\/wp-content\/uploads\/sites\/29\/2025\/04\/Lista-Livros-e-Material.pdf\" target=\"_blank\">\n\t\t\t\t\t\t\t<img loading=\"lazy\" decoding=\"async\" width=\"1024\" height=\"576\" src=\"https:\/\/escoladigital.madeira.gov.pt\/eb1peralforra\/wp-content\/uploads\/sites\/29\/2025\/04\/Lista-de-livros-1024x576.jpg\" class=\"attachment-large size-large wp-image-82\" alt=\"\" srcset=\"https:\/\/escoladigital.madeira.gov.pt\/eb1peralforra\/wp-content\/uploads\/sites\/29\/2025\/04\/Lista-de-livros-1024x576.jpg 1024w, https:\/\/escoladigital.madeira.gov.pt\/eb1peralforra\/wp-content\/uploads\/sites\/29\/2025\/04\/Lista-de-livros-300x169.jpg 300w, https:\/\/escoladigital.madeira.gov.pt\/eb1peralforra\/wp-content\/uploads\/sites\/29\/2025\/04\/Lista-de-livros-768x432.jpg 768w, https:\/\/escoladigital.madeira.gov.pt\/eb1peralforra\/wp-content\/uploads\/sites\/29\/2025\/04\/Lista-de-livros-1536x864.jpg 1536w, https:\/\/escoladigital.madeira.gov.pt\/eb1peralforra\/wp-content\/uploads\/sites\/29\/2025\/04\/Lista-de-livros.jpg 1920w\" sizes=\"(max-width: 1024px) 100vw, 1024px\" \/>\t\t\t\t\t\t\t\t<\/a>\n\t\t\t\t\t\t\t\t\t\t\t<figcaption class=\"widget-image-caption wp-caption-text\">Livros Adotados\/Lista de Material<\/figcaption>\n\t\t\t\t\t\t\t\t\t\t<\/figure>\n\t\t\t\t\t\t\t\t\t<\/div>\n\t\t\t\t<\/div>\n\t\t\t\t<div class=\"elementor-element elementor-element-c89f9f2 elementor-widget elementor-widget-image\" data-id=\"c89f9f2\" data-element_type=\"widget\" data-e-type=\"widget\" data-widget_type=\"image.default\">\n\t\t\t\t<div class=\"elementor-widget-container\">\n\t\t\t\t\t\t\t\t\t\t\t\t<figure class=\"wp-caption\">\n\t\t\t\t\t\t\t\t\t\t\t<a href=\"https:\/\/escoladigital.madeira.gov.pt\/eb1peralforra\/wp-content\/uploads\/sites\/29\/2025\/04\/ESCOLAS-PRIMARIAS-Ementas-PDF.pdf\" target=\"_blank\">\n\t\t\t\t\t\t\t<img loading=\"lazy\" decoding=\"async\" width=\"1024\" height=\"576\" src=\"https:\/\/escoladigital.madeira.gov.pt\/eb1peralforra\/wp-content\/uploads\/sites\/29\/2025\/04\/Ementa-1024x576.jpg\" class=\"attachment-large size-large wp-image-95\" alt=\"\" srcset=\"https:\/\/escoladigital.madeira.gov.pt\/eb1peralforra\/wp-content\/uploads\/sites\/29\/2025\/04\/Ementa-1024x576.jpg 1024w, https:\/\/escoladigital.madeira.gov.pt\/eb1peralforra\/wp-content\/uploads\/sites\/29\/2025\/04\/Ementa-300x169.jpg 300w, https:\/\/escoladigital.madeira.gov.pt\/eb1peralforra\/wp-content\/uploads\/sites\/29\/2025\/04\/Ementa-768x432.jpg 768w, https:\/\/escoladigital.madeira.gov.pt\/eb1peralforra\/wp-content\/uploads\/sites\/29\/2025\/04\/Ementa-1536x864.jpg 1536w, https:\/\/escoladigital.madeira.gov.pt\/eb1peralforra\/wp-content\/uploads\/sites\/29\/2025\/04\/Ementa.jpg 1920w\" sizes=\"(max-width: 1024px) 100vw, 1024px\" \/>\t\t\t\t\t\t\t\t<\/a>\n\t\t\t\t\t\t\t\t\t\t\t<figcaption class=\"widget-image-caption wp-caption-text\">Ementa<\/figcaption>\n\t\t\t\t\t\t\t\t\t\t<\/figure>\n\t\t\t\t\t\t\t\t\t<\/div>\n\t\t\t\t<\/div>\n\t\t\t\t\t<\/div>\n\t\t\t\t<\/div>\n\t\t\t\t<\/div>\n\t\t","protected":false},"excerpt":{"rendered":"<p>EB1\/PE Ribeiro de Alforra A Escola do Ribeiro de Alforra \u00e9 uma escola p\u00fablica da R.A.M. do 1\u00ba Ciclo do [&hellip;]<\/p>\n","protected":false},"author":39,"featured_media":0,"parent":0,"menu_order":0,"comment_status":"closed","ping_status":"closed","template":"","meta":{"site-sidebar-layout":"no-sidebar","site-content-layout":"","ast-site-content-layout":"full-width-container","site-content-style":"default","site-sidebar-style":"default","ast-global-header-display":"","ast-banner-title-visibility":"","ast-main-header-display":"","ast-hfb-above-header-display":"","ast-hfb-below-header-display":"","ast-hfb-mobile-header-display":"","site-post-title":"disabled","ast-breadcrumbs-content":"","ast-featured-img":"disabled","footer-sml-layout":"","ast-disable-related-posts":"","theme-transparent-header-meta":"","adv-header-id-meta":"","stick-header-meta":"","header-above-stick-meta":"","header-main-stick-meta":"","header-below-stick-meta":"","astra-migrate-meta-layouts":"default","ast-page-background-enabled":"default","ast-page-background-meta":{"desktop":{"background-color":"var(--ast-global-color-5)","background-image":"","background-repeat":"repeat","background-position":"center center","background-size":"auto","background-attachment":"scroll","background-type":"","background-media":"","overlay-type":"","overlay-color":"","overlay-opacity":"","overlay-gradient":""},"tablet":{"background-color":"","background-image":"","background-repeat":"repeat","background-position":"center center","background-size":"auto","background-attachment":"scroll","background-type":"","background-media":"","overlay-type":"","overlay-color":"","overlay-opacity":"","overlay-gradient":""},"mobile":{"background-color":"","background-image":"","background-repeat":"repeat","background-position":"center center","background-size":"auto","background-attachment":"scroll","background-type":"","background-media":"","overlay-type":"","overlay-color":"","overlay-opacity":"","overlay-gradient":""}},"ast-content-background-meta":{"desktop":{"background-color":"var(--ast-global-color-4)","background-image":"","background-repeat":"repeat","background-position":"center center","background-size":"auto","background-attachment":"scroll","background-type":"","background-media":"","overlay-type":"","overlay-color":"","overlay-opacity":"","overlay-gradient":""},"tablet":{"background-color":"var(--ast-global-color-4)","background-image":"","background-repeat":"repeat","background-position":"center center","background-size":"auto","background-attachment":"scroll","background-type":"","background-media":"","overlay-type":"","overlay-color":"","overlay-opacity":"","overlay-gradient":""},"mobile":{"background-color":"var(--ast-global-color-4)","background-image":"","background-repeat":"repeat","background-position":"center center","background-size":"auto","background-attachment":"scroll","background-type":"","background-media":"","overlay-type":"","overlay-color":"","overlay-opacity":"","overlay-gradient":""}},"_themeisle_gutenberg_block_has_review":false,"footnotes":""},"class_list":["post-126","page","type-page","status-publish","hentry"],"_links":{"self":[{"href":"https:\/\/escoladigital.madeira.gov.pt\/eb1peralforra\/wp-json\/wp\/v2\/pages\/126","targetHints":{"allow":["GET"]}}],"collection":[{"href":"https:\/\/escoladigital.madeira.gov.pt\/eb1peralforra\/wp-json\/wp\/v2\/pages"}],"about":[{"href":"https:\/\/escoladigital.madeira.gov.pt\/eb1peralforra\/wp-json\/wp\/v2\/types\/page"}],"author":[{"embeddable":true,"href":"https:\/\/escoladigital.madeira.gov.pt\/eb1peralforra\/wp-json\/wp\/v2\/users\/39"}],"replies":[{"embeddable":true,"href":"https:\/\/escoladigital.madeira.gov.pt\/eb1peralforra\/wp-json\/wp\/v2\/comments?post=126"}],"version-history":[{"count":31,"href":"https:\/\/escoladigital.madeira.gov.pt\/eb1peralforra\/wp-json\/wp\/v2\/pages\/126\/revisions"}],"predecessor-version":[{"id":501,"href":"https:\/\/escoladigital.madeira.gov.pt\/eb1peralforra\/wp-json\/wp\/v2\/pages\/126\/revisions\/501"}],"wp:attachment":[{"href":"https:\/\/escoladigital.madeira.gov.pt\/eb1peralforra\/wp-json\/wp\/v2\/media?parent=126"}],"curies":[{"name":"wp","href":"https:\/\/api.w.org\/{rel}","templated":true}]}}