{"id":310,"date":"2025-05-14T10:58:38","date_gmt":"2025-05-14T09:58:38","guid":{"rendered":"https:\/\/escoladigital.madeira.gov.pt\/eb1peralforra\/?page_id=310"},"modified":"2025-05-27T08:11:09","modified_gmt":"2025-05-27T07:11:09","slug":"projetos","status":"publish","type":"page","link":"https:\/\/escoladigital.madeira.gov.pt\/eb1peralforra\/projetos\/","title":{"rendered":"Projetos"},"content":{"rendered":"\n<p>Os projetos escolares oferecem in\u00fameros benef\u00edcios para os alunos, tanto no desenvolvimento acad\u00e9mico quanto pessoal.<\/p>\n\n\n\n<ul class=\"wp-block-list\">\n<li>Os alunos participam de forma mais envolvente na aprendizagem, aplicando conceitos na pr\u00e1tica e aprofundando o conhecimento.<\/li>\n\n\n\n<li>Ajudam a aperfei\u00e7oar, habilidades como pesquisa, comunica\u00e7\u00e3o, resolu\u00e7\u00e3o de problemas e pensamento cr\u00edtico.<\/li>\n\n\n\n<li>Exige colabora\u00e7\u00e3o, permitindo que os alunos aprendam a trabalhar em grupo, respeitar opini\u00f5es e dividir responsabilidades.<\/li>\n\n\n\n<li>Programar e executar um projeto ensina na organiza\u00e7\u00e3o e disciplina.<\/li>\n\n\n\n<li>Resolver desafios e propor solu\u00e7\u00f5es estimula a criatividade e o pensamento inovador.<\/li>\n\n\n\n<li>As compet\u00eancias adquiridas em projetos s\u00e3o essenciais para o mundo acad\u00e9mico e profissional, tornando os alunos mais preparados para desafios futuros.<\/li>\n<\/ul>\n\n\n\n<p><\/p>\n","protected":false},"excerpt":{"rendered":"<p>Os projetos escolares oferecem in\u00fameros benef\u00edcios para os alunos, tanto no desenvolvimento acad\u00e9mico quanto pessoal.<\/p>\n","protected":false},"author":39,"featured_media":0,"parent":0,"menu_order":0,"comment_status":"closed","ping_status":"closed","template":"","meta":{"site-sidebar-layout":"default","site-content-layout":"","ast-site-content-layout":"default","site-content-style":"default","site-sidebar-style":"default","ast-global-header-display":"","ast-banner-title-visibility":"","ast-main-header-display":"","ast-hfb-above-header-display":"","ast-hfb-below-header-display":"","ast-hfb-mobile-header-display":"","site-post-title":"","ast-breadcrumbs-content":"","ast-featured-img":"","footer-sml-layout":"","ast-disable-related-posts":"","theme-transparent-header-meta":"","adv-header-id-meta":"","stick-header-meta":"","header-above-stick-meta":"","header-main-stick-meta":"","header-below-stick-meta":"","astra-migrate-meta-layouts":"default","ast-page-background-enabled":"default","ast-page-background-meta":{"desktop":{"background-color":"var(--ast-global-color-5)","background-image":"","background-repeat":"repeat","background-position":"center center","background-size":"auto","background-attachment":"scroll","background-type":"","background-media":"","overlay-type":"","overlay-color":"","overlay-opacity":"","overlay-gradient":""},"tablet":{"background-color":"","background-image":"","background-repeat":"repeat","background-position":"center center","background-size":"auto","background-attachment":"scroll","background-type":"","background-media":"","overlay-type":"","overlay-color":"","overlay-opacity":"","overlay-gradient":""},"mobile":{"background-color":"","background-image":"","background-repeat":"repeat","background-position":"center center","background-size":"auto","background-attachment":"scroll","background-type":"","background-media":"","overlay-type":"","overlay-color":"","overlay-opacity":"","overlay-gradient":""}},"ast-content-background-meta":{"desktop":{"background-color":"var(--ast-global-color-4)","background-image":"","background-repeat":"repeat","background-position":"center center","background-size":"auto","background-attachment":"scroll","background-type":"","background-media":"","overlay-type":"","overlay-color":"","overlay-opacity":"","overlay-gradient":""},"tablet":{"background-color":"var(--ast-global-color-4)","background-image":"","background-repeat":"repeat","background-position":"center center","background-size":"auto","background-attachment":"scroll","background-type":"","background-media":"","overlay-type":"","overlay-color":"","overlay-opacity":"","overlay-gradient":""},"mobile":{"background-color":"var(--ast-global-color-4)","background-image":"","background-repeat":"repeat","background-position":"center center","background-size":"auto","background-attachment":"scroll","background-type":"","background-media":"","overlay-type":"","overlay-color":"","overlay-opacity":"","overlay-gradient":""}},"_themeisle_gutenberg_block_has_review":false,"footnotes":""},"class_list":["post-310","page","type-page","status-publish","hentry"],"_links":{"self":[{"href":"https:\/\/escoladigital.madeira.gov.pt\/eb1peralforra\/wp-json\/wp\/v2\/pages\/310","targetHints":{"allow":["GET"]}}],"collection":[{"href":"https:\/\/escoladigital.madeira.gov.pt\/eb1peralforra\/wp-json\/wp\/v2\/pages"}],"about":[{"href":"https:\/\/escoladigital.madeira.gov.pt\/eb1peralforra\/wp-json\/wp\/v2\/types\/page"}],"author":[{"embeddable":true,"href":"https:\/\/escoladigital.madeira.gov.pt\/eb1peralforra\/wp-json\/wp\/v2\/users\/39"}],"replies":[{"embeddable":true,"href":"https:\/\/escoladigital.madeira.gov.pt\/eb1peralforra\/wp-json\/wp\/v2\/comments?post=310"}],"version-history":[{"count":2,"href":"https:\/\/escoladigital.madeira.gov.pt\/eb1peralforra\/wp-json\/wp\/v2\/pages\/310\/revisions"}],"predecessor-version":[{"id":451,"href":"https:\/\/escoladigital.madeira.gov.pt\/eb1peralforra\/wp-json\/wp\/v2\/pages\/310\/revisions\/451"}],"wp:attachment":[{"href":"https:\/\/escoladigital.madeira.gov.pt\/eb1peralforra\/wp-json\/wp\/v2\/media?parent=310"}],"curies":[{"name":"wp","href":"https:\/\/api.w.org\/{rel}","templated":true}]}}