{"id":387,"date":"2025-02-25T20:43:31","date_gmt":"2025-02-25T20:43:31","guid":{"rendered":"https:\/\/escoladigital.madeira.gov.pt\/eb1perbrava\/?page_id=387"},"modified":"2025-05-08T15:45:48","modified_gmt":"2025-05-08T15:45:48","slug":"tic-tecnologias-de-informacao-e-comunicacao","status":"publish","type":"page","link":"https:\/\/escoladigital.madeira.gov.pt\/eb1perbrava\/tic-tecnologias-de-informacao-e-comunicacao\/","title":{"rendered":"TIC (Tecnologias de Informa\u00e7\u00e3o e Comunica\u00e7\u00e3o)"},"content":{"rendered":"\n<figure class=\"wp-block-image is-resized\"><a href=\"\/\/teducativas.madeira.gov.pt\/gmte\/recursos\/documenta%C3%A7%C3%A3o?task=download.send&amp;id=109&amp;catid=3&amp;m=0\"><img fetchpriority=\"high\" decoding=\"async\" width=\"645\" height=\"862\" src=\"https:\/\/escoladigital.madeira.gov.pt\/eb1perbrava\/wp-content\/uploads\/sites\/46\/2025\/02\/doTIC.png\" alt=\"\" class=\"wp-image-406\" style=\"width:250px;height:auto\" srcset=\"https:\/\/escoladigital.madeira.gov.pt\/eb1perbrava\/wp-content\/uploads\/sites\/46\/2025\/02\/doTIC.png 645w, https:\/\/escoladigital.madeira.gov.pt\/eb1perbrava\/wp-content\/uploads\/sites\/46\/2025\/02\/doTIC-224x300.png 224w\" sizes=\"(max-width: 645px) 100vw, 645px\" \/><\/a><\/figure>\n\n\n\n<p><\/p>\n","protected":false},"excerpt":{"rendered":"","protected":false},"author":62,"featured_media":0,"parent":0,"menu_order":0,"comment_status":"closed","ping_status":"closed","template":"","meta":{"site-sidebar-layout":"default","site-content-layout":"","ast-site-content-layout":"default","site-content-style":"default","site-sidebar-style":"default","ast-global-header-display":"","ast-banner-title-visibility":"","ast-main-header-display":"","ast-hfb-above-header-display":"","ast-hfb-below-header-display":"","ast-hfb-mobile-header-display":"","site-post-title":"","ast-breadcrumbs-content":"","ast-featured-img":"","footer-sml-layout":"","ast-disable-related-posts":"","theme-transparent-header-meta":"","adv-header-id-meta":"","stick-header-meta":"","header-above-stick-meta":"","header-main-stick-meta":"","header-below-stick-meta":"","astra-migrate-meta-layouts":"default","ast-page-background-enabled":"default","ast-page-background-meta":{"desktop":{"background-color":"var(--ast-global-color-5)","background-image":"","background-repeat":"repeat","background-position":"center center","background-size":"auto","background-attachment":"scroll","background-type":"","background-media":"","overlay-type":"","overlay-color":"","overlay-opacity":"","overlay-gradient":""},"tablet":{"background-color":"","background-image":"","background-repeat":"repeat","background-position":"center center","background-size":"auto","background-attachment":"scroll","background-type":"","background-media":"","overlay-type":"","overlay-color":"","overlay-opacity":"","overlay-gradient":""},"mobile":{"background-color":"","background-image":"","background-repeat":"repeat","background-position":"center center","background-size":"auto","background-attachment":"scroll","background-type":"","background-media":"","overlay-type":"","overlay-color":"","overlay-opacity":"","overlay-gradient":""}},"ast-content-background-meta":{"desktop":{"background-color":"var(--ast-global-color-4)","background-image":"","background-repeat":"repeat","background-position":"center center","background-size":"auto","background-attachment":"scroll","background-type":"","background-media":"","overlay-type":"","overlay-color":"","overlay-opacity":"","overlay-gradient":""},"tablet":{"background-color":"var(--ast-global-color-4)","background-image":"","background-repeat":"repeat","background-position":"center center","background-size":"auto","background-attachment":"scroll","background-type":"","background-media":"","overlay-type":"","overlay-color":"","overlay-opacity":"","overlay-gradient":""},"mobile":{"background-color":"var(--ast-global-color-4)","background-image":"","background-repeat":"repeat","background-position":"center center","background-size":"auto","background-attachment":"scroll","background-type":"","background-media":"","overlay-type":"","overlay-color":"","overlay-opacity":"","overlay-gradient":""}},"_themeisle_gutenberg_block_has_review":false,"footnotes":""},"class_list":["post-387","page","type-page","status-publish","hentry"],"_links":{"self":[{"href":"https:\/\/escoladigital.madeira.gov.pt\/eb1perbrava\/wp-json\/wp\/v2\/pages\/387","targetHints":{"allow":["GET"]}}],"collection":[{"href":"https:\/\/escoladigital.madeira.gov.pt\/eb1perbrava\/wp-json\/wp\/v2\/pages"}],"about":[{"href":"https:\/\/escoladigital.madeira.gov.pt\/eb1perbrava\/wp-json\/wp\/v2\/types\/page"}],"author":[{"embeddable":true,"href":"https:\/\/escoladigital.madeira.gov.pt\/eb1perbrava\/wp-json\/wp\/v2\/users\/62"}],"replies":[{"embeddable":true,"href":"https:\/\/escoladigital.madeira.gov.pt\/eb1perbrava\/wp-json\/wp\/v2\/comments?post=387"}],"version-history":[{"count":5,"href":"https:\/\/escoladigital.madeira.gov.pt\/eb1perbrava\/wp-json\/wp\/v2\/pages\/387\/revisions"}],"predecessor-version":[{"id":581,"href":"https:\/\/escoladigital.madeira.gov.pt\/eb1perbrava\/wp-json\/wp\/v2\/pages\/387\/revisions\/581"}],"wp:attachment":[{"href":"https:\/\/escoladigital.madeira.gov.pt\/eb1perbrava\/wp-json\/wp\/v2\/media?parent=387"}],"curies":[{"name":"wp","href":"https:\/\/api.w.org\/{rel}","templated":true}]}}